{"id":30,"date":"2014-09-18T12:30:23","date_gmt":"2014-09-18T11:30:23","guid":{"rendered":"http:\/\/agora.xtec.cat\/ceip-itaca\/?page_id=30"},"modified":"2025-01-29T12:24:54","modified_gmt":"2025-01-29T11:24:54","slug":"instal%c2%b7lacions","status":"publish","type":"page","link":"https:\/\/agora.xtec.cat\/ceip-itaca\/lescola\/instal%c2%b7lacions\/","title":{"rendered":"Instal\u00b7lacions"},"content":{"rendered":"<p>&nbsp;<\/p>\n<p style=\"text-align: center;\"><a href=\"https:\/\/agora.xtec.cat\/ceip-itaca\/wp-content\/uploads\/usu2445\/2025\/01\/menjador1.jpg\"><img loading=\"lazy\" decoding=\"async\" class=\"alignnone size-medium wp-image-1973\" src=\"https:\/\/agora.xtec.cat\/ceip-itaca\/wp-content\/uploads\/usu2445\/2025\/01\/menjador1-300x225.jpg\" alt=\"\" width=\"300\" height=\"225\" srcset=\"https:\/\/agora.xtec.cat\/ceip-itaca\/wp-content\/uploads\/usu2445\/2025\/01\/menjador1-300x225.jpg 300w, https:\/\/agora.xtec.cat\/ceip-itaca\/wp-content\/uploads\/usu2445\/2025\/01\/menjador1-1024x768.jpg 1024w, https:\/\/agora.xtec.cat\/ceip-itaca\/wp-content\/uploads\/usu2445\/2025\/01\/menjador1-768x576.jpg 768w, https:\/\/agora.xtec.cat\/ceip-itaca\/wp-content\/uploads\/usu2445\/2025\/01\/menjador1-1536x1152.jpg 1536w, https:\/\/agora.xtec.cat\/ceip-itaca\/wp-content\/uploads\/usu2445\/2025\/01\/menjador1-200x150.jpg 200w, https:\/\/agora.xtec.cat\/ceip-itaca\/wp-content\/uploads\/usu2445\/2025\/01\/menjador1.jpg 1600w\" sizes=\"auto, (max-width: 300px) 100vw, 300px\" \/> \u00a0\u00a0\u00a0\u00a0\u00a0\u00a0\u00a0\u00a0\u00a0 <\/a><a href=\"https:\/\/agora.xtec.cat\/ceip-itaca\/wp-content\/uploads\/usu2445\/2025\/01\/menjador2.jpg\"><img loading=\"lazy\" decoding=\"async\" class=\"alignnone size-medium wp-image-1975\" src=\"https:\/\/agora.xtec.cat\/ceip-itaca\/wp-content\/uploads\/usu2445\/2025\/01\/menjador2-300x225.jpg\" alt=\"\" width=\"300\" height=\"225\" srcset=\"https:\/\/agora.xtec.cat\/ceip-itaca\/wp-content\/uploads\/usu2445\/2025\/01\/menjador2-300x225.jpg 300w, https:\/\/agora.xtec.cat\/ceip-itaca\/wp-content\/uploads\/usu2445\/2025\/01\/menjador2-1024x768.jpg 1024w, https:\/\/agora.xtec.cat\/ceip-itaca\/wp-content\/uploads\/usu2445\/2025\/01\/menjador2-768x576.jpg 768w, https:\/\/agora.xtec.cat\/ceip-itaca\/wp-content\/uploads\/usu2445\/2025\/01\/menjador2-1536x1152.jpg 1536w, https:\/\/agora.xtec.cat\/ceip-itaca\/wp-content\/uploads\/usu2445\/2025\/01\/menjador2-200x150.jpg 200w, https:\/\/agora.xtec.cat\/ceip-itaca\/wp-content\/uploads\/usu2445\/2025\/01\/menjador2.jpg 1600w\" sizes=\"auto, (max-width: 300px) 100vw, 300px\" \/><\/a><\/p>\n<p style=\"text-align: center;\">Menjador<\/p>\n<p style=\"text-align: center;\"><img loading=\"lazy\" decoding=\"async\" class=\"\" src=\"https:\/\/4.bp.blogspot.com\/-cHPSkH2GBUQ\/UvH8sa4GsYI\/AAAAAAAABKk\/QP7DM8qp3a8\/s1600\/DSCF6424.JPG\" width=\"391\" height=\"275\" \/><\/p>\n<p style=\"text-align: center;\">Vest\u00edbul<\/p>\n<p style=\"text-align: center;\"><img loading=\"lazy\" decoding=\"async\" class=\"aligncenter wp-image-1601\" src=\"https:\/\/agora.xtec.cat\/ceip-itaca\/wp-content\/uploads\/usu2445\/2024\/01\/biblioteca.jpg\" alt=\"\" width=\"383\" height=\"288\" srcset=\"https:\/\/agora.xtec.cat\/ceip-itaca\/wp-content\/uploads\/usu2445\/2024\/01\/biblioteca.jpg 1024w, https:\/\/agora.xtec.cat\/ceip-itaca\/wp-content\/uploads\/usu2445\/2024\/01\/biblioteca-300x225.jpg 300w, https:\/\/agora.xtec.cat\/ceip-itaca\/wp-content\/uploads\/usu2445\/2024\/01\/biblioteca-768x576.jpg 768w, https:\/\/agora.xtec.cat\/ceip-itaca\/wp-content\/uploads\/usu2445\/2024\/01\/biblioteca-200x150.jpg 200w\" sizes=\"auto, (max-width: 383px) 100vw, 383px\" \/><\/p>\n<p style=\"text-align: center;\"><img loading=\"lazy\" decoding=\"async\" class=\"aligncenter wp-image-1602\" src=\"https:\/\/agora.xtec.cat\/ceip-itaca\/wp-content\/uploads\/usu2445\/2024\/01\/biblioteca-2.jpg\" alt=\"\" width=\"381\" height=\"286\" srcset=\"https:\/\/agora.xtec.cat\/ceip-itaca\/wp-content\/uploads\/usu2445\/2024\/01\/biblioteca-2.jpg 1024w, https:\/\/agora.xtec.cat\/ceip-itaca\/wp-content\/uploads\/usu2445\/2024\/01\/biblioteca-2-300x225.jpg 300w, https:\/\/agora.xtec.cat\/ceip-itaca\/wp-content\/uploads\/usu2445\/2024\/01\/biblioteca-2-768x576.jpg 768w, https:\/\/agora.xtec.cat\/ceip-itaca\/wp-content\/uploads\/usu2445\/2024\/01\/biblioteca-2-200x150.jpg 200w\" sizes=\"auto, (max-width: 381px) 100vw, 381px\" \/><\/p>\n<p style=\"text-align: center;\">Biblioteca<\/p>\n<p><img decoding=\"async\" class=\"aligncenter size-full wp-image-1627\" src=\"https:\/\/agora.xtec.cat\/ceip-itaca\/wp-content\/uploads\/usu2445\/2024\/01\/IMG_5370.heic\" alt=\"\" \/><img decoding=\"async\" class=\"aligncenter size-full wp-image-1627\" src=\"https:\/\/agora.xtec.cat\/ceip-itaca\/wp-content\/uploads\/usu2445\/2024\/01\/IMG_5370.heic\" alt=\"\" \/><img loading=\"lazy\" decoding=\"async\" class=\"aligncenter\" src=\"https:\/\/4.bp.blogspot.com\/-G053c6l4RoA\/UvH9fNej84I\/AAAAAAAABK4\/oAxL7uB29aM\/s1600\/DSCF6432.JPG\" width=\"394\" height=\"328\" \/><\/p>\n<p style=\"text-align: center;\">Passad\u00eds de prim\u00e0ria<\/p>\n<p style=\"text-align: center;\"><img loading=\"lazy\" decoding=\"async\" class=\"\" src=\"https:\/\/1.bp.blogspot.com\/-m-Wy2S8QuQA\/UvH9kJClknI\/AAAAAAAABLA\/mjluZVNyTsc\/s1600\/DSCF6434.JPG\" width=\"394\" height=\"288\" \/><\/p>\n<p style=\"text-align: center;\">Lavabos de prim\u00e0ria<\/p>\n<p style=\"text-align: center;\"><img loading=\"lazy\" decoding=\"async\" class=\"\" src=\"https:\/\/1.bp.blogspot.com\/-mNwhhe4WXpo\/UvH9sgyAQQI\/AAAAAAAABLI\/4UCLD8Hg_qU\/s1600\/DSCF6435.JPG\" width=\"395\" height=\"299\" \/><\/p>\n<p style=\"text-align: center;\">Aula d&#8217;angl\u00e8s<\/p>\n<p><img loading=\"lazy\" decoding=\"async\" class=\"aligncenter wp-image-1610\" src=\"https:\/\/agora.xtec.cat\/ceip-itaca\/wp-content\/uploads\/usu2445\/2024\/01\/aula-primaria-2.jpg\" alt=\"\" width=\"404\" height=\"303\" srcset=\"https:\/\/agora.xtec.cat\/ceip-itaca\/wp-content\/uploads\/usu2445\/2024\/01\/aula-primaria-2.jpg 1024w, https:\/\/agora.xtec.cat\/ceip-itaca\/wp-content\/uploads\/usu2445\/2024\/01\/aula-primaria-2-300x225.jpg 300w, https:\/\/agora.xtec.cat\/ceip-itaca\/wp-content\/uploads\/usu2445\/2024\/01\/aula-primaria-2-768x576.jpg 768w, https:\/\/agora.xtec.cat\/ceip-itaca\/wp-content\/uploads\/usu2445\/2024\/01\/aula-primaria-2-200x150.jpg 200w\" sizes=\"auto, (max-width: 404px) 100vw, 404px\" \/><\/p>\n<p><img loading=\"lazy\" decoding=\"async\" class=\"aligncenter wp-image-1611\" src=\"https:\/\/agora.xtec.cat\/ceip-itaca\/wp-content\/uploads\/usu2445\/2024\/01\/aula-primaria-3.jpg\" alt=\"\" width=\"403\" height=\"302\" srcset=\"https:\/\/agora.xtec.cat\/ceip-itaca\/wp-content\/uploads\/usu2445\/2024\/01\/aula-primaria-3.jpg 1024w, https:\/\/agora.xtec.cat\/ceip-itaca\/wp-content\/uploads\/usu2445\/2024\/01\/aula-primaria-3-300x225.jpg 300w, https:\/\/agora.xtec.cat\/ceip-itaca\/wp-content\/uploads\/usu2445\/2024\/01\/aula-primaria-3-768x576.jpg 768w, https:\/\/agora.xtec.cat\/ceip-itaca\/wp-content\/uploads\/usu2445\/2024\/01\/aula-primaria-3-200x150.jpg 200w\" sizes=\"auto, (max-width: 403px) 100vw, 403px\" \/><\/p>\n<p><img loading=\"lazy\" decoding=\"async\" class=\"aligncenter wp-image-1612\" src=\"https:\/\/agora.xtec.cat\/ceip-itaca\/wp-content\/uploads\/usu2445\/2024\/01\/aula-primaria.jpg\" alt=\"\" width=\"403\" height=\"302\" srcset=\"https:\/\/agora.xtec.cat\/ceip-itaca\/wp-content\/uploads\/usu2445\/2024\/01\/aula-primaria.jpg 1024w, https:\/\/agora.xtec.cat\/ceip-itaca\/wp-content\/uploads\/usu2445\/2024\/01\/aula-primaria-300x225.jpg 300w, https:\/\/agora.xtec.cat\/ceip-itaca\/wp-content\/uploads\/usu2445\/2024\/01\/aula-primaria-768x576.jpg 768w, https:\/\/agora.xtec.cat\/ceip-itaca\/wp-content\/uploads\/usu2445\/2024\/01\/aula-primaria-200x150.jpg 200w\" sizes=\"auto, (max-width: 403px) 100vw, 403px\" \/><\/p>\n<p><img loading=\"lazy\" decoding=\"async\" class=\"aligncenter wp-image-1613\" src=\"https:\/\/agora.xtec.cat\/ceip-itaca\/wp-content\/uploads\/usu2445\/2024\/01\/aula-primaria-3-raco-de-lectura.jpg\" alt=\"\" width=\"323\" height=\"431\" srcset=\"https:\/\/agora.xtec.cat\/ceip-itaca\/wp-content\/uploads\/usu2445\/2024\/01\/aula-primaria-3-raco-de-lectura.jpg 768w, https:\/\/agora.xtec.cat\/ceip-itaca\/wp-content\/uploads\/usu2445\/2024\/01\/aula-primaria-3-raco-de-lectura-225x300.jpg 225w\" sizes=\"auto, (max-width: 323px) 100vw, 323px\" \/><\/p>\n<p style=\"text-align: center;\">Aules de prim\u00e0ria<\/p>\n<p style=\"text-align: center;\"><a href=\"https:\/\/agora.xtec.cat\/ceip-itaca\/wp-content\/uploads\/usu2445\/2025\/01\/pati-infantil.jpg\"><img loading=\"lazy\" decoding=\"async\" class=\"alignnone wp-image-1977\" src=\"https:\/\/agora.xtec.cat\/ceip-itaca\/wp-content\/uploads\/usu2445\/2025\/01\/pati-infantil-300x225.jpg\" alt=\"\" width=\"319\" height=\"239\" srcset=\"https:\/\/agora.xtec.cat\/ceip-itaca\/wp-content\/uploads\/usu2445\/2025\/01\/pati-infantil-300x225.jpg 300w, https:\/\/agora.xtec.cat\/ceip-itaca\/wp-content\/uploads\/usu2445\/2025\/01\/pati-infantil-1024x768.jpg 1024w, https:\/\/agora.xtec.cat\/ceip-itaca\/wp-content\/uploads\/usu2445\/2025\/01\/pati-infantil-768x576.jpg 768w, https:\/\/agora.xtec.cat\/ceip-itaca\/wp-content\/uploads\/usu2445\/2025\/01\/pati-infantil-1536x1152.jpg 1536w, https:\/\/agora.xtec.cat\/ceip-itaca\/wp-content\/uploads\/usu2445\/2025\/01\/pati-infantil-200x150.jpg 200w, https:\/\/agora.xtec.cat\/ceip-itaca\/wp-content\/uploads\/usu2445\/2025\/01\/pati-infantil.jpg 1600w\" sizes=\"auto, (max-width: 319px) 100vw, 319px\" \/><\/a><\/p>\n<p style=\"text-align: center;\">Pati d&#8217;infantil<\/p>\n<p><img loading=\"lazy\" decoding=\"async\" class=\"aligncenter\" src=\"https:\/\/4.bp.blogspot.com\/-cgqhdbZVQ2U\/UvH8uH7C1WI\/AAAAAAAABKs\/oQ-4qwEhsOk\/s1600\/DSCF6427.JPG\" width=\"383\" height=\"254\" \/><\/p>\n<p><img loading=\"lazy\" decoding=\"async\" class=\"aligncenter\" src=\"https:\/\/1.bp.blogspot.com\/-Tor0DosM08o\/UvH-zMaHb2I\/AAAAAAAABLk\/VV8dPP48Ung\/s1600\/DSCF6438.JPG\" width=\"388\" height=\"273\" \/><\/p>\n<p><img loading=\"lazy\" decoding=\"async\" class=\"aligncenter wp-image-1614\" src=\"https:\/\/agora.xtec.cat\/ceip-itaca\/wp-content\/uploads\/usu2445\/2024\/01\/pista.jpg\" alt=\"\" width=\"378\" height=\"283\" srcset=\"https:\/\/agora.xtec.cat\/ceip-itaca\/wp-content\/uploads\/usu2445\/2024\/01\/pista.jpg 1024w, https:\/\/agora.xtec.cat\/ceip-itaca\/wp-content\/uploads\/usu2445\/2024\/01\/pista-300x225.jpg 300w, https:\/\/agora.xtec.cat\/ceip-itaca\/wp-content\/uploads\/usu2445\/2024\/01\/pista-768x576.jpg 768w, https:\/\/agora.xtec.cat\/ceip-itaca\/wp-content\/uploads\/usu2445\/2024\/01\/pista-200x150.jpg 200w\" sizes=\"auto, (max-width: 378px) 100vw, 378px\" \/><\/p>\n<p><a href=\"https:\/\/agora.xtec.cat\/ceip-itaca\/wp-content\/uploads\/usu2445\/2025\/01\/pati-garrofer.jpg\"><img loading=\"lazy\" decoding=\"async\" class=\"wp-image-1976 aligncenter\" src=\"https:\/\/agora.xtec.cat\/ceip-itaca\/wp-content\/uploads\/usu2445\/2025\/01\/pati-garrofer-300x225.jpg\" alt=\"\" width=\"367\" height=\"275\" srcset=\"https:\/\/agora.xtec.cat\/ceip-itaca\/wp-content\/uploads\/usu2445\/2025\/01\/pati-garrofer-300x225.jpg 300w, https:\/\/agora.xtec.cat\/ceip-itaca\/wp-content\/uploads\/usu2445\/2025\/01\/pati-garrofer-1024x768.jpg 1024w, https:\/\/agora.xtec.cat\/ceip-itaca\/wp-content\/uploads\/usu2445\/2025\/01\/pati-garrofer-768x576.jpg 768w, https:\/\/agora.xtec.cat\/ceip-itaca\/wp-content\/uploads\/usu2445\/2025\/01\/pati-garrofer-1536x1152.jpg 1536w, https:\/\/agora.xtec.cat\/ceip-itaca\/wp-content\/uploads\/usu2445\/2025\/01\/pati-garrofer-200x150.jpg 200w, https:\/\/agora.xtec.cat\/ceip-itaca\/wp-content\/uploads\/usu2445\/2025\/01\/pati-garrofer.jpg 1600w\" sizes=\"auto, (max-width: 367px) 100vw, 367px\" \/><\/a><\/p>\n<p style=\"text-align: center;\">Pati de prim\u00e0ria, garrofer i pistes<\/p>\n<p style=\"text-align: center;\"><img loading=\"lazy\" decoding=\"async\" class=\"aligncenter wp-image-1603\" src=\"https:\/\/agora.xtec.cat\/ceip-itaca\/wp-content\/uploads\/usu2445\/2024\/01\/aula-infantil.jpg\" alt=\"\" width=\"388\" height=\"291\" srcset=\"https:\/\/agora.xtec.cat\/ceip-itaca\/wp-content\/uploads\/usu2445\/2024\/01\/aula-infantil.jpg 1024w, https:\/\/agora.xtec.cat\/ceip-itaca\/wp-content\/uploads\/usu2445\/2024\/01\/aula-infantil-300x225.jpg 300w, https:\/\/agora.xtec.cat\/ceip-itaca\/wp-content\/uploads\/usu2445\/2024\/01\/aula-infantil-768x576.jpg 768w, https:\/\/agora.xtec.cat\/ceip-itaca\/wp-content\/uploads\/usu2445\/2024\/01\/aula-infantil-200x150.jpg 200w\" sizes=\"auto, (max-width: 388px) 100vw, 388px\" \/><\/p>\n<p style=\"text-align: center;\"><img loading=\"lazy\" decoding=\"async\" class=\"aligncenter wp-image-1604\" src=\"https:\/\/agora.xtec.cat\/ceip-itaca\/wp-content\/uploads\/usu2445\/2024\/01\/aula-infantil-2.jpg\" alt=\"\" width=\"386\" height=\"289\" srcset=\"https:\/\/agora.xtec.cat\/ceip-itaca\/wp-content\/uploads\/usu2445\/2024\/01\/aula-infantil-2.jpg 1024w, https:\/\/agora.xtec.cat\/ceip-itaca\/wp-content\/uploads\/usu2445\/2024\/01\/aula-infantil-2-300x225.jpg 300w, https:\/\/agora.xtec.cat\/ceip-itaca\/wp-content\/uploads\/usu2445\/2024\/01\/aula-infantil-2-768x576.jpg 768w, https:\/\/agora.xtec.cat\/ceip-itaca\/wp-content\/uploads\/usu2445\/2024\/01\/aula-infantil-2-200x150.jpg 200w\" sizes=\"auto, (max-width: 386px) 100vw, 386px\" \/><\/p>\n<p style=\"text-align: center;\"><img loading=\"lazy\" decoding=\"async\" class=\"aligncenter wp-image-1606\" src=\"https:\/\/agora.xtec.cat\/ceip-itaca\/wp-content\/uploads\/usu2445\/2024\/01\/aula-infantil-3.jpg\" alt=\"\" width=\"383\" height=\"288\" srcset=\"https:\/\/agora.xtec.cat\/ceip-itaca\/wp-content\/uploads\/usu2445\/2024\/01\/aula-infantil-3.jpg 1024w, https:\/\/agora.xtec.cat\/ceip-itaca\/wp-content\/uploads\/usu2445\/2024\/01\/aula-infantil-3-300x225.jpg 300w, https:\/\/agora.xtec.cat\/ceip-itaca\/wp-content\/uploads\/usu2445\/2024\/01\/aula-infantil-3-768x576.jpg 768w, https:\/\/agora.xtec.cat\/ceip-itaca\/wp-content\/uploads\/usu2445\/2024\/01\/aula-infantil-3-200x150.jpg 200w\" sizes=\"auto, (max-width: 383px) 100vw, 383px\" \/><\/p>\n<p style=\"text-align: center;\">Aules d&#8217;infantil<\/p>\n<p style=\"text-align: center;\"><img loading=\"lazy\" decoding=\"async\" class=\"aligncenter wp-image-1607\" src=\"https:\/\/agora.xtec.cat\/ceip-itaca\/wp-content\/uploads\/usu2445\/2024\/01\/passadis-infantil-2.jpg\" alt=\"\" width=\"390\" height=\"292\" srcset=\"https:\/\/agora.xtec.cat\/ceip-itaca\/wp-content\/uploads\/usu2445\/2024\/01\/passadis-infantil-2.jpg 1024w, https:\/\/agora.xtec.cat\/ceip-itaca\/wp-content\/uploads\/usu2445\/2024\/01\/passadis-infantil-2-300x225.jpg 300w, https:\/\/agora.xtec.cat\/ceip-itaca\/wp-content\/uploads\/usu2445\/2024\/01\/passadis-infantil-2-768x576.jpg 768w, https:\/\/agora.xtec.cat\/ceip-itaca\/wp-content\/uploads\/usu2445\/2024\/01\/passadis-infantil-2-200x150.jpg 200w\" sizes=\"auto, (max-width: 390px) 100vw, 390px\" \/><\/p>\n<p style=\"text-align: center;\"><img loading=\"lazy\" decoding=\"async\" class=\"aligncenter wp-image-1608\" src=\"https:\/\/agora.xtec.cat\/ceip-itaca\/wp-content\/uploads\/usu2445\/2024\/01\/passadis-infantil.jpg\" alt=\"\" width=\"387\" height=\"516\" srcset=\"https:\/\/agora.xtec.cat\/ceip-itaca\/wp-content\/uploads\/usu2445\/2024\/01\/passadis-infantil.jpg 768w, https:\/\/agora.xtec.cat\/ceip-itaca\/wp-content\/uploads\/usu2445\/2024\/01\/passadis-infantil-225x300.jpg 225w\" sizes=\"auto, (max-width: 387px) 100vw, 387px\" \/><\/p>\n<p style=\"text-align: center;\">Passad\u00eds d&#8217;infantil<\/p>\n<p style=\"text-align: center;\"><img loading=\"lazy\" decoding=\"async\" class=\"aligncenter wp-image-1609\" src=\"https:\/\/agora.xtec.cat\/ceip-itaca\/wp-content\/uploads\/usu2445\/2024\/01\/entrada-infantil.jpg\" alt=\"\" width=\"386\" height=\"515\" srcset=\"https:\/\/agora.xtec.cat\/ceip-itaca\/wp-content\/uploads\/usu2445\/2024\/01\/entrada-infantil.jpg 768w, https:\/\/agora.xtec.cat\/ceip-itaca\/wp-content\/uploads\/usu2445\/2024\/01\/entrada-infantil-225x300.jpg 225w\" sizes=\"auto, (max-width: 386px) 100vw, 386px\" \/><\/p>\n<p style=\"text-align: center;\">Vest\u00edbul d&#8217;infantil<\/p>\n<p style=\"text-align: center;\"><img loading=\"lazy\" decoding=\"async\" class=\"\" src=\"https:\/\/3.bp.blogspot.com\/-aoRoAfaQYtc\/UvIB1K8M-WI\/AAAAAAAABM8\/Gr0NsR38T3Q\/s1600\/P1010871.JPG\" width=\"411\" height=\"264\" \/><\/p>\n<p style=\"text-align: center;\">Gimn\u00e0s<\/p>\n<p style=\"text-align: center;\"><img loading=\"lazy\" decoding=\"async\" class=\"\" src=\"https:\/\/1.bp.blogspot.com\/-arXOGAntSLI\/UvIB4DkH0RI\/AAAAAAAABNE\/E3rvQ9QNOLQ\/s1600\/P1010872.JPG\" width=\"419\" height=\"283\" \/><\/p>\n<p style=\"text-align: center;\">Porxo prim\u00e0ria (Pati)<\/p>\n<p><a href=\"http:\/\/3.bp.blogspot.com\/-wPI4Ll1fcco\/UtftnwbBUJI\/AAAAAAAAA64\/Sp8EqIQnTYs\/s1600\/2013-11-14+15.53.47.jpg\"><img loading=\"lazy\" decoding=\"async\" class=\"aligncenter\" src=\"https:\/\/3.bp.blogspot.com\/-wPI4Ll1fcco\/UtftnwbBUJI\/AAAAAAAAA64\/Sp8EqIQnTYs\/s1600\/2013-11-14+15.53.47.jpg\" width=\"318\" height=\"424\" border=\"0\" \/><\/a><\/p>\n<p style=\"text-align: center;\">L&#8217;hort<\/p>\n","protected":false},"excerpt":{"rendered":"<p>&nbsp; \u00a0\u00a0\u00a0\u00a0\u00a0\u00a0\u00a0\u00a0\u00a0 Menjador Vest\u00edbul Biblioteca Passad\u00eds de prim\u00e0ria Lavabos de prim\u00e0ria Aula d&#8217;angl\u00e8s Aules de prim\u00e0ria Pati d&#8217;infantil Pati de prim\u00e0ria, garrofer i pistes Aules d&#8217;infantil Passad\u00eds d&#8217;infantil Vest\u00edbul d&#8217;infantil Gimn\u00e0s Porxo prim\u00e0ria (Pati) L&#8217;hort<\/p>\n","protected":false},"author":1,"featured_media":0,"parent":22,"menu_order":40,"comment_status":"closed","ping_status":"closed","template":"page-templates\/side-menu.php","meta":{"_bbp_topic_count":0,"_bbp_reply_count":0,"_bbp_total_topic_count":0,"_bbp_total_reply_count":0,"_bbp_voice_count":0,"_bbp_anonymous_reply_count":0,"_bbp_topic_count_hidden":0,"_bbp_reply_count_hidden":0,"_bbp_forum_subforum_count":0,"site-sidebar-layout":"default","site-content-layout":"","ast-site-content-layout":"","site-content-style":"default","site-sidebar-style":"default","ast-global-header-display":"","ast-banner-title-visibility":"","ast-main-header-display":"","ast-hfb-above-header-display":"","ast-hfb-below-header-display":"","ast-hfb-mobile-header-display":"","site-post-title":"","ast-breadcrumbs-content":"","ast-featured-img":"","footer-sml-layout":"","theme-transparent-header-meta":"","adv-header-id-meta":"","stick-header-meta":"","header-above-stick-meta":"","header-main-stick-meta":"","header-below-stick-meta":"","astra-migrate-meta-layouts":"default","ast-page-background-enabled":"default","ast-page-background-meta":{"desktop":{"background-color":"var(--ast-global-color-4)","background-image":"","background-repeat":"repeat","background-position":"center center","background-size":"auto","background-attachment":"scroll","background-type":"","background-media":"","overlay-type":"","overlay-color":"","overlay-opacity":"","overlay-gradient":""},"tablet":{"background-color":"","background-image":"","background-repeat":"repeat","background-position":"center center","background-size":"auto","background-attachment":"scroll","background-type":"","background-media":"","overlay-type":"","overlay-color":"","overlay-opacity":"","overlay-gradient":""},"mobile":{"background-color":"","background-image":"","background-repeat":"repeat","background-position":"center center","background-size":"auto","background-attachment":"scroll","background-type":"","background-media":"","overlay-type":"","overlay-color":"","overlay-opacity":"","overlay-gradient":""}},"ast-content-background-meta":{"desktop":{"background-color":"var(--ast-global-color-5)","background-image":"","background-repeat":"repeat","background-position":"center center","background-size":"auto","background-attachment":"scroll","background-type":"","background-media":"","overlay-type":"","overlay-color":"","overlay-opacity":"","overlay-gradient":""},"tablet":{"background-color":"var(--ast-global-color-5)","background-image":"","background-repeat":"repeat","background-position":"center center","background-size":"auto","background-attachment":"scroll","background-type":"","background-media":"","overlay-type":"","overlay-color":"","overlay-opacity":"","overlay-gradient":""},"mobile":{"background-color":"var(--ast-global-color-5)","background-image":"","background-repeat":"repeat","background-position":"center center","background-size":"auto","background-attachment":"scroll","background-type":"","background-media":"","overlay-type":"","overlay-color":"","overlay-opacity":"","overlay-gradient":""}},"footnotes":""},"class_list":["post-30","page","type-page","status-publish","hentry"],"post_mailing_queue_ids":[],"_links":{"self":[{"href":"https:\/\/agora.xtec.cat\/ceip-itaca\/wp-json\/wp\/v2\/pages\/30","targetHints":{"allow":["GET"]}}],"collection":[{"href":"https:\/\/agora.xtec.cat\/ceip-itaca\/wp-json\/wp\/v2\/pages"}],"about":[{"href":"https:\/\/agora.xtec.cat\/ceip-itaca\/wp-json\/wp\/v2\/types\/page"}],"author":[{"embeddable":true,"href":"https:\/\/agora.xtec.cat\/ceip-itaca\/wp-json\/wp\/v2\/users\/1"}],"replies":[{"embeddable":true,"href":"https:\/\/agora.xtec.cat\/ceip-itaca\/wp-json\/wp\/v2\/comments?post=30"}],"version-history":[{"count":6,"href":"https:\/\/agora.xtec.cat\/ceip-itaca\/wp-json\/wp\/v2\/pages\/30\/revisions"}],"predecessor-version":[{"id":1979,"href":"https:\/\/agora.xtec.cat\/ceip-itaca\/wp-json\/wp\/v2\/pages\/30\/revisions\/1979"}],"up":[{"embeddable":true,"href":"https:\/\/agora.xtec.cat\/ceip-itaca\/wp-json\/wp\/v2\/pages\/22"}],"wp:attachment":[{"href":"https:\/\/agora.xtec.cat\/ceip-itaca\/wp-json\/wp\/v2\/media?parent=30"}],"curies":[{"name":"wp","href":"https:\/\/api.w.org\/{rel}","templated":true}]}}