{"id":28,"date":"2014-09-18T12:29:35","date_gmt":"2014-09-18T11:29:35","guid":{"rendered":"http:\/\/agora.xtec.cat\/ceip-itaca\/?page_id=28"},"modified":"2026-01-20T13:12:45","modified_gmt":"2026-01-20T12:12:45","slug":"consell-escolar","status":"publish","type":"page","link":"https:\/\/agora.xtec.cat\/ceip-itaca\/consell-escolar\/","title":{"rendered":"Consell escolar"},"content":{"rendered":"<p style=\"text-align: justify;\">El Consell Escolar del centre \u00e9s l&#8217;\u00f2rgan col\u00b7legiat de participaci\u00f3 de la comunitat escolaren el govern del centre. Est\u00e0 format per: mestres i PAS, representants de les fam\u00edlies i de l&#8217;ajuntament.<\/p>\n<p style=\"text-align: center;\"><strong><u>CONSELL ESCOLAR<\/u><\/strong><strong>:<\/strong><\/p>\n<p style=\"text-align: center;\"><strong>EQUIP DIRECTIU<\/strong><\/p>\n<p style=\"text-align: center;\">Maria Dolors Ventosa Hern\u00e1ndez<\/p>\n<p style=\"text-align: center;\">Mar Requena Vidal<\/p>\n<p style=\"text-align: center;\">Ramon Fuentes Alimbau<\/p>\n<p style=\"text-align: center;\"><strong>CLAUSTRE<\/strong><\/p>\n<p style=\"text-align: center;\">Isabel Mart\u00ed Alc\u00e1zar<\/p>\n<p style=\"text-align: center;\">Lu R\u00edos Rius<\/p>\n<p style=\"text-align: center;\">Anna Carreras Soler<\/p>\n<p style=\"text-align: center;\">Georgina L\u00f3pez Guit\u00e9rrez<\/p>\n<p style=\"text-align: center;\">Anabel Mart\u00ednez Alzina<\/p>\n<p>&nbsp;<\/p>\n<p style=\"text-align: center;\"><strong>PERSONAL ADMINISTRACI\u00d3 I SERVEIS<\/strong><\/p>\n<p style=\"text-align: center;\">Francisco Campos<\/p>\n<p style=\"text-align: center;\"><strong>FAM\u00cdLIES<\/strong><\/p>\n<p style=\"text-align: center;\">Meritxell Monr\u00f3s (representant AFA)<\/p>\n<p style=\"text-align: center;\">Raquel Oliveras Xiol<\/p>\n<p style=\"text-align: center;\">Jaume Farr\u00e9 Iniesta<\/p>\n<p style=\"text-align: center;\">Beatriz L\u00f3pez Fern\u00e1ndez<\/p>\n<p style=\"text-align: center;\">Santiago Cucala Rubert<\/p>\n<p style=\"text-align: center;\"><strong>REPRESENTANT MUNICIPAL<\/strong><br \/>\nJordi Medina i Alsina<\/p>\n<p>&nbsp;<\/p>\n<p>Atenint-nos a la normativa vigent, fem p\u00fablics els acords presos al Consell Escolar tenint en compte que la mateixa normativa destaca que \u201cnom\u00e9s cal especificar els acords presos de forma breu i tenint en compte la protecci\u00f3 de dades personals.\u201d<\/p>\n<p><span style=\"text-decoration: underline;\"><strong>ACORDS CONSELL ESCOLAR Curs 2025 &#8211; 2026<\/strong><\/span><\/p>\n<p>01. <a href=\"https:\/\/drive.google.com\/file\/d\/1qUoqbmtvCCS-RGFk3oO_YnniCHS6U4IX\/view?usp=sharing\">27 d&#8217;octubre de 2025.<\/a><\/p>\n<p>02.<a href=\"https:\/\/drive.google.com\/file\/d\/1XmXRMcZ-CLk0zmLAhjtHO3l-Y0Onfgiq\/view?usp=sharing\">15 de desembre de 2025.<\/a><\/p>\n<p>&nbsp;<\/p>\n<p>&nbsp;<\/p>\n<p><span style=\"text-decoration: underline;\"><strong>ACORDS CONSELL ESCOLAR Curs 2024 &#8211; 2025<\/strong><\/span><\/p>\n<p>01. <a href=\"https:\/\/drive.google.com\/file\/d\/1ycPm_Xnx7pLZXcK7TDzKVA273ZlcKRp1\/view?usp=sharing\">29 d&#8217;octubre de 2024.<\/a><\/p>\n<p>02. <a href=\"https:\/\/drive.google.com\/file\/d\/1a9g-r2zaA-bxSOfv1zFgWprALvbvS9J7\/view?usp=sharing\">18 de mar\u00e7 de 2025.<\/a><\/p>\n<p>03. <a href=\"https:\/\/drive.google.com\/file\/d\/1GqmvLfC4RzYgdhJQD5bOPy7f702LTID0\/view?usp=sharing\">19 de maig de 2025.<\/a><\/p>\n","protected":false},"excerpt":{"rendered":"<p>El Consell Escolar del centre \u00e9s l&#8217;\u00f2rgan col\u00b7legiat de participaci\u00f3 de la comunitat escolaren el govern del centre. Est\u00e0 format per: mestres i PAS, representants de les fam\u00edlies i de l&#8217;ajuntament. CONSELL ESCOLAR: EQUIP DIRECTIU Maria Dolors Ventosa Hern\u00e1ndez Mar Requena Vidal Ramon Fuentes Alimbau CLAUSTRE Isabel Mart\u00ed Alc\u00e1zar Lu R\u00edos Rius Anna Carreras Soler [&hellip;]<\/p>\n","protected":false},"author":1,"featured_media":0,"parent":0,"menu_order":30,"comment_status":"closed","ping_status":"closed","template":"","meta":{"_bbp_topic_count":0,"_bbp_reply_count":0,"_bbp_total_topic_count":0,"_bbp_total_reply_count":0,"_bbp_voice_count":0,"_bbp_anonymous_reply_count":0,"_bbp_topic_count_hidden":0,"_bbp_reply_count_hidden":0,"_bbp_forum_subforum_count":0,"site-sidebar-layout":"default","site-content-layout":"","ast-site-content-layout":"default","site-content-style":"default","site-sidebar-style":"default","ast-global-header-display":"","ast-banner-title-visibility":"","ast-main-header-display":"","ast-hfb-above-header-display":"","ast-hfb-below-header-display":"","ast-hfb-mobile-header-display":"","site-post-title":"","ast-breadcrumbs-content":"","ast-featured-img":"","footer-sml-layout":"","theme-transparent-header-meta":"default","adv-header-id-meta":"","stick-header-meta":"","header-above-stick-meta":"","header-main-stick-meta":"","header-below-stick-meta":"","astra-migrate-meta-layouts":"set","ast-page-background-enabled":"default","ast-page-background-meta":{"desktop":{"background-color":"var(--ast-global-color-4)","background-image":"","background-repeat":"repeat","background-position":"center center","background-size":"auto","background-attachment":"scroll","background-type":"","background-media":"","overlay-type":"","overlay-color":"","overlay-opacity":"","overlay-gradient":""},"tablet":{"background-color":"","background-image":"","background-repeat":"repeat","background-position":"center center","background-size":"auto","background-attachment":"scroll","background-type":"","background-media":"","overlay-type":"","overlay-color":"","overlay-opacity":"","overlay-gradient":""},"mobile":{"background-color":"","background-image":"","background-repeat":"repeat","background-position":"center center","background-size":"auto","background-attachment":"scroll","background-type":"","background-media":"","overlay-type":"","overlay-color":"","overlay-opacity":"","overlay-gradient":""}},"ast-content-background-meta":{"desktop":{"background-color":"var(--ast-global-color-5)","background-image":"","background-repeat":"repeat","background-position":"center center","background-size":"auto","background-attachment":"scroll","background-type":"","background-media":"","overlay-type":"","overlay-color":"","overlay-opacity":"","overlay-gradient":""},"tablet":{"background-color":"var(--ast-global-color-5)","background-image":"","background-repeat":"repeat","background-position":"center center","background-size":"auto","background-attachment":"scroll","background-type":"","background-media":"","overlay-type":"","overlay-color":"","overlay-opacity":"","overlay-gradient":""},"mobile":{"background-color":"var(--ast-global-color-5)","background-image":"","background-repeat":"repeat","background-position":"center center","background-size":"auto","background-attachment":"scroll","background-type":"","background-media":"","overlay-type":"","overlay-color":"","overlay-opacity":"","overlay-gradient":""}},"footnotes":""},"class_list":["post-28","page","type-page","status-publish","hentry"],"post_mailing_queue_ids":[],"_links":{"self":[{"href":"https:\/\/agora.xtec.cat\/ceip-itaca\/wp-json\/wp\/v2\/pages\/28","targetHints":{"allow":["GET"]}}],"collection":[{"href":"https:\/\/agora.xtec.cat\/ceip-itaca\/wp-json\/wp\/v2\/pages"}],"about":[{"href":"https:\/\/agora.xtec.cat\/ceip-itaca\/wp-json\/wp\/v2\/types\/page"}],"author":[{"embeddable":true,"href":"https:\/\/agora.xtec.cat\/ceip-itaca\/wp-json\/wp\/v2\/users\/1"}],"replies":[{"embeddable":true,"href":"https:\/\/agora.xtec.cat\/ceip-itaca\/wp-json\/wp\/v2\/comments?post=28"}],"version-history":[{"count":6,"href":"https:\/\/agora.xtec.cat\/ceip-itaca\/wp-json\/wp\/v2\/pages\/28\/revisions"}],"predecessor-version":[{"id":2358,"href":"https:\/\/agora.xtec.cat\/ceip-itaca\/wp-json\/wp\/v2\/pages\/28\/revisions\/2358"}],"wp:attachment":[{"href":"https:\/\/agora.xtec.cat\/ceip-itaca\/wp-json\/wp\/v2\/media?parent=28"}],"curies":[{"name":"wp","href":"https:\/\/api.w.org\/{rel}","templated":true}]}}