{"id":1980,"date":"2025-01-29T12:45:13","date_gmt":"2025-01-29T11:45:13","guid":{"rendered":"https:\/\/agora.xtec.cat\/ceip-itaca\/?page_id=1980"},"modified":"2025-01-29T12:45:13","modified_gmt":"2025-01-29T11:45:13","slug":"llegim-i-escrivim-en-parella","status":"publish","type":"page","link":"https:\/\/agora.xtec.cat\/ceip-itaca\/com-treballem\/llegim-i-escrivim-en-parella\/","title":{"rendered":"Llegim i escrivim en parella"},"content":{"rendered":"<p>A la nostra escola tenim consolidat el programa de tutoria entre iguals &#8220;<strong>Llegim i escrivim en parella<\/strong>&#8220;.<\/p>\n<p>Aquest programa est\u00e0 impulsat per Grup de Recerca d\u2019Aprenentatge entre Iguals (GRAI) de l\u2019Institut de Ci\u00e8ncies de l\u2019Educaci\u00f3 de la Universitat Aut\u00f2noma de Barcelona (UAB). \u00c9s a dir, parelles d\u2019alumnes que aprenen a trav\u00e9s d\u2019una activitat estructurada. D\u2019una banda, el tutor apr\u00e8n, perqu\u00e8 ensenyar pot ser una bona manera d\u2019aprendre. I, d\u2019altra banda, el tutorat tamb\u00e9 apr\u00e8n, perqu\u00e8 rep l\u2019ajuda ajustada i permanent del seu company tutor. El programa combina la tutoria entre estudiants i la tutoria familiar.<\/p>\n<p>Els <strong>objectius<\/strong> del programa s\u00f3n la millora de la compet\u00e8ncia lectora, especialment la comprensi\u00f3 lectora, i la compet\u00e8ncia d\u2019expressi\u00f3 escrita, espec\u00edficament en el proc\u00e9s de composici\u00f3 de textos.<\/p>\n<p>A la nostra escola tenim els rols marcats de tutors i tutores amb l&#8217;alumnat de 5\u00e8 i els de tutorats i tutorades amb l&#8217;alumnat de 3r.<\/p>\n<div class=\"ast-oembed-container \" style=\"height: 100%;\"><iframe loading=\"lazy\" title=\"Llegim en parella\" width=\"500\" height=\"375\" src=\"https:\/\/www.youtube.com\/embed\/MN-v6ht2Rtc?feature=oembed\" frameborder=\"0\" allow=\"accelerometer; autoplay; clipboard-write; encrypted-media; gyroscope; picture-in-picture; web-share\" referrerpolicy=\"strict-origin-when-cross-origin\" allowfullscreen><\/iframe><\/div>\n","protected":false},"excerpt":{"rendered":"<p>A la nostra escola tenim consolidat el programa de tutoria entre iguals &#8220;Llegim i escrivim en parella&#8220;. Aquest programa est\u00e0 impulsat per Grup de Recerca d\u2019Aprenentatge entre Iguals (GRAI) de l\u2019Institut de Ci\u00e8ncies de l\u2019Educaci\u00f3 de la Universitat Aut\u00f2noma de Barcelona (UAB). \u00c9s a dir, parelles d\u2019alumnes que aprenen a trav\u00e9s d\u2019una activitat estructurada. D\u2019una [&hellip;]<\/p>\n","protected":false},"author":3,"featured_media":0,"parent":496,"menu_order":0,"comment_status":"closed","ping_status":"closed","template":"","meta":{"_bbp_topic_count":0,"_bbp_reply_count":0,"_bbp_total_topic_count":0,"_bbp_total_reply_count":0,"_bbp_voice_count":0,"_bbp_anonymous_reply_count":0,"_bbp_topic_count_hidden":0,"_bbp_reply_count_hidden":0,"_bbp_forum_subforum_count":0,"site-sidebar-layout":"default","site-content-layout":"","ast-site-content-layout":"","site-content-style":"default","site-sidebar-style":"default","ast-global-header-display":"","ast-banner-title-visibility":"","ast-main-header-display":"","ast-hfb-above-header-display":"","ast-hfb-below-header-display":"","ast-hfb-mobile-header-display":"","site-post-title":"","ast-breadcrumbs-content":"","ast-featured-img":"","footer-sml-layout":"","theme-transparent-header-meta":"","adv-header-id-meta":"","stick-header-meta":"","header-above-stick-meta":"","header-main-stick-meta":"","header-below-stick-meta":"","astra-migrate-meta-layouts":"default","ast-page-background-enabled":"default","ast-page-background-meta":{"desktop":{"background-color":"var(--ast-global-color-4)","background-image":"","background-repeat":"repeat","background-position":"center center","background-size":"auto","background-attachment":"scroll","background-type":"","background-media":"","overlay-type":"","overlay-color":"","overlay-opacity":"","overlay-gradient":""},"tablet":{"background-color":"","background-image":"","background-repeat":"repeat","background-position":"center center","background-size":"auto","background-attachment":"scroll","background-type":"","background-media":"","overlay-type":"","overlay-color":"","overlay-opacity":"","overlay-gradient":""},"mobile":{"background-color":"","background-image":"","background-repeat":"repeat","background-position":"center center","background-size":"auto","background-attachment":"scroll","background-type":"","background-media":"","overlay-type":"","overlay-color":"","overlay-opacity":"","overlay-gradient":""}},"ast-content-background-meta":{"desktop":{"background-color":"var(--ast-global-color-5)","background-image":"","background-repeat":"repeat","background-position":"center center","background-size":"auto","background-attachment":"scroll","background-type":"","background-media":"","overlay-type":"","overlay-color":"","overlay-opacity":"","overlay-gradient":""},"tablet":{"background-color":"var(--ast-global-color-5)","background-image":"","background-repeat":"repeat","background-position":"center center","background-size":"auto","background-attachment":"scroll","background-type":"","background-media":"","overlay-type":"","overlay-color":"","overlay-opacity":"","overlay-gradient":""},"mobile":{"background-color":"var(--ast-global-color-5)","background-image":"","background-repeat":"repeat","background-position":"center center","background-size":"auto","background-attachment":"scroll","background-type":"","background-media":"","overlay-type":"","overlay-color":"","overlay-opacity":"","overlay-gradient":""}},"footnotes":""},"class_list":["post-1980","page","type-page","status-publish","hentry"],"post_mailing_queue_ids":[],"_links":{"self":[{"href":"https:\/\/agora.xtec.cat\/ceip-itaca\/wp-json\/wp\/v2\/pages\/1980","targetHints":{"allow":["GET"]}}],"collection":[{"href":"https:\/\/agora.xtec.cat\/ceip-itaca\/wp-json\/wp\/v2\/pages"}],"about":[{"href":"https:\/\/agora.xtec.cat\/ceip-itaca\/wp-json\/wp\/v2\/types\/page"}],"author":[{"embeddable":true,"href":"https:\/\/agora.xtec.cat\/ceip-itaca\/wp-json\/wp\/v2\/users\/3"}],"replies":[{"embeddable":true,"href":"https:\/\/agora.xtec.cat\/ceip-itaca\/wp-json\/wp\/v2\/comments?post=1980"}],"version-history":[{"count":1,"href":"https:\/\/agora.xtec.cat\/ceip-itaca\/wp-json\/wp\/v2\/pages\/1980\/revisions"}],"predecessor-version":[{"id":1983,"href":"https:\/\/agora.xtec.cat\/ceip-itaca\/wp-json\/wp\/v2\/pages\/1980\/revisions\/1983"}],"up":[{"embeddable":true,"href":"https:\/\/agora.xtec.cat\/ceip-itaca\/wp-json\/wp\/v2\/pages\/496"}],"wp:attachment":[{"href":"https:\/\/agora.xtec.cat\/ceip-itaca\/wp-json\/wp\/v2\/media?parent=1980"}],"curies":[{"name":"wp","href":"https:\/\/api.w.org\/{rel}","templated":true}]}}