{"id":1125,"date":"2023-01-24T09:19:53","date_gmt":"2023-01-24T08:19:53","guid":{"rendered":"https:\/\/agora.xtec.cat\/ceip-itaca\/?page_id=1125"},"modified":"2026-03-04T09:19:34","modified_gmt":"2026-03-04T08:19:34","slug":"matricula-curs-2023-2024","status":"publish","type":"page","link":"https:\/\/agora.xtec.cat\/ceip-itaca\/secretaria\/matricula-curs-2023-2024\/","title":{"rendered":"Matr\u00edcula curs 2025-2026"},"content":{"rendered":"<p>Per a realitzar la matr\u00edcula cal que truqueu a l&#8217;escola per a <strong>reservar dia i hora i porteu tota la documentaci\u00f3 necess\u00e0ria.\u00a0<\/strong><\/p>\n<ul>\n<li><strong>Documents necessaris per a tramitar la matr\u00edcula:<\/strong><\/li>\n<\/ul>\n<p><a href=\"https:\/\/drive.google.com\/file\/d\/1UC-wGnoM9BaC36GKiq49k7ZGkqoBxKcd\/view?usp=sharing\">MATR\u00cdCULA 2026-2027 formulari<\/a><\/p>\n<p><a href=\"https:\/\/drive.google.com\/file\/d\/14AjB2fMve19TYRbbZ-lIBIyxR0sM8Sfl\/view?usp=sharing\">COMPROMIS_EDUCATIU formulari<\/a><\/p>\n<p><a href=\"https:\/\/agora.xtec.cat\/ceip-itaca\/wp-content\/uploads\/usu2445\/2023\/06\/AUTORITZACIONS-GENERALS-formulari.pdf\">AUTORITZACIONS GENERALS formulari<\/a><\/p>\n<p><a href=\"https:\/\/agora.xtec.cat\/ceip-itaca\/wp-content\/uploads\/usu2445\/2023\/06\/AUTORITZACIO-DRETS-DIMATGE-formulari.pdf\">AUTORITZACI\u00d3 DRETS D&#8217;IMATGE formulari<\/a><\/p>\n<p><a href=\"https:\/\/drive.google.com\/file\/d\/1Q8SGPj9H6X3tikZpdb606vLcP5YJd0cX\/view?usp=sharing\">CARTA DE COMPROM\u00cdS DE CONFIDENCIALITAT I PROTECCI\u00d3 DE DADES (IMATGES DE MENORS)<\/a><\/p>\n<p><a href=\"https:\/\/agora.xtec.cat\/ceip-itaca\/wp-content\/uploads\/usu2445\/2023\/11\/Documentacio-matricula.pdf\">Documentaci\u00f3 que cal presentar<\/a><\/p>\n<ul>\n<li><strong>Altres informacions:<\/strong><\/li>\n<\/ul>\n<p><a href=\"https:\/\/agora.xtec.cat\/ceip-itaca\/wp-content\/uploads\/usu2445\/2023\/06\/DINANTIA-installacio-inicial.pdf\">DINANTIA-instal\u00b7laci\u00f3-inicial<\/a><\/p>\n<p><a href=\"https:\/\/drive.google.com\/file\/d\/1N80YiHg9fHNXj2nbE3CxGBPbQfxUUV4N\/view?usp=sharing\">Llibret informatiu de l&#8217;escola 25-26<\/a><\/p>\n<p><a href=\"https:\/\/drive.google.com\/file\/d\/1zL8vZNYvmwWyIF3CRCyIWI-NtiFcRtI5\/view?usp=sharing\">Informacions AFA.\u00a0<\/a><\/p>\n<p>&nbsp;<\/p>\n","protected":false},"excerpt":{"rendered":"<p>Per a realitzar la matr\u00edcula cal que truqueu a l&#8217;escola per a reservar dia i hora i porteu tota la documentaci\u00f3 necess\u00e0ria.\u00a0 Documents necessaris per a tramitar la matr\u00edcula: MATR\u00cdCULA 2026-2027 formulari COMPROMIS_EDUCATIU formulari AUTORITZACIONS GENERALS formulari AUTORITZACI\u00d3 DRETS D&#8217;IMATGE formulari CARTA DE COMPROM\u00cdS DE CONFIDENCIALITAT I PROTECCI\u00d3 DE DADES (IMATGES DE MENORS) Documentaci\u00f3 que [&hellip;]<\/p>\n","protected":false},"author":38,"featured_media":0,"parent":864,"menu_order":0,"comment_status":"closed","ping_status":"closed","template":"","meta":{"_bbp_topic_count":0,"_bbp_reply_count":0,"_bbp_total_topic_count":0,"_bbp_total_reply_count":0,"_bbp_voice_count":0,"_bbp_anonymous_reply_count":0,"_bbp_topic_count_hidden":0,"_bbp_reply_count_hidden":0,"_bbp_forum_subforum_count":0,"site-sidebar-layout":"default","site-content-layout":"","ast-site-content-layout":"default","site-content-style":"default","site-sidebar-style":"default","ast-global-header-display":"","ast-banner-title-visibility":"","ast-main-header-display":"","ast-hfb-above-header-display":"","ast-hfb-below-header-display":"","ast-hfb-mobile-header-display":"","site-post-title":"","ast-breadcrumbs-content":"","ast-featured-img":"","footer-sml-layout":"","theme-transparent-header-meta":"default","adv-header-id-meta":"","stick-header-meta":"","header-above-stick-meta":"","header-main-stick-meta":"","header-below-stick-meta":"","astra-migrate-meta-layouts":"set","ast-page-background-enabled":"default","ast-page-background-meta":{"desktop":{"background-color":"var(--ast-global-color-4)","background-image":"","background-repeat":"repeat","background-position":"center center","background-size":"auto","background-attachment":"scroll","background-type":"","background-media":"","overlay-type":"","overlay-color":"","overlay-opacity":"","overlay-gradient":""},"tablet":{"background-color":"","background-image":"","background-repeat":"repeat","background-position":"center center","background-size":"auto","background-attachment":"scroll","background-type":"","background-media":"","overlay-type":"","overlay-color":"","overlay-opacity":"","overlay-gradient":""},"mobile":{"background-color":"","background-image":"","background-repeat":"repeat","background-position":"center center","background-size":"auto","background-attachment":"scroll","background-type":"","background-media":"","overlay-type":"","overlay-color":"","overlay-opacity":"","overlay-gradient":""}},"ast-content-background-meta":{"desktop":{"background-color":"var(--ast-global-color-5)","background-image":"","background-repeat":"repeat","background-position":"center center","background-size":"auto","background-attachment":"scroll","background-type":"","background-media":"","overlay-type":"","overlay-color":"","overlay-opacity":"","overlay-gradient":""},"tablet":{"background-color":"var(--ast-global-color-5)","background-image":"","background-repeat":"repeat","background-position":"center center","background-size":"auto","background-attachment":"scroll","background-type":"","background-media":"","overlay-type":"","overlay-color":"","overlay-opacity":"","overlay-gradient":""},"mobile":{"background-color":"var(--ast-global-color-5)","background-image":"","background-repeat":"repeat","background-position":"center center","background-size":"auto","background-attachment":"scroll","background-type":"","background-media":"","overlay-type":"","overlay-color":"","overlay-opacity":"","overlay-gradient":""}},"footnotes":""},"class_list":["post-1125","page","type-page","status-publish","hentry"],"post_mailing_queue_ids":[],"_links":{"self":[{"href":"https:\/\/agora.xtec.cat\/ceip-itaca\/wp-json\/wp\/v2\/pages\/1125","targetHints":{"allow":["GET"]}}],"collection":[{"href":"https:\/\/agora.xtec.cat\/ceip-itaca\/wp-json\/wp\/v2\/pages"}],"about":[{"href":"https:\/\/agora.xtec.cat\/ceip-itaca\/wp-json\/wp\/v2\/types\/page"}],"author":[{"embeddable":true,"href":"https:\/\/agora.xtec.cat\/ceip-itaca\/wp-json\/wp\/v2\/users\/38"}],"replies":[{"embeddable":true,"href":"https:\/\/agora.xtec.cat\/ceip-itaca\/wp-json\/wp\/v2\/comments?post=1125"}],"version-history":[{"count":7,"href":"https:\/\/agora.xtec.cat\/ceip-itaca\/wp-json\/wp\/v2\/pages\/1125\/revisions"}],"predecessor-version":[{"id":2515,"href":"https:\/\/agora.xtec.cat\/ceip-itaca\/wp-json\/wp\/v2\/pages\/1125\/revisions\/2515"}],"up":[{"embeddable":true,"href":"https:\/\/agora.xtec.cat\/ceip-itaca\/wp-json\/wp\/v2\/pages\/864"}],"wp:attachment":[{"href":"https:\/\/agora.xtec.cat\/ceip-itaca\/wp-json\/wp\/v2\/media?parent=1125"}],"curies":[{"name":"wp","href":"https:\/\/api.w.org\/{rel}","templated":true}]}}