{"id":1096,"date":"2023-01-23T16:07:28","date_gmt":"2023-01-23T15:07:28","guid":{"rendered":"https:\/\/agora.xtec.cat\/ceip-itaca\/?page_id=1096"},"modified":"2025-10-14T11:49:41","modified_gmt":"2025-10-14T09:49:41","slug":"autoritzacions","status":"publish","type":"page","link":"https:\/\/agora.xtec.cat\/ceip-itaca\/secretaria\/autoritzacions\/","title":{"rendered":"Autoritzacions"},"content":{"rendered":"<p><a href=\"https:\/\/drive.google.com\/file\/d\/1TY_dX0og8DhrGCT8tTZWSii7F08GT183\/view?usp=sharing\">AUTORITZACIONS GENERALS<\/a><\/p>\n<p><a href=\"https:\/\/drive.google.com\/file\/d\/1TM2dPg271VI5FkfhEH0_CxkousZzgzLc\/view?usp=sharing\">AUTORITZACI\u00d3 DRETS D&#8217;IMATGE<\/a><\/p>\n<p><a href=\"https:\/\/drive.google.com\/file\/d\/1Q8SGPj9H6X3tikZpdb606vLcP5YJd0cX\/view?usp=sharing\">Carta de comprom\u00eds de confidencialitat<\/a><\/p>\n<p><a href=\"https:\/\/agora.xtec.cat\/ceip-itaca\/wp-content\/uploads\/usu2445\/2023\/01\/Autoritzacio-medicament.pdf\">Autoritzaci\u00f3 medicament<\/a><\/p>\n<p><a href=\"https:\/\/agora.xtec.cat\/ceip-itaca\/wp-content\/uploads\/usu2445\/2023\/01\/Autoritzacio-recollida-pel-germa-gran.pdf\">Autoritzaci\u00f3 recollida pel germ\u00e0 gran<\/a><\/p>\n<p><a href=\"https:\/\/agora.xtec.cat\/ceip-itaca\/wp-content\/uploads\/usu2445\/2023\/01\/Autoritzacio-sortida-sol.pdf\">Autoritzaci\u00f3 sortida sol<\/a><\/p>\n<p><a href=\"https:\/\/drive.google.com\/file\/d\/1PlsvMFJuI3PHuepDz-4cXyCaLJRjeYlz\/view?usp=sharing\">Carta de comprom\u00eds educatiu<\/a><\/p>\n<p><a href=\"https:\/\/drive.google.com\/file\/d\/1UC-wGnoM9BaC36GKiq49k7ZGkqoBxKcd\/view?usp=drive_link\">MATR\u00cdCULA 2025-26<\/a><\/p>\n","protected":false},"excerpt":{"rendered":"<p>AUTORITZACIONS GENERALS AUTORITZACI\u00d3 DRETS D&#8217;IMATGE Carta de comprom\u00eds de confidencialitat Autoritzaci\u00f3 medicament Autoritzaci\u00f3 recollida pel germ\u00e0 gran Autoritzaci\u00f3 sortida sol Carta de comprom\u00eds educatiu MATR\u00cdCULA 2025-26<\/p>\n","protected":false},"author":38,"featured_media":0,"parent":864,"menu_order":4,"comment_status":"closed","ping_status":"closed","template":"","meta":{"_bbp_topic_count":0,"_bbp_reply_count":0,"_bbp_total_topic_count":0,"_bbp_total_reply_count":0,"_bbp_voice_count":0,"_bbp_anonymous_reply_count":0,"_bbp_topic_count_hidden":0,"_bbp_reply_count_hidden":0,"_bbp_forum_subforum_count":0,"site-sidebar-layout":"default","site-content-layout":"","ast-site-content-layout":"","site-content-style":"default","site-sidebar-style":"default","ast-global-header-display":"","ast-banner-title-visibility":"","ast-main-header-display":"","ast-hfb-above-header-display":"","ast-hfb-below-header-display":"","ast-hfb-mobile-header-display":"","site-post-title":"","ast-breadcrumbs-content":"","ast-featured-img":"","footer-sml-layout":"","theme-transparent-header-meta":"","adv-header-id-meta":"","stick-header-meta":"","header-above-stick-meta":"","header-main-stick-meta":"","header-below-stick-meta":"","astra-migrate-meta-layouts":"default","ast-page-background-enabled":"default","ast-page-background-meta":{"desktop":{"background-color":"var(--ast-global-color-4)","background-image":"","background-repeat":"repeat","background-position":"center center","background-size":"auto","background-attachment":"scroll","background-type":"","background-media":"","overlay-type":"","overlay-color":"","overlay-opacity":"","overlay-gradient":""},"tablet":{"background-color":"","background-image":"","background-repeat":"repeat","background-position":"center center","background-size":"auto","background-attachment":"scroll","background-type":"","background-media":"","overlay-type":"","overlay-color":"","overlay-opacity":"","overlay-gradient":""},"mobile":{"background-color":"","background-image":"","background-repeat":"repeat","background-position":"center center","background-size":"auto","background-attachment":"scroll","background-type":"","background-media":"","overlay-type":"","overlay-color":"","overlay-opacity":"","overlay-gradient":""}},"ast-content-background-meta":{"desktop":{"background-color":"var(--ast-global-color-5)","background-image":"","background-repeat":"repeat","background-position":"center center","background-size":"auto","background-attachment":"scroll","background-type":"","background-media":"","overlay-type":"","overlay-color":"","overlay-opacity":"","overlay-gradient":""},"tablet":{"background-color":"var(--ast-global-color-5)","background-image":"","background-repeat":"repeat","background-position":"center center","background-size":"auto","background-attachment":"scroll","background-type":"","background-media":"","overlay-type":"","overlay-color":"","overlay-opacity":"","overlay-gradient":""},"mobile":{"background-color":"var(--ast-global-color-5)","background-image":"","background-repeat":"repeat","background-position":"center center","background-size":"auto","background-attachment":"scroll","background-type":"","background-media":"","overlay-type":"","overlay-color":"","overlay-opacity":"","overlay-gradient":""}},"footnotes":""},"class_list":["post-1096","page","type-page","status-publish","hentry"],"post_mailing_queue_ids":[],"_links":{"self":[{"href":"https:\/\/agora.xtec.cat\/ceip-itaca\/wp-json\/wp\/v2\/pages\/1096","targetHints":{"allow":["GET"]}}],"collection":[{"href":"https:\/\/agora.xtec.cat\/ceip-itaca\/wp-json\/wp\/v2\/pages"}],"about":[{"href":"https:\/\/agora.xtec.cat\/ceip-itaca\/wp-json\/wp\/v2\/types\/page"}],"author":[{"embeddable":true,"href":"https:\/\/agora.xtec.cat\/ceip-itaca\/wp-json\/wp\/v2\/users\/38"}],"replies":[{"embeddable":true,"href":"https:\/\/agora.xtec.cat\/ceip-itaca\/wp-json\/wp\/v2\/comments?post=1096"}],"version-history":[{"count":6,"href":"https:\/\/agora.xtec.cat\/ceip-itaca\/wp-json\/wp\/v2\/pages\/1096\/revisions"}],"predecessor-version":[{"id":2291,"href":"https:\/\/agora.xtec.cat\/ceip-itaca\/wp-json\/wp\/v2\/pages\/1096\/revisions\/2291"}],"up":[{"embeddable":true,"href":"https:\/\/agora.xtec.cat\/ceip-itaca\/wp-json\/wp\/v2\/pages\/864"}],"wp:attachment":[{"href":"https:\/\/agora.xtec.cat\/ceip-itaca\/wp-json\/wp\/v2\/media?parent=1096"}],"curies":[{"name":"wp","href":"https:\/\/api.w.org\/{rel}","templated":true}]}}