{"id":1092,"date":"2023-01-23T16:06:32","date_gmt":"2023-01-23T15:06:32","guid":{"rendered":"https:\/\/agora.xtec.cat\/ceip-itaca\/?page_id=1092"},"modified":"2026-03-04T09:21:57","modified_gmt":"2026-03-04T08:21:57","slug":"preinscripcio","status":"publish","type":"page","link":"https:\/\/agora.xtec.cat\/ceip-itaca\/secretaria\/preinscripcio\/","title":{"rendered":"Preinscripci\u00f3 Curs 2026-2027"},"content":{"rendered":"<div data-v-2bed8167=\"\">\n<div class=\"editor message-body disabled\" spellcheck=\"false\" data-v-4a6d1098=\"\">\n<div data-v-2bed8167=\"\">\n<div class=\"rich-text-editor position-relative message-body\" data-v-4a6d1098=\"\" data-v-2bed8167=\"\">\n<div class=\"editor message-body disabled\" spellcheck=\"false\" data-v-4a6d1098=\"\">\n<p data-pm-slice=\"1 2 []\">Benvolgudes fam\u00edlies,<\/p>\n<p>Us fem arribar la informaci\u00f3 relativa a la preinscripci\u00f3 escolar 2026-2027.<\/p>\n<p>Si heu de preinscriure el vostre fill o filla a educaci\u00f3 infantil (3-6) o a l&#8217;ESO, recordeu les dates de presentaci\u00f3 de sol\u00b7licituds:<\/p>\n<ul>\n<li><strong>educaci\u00f3 infantil (3-6 anys) i prim\u00e0ria, del 4 al 18 de mar\u00e7<\/strong><\/li>\n<li><strong>educaci\u00f3 secund\u00e0ria obligat\u00f2ria, del 6 al 18 de mar\u00e7<\/strong><\/li>\n<\/ul>\n<p>Altres dates rellevants s\u00f3n les de publicaci\u00f3 de les llistes de sol\u00b7licituds amb la puntuaci\u00f3 provisional (15 d&#8217;abril), del termini per presentar una reclamaci\u00f3 (del 15 al 20 d&#8217;abril), del sorteig del n\u00famero de desempat (28 d&#8217;abril), de la llista ordenada de sol\u00b7licituds (30 d&#8217;abril) i de la llista d&#8217;alumnes amb pla\u00e7a assignada (10 de juny).<\/p>\n<p>Trobareu tota la informaci\u00f3 sobre el proc\u00e9s de preinscripci\u00f3 al seg\u00fcent enlla\u00e7: <a href=\"https:\/\/preinscripcio.gencat.cat\/ca\/inici\" target=\"_blank\" rel=\"noreferrer noopener\"><strong>https:\/\/preinscripcio.gencat.cat\/ca\/inici<\/strong><\/a><\/p>\n<p>Per saber les dates de les portes obertes dels instituts de la ciutat cal que consulteu el web de l&#8217;IMET<strong>: <\/strong><a href=\"https:\/\/www.imet.cat\/calendari-portes-obertes\" target=\"_blank\" rel=\"noreferrer noopener\"><strong>https:\/\/www.imet.cat\/calendari-portes-obertes<\/strong><\/a><\/p>\n<p>Tanmateix, us recordem que la <strong>jornada de portes obertes<\/strong> de la nostra escola ser\u00e0 el\u00a0<strong>dimarts 24 de febrer a les 15:10<\/strong>. Si esteu en contacte amb altres fam\u00edlies interessades en la nostra escola, animeu-los a venir a con\u00e8ixer el nostre projecte educatiu i a visitar l\u2019escola.<\/p>\n<p><strong>Per venir a les portes obertes inscriviu-vos pr\u00e8viament<\/strong> a aquest enlla\u00e7: <a href=\"https:\/\/docs.google.com\/forms\/d\/e\/1FAIpQLSfc8unvR-G1e09T29BQMZI1RWvjx6rdI1qgcYs5JnGtOp_gXQ\/viewform\">enlla\u00e7<\/a>.<\/p>\n<p>&nbsp;<\/p>\n<p><img decoding=\"async\" src=\"https:\/\/www.edubcn.cat\/rcs_gene\/preinscripcio-baner-home-primaria-2026-27.png\" alt=\"Preinscripci\u00f3 escolar 2026-2027. Jornades de portes obertes\" \/><\/p>\n<div>\n<p>&nbsp;<\/p>\n<\/div>\n<h5><\/h5>\n<\/div>\n<\/div>\n<table class=\" aligncenter\" style=\"height: 752px; width: 79.8529%; border-style: solid; border-color: #000000;\">\n<tbody>\n<tr style=\"border-style: solid; border-color: #000000;\">\n<td style=\"border-style: solid; border-color: #000000;\" colspan=\"3\"><strong>CALENDARI DE PREINSCRIPCI\u00d3 I MATRICULACI\u00d3 PEL CURS 2026-2027<\/strong><\/td>\n<\/tr>\n<tr style=\"border-style: solid; border-color: #000000;\">\n<td>3 de mar\u00e7<\/td>\n<td>Publicaci\u00f3 de l\u2019<strong>OFERTA INICIAL<\/strong>\u00a0de places del centre<\/td>\n<td><a href=\"https:\/\/drive.google.com\/file\/d\/13S8FS4RJaUe9a6aupCEyfV_uTU8BAcBM\/view?usp=sharing\">Cliqueu aqu\u00ed per a consultarla.<\/a><\/td>\n<\/tr>\n<tr style=\"border-style: solid; border-color: #000000;\">\n<td>4 al 18 de mar\u00e7<\/td>\n<td>Per\u00edode d\u2019entrega de sol\u00b7licituds de preinscripci\u00f3.<\/td>\n<td>Preinscripci\u00f3 (3-6 anys): cliqueu\u00a0<strong>AQU\u00cd<\/strong><\/p>\n<p>Preinscripci\u00f3 (6-12 anys): cliqueu\u00a0<strong>AQU\u00cd<\/strong><\/td>\n<\/tr>\n<tr style=\"border-style: solid; border-color: #000000;\">\n<td>15 d\u2019abril<\/td>\n<td>Publicaci\u00f3 de llistes amb barem provisional<\/td>\n<td>Cliqueu aqu\u00ed<\/td>\n<\/tr>\n<tr style=\"border-style: solid; border-color: #000000;\">\n<td>15 al 20 d\u2019abril<\/td>\n<td>Per\u00edode de reclamacions<\/td>\n<td><\/td>\n<\/tr>\n<tr style=\"border-style: solid; border-color: #000000;\">\n<td>23 d&#8217;abril<\/td>\n<td>Publicaci\u00f3 de llistes amb barem definitiu un cop resoltes les reclamacions<\/td>\n<td>Cliqueu aqu\u00ed<\/td>\n<\/tr>\n<tr style=\"border-style: solid; border-color: #000000;\">\n<td>28 d&#8217;abril<\/td>\n<td>Sorteig de desempat<\/td>\n<td>Cliqueu aqu\u00ed<\/td>\n<\/tr>\n<tr style=\"border-style: solid; border-color: #000000;\">\n<td>30 d&#8217;abril<\/td>\n<td>Llista ordenada definitiva<\/td>\n<td>Cliqueu aqu\u00ed<\/td>\n<\/tr>\n<tr style=\"border-style: solid; border-color: #000000;\">\n<td>1 al 3 de juny<\/td>\n<td>Ampliaci\u00f3 de petici\u00f3 de centres per a sol\u00b7licituds que no han obtingut cap assignaci\u00f3<\/td>\n<td><\/td>\n<\/tr>\n<tr style=\"border-style: solid; border-color: #000000;\">\n<td>10 de juny<\/td>\n<td>Publicaci\u00f3 de l\u2019oferta final de places<\/td>\n<td><\/td>\n<\/tr>\n<tr style=\"border-style: solid; border-color: #000000;\">\n<td rowspan=\"2\">10 de juny<\/td>\n<td>Llista d\u2019alumnat assignat al centre<\/td>\n<td><\/td>\n<\/tr>\n<tr style=\"border-style: solid; border-color: #000000;\">\n<td>Llista d\u2019espera<\/td>\n<td><\/td>\n<\/tr>\n<tr style=\"border-style: solid; border-color: #000000;\">\n<td>Per determinar<\/td>\n<td>Per\u00edode de matriculaci\u00f3<\/td>\n<td><\/td>\n<\/tr>\n<\/tbody>\n<\/table>\n<p>&nbsp;<\/p>\n<p>&nbsp;<\/p>\n<p>&nbsp;<\/p>\n<p>&nbsp;<\/p>\n<p>&nbsp;<\/p>\n<p><strong>PRESENTACI\u00d3 DE SOL\u00b7LICITUDS TELEM\u00c0TIQUES<\/strong><\/p>\n<p>Per presentar una sol\u00b7licitud de preinscripci\u00f3 telem\u00e0tica heu d\u2019accedir a la p\u00e0gina Preinscripci\u00f3 del Departament d\u2019Educaci\u00f3 i seguir les indicacions. Per a qualsevol dubte, ens podeu trucar per tel\u00e8fon al 93 657 11 85 o enviar un correu electr\u00f2nic a <strong>escola<span class=\"\">@escolaitacavng.cat<\/span><\/strong><\/p>\n<p><strong>CONSULTA DE LLISTES<\/strong><\/p>\n<p>Per a consultar els diferents llistats que s\u2019aniran publicant (barems provisionals, definitius, n\u00famero de desempat, llistat de persones admeses\u2026) podreu fer-ho\u00a0<strong>a trav\u00e9s d\u2019aquesta mateixa p\u00e0gina web o al tauler d&#8217;informaci\u00f3 de l&#8217;escola<\/strong>.<\/p>\n<p><strong>PRESENTACI\u00d3 DE RECLAMACIONS<\/strong><\/p>\n<p>El procediment per a presentar una reclamaci\u00f3, un cop publicades les llistes amb el barem (punts) provisional \u00e9s similar al de presentaci\u00f3 de sol\u00b7licituds:<\/p>\n<ul>\n<li>CONSULTA ELS\u00a0<a href=\"https:\/\/preinscripcio.gencat.cat\/ca\/estudis\/infantil-3-6\/informat\/criteris-assignacio\/\">CRITERIS DE PRIORITAT I BAREM DE PUNTS PER COMPROVAR<\/a>\u00a0QUE \u00c9S CORRECTE LA TEVA PUNTUACI\u00d3.<\/li>\n<\/ul>\n<p>&nbsp;<\/p>\n<div class=\"rich-text-editor position-relative message-body\" data-v-4a6d1098=\"\" data-v-2bed8167=\"\">\n<div class=\"editor message-body disabled\" spellcheck=\"false\" data-v-4a6d1098=\"\">\n<h5 style=\"text-align: justify;\"><strong>Escola \u00cdtaca<\/strong><\/h5>\n<div style=\"text-align: justify;\">Rbla. d&#8217;Arnau de Vilanova, 65<br \/>\n08800 Vilanova i la Geltr\u00fa<\/div>\n<div>\n<p style=\"text-align: justify;\">Tel. 936571185<\/p>\n<\/div>\n<div>\n<p><strong><a href=\"www.escolaitacavng.cat\" target=\"_blank\" rel=\"noreferrer noopener\">www.escolaitacavng.cat<\/a><\/strong><\/p>\n<\/div>\n<div>\n<p>&nbsp;<\/p>\n<\/div>\n<\/div>\n<\/div>\n<\/div>\n<\/div>\n<\/div>\n","protected":false},"excerpt":{"rendered":"<p>Benvolgudes fam\u00edlies, Us fem arribar la informaci\u00f3 relativa a la preinscripci\u00f3 escolar 2026-2027. Si heu de preinscriure el vostre fill o filla a educaci\u00f3 infantil (3-6) o a l&#8217;ESO, recordeu les dates de presentaci\u00f3 de sol\u00b7licituds: educaci\u00f3 infantil (3-6 anys) i prim\u00e0ria, del 4 al 18 de mar\u00e7 educaci\u00f3 secund\u00e0ria obligat\u00f2ria, del 6 al 18 [&hellip;]<\/p>\n","protected":false},"author":38,"featured_media":0,"parent":864,"menu_order":2,"comment_status":"closed","ping_status":"closed","template":"","meta":{"_bbp_topic_count":0,"_bbp_reply_count":0,"_bbp_total_topic_count":0,"_bbp_total_reply_count":0,"_bbp_voice_count":0,"_bbp_anonymous_reply_count":0,"_bbp_topic_count_hidden":0,"_bbp_reply_count_hidden":0,"_bbp_forum_subforum_count":0,"site-sidebar-layout":"default","site-content-layout":"","ast-site-content-layout":"default","site-content-style":"default","site-sidebar-style":"default","ast-global-header-display":"","ast-banner-title-visibility":"","ast-main-header-display":"","ast-hfb-above-header-display":"","ast-hfb-below-header-display":"","ast-hfb-mobile-header-display":"","site-post-title":"","ast-breadcrumbs-content":"","ast-featured-img":"","footer-sml-layout":"","theme-transparent-header-meta":"default","adv-header-id-meta":"","stick-header-meta":"","header-above-stick-meta":"","header-main-stick-meta":"","header-below-stick-meta":"","astra-migrate-meta-layouts":"set","ast-page-background-enabled":"default","ast-page-background-meta":{"desktop":{"background-color":"var(--ast-global-color-4)","background-image":"","background-repeat":"repeat","background-position":"center center","background-size":"auto","background-attachment":"scroll","background-type":"","background-media":"","overlay-type":"","overlay-color":"","overlay-opacity":"","overlay-gradient":""},"tablet":{"background-color":"","background-image":"","background-repeat":"repeat","background-position":"center center","background-size":"auto","background-attachment":"scroll","background-type":"","background-media":"","overlay-type":"","overlay-color":"","overlay-opacity":"","overlay-gradient":""},"mobile":{"background-color":"","background-image":"","background-repeat":"repeat","background-position":"center center","background-size":"auto","background-attachment":"scroll","background-type":"","background-media":"","overlay-type":"","overlay-color":"","overlay-opacity":"","overlay-gradient":""}},"ast-content-background-meta":{"desktop":{"background-color":"var(--ast-global-color-5)","background-image":"","background-repeat":"repeat","background-position":"center center","background-size":"auto","background-attachment":"scroll","background-type":"","background-media":"","overlay-type":"","overlay-color":"","overlay-opacity":"","overlay-gradient":""},"tablet":{"background-color":"var(--ast-global-color-5)","background-image":"","background-repeat":"repeat","background-position":"center center","background-size":"auto","background-attachment":"scroll","background-type":"","background-media":"","overlay-type":"","overlay-color":"","overlay-opacity":"","overlay-gradient":""},"mobile":{"background-color":"var(--ast-global-color-5)","background-image":"","background-repeat":"repeat","background-position":"center center","background-size":"auto","background-attachment":"scroll","background-type":"","background-media":"","overlay-type":"","overlay-color":"","overlay-opacity":"","overlay-gradient":""}},"footnotes":""},"class_list":["post-1092","page","type-page","status-publish","hentry"],"post_mailing_queue_ids":[],"_links":{"self":[{"href":"https:\/\/agora.xtec.cat\/ceip-itaca\/wp-json\/wp\/v2\/pages\/1092","targetHints":{"allow":["GET"]}}],"collection":[{"href":"https:\/\/agora.xtec.cat\/ceip-itaca\/wp-json\/wp\/v2\/pages"}],"about":[{"href":"https:\/\/agora.xtec.cat\/ceip-itaca\/wp-json\/wp\/v2\/types\/page"}],"author":[{"embeddable":true,"href":"https:\/\/agora.xtec.cat\/ceip-itaca\/wp-json\/wp\/v2\/users\/38"}],"replies":[{"embeddable":true,"href":"https:\/\/agora.xtec.cat\/ceip-itaca\/wp-json\/wp\/v2\/comments?post=1092"}],"version-history":[{"count":6,"href":"https:\/\/agora.xtec.cat\/ceip-itaca\/wp-json\/wp\/v2\/pages\/1092\/revisions"}],"predecessor-version":[{"id":2516,"href":"https:\/\/agora.xtec.cat\/ceip-itaca\/wp-json\/wp\/v2\/pages\/1092\/revisions\/2516"}],"up":[{"embeddable":true,"href":"https:\/\/agora.xtec.cat\/ceip-itaca\/wp-json\/wp\/v2\/pages\/864"}],"wp:attachment":[{"href":"https:\/\/agora.xtec.cat\/ceip-itaca\/wp-json\/wp\/v2\/media?parent=1092"}],"curies":[{"name":"wp","href":"https:\/\/api.w.org\/{rel}","templated":true}]}}