{"id":1087,"date":"2023-01-23T15:58:41","date_gmt":"2023-01-23T14:58:41","guid":{"rendered":"https:\/\/agora.xtec.cat\/ceip-itaca\/?page_id=1087"},"modified":"2026-01-21T12:55:19","modified_gmt":"2026-01-21T11:55:19","slug":"preinscripcio-i-matricula","status":"publish","type":"page","link":"https:\/\/agora.xtec.cat\/ceip-itaca\/secretaria\/preinscripcio-i-matricula\/","title":{"rendered":"Portes obertes 2026"},"content":{"rendered":"<p>&nbsp;<\/p>\n<div><a href=\"https:\/\/agora.xtec.cat\/ceip-itaca\/wp-content\/uploads\/usu2445\/2026\/01\/PORTES-OBERTES-2026.jpg\"><img loading=\"lazy\" decoding=\"async\" class=\"alignnone size-large wp-image-2441\" src=\"https:\/\/agora.xtec.cat\/ceip-itaca\/wp-content\/uploads\/usu2445\/2026\/01\/PORTES-OBERTES-2026-724x1024.jpg\" alt=\"\" width=\"724\" height=\"1024\" srcset=\"https:\/\/agora.xtec.cat\/ceip-itaca\/wp-content\/uploads\/usu2445\/2026\/01\/PORTES-OBERTES-2026-724x1024.jpg 724w, https:\/\/agora.xtec.cat\/ceip-itaca\/wp-content\/uploads\/usu2445\/2026\/01\/PORTES-OBERTES-2026-212x300.jpg 212w, https:\/\/agora.xtec.cat\/ceip-itaca\/wp-content\/uploads\/usu2445\/2026\/01\/PORTES-OBERTES-2026-768x1086.jpg 768w, https:\/\/agora.xtec.cat\/ceip-itaca\/wp-content\/uploads\/usu2445\/2026\/01\/PORTES-OBERTES-2026-1086x1536.jpg 1086w, https:\/\/agora.xtec.cat\/ceip-itaca\/wp-content\/uploads\/usu2445\/2026\/01\/PORTES-OBERTES-2026.jpg 1414w\" sizes=\"auto, (max-width: 724px) 100vw, 724px\" \/><\/a><\/div>\n<p>&nbsp;<\/p>\n<p>El <strong>dimarts 24 de febrer de 2026 <\/strong>farem la jornada de portes obertes a l\u2019escola.<\/p>\n<p>A les <strong>15:10 h<\/strong> hi haur\u00e0 una visita al centre per poder veure les instal\u00b7lacions i les activitats amb l\u2019alumnat.<\/p>\n<p>Despr\u00e9s al gimn\u00e0s, hi haur\u00e0 una xerrada per explicar el projecte educatiu de l\u2019escola.<\/p>\n<p>Pel bon funcionament de l\u2019acte, us agrairem que vingueu sense les criatures.<\/p>\n<p>Per assistir-hi cal que ompliu el formulari a trav\u00e9s d\u2019aquest\u00a0<a href=\"https:\/\/docs.google.com\/forms\/d\/e\/1FAIpQLSfc8unvR-G1e09T29BQMZI1RWvjx6rdI1qgcYs5JnGtOp_gXQ\/viewform?usp=publish-editor\">enlla\u00e7<\/a><\/p>\n<p>&nbsp;<\/p>\n","protected":false},"excerpt":{"rendered":"<p>&nbsp; &nbsp; El dimarts 24 de febrer de 2026 farem la jornada de portes obertes a l\u2019escola. A les 15:10 h hi haur\u00e0 una visita al centre per poder veure les instal\u00b7lacions i les activitats amb l\u2019alumnat. Despr\u00e9s al gimn\u00e0s, hi haur\u00e0 una xerrada per explicar el projecte educatiu de l\u2019escola. Pel bon funcionament de [&hellip;]<\/p>\n","protected":false},"author":38,"featured_media":0,"parent":864,"menu_order":1,"comment_status":"closed","ping_status":"closed","template":"","meta":{"_bbp_topic_count":0,"_bbp_reply_count":0,"_bbp_total_topic_count":0,"_bbp_total_reply_count":0,"_bbp_voice_count":0,"_bbp_anonymous_reply_count":0,"_bbp_topic_count_hidden":0,"_bbp_reply_count_hidden":0,"_bbp_forum_subforum_count":0,"site-sidebar-layout":"default","site-content-layout":"","ast-site-content-layout":"default","site-content-style":"default","site-sidebar-style":"default","ast-global-header-display":"","ast-banner-title-visibility":"","ast-main-header-display":"","ast-hfb-above-header-display":"","ast-hfb-below-header-display":"","ast-hfb-mobile-header-display":"","site-post-title":"","ast-breadcrumbs-content":"","ast-featured-img":"","footer-sml-layout":"","theme-transparent-header-meta":"default","adv-header-id-meta":"","stick-header-meta":"","header-above-stick-meta":"","header-main-stick-meta":"","header-below-stick-meta":"","astra-migrate-meta-layouts":"set","ast-page-background-enabled":"default","ast-page-background-meta":{"desktop":{"background-color":"var(--ast-global-color-4)","background-image":"","background-repeat":"repeat","background-position":"center center","background-size":"auto","background-attachment":"scroll","background-type":"","background-media":"","overlay-type":"","overlay-color":"","overlay-opacity":"","overlay-gradient":""},"tablet":{"background-color":"","background-image":"","background-repeat":"repeat","background-position":"center center","background-size":"auto","background-attachment":"scroll","background-type":"","background-media":"","overlay-type":"","overlay-color":"","overlay-opacity":"","overlay-gradient":""},"mobile":{"background-color":"","background-image":"","background-repeat":"repeat","background-position":"center center","background-size":"auto","background-attachment":"scroll","background-type":"","background-media":"","overlay-type":"","overlay-color":"","overlay-opacity":"","overlay-gradient":""}},"ast-content-background-meta":{"desktop":{"background-color":"var(--ast-global-color-5)","background-image":"","background-repeat":"repeat","background-position":"center center","background-size":"auto","background-attachment":"scroll","background-type":"","background-media":"","overlay-type":"","overlay-color":"","overlay-opacity":"","overlay-gradient":""},"tablet":{"background-color":"var(--ast-global-color-5)","background-image":"","background-repeat":"repeat","background-position":"center center","background-size":"auto","background-attachment":"scroll","background-type":"","background-media":"","overlay-type":"","overlay-color":"","overlay-opacity":"","overlay-gradient":""},"mobile":{"background-color":"var(--ast-global-color-5)","background-image":"","background-repeat":"repeat","background-position":"center center","background-size":"auto","background-attachment":"scroll","background-type":"","background-media":"","overlay-type":"","overlay-color":"","overlay-opacity":"","overlay-gradient":""}},"footnotes":""},"class_list":["post-1087","page","type-page","status-publish","hentry"],"post_mailing_queue_ids":[],"_links":{"self":[{"href":"https:\/\/agora.xtec.cat\/ceip-itaca\/wp-json\/wp\/v2\/pages\/1087","targetHints":{"allow":["GET"]}}],"collection":[{"href":"https:\/\/agora.xtec.cat\/ceip-itaca\/wp-json\/wp\/v2\/pages"}],"about":[{"href":"https:\/\/agora.xtec.cat\/ceip-itaca\/wp-json\/wp\/v2\/types\/page"}],"author":[{"embeddable":true,"href":"https:\/\/agora.xtec.cat\/ceip-itaca\/wp-json\/wp\/v2\/users\/38"}],"replies":[{"embeddable":true,"href":"https:\/\/agora.xtec.cat\/ceip-itaca\/wp-json\/wp\/v2\/comments?post=1087"}],"version-history":[{"count":6,"href":"https:\/\/agora.xtec.cat\/ceip-itaca\/wp-json\/wp\/v2\/pages\/1087\/revisions"}],"predecessor-version":[{"id":2443,"href":"https:\/\/agora.xtec.cat\/ceip-itaca\/wp-json\/wp\/v2\/pages\/1087\/revisions\/2443"}],"up":[{"embeddable":true,"href":"https:\/\/agora.xtec.cat\/ceip-itaca\/wp-json\/wp\/v2\/pages\/864"}],"wp:attachment":[{"href":"https:\/\/agora.xtec.cat\/ceip-itaca\/wp-json\/wp\/v2\/media?parent=1087"}],"curies":[{"name":"wp","href":"https:\/\/api.w.org\/{rel}","templated":true}]}}