{"id":640,"date":"2017-10-01T18:55:50","date_gmt":"2017-10-01T16:55:50","guid":{"rendered":"http:\/\/agora.xtec.cat\/ceip-ignasiiglesias-cornella\/?page_id=640"},"modified":"2025-09-04T13:06:28","modified_gmt":"2025-09-04T11:06:28","slug":"material","status":"publish","type":"page","link":"https:\/\/agora.xtec.cat\/ceip-ignasiiglesias-cornella\/organitzacio\/normativa\/material\/","title":{"rendered":"Material escolar i sortides"},"content":{"rendered":"<p>El car\u00e0cter col\u00b7lectiu del material utilitzat pels alumnes a l\u2019escola \u00e9s un acord del Consell Escolar i est\u00e0 recollit al Projecte educatiu del Centre.<\/p>\n<p>El primer dia de curs l\u2019alumnat de Prim\u00e0ria haur\u00e0 de portar un estoig de roba buit i els tutors i tutores lliuraran el material d\u2019\u00fas diari.<\/p>\n<p>L\u2019alumnat de 3r, 4t, 5\u00e8 i 6\u00e8, tamb\u00e9 haur\u00e0 de portar una carpeta classificadora.<\/p>\n<p>La quota que cobreix el material \u00e9s de 80\u20ac per a tots els cicles.<\/p>\n<p>Recordeu que per fer el pagament heu de realitzar transfer\u00e8ncia banc\u00e0ria en concepte de material al n\u00ba de compte seg\u00fcent:<\/p>\n<p>BANC SABADELL ES17 0081 0121 8100 0133 4235 El pagament es pot fer mitjan\u00e7ant un \u00fanic ingr\u00e9s o b\u00e9 en dos terminis:<\/p>\n<ul>\n<li>1r termini: Qui encara no hagi fet l\u2019ingr\u00e9s, cal fer-ho abans del 8 de setembre.<\/li>\n<li>2n termini: de l\u20191 al 15 de desembre.<\/li>\n<\/ul>\n<p>Recomanem fer l&#8217;ingr\u00e9s per caixer per no haver de pagar comissi\u00f3.<\/p>\n<p>Al justificant cal especificar els conceptes: curs, nom i cognom de l\u2019alumne\/a.<\/p>\n<p>Un cop fet l&#8217;ingr\u00e9s heu de fer arribar el justificant de pagament a la b\u00fastia del centre o enviar-lo al correu de secretaria de l\u2019escola: secretaria@ignasiglesias.cat<\/p>\n<p>Les sortides que realitzen els alumnes al llarg del curs estan incloses en la Programaci\u00f3 Anual del Centre i aprovades pel Consell Escolar, aix\u00ed com les diferents activitats i festes. Les sortides es pagaran trimestralment i es comunicar\u00e0 el seu import a l\u2019inici de cada trimestre.<\/p>\n<p>N\u00ba de Compte: BANC SABADELL ES17 0081 0121 8100 0133 4235 Els pagaments es poden fer per transfer\u00e8ncia banc\u00e0ria, o directament a l\u2019oficina. Indicar el concepte, nom de l\u2019alumne i curs. Entregar c\u00f2pia de l\u2019ingr\u00e9s a la tutora\/tutor o enviar al correu de l\u2019escola.<\/p>\n<p>Els terminis de pagament estan subjectes als horaris i dates que tenen disponibles l\u2019entitat banc\u00e0ria, per aix\u00f2 es demana el compliment dels terminis que marca l\u2019escola.<\/p>\n<p>&nbsp;<\/p>\n<p style=\"font-family: 'Helvetica Neue', Helvetica, Helvetica, Arial, sans-serif; font-size: 16px;\"><img loading=\"lazy\" decoding=\"async\" class=\"wp-image-745 aligncenter\" src=\"http:\/\/agora.xtec.cat\/ceip-ignasiiglesias-cornella\/wp-content\/uploads\/usu1592\/2017\/10\/material-escolar-300x235.png\" alt=\"\" width=\"163\" height=\"128\" srcset=\"https:\/\/agora.xtec.cat\/ceip-ignasiiglesias-cornella\/wp-content\/uploads\/usu1592\/2017\/10\/material-escolar-300x235.png 300w, https:\/\/agora.xtec.cat\/ceip-ignasiiglesias-cornella\/wp-content\/uploads\/usu1592\/2017\/10\/material-escolar.png 600w\" sizes=\"auto, (max-width: 163px) 100vw, 163px\" \/><\/p>\n<p>&nbsp;<\/p>\n<p>&nbsp;<\/p>\n","protected":false},"excerpt":{"rendered":"<p>El car\u00e0cter col\u00b7lectiu del material utilitzat pels alumnes a l\u2019escola \u00e9s un acord del Consell Escolar i est\u00e0 recollit al Projecte educatiu del Centre.<br \/>\nEl primer dia de curs l\u2019alumnat de Prim\u00e0ria haur\u00e0 de portar un estoig de roba buit i els tutors i tutores lliuraran&hellip;  <a href=\"https:\/\/agora.xtec.cat\/ceip-ignasiiglesias-cornella\/organitzacio\/normativa\/material\/\" title=\"Read Material escolar i sortides\">Llegeix m\u00e9s\u00bb<\/a><\/p>\n","protected":false},"author":1,"featured_media":0,"parent":657,"menu_order":0,"comment_status":"closed","ping_status":"closed","template":"page-templates\/side-menu.php","meta":{"_bbp_topic_count":0,"_bbp_reply_count":0,"_bbp_total_topic_count":0,"_bbp_total_reply_count":0,"_bbp_voice_count":0,"_bbp_anonymous_reply_count":0,"_bbp_topic_count_hidden":0,"_bbp_reply_count_hidden":0,"_bbp_forum_subforum_count":0,"footnotes":""},"class_list":["post-640","page","type-page","status-publish","hentry"],"post_mailing_queue_ids":[],"_links":{"self":[{"href":"https:\/\/agora.xtec.cat\/ceip-ignasiiglesias-cornella\/wp-json\/wp\/v2\/pages\/640","targetHints":{"allow":["GET"]}}],"collection":[{"href":"https:\/\/agora.xtec.cat\/ceip-ignasiiglesias-cornella\/wp-json\/wp\/v2\/pages"}],"about":[{"href":"https:\/\/agora.xtec.cat\/ceip-ignasiiglesias-cornella\/wp-json\/wp\/v2\/types\/page"}],"author":[{"embeddable":true,"href":"https:\/\/agora.xtec.cat\/ceip-ignasiiglesias-cornella\/wp-json\/wp\/v2\/users\/1"}],"replies":[{"embeddable":true,"href":"https:\/\/agora.xtec.cat\/ceip-ignasiiglesias-cornella\/wp-json\/wp\/v2\/comments?post=640"}],"version-history":[{"count":7,"href":"https:\/\/agora.xtec.cat\/ceip-ignasiiglesias-cornella\/wp-json\/wp\/v2\/pages\/640\/revisions"}],"predecessor-version":[{"id":7854,"href":"https:\/\/agora.xtec.cat\/ceip-ignasiiglesias-cornella\/wp-json\/wp\/v2\/pages\/640\/revisions\/7854"}],"up":[{"embeddable":true,"href":"https:\/\/agora.xtec.cat\/ceip-ignasiiglesias-cornella\/wp-json\/wp\/v2\/pages\/657"}],"wp:attachment":[{"href":"https:\/\/agora.xtec.cat\/ceip-ignasiiglesias-cornella\/wp-json\/wp\/v2\/media?parent=640"}],"curies":[{"name":"wp","href":"https:\/\/api.w.org\/{rel}","templated":true}]}}