{"id":7574,"date":"2026-01-28T07:21:27","date_gmt":"2026-01-28T06:21:27","guid":{"rendered":"https:\/\/agora.xtec.cat\/ceip-guimera-palleja\/?page_id=7574"},"modified":"2026-01-28T07:28:33","modified_gmt":"2026-01-28T06:28:33","slug":"cueme","status":"publish","type":"page","link":"https:\/\/agora.xtec.cat\/ceip-guimera-palleja\/cueme\/","title":{"rendered":"CuEmE"},"content":{"rendered":"<p><b>C<\/b><b>uEmE &#8211; Cultura Emprenedora a l\u2019Escola<\/b><\/p>\n<p><span style=\"font-weight: 400;\">La nostra escola participa activament en el programa <\/span><b>CuEmE \u2013 Cultura Emprenedora a l\u2019Escola<\/b><span style=\"font-weight: 400;\">, una iniciativa educativa que promou l\u2019esperit emprenedor i el desenvolupament de les compet\u00e8ncies b\u00e0siques a l\u2019alumnat del cicle superior d\u2019educaci\u00f3 prim\u00e0ria. Al llarg de tot un curs escolar, els i les alumnes viuen una experi\u00e8ncia d\u2019aprenentatge pr\u00e0ctic i significatiu creant i gestionant la seva pr\u00f2pia cooperativa escolar.<\/span><\/p>\n<p><span style=\"font-weight: 400;\">Aquest projecte els permet prendre decisions reals, treballar en equip, assumir responsabilitats i desenvolupar habilitats com la comunicaci\u00f3, la creativitat, el pensament cr\u00edtic i la resoluci\u00f3 de problemes. La cooperativa es construeix amb el suport de l\u2019escola, per\u00f2 tamb\u00e9 amb la col\u00b7laboraci\u00f3 de l\u2019administraci\u00f3 local, empreses i altres entitats del municipi, fet que refor\u00e7a el vincle entre l\u2019escola i l\u2019entorn.<\/span><\/p>\n<p><span style=\"font-weight: 400;\">Gr\u00e0cies al programa CuEmE, l\u2019alumnat apr\u00e8n a emprendre tot aprenent valors com la cooperaci\u00f3, la solidaritat i el comprom\u00eds social.<\/span><\/p>\n","protected":false},"excerpt":{"rendered":"<p>CuEmE &#8211; Cultura Emprenedora a l\u2019Escola La nostra escola participa activament en el programa CuEmE \u2013 Cultura Emprenedora a l\u2019Escola, una iniciativa educativa que promou l\u2019esperit emprenedor i el desenvolupament de les compet\u00e8ncies b\u00e0siques a l\u2019alumnat del cicle superior d\u2019educaci\u00f3 prim\u00e0ria. Al llarg de tot un curs escolar, els i les alumnes viuen una experi\u00e8ncia [&hellip;]<\/p>\n","protected":false},"author":1,"featured_media":0,"parent":0,"menu_order":0,"comment_status":"closed","ping_status":"closed","template":"","meta":{"_bbp_topic_count":0,"_bbp_reply_count":0,"_bbp_total_topic_count":0,"_bbp_total_reply_count":0,"_bbp_voice_count":0,"_bbp_anonymous_reply_count":0,"_bbp_topic_count_hidden":0,"_bbp_reply_count_hidden":0,"_bbp_forum_subforum_count":0,"site-sidebar-layout":"default","site-content-layout":"","ast-site-content-layout":"default","site-content-style":"default","site-sidebar-style":"default","ast-global-header-display":"","ast-banner-title-visibility":"","ast-main-header-display":"","ast-hfb-above-header-display":"","ast-hfb-below-header-display":"","ast-hfb-mobile-header-display":"","site-post-title":"","ast-breadcrumbs-content":"","ast-featured-img":"","footer-sml-layout":"","theme-transparent-header-meta":"default","adv-header-id-meta":"","stick-header-meta":"","header-above-stick-meta":"","header-main-stick-meta":"","header-below-stick-meta":"","astra-migrate-meta-layouts":"set","ast-page-background-enabled":"default","ast-page-background-meta":{"desktop":{"background-color":"var(--ast-global-color-4)","background-image":"","background-repeat":"repeat","background-position":"center center","background-size":"auto","background-attachment":"scroll","background-type":"","background-media":"","overlay-type":"","overlay-color":"","overlay-opacity":"","overlay-gradient":""},"tablet":{"background-color":"","background-image":"","background-repeat":"repeat","background-position":"center center","background-size":"auto","background-attachment":"scroll","background-type":"","background-media":"","overlay-type":"","overlay-color":"","overlay-opacity":"","overlay-gradient":""},"mobile":{"background-color":"","background-image":"","background-repeat":"repeat","background-position":"center center","background-size":"auto","background-attachment":"scroll","background-type":"","background-media":"","overlay-type":"","overlay-color":"","overlay-opacity":"","overlay-gradient":""}},"ast-content-background-meta":{"desktop":{"background-color":"var(--ast-global-color-5)","background-image":"","background-repeat":"repeat","background-position":"center center","background-size":"auto","background-attachment":"scroll","background-type":"","background-media":"","overlay-type":"","overlay-color":"","overlay-opacity":"","overlay-gradient":""},"tablet":{"background-color":"var(--ast-global-color-5)","background-image":"","background-repeat":"repeat","background-position":"center center","background-size":"auto","background-attachment":"scroll","background-type":"","background-media":"","overlay-type":"","overlay-color":"","overlay-opacity":"","overlay-gradient":""},"mobile":{"background-color":"var(--ast-global-color-5)","background-image":"","background-repeat":"repeat","background-position":"center center","background-size":"auto","background-attachment":"scroll","background-type":"","background-media":"","overlay-type":"","overlay-color":"","overlay-opacity":"","overlay-gradient":""}},"footnotes":""},"class_list":["post-7574","page","type-page","status-publish","hentry"],"post_mailing_queue_ids":[],"_links":{"self":[{"href":"https:\/\/agora.xtec.cat\/ceip-guimera-palleja\/wp-json\/wp\/v2\/pages\/7574","targetHints":{"allow":["GET"]}}],"collection":[{"href":"https:\/\/agora.xtec.cat\/ceip-guimera-palleja\/wp-json\/wp\/v2\/pages"}],"about":[{"href":"https:\/\/agora.xtec.cat\/ceip-guimera-palleja\/wp-json\/wp\/v2\/types\/page"}],"author":[{"embeddable":true,"href":"https:\/\/agora.xtec.cat\/ceip-guimera-palleja\/wp-json\/wp\/v2\/users\/1"}],"replies":[{"embeddable":true,"href":"https:\/\/agora.xtec.cat\/ceip-guimera-palleja\/wp-json\/wp\/v2\/comments?post=7574"}],"version-history":[{"count":2,"href":"https:\/\/agora.xtec.cat\/ceip-guimera-palleja\/wp-json\/wp\/v2\/pages\/7574\/revisions"}],"predecessor-version":[{"id":7580,"href":"https:\/\/agora.xtec.cat\/ceip-guimera-palleja\/wp-json\/wp\/v2\/pages\/7574\/revisions\/7580"}],"wp:attachment":[{"href":"https:\/\/agora.xtec.cat\/ceip-guimera-palleja\/wp-json\/wp\/v2\/media?parent=7574"}],"curies":[{"name":"wp","href":"https:\/\/api.w.org\/{rel}","templated":true}]}}