{"id":7540,"date":"2026-01-26T07:09:34","date_gmt":"2026-01-26T06:09:34","guid":{"rendered":"https:\/\/agora.xtec.cat\/ceip-guimera-palleja\/?page_id=7540"},"modified":"2026-01-28T07:05:56","modified_gmt":"2026-01-28T06:05:56","slug":"asemblees-de-participants-en-jocs","status":"publish","type":"page","link":"https:\/\/agora.xtec.cat\/ceip-guimera-palleja\/asemblees-de-participants-en-jocs\/","title":{"rendered":"Asemblees de participants en jocs"},"content":{"rendered":"<p><span style=\"font-weight: 400;\">Les assemblees de participants en jocs de pati i altres activitats de l\u2019esbarjo s\u00f3n espais de di\u00e0leg i participaci\u00f3 que permeten regular de manera consensuada el desenvolupament d\u2019aquestes activitats. Hi participen els alumnes que prenen part habitualment en un determinat joc de pati o en una activitat concreta durant el temps d\u2019esbarjo.<\/span><\/p>\n<p><span style=\"font-weight: 400;\">Aquestes assemblees tenen com a funci\u00f3 principal analitzar els problemes que poden sorgir en el desenvolupament dels jocs o activitats, aix\u00ed com reflexionar conjuntament sobre les situacions de conflicte que es puguin donar. A partir del di\u00e0leg, l\u2019alumnat adopta acords per establir normes i criteris que garanteixin una participaci\u00f3 respectuosa, segura i inclusiva per a tothom.<\/span><\/p>\n<p><span style=\"font-weight: 400;\">Les assemblees es convoquen sempre que el director o la directora ho considera necessari, o b\u00e9 quan una part majorit\u00e0ria de l\u2019alumnat implicat en el joc o l\u2019activitat d\u2019esbarjo ho sol\u00b7licita. Aquest espai fomenta la responsabilitat compartida, l\u2019autoregulaci\u00f3 i la conviv\u00e8ncia positiva durant els temps de lleure.<\/span><\/p>\n<p>&nbsp;<\/p>\n","protected":false},"excerpt":{"rendered":"<p>Les assemblees de participants en jocs de pati i altres activitats de l\u2019esbarjo s\u00f3n espais de di\u00e0leg i participaci\u00f3 que permeten regular de manera consensuada el desenvolupament d\u2019aquestes activitats. Hi participen els alumnes que prenen part habitualment en un determinat joc de pati o en una activitat concreta durant el temps d\u2019esbarjo. Aquestes assemblees tenen [&hellip;]<\/p>\n","protected":false},"author":1,"featured_media":0,"parent":0,"menu_order":0,"comment_status":"closed","ping_status":"closed","template":"","meta":{"_bbp_topic_count":0,"_bbp_reply_count":0,"_bbp_total_topic_count":0,"_bbp_total_reply_count":0,"_bbp_voice_count":0,"_bbp_anonymous_reply_count":0,"_bbp_topic_count_hidden":0,"_bbp_reply_count_hidden":0,"_bbp_forum_subforum_count":0,"site-sidebar-layout":"default","site-content-layout":"","ast-site-content-layout":"default","site-content-style":"default","site-sidebar-style":"default","ast-global-header-display":"","ast-banner-title-visibility":"","ast-main-header-display":"","ast-hfb-above-header-display":"","ast-hfb-below-header-display":"","ast-hfb-mobile-header-display":"","site-post-title":"","ast-breadcrumbs-content":"","ast-featured-img":"","footer-sml-layout":"","theme-transparent-header-meta":"default","adv-header-id-meta":"","stick-header-meta":"","header-above-stick-meta":"","header-main-stick-meta":"","header-below-stick-meta":"","astra-migrate-meta-layouts":"set","ast-page-background-enabled":"default","ast-page-background-meta":{"desktop":{"background-color":"var(--ast-global-color-4)","background-image":"","background-repeat":"repeat","background-position":"center center","background-size":"auto","background-attachment":"scroll","background-type":"","background-media":"","overlay-type":"","overlay-color":"","overlay-opacity":"","overlay-gradient":""},"tablet":{"background-color":"","background-image":"","background-repeat":"repeat","background-position":"center center","background-size":"auto","background-attachment":"scroll","background-type":"","background-media":"","overlay-type":"","overlay-color":"","overlay-opacity":"","overlay-gradient":""},"mobile":{"background-color":"","background-image":"","background-repeat":"repeat","background-position":"center center","background-size":"auto","background-attachment":"scroll","background-type":"","background-media":"","overlay-type":"","overlay-color":"","overlay-opacity":"","overlay-gradient":""}},"ast-content-background-meta":{"desktop":{"background-color":"var(--ast-global-color-5)","background-image":"","background-repeat":"repeat","background-position":"center center","background-size":"auto","background-attachment":"scroll","background-type":"","background-media":"","overlay-type":"","overlay-color":"","overlay-opacity":"","overlay-gradient":""},"tablet":{"background-color":"var(--ast-global-color-5)","background-image":"","background-repeat":"repeat","background-position":"center center","background-size":"auto","background-attachment":"scroll","background-type":"","background-media":"","overlay-type":"","overlay-color":"","overlay-opacity":"","overlay-gradient":""},"mobile":{"background-color":"var(--ast-global-color-5)","background-image":"","background-repeat":"repeat","background-position":"center center","background-size":"auto","background-attachment":"scroll","background-type":"","background-media":"","overlay-type":"","overlay-color":"","overlay-opacity":"","overlay-gradient":""}},"footnotes":""},"class_list":["post-7540","page","type-page","status-publish","hentry"],"post_mailing_queue_ids":[],"_links":{"self":[{"href":"https:\/\/agora.xtec.cat\/ceip-guimera-palleja\/wp-json\/wp\/v2\/pages\/7540","targetHints":{"allow":["GET"]}}],"collection":[{"href":"https:\/\/agora.xtec.cat\/ceip-guimera-palleja\/wp-json\/wp\/v2\/pages"}],"about":[{"href":"https:\/\/agora.xtec.cat\/ceip-guimera-palleja\/wp-json\/wp\/v2\/types\/page"}],"author":[{"embeddable":true,"href":"https:\/\/agora.xtec.cat\/ceip-guimera-palleja\/wp-json\/wp\/v2\/users\/1"}],"replies":[{"embeddable":true,"href":"https:\/\/agora.xtec.cat\/ceip-guimera-palleja\/wp-json\/wp\/v2\/comments?post=7540"}],"version-history":[{"count":2,"href":"https:\/\/agora.xtec.cat\/ceip-guimera-palleja\/wp-json\/wp\/v2\/pages\/7540\/revisions"}],"predecessor-version":[{"id":7567,"href":"https:\/\/agora.xtec.cat\/ceip-guimera-palleja\/wp-json\/wp\/v2\/pages\/7540\/revisions\/7567"}],"wp:attachment":[{"href":"https:\/\/agora.xtec.cat\/ceip-guimera-palleja\/wp-json\/wp\/v2\/media?parent=7540"}],"curies":[{"name":"wp","href":"https:\/\/api.w.org\/{rel}","templated":true}]}}