{"id":7539,"date":"2026-01-26T07:09:33","date_gmt":"2026-01-26T06:09:33","guid":{"rendered":"https:\/\/agora.xtec.cat\/ceip-guimera-palleja\/?page_id=7539"},"modified":"2026-01-28T07:05:04","modified_gmt":"2026-01-28T06:05:04","slug":"reunions-decodelegats-i-ecodelegades","status":"publish","type":"page","link":"https:\/\/agora.xtec.cat\/ceip-guimera-palleja\/reunions-decodelegats-i-ecodelegades\/","title":{"rendered":"Reunions d&#8217;ecodelegats i ecodelegades"},"content":{"rendered":"<p><span style=\"font-weight: 400;\">Les reunions d\u2019ecodelegats i ecodelegades s\u00f3n un espai de participaci\u00f3 activa que promou el comprom\u00eds de l\u2019alumnat amb la sostenibilitat, la conviv\u00e8ncia i la cura de l\u2019entorn escolar. Hi participen tots els ecodelegats dels grups, des de P5 fins a 6\u00e8, juntament amb el docent responsable del Programa Escola Verda del centre.<\/span><\/p>\n<p><span style=\"font-weight: 400;\">La funci\u00f3 principal d\u2019aquestes reunions \u00e9s proposar i impulsar mesures vinculades al desenvolupament del Pla Ambiental de l\u2019escola, aix\u00ed com accions que afavoreixin una millor conviv\u00e8ncia i el manteniment adequat dels espais escolars. Els ecodelegats i ecodelegades actuen com a representants dels seus grups, transmetent les opinions, inquietuds i acords dels companys i companyes a les reunions, i fent arribar posteriorment a les seves classes les propostes i decisions que s\u2019hi prenen.<\/span><\/p>\n<p><span style=\"font-weight: 400;\">Les reunions d\u2019ecodelegats es duen a terme un cop al trimestre i sempre que la direcci\u00f3 del centre, o per delegaci\u00f3 el docent responsable del Programa Escola Verda, ho consideri necessari. Aquest espai refor\u00e7a els valors de responsabilitat, participaci\u00f3 i respecte pel medi ambient, tot fomentant una escola m\u00e9s sostenible i conscient.<\/span><\/p>\n","protected":false},"excerpt":{"rendered":"<p>Les reunions d\u2019ecodelegats i ecodelegades s\u00f3n un espai de participaci\u00f3 activa que promou el comprom\u00eds de l\u2019alumnat amb la sostenibilitat, la conviv\u00e8ncia i la cura de l\u2019entorn escolar. Hi participen tots els ecodelegats dels grups, des de P5 fins a 6\u00e8, juntament amb el docent responsable del Programa Escola Verda del centre. La funci\u00f3 principal [&hellip;]<\/p>\n","protected":false},"author":1,"featured_media":0,"parent":0,"menu_order":0,"comment_status":"closed","ping_status":"closed","template":"","meta":{"_bbp_topic_count":0,"_bbp_reply_count":0,"_bbp_total_topic_count":0,"_bbp_total_reply_count":0,"_bbp_voice_count":0,"_bbp_anonymous_reply_count":0,"_bbp_topic_count_hidden":0,"_bbp_reply_count_hidden":0,"_bbp_forum_subforum_count":0,"site-sidebar-layout":"default","site-content-layout":"","ast-site-content-layout":"default","site-content-style":"default","site-sidebar-style":"default","ast-global-header-display":"","ast-banner-title-visibility":"","ast-main-header-display":"","ast-hfb-above-header-display":"","ast-hfb-below-header-display":"","ast-hfb-mobile-header-display":"","site-post-title":"","ast-breadcrumbs-content":"","ast-featured-img":"","footer-sml-layout":"","theme-transparent-header-meta":"default","adv-header-id-meta":"","stick-header-meta":"","header-above-stick-meta":"","header-main-stick-meta":"","header-below-stick-meta":"","astra-migrate-meta-layouts":"set","ast-page-background-enabled":"default","ast-page-background-meta":{"desktop":{"background-color":"var(--ast-global-color-4)","background-image":"","background-repeat":"repeat","background-position":"center center","background-size":"auto","background-attachment":"scroll","background-type":"","background-media":"","overlay-type":"","overlay-color":"","overlay-opacity":"","overlay-gradient":""},"tablet":{"background-color":"","background-image":"","background-repeat":"repeat","background-position":"center center","background-size":"auto","background-attachment":"scroll","background-type":"","background-media":"","overlay-type":"","overlay-color":"","overlay-opacity":"","overlay-gradient":""},"mobile":{"background-color":"","background-image":"","background-repeat":"repeat","background-position":"center center","background-size":"auto","background-attachment":"scroll","background-type":"","background-media":"","overlay-type":"","overlay-color":"","overlay-opacity":"","overlay-gradient":""}},"ast-content-background-meta":{"desktop":{"background-color":"var(--ast-global-color-5)","background-image":"","background-repeat":"repeat","background-position":"center center","background-size":"auto","background-attachment":"scroll","background-type":"","background-media":"","overlay-type":"","overlay-color":"","overlay-opacity":"","overlay-gradient":""},"tablet":{"background-color":"var(--ast-global-color-5)","background-image":"","background-repeat":"repeat","background-position":"center center","background-size":"auto","background-attachment":"scroll","background-type":"","background-media":"","overlay-type":"","overlay-color":"","overlay-opacity":"","overlay-gradient":""},"mobile":{"background-color":"var(--ast-global-color-5)","background-image":"","background-repeat":"repeat","background-position":"center center","background-size":"auto","background-attachment":"scroll","background-type":"","background-media":"","overlay-type":"","overlay-color":"","overlay-opacity":"","overlay-gradient":""}},"footnotes":""},"class_list":["post-7539","page","type-page","status-publish","hentry"],"post_mailing_queue_ids":[],"_links":{"self":[{"href":"https:\/\/agora.xtec.cat\/ceip-guimera-palleja\/wp-json\/wp\/v2\/pages\/7539","targetHints":{"allow":["GET"]}}],"collection":[{"href":"https:\/\/agora.xtec.cat\/ceip-guimera-palleja\/wp-json\/wp\/v2\/pages"}],"about":[{"href":"https:\/\/agora.xtec.cat\/ceip-guimera-palleja\/wp-json\/wp\/v2\/types\/page"}],"author":[{"embeddable":true,"href":"https:\/\/agora.xtec.cat\/ceip-guimera-palleja\/wp-json\/wp\/v2\/users\/1"}],"replies":[{"embeddable":true,"href":"https:\/\/agora.xtec.cat\/ceip-guimera-palleja\/wp-json\/wp\/v2\/comments?post=7539"}],"version-history":[{"count":2,"href":"https:\/\/agora.xtec.cat\/ceip-guimera-palleja\/wp-json\/wp\/v2\/pages\/7539\/revisions"}],"predecessor-version":[{"id":7566,"href":"https:\/\/agora.xtec.cat\/ceip-guimera-palleja\/wp-json\/wp\/v2\/pages\/7539\/revisions\/7566"}],"wp:attachment":[{"href":"https:\/\/agora.xtec.cat\/ceip-guimera-palleja\/wp-json\/wp\/v2\/media?parent=7539"}],"curies":[{"name":"wp","href":"https:\/\/api.w.org\/{rel}","templated":true}]}}