{"id":7538,"date":"2026-01-26T07:09:33","date_gmt":"2026-01-26T06:09:33","guid":{"rendered":"https:\/\/agora.xtec.cat\/ceip-guimera-palleja\/?page_id=7538"},"modified":"2026-01-28T07:04:04","modified_gmt":"2026-01-28T06:04:04","slug":"reunions-de-secretaries-i-secretaris","status":"publish","type":"page","link":"https:\/\/agora.xtec.cat\/ceip-guimera-palleja\/reunions-de-secretaries-i-secretaris\/","title":{"rendered":"Reunions de secret\u00e0ries i secretaris"},"content":{"rendered":"<p><span style=\"font-weight: 400;\">Les reunions de secretaris i secret\u00e0ries de grup-classe s\u00f3n un espai de participaci\u00f3 representativa que fomenta la implicaci\u00f3 de l\u2019alumnat en la millora de la conviv\u00e8ncia escolar. Hi participen tots els secretaris i secret\u00e0ries dels grups, des de P5 fins a 6\u00e8, que actuen com a portaveus dels seus companys i companyes.<\/span><\/p>\n<p><span style=\"font-weight: 400;\">Aquestes reunions tenen com a funci\u00f3 principal estudiar i proposar mesures que contribueixin a millorar la conviv\u00e8ncia al centre, aix\u00ed com promoure una utilitzaci\u00f3 correcta dels espais escolars i del temps d\u2019esbarjo. A m\u00e9s, els secretaris i secret\u00e0ries transmeten a les reunions les opinions, inquietuds i propostes dels seus grups, i posteriorment comparteixen amb els companys i companyes els acords i decisions que s\u2019hi prenen.<\/span><\/p>\n<p><span style=\"font-weight: 400;\">Les reunions es duen a terme un cop al trimestre i sempre que la direcci\u00f3 del centre ho consideri necessari. La convocat\u00f2ria es fa en format paper als grups-classe i tamb\u00e9 es comunica als tutors i tutores a trav\u00e9s dels canals habituals del professorat, garantint aix\u00ed una bona coordinaci\u00f3 i seguiment.<\/span><\/p>\n","protected":false},"excerpt":{"rendered":"<p>Les reunions de secretaris i secret\u00e0ries de grup-classe s\u00f3n un espai de participaci\u00f3 representativa que fomenta la implicaci\u00f3 de l\u2019alumnat en la millora de la conviv\u00e8ncia escolar. Hi participen tots els secretaris i secret\u00e0ries dels grups, des de P5 fins a 6\u00e8, que actuen com a portaveus dels seus companys i companyes. Aquestes reunions tenen [&hellip;]<\/p>\n","protected":false},"author":1,"featured_media":0,"parent":0,"menu_order":0,"comment_status":"closed","ping_status":"closed","template":"","meta":{"_bbp_topic_count":0,"_bbp_reply_count":0,"_bbp_total_topic_count":0,"_bbp_total_reply_count":0,"_bbp_voice_count":0,"_bbp_anonymous_reply_count":0,"_bbp_topic_count_hidden":0,"_bbp_reply_count_hidden":0,"_bbp_forum_subforum_count":0,"site-sidebar-layout":"default","site-content-layout":"","ast-site-content-layout":"default","site-content-style":"default","site-sidebar-style":"default","ast-global-header-display":"","ast-banner-title-visibility":"","ast-main-header-display":"","ast-hfb-above-header-display":"","ast-hfb-below-header-display":"","ast-hfb-mobile-header-display":"","site-post-title":"","ast-breadcrumbs-content":"","ast-featured-img":"","footer-sml-layout":"","theme-transparent-header-meta":"default","adv-header-id-meta":"","stick-header-meta":"","header-above-stick-meta":"","header-main-stick-meta":"","header-below-stick-meta":"","astra-migrate-meta-layouts":"set","ast-page-background-enabled":"default","ast-page-background-meta":{"desktop":{"background-color":"var(--ast-global-color-4)","background-image":"","background-repeat":"repeat","background-position":"center center","background-size":"auto","background-attachment":"scroll","background-type":"","background-media":"","overlay-type":"","overlay-color":"","overlay-opacity":"","overlay-gradient":""},"tablet":{"background-color":"","background-image":"","background-repeat":"repeat","background-position":"center center","background-size":"auto","background-attachment":"scroll","background-type":"","background-media":"","overlay-type":"","overlay-color":"","overlay-opacity":"","overlay-gradient":""},"mobile":{"background-color":"","background-image":"","background-repeat":"repeat","background-position":"center center","background-size":"auto","background-attachment":"scroll","background-type":"","background-media":"","overlay-type":"","overlay-color":"","overlay-opacity":"","overlay-gradient":""}},"ast-content-background-meta":{"desktop":{"background-color":"var(--ast-global-color-5)","background-image":"","background-repeat":"repeat","background-position":"center center","background-size":"auto","background-attachment":"scroll","background-type":"","background-media":"","overlay-type":"","overlay-color":"","overlay-opacity":"","overlay-gradient":""},"tablet":{"background-color":"var(--ast-global-color-5)","background-image":"","background-repeat":"repeat","background-position":"center center","background-size":"auto","background-attachment":"scroll","background-type":"","background-media":"","overlay-type":"","overlay-color":"","overlay-opacity":"","overlay-gradient":""},"mobile":{"background-color":"var(--ast-global-color-5)","background-image":"","background-repeat":"repeat","background-position":"center center","background-size":"auto","background-attachment":"scroll","background-type":"","background-media":"","overlay-type":"","overlay-color":"","overlay-opacity":"","overlay-gradient":""}},"footnotes":""},"class_list":["post-7538","page","type-page","status-publish","hentry"],"post_mailing_queue_ids":[],"_links":{"self":[{"href":"https:\/\/agora.xtec.cat\/ceip-guimera-palleja\/wp-json\/wp\/v2\/pages\/7538","targetHints":{"allow":["GET"]}}],"collection":[{"href":"https:\/\/agora.xtec.cat\/ceip-guimera-palleja\/wp-json\/wp\/v2\/pages"}],"about":[{"href":"https:\/\/agora.xtec.cat\/ceip-guimera-palleja\/wp-json\/wp\/v2\/types\/page"}],"author":[{"embeddable":true,"href":"https:\/\/agora.xtec.cat\/ceip-guimera-palleja\/wp-json\/wp\/v2\/users\/1"}],"replies":[{"embeddable":true,"href":"https:\/\/agora.xtec.cat\/ceip-guimera-palleja\/wp-json\/wp\/v2\/comments?post=7538"}],"version-history":[{"count":2,"href":"https:\/\/agora.xtec.cat\/ceip-guimera-palleja\/wp-json\/wp\/v2\/pages\/7538\/revisions"}],"predecessor-version":[{"id":7565,"href":"https:\/\/agora.xtec.cat\/ceip-guimera-palleja\/wp-json\/wp\/v2\/pages\/7538\/revisions\/7565"}],"wp:attachment":[{"href":"https:\/\/agora.xtec.cat\/ceip-guimera-palleja\/wp-json\/wp\/v2\/media?parent=7538"}],"curies":[{"name":"wp","href":"https:\/\/api.w.org\/{rel}","templated":true}]}}