{"id":7536,"date":"2026-01-26T07:09:33","date_gmt":"2026-01-26T06:09:33","guid":{"rendered":"https:\/\/agora.xtec.cat\/ceip-guimera-palleja\/?page_id=7536"},"modified":"2026-01-28T07:02:39","modified_gmt":"2026-01-28T06:02:39","slug":"asemblees-de-classe","status":"publish","type":"page","link":"https:\/\/agora.xtec.cat\/ceip-guimera-palleja\/asemblees-de-classe\/","title":{"rendered":"Asemblees de classe"},"content":{"rendered":"<p><span style=\"font-weight: 400;\">Les assemblees de grup-classe o de tutoria s\u00f3n un espai de participaci\u00f3 activa i democr\u00e0tica format per tot l\u2019alumnat d\u2019un mateix grup-classe. A trav\u00e9s d\u2019aquestes assemblees, l\u2019alumnat pot expressar les seves opinions, compartir inquietuds i participar en la presa de decisions que afecten la vida quotidiana del grup.<\/span><\/p>\n<p><span style=\"font-weight: 400;\">La seva funci\u00f3 principal \u00e9s tractar els aspectes relacionats amb l\u2019organitzaci\u00f3 del grup-classe, elaborar i revisar les normes de conviv\u00e8ncia, aix\u00ed com valorar el desenvolupament de les funcions dels encarregats i encarregades de classe. A m\u00e9s, les assemblees fomenten la resoluci\u00f3 pac\u00edfica dels conflictes, promovent el di\u00e0leg, el respecte i la responsabilitat col\u00b7lectiva.<\/span><\/p>\n<p style=\"text-align: justify;\"><span style=\"font-weight: 400;\">Les assemblees de classe es duen a terme un cop per setmana, tot i que es poden convocar sempre que la major part de l\u2019alumnat ho sol\u00b7liciti o quan el tutor o la tutora ho consideri necessari. Aquest espai contribueix a l\u2019educaci\u00f3 en valors i al desenvolupament personal i social de l\u2019alumnat.<\/span><\/p>\n","protected":false},"excerpt":{"rendered":"<p>Les assemblees de grup-classe o de tutoria s\u00f3n un espai de participaci\u00f3 activa i democr\u00e0tica format per tot l\u2019alumnat d\u2019un mateix grup-classe. A trav\u00e9s d\u2019aquestes assemblees, l\u2019alumnat pot expressar les seves opinions, compartir inquietuds i participar en la presa de decisions que afecten la vida quotidiana del grup. La seva funci\u00f3 principal \u00e9s tractar els [&hellip;]<\/p>\n","protected":false},"author":1,"featured_media":0,"parent":0,"menu_order":0,"comment_status":"closed","ping_status":"closed","template":"","meta":{"_bbp_topic_count":0,"_bbp_reply_count":0,"_bbp_total_topic_count":0,"_bbp_total_reply_count":0,"_bbp_voice_count":0,"_bbp_anonymous_reply_count":0,"_bbp_topic_count_hidden":0,"_bbp_reply_count_hidden":0,"_bbp_forum_subforum_count":0,"site-sidebar-layout":"default","site-content-layout":"","ast-site-content-layout":"default","site-content-style":"default","site-sidebar-style":"default","ast-global-header-display":"","ast-banner-title-visibility":"","ast-main-header-display":"","ast-hfb-above-header-display":"","ast-hfb-below-header-display":"","ast-hfb-mobile-header-display":"","site-post-title":"","ast-breadcrumbs-content":"","ast-featured-img":"","footer-sml-layout":"","theme-transparent-header-meta":"default","adv-header-id-meta":"","stick-header-meta":"","header-above-stick-meta":"","header-main-stick-meta":"","header-below-stick-meta":"","astra-migrate-meta-layouts":"set","ast-page-background-enabled":"default","ast-page-background-meta":{"desktop":{"background-color":"var(--ast-global-color-4)","background-image":"","background-repeat":"repeat","background-position":"center center","background-size":"auto","background-attachment":"scroll","background-type":"","background-media":"","overlay-type":"","overlay-color":"","overlay-opacity":"","overlay-gradient":""},"tablet":{"background-color":"","background-image":"","background-repeat":"repeat","background-position":"center center","background-size":"auto","background-attachment":"scroll","background-type":"","background-media":"","overlay-type":"","overlay-color":"","overlay-opacity":"","overlay-gradient":""},"mobile":{"background-color":"","background-image":"","background-repeat":"repeat","background-position":"center center","background-size":"auto","background-attachment":"scroll","background-type":"","background-media":"","overlay-type":"","overlay-color":"","overlay-opacity":"","overlay-gradient":""}},"ast-content-background-meta":{"desktop":{"background-color":"var(--ast-global-color-5)","background-image":"","background-repeat":"repeat","background-position":"center center","background-size":"auto","background-attachment":"scroll","background-type":"","background-media":"","overlay-type":"","overlay-color":"","overlay-opacity":"","overlay-gradient":""},"tablet":{"background-color":"var(--ast-global-color-5)","background-image":"","background-repeat":"repeat","background-position":"center center","background-size":"auto","background-attachment":"scroll","background-type":"","background-media":"","overlay-type":"","overlay-color":"","overlay-opacity":"","overlay-gradient":""},"mobile":{"background-color":"var(--ast-global-color-5)","background-image":"","background-repeat":"repeat","background-position":"center center","background-size":"auto","background-attachment":"scroll","background-type":"","background-media":"","overlay-type":"","overlay-color":"","overlay-opacity":"","overlay-gradient":""}},"footnotes":""},"class_list":["post-7536","page","type-page","status-publish","hentry"],"post_mailing_queue_ids":[],"_links":{"self":[{"href":"https:\/\/agora.xtec.cat\/ceip-guimera-palleja\/wp-json\/wp\/v2\/pages\/7536","targetHints":{"allow":["GET"]}}],"collection":[{"href":"https:\/\/agora.xtec.cat\/ceip-guimera-palleja\/wp-json\/wp\/v2\/pages"}],"about":[{"href":"https:\/\/agora.xtec.cat\/ceip-guimera-palleja\/wp-json\/wp\/v2\/types\/page"}],"author":[{"embeddable":true,"href":"https:\/\/agora.xtec.cat\/ceip-guimera-palleja\/wp-json\/wp\/v2\/users\/1"}],"replies":[{"embeddable":true,"href":"https:\/\/agora.xtec.cat\/ceip-guimera-palleja\/wp-json\/wp\/v2\/comments?post=7536"}],"version-history":[{"count":2,"href":"https:\/\/agora.xtec.cat\/ceip-guimera-palleja\/wp-json\/wp\/v2\/pages\/7536\/revisions"}],"predecessor-version":[{"id":7564,"href":"https:\/\/agora.xtec.cat\/ceip-guimera-palleja\/wp-json\/wp\/v2\/pages\/7536\/revisions\/7564"}],"wp:attachment":[{"href":"https:\/\/agora.xtec.cat\/ceip-guimera-palleja\/wp-json\/wp\/v2\/media?parent=7536"}],"curies":[{"name":"wp","href":"https:\/\/api.w.org\/{rel}","templated":true}]}}