{"id":7490,"date":"2026-01-21T07:16:57","date_gmt":"2026-01-21T06:16:57","guid":{"rendered":"https:\/\/agora.xtec.cat\/ceip-guimera-palleja\/?page_id=7490"},"modified":"2026-01-21T13:32:09","modified_gmt":"2026-01-21T12:32:09","slug":"serveis-de-menjador","status":"publish","type":"page","link":"https:\/\/agora.xtec.cat\/ceip-guimera-palleja\/serveis-de-menjador\/","title":{"rendered":"Servei de menjador"},"content":{"rendered":"<p><a href=\"https:\/\/agora.xtec.cat\/ceip-guimera-palleja\/wp-content\/uploads\/usu1570\/2026\/01\/Imatge-menjador.jpg\"><img loading=\"lazy\" decoding=\"async\" class=\"alignnone wp-image-7521 size-full\" src=\"https:\/\/agora.xtec.cat\/ceip-guimera-palleja\/wp-content\/uploads\/usu1570\/2026\/01\/Imatge-menjador.jpg\" alt=\"\" width=\"717\" height=\"360\" srcset=\"https:\/\/agora.xtec.cat\/ceip-guimera-palleja\/wp-content\/uploads\/usu1570\/2026\/01\/Imatge-menjador.jpg 717w, https:\/\/agora.xtec.cat\/ceip-guimera-palleja\/wp-content\/uploads\/usu1570\/2026\/01\/Imatge-menjador-300x151.jpg 300w\" sizes=\"auto, (max-width: 717px) 100vw, 717px\" \/><\/a><\/p>\n<p>L\u2019AFA de la nostra escola, ofereix un servei complementari i d\u2019ajuda a l\u2019escolaritzaci\u00f3: el servei del temps educatiu del migdia. La gesti\u00f3 integral del servei est\u00e0 delegada a l\u2019entitat Fundaci\u00f3 Catalana de l\u2019Esplai ( Fundesplai ).<br \/>\nFundesplai \u00e9s una entitat sense afany de lucre amb un equip de persones compromeses i il\u00b7lusionades per fer un m\u00f3n millor. Amb aquesta finalitat, eduquen per la conviv\u00e8ncia i la sostenibilitat des de fa m\u00e9s de 50 anys, en una gran diversitat d\u2019\u00e0mbits socials i territorials.<br \/>\nEl servei de menjador, amb cuina in situ, es duu a terme durant tots els dies lectius d\u2019acord amb l\u2019Ordre per la qual s\u2019estableix el calendari escolar del Departament d\u2019Educaci\u00f3 de la Generalitat de Catalunya. Els dies previstos en el calendari per al curs 2025-26, s\u00f3n 177 dies lectius.<br \/>\nLes inscripcions al servei es fan online a trav\u00e9s de l\u2019aplicaci\u00f3 m\u00f2bil de Fundesplai.<br \/>\nEl preu del servei del menjador per al curs 2025-26 \u00e9s:<\/p>\n<p>\u25cf Alumnes fixes: 7,54 \u20ac\/dia. Es considera alumne fixe a partir de 2 dies en setmana, procurant que sempre siguin els mateixos, per tal de vetllar per una correcta organitzaci\u00f3 del servei.<br \/>\n\u25cf Alumnes eventuals: 8,29 \u20ac\/dia<br \/>\nTel\u00e8fon del servei de menjador: 685 18 98 12<br \/>\nPodeu trobar m\u00e9s informaci\u00f3 delt servei al web de l\u2019AFA:<\/p>\n<p><a href=\"https:\/\/angelguimera.com\/category\/menjador\/\" target=\"_blank\" rel=\"noopener\">https:\/\/angelguimera.com\/category\/menjador\/<\/a><\/p>\n<p>&nbsp;<\/p>\n","protected":false},"excerpt":{"rendered":"<p>L\u2019AFA de la nostra escola, ofereix un servei complementari i d\u2019ajuda a l\u2019escolaritzaci\u00f3: el servei del temps educatiu del migdia. La gesti\u00f3 integral del servei est\u00e0 delegada a l\u2019entitat Fundaci\u00f3 Catalana de l\u2019Esplai ( Fundesplai ). Fundesplai \u00e9s una entitat sense afany de lucre amb un equip de persones compromeses i il\u00b7lusionades per fer un [&hellip;]<\/p>\n","protected":false},"author":1,"featured_media":0,"parent":0,"menu_order":0,"comment_status":"closed","ping_status":"closed","template":"","meta":{"_bbp_topic_count":0,"_bbp_reply_count":0,"_bbp_total_topic_count":0,"_bbp_total_reply_count":0,"_bbp_voice_count":0,"_bbp_anonymous_reply_count":0,"_bbp_topic_count_hidden":0,"_bbp_reply_count_hidden":0,"_bbp_forum_subforum_count":0,"site-sidebar-layout":"default","site-content-layout":"","ast-site-content-layout":"default","site-content-style":"default","site-sidebar-style":"default","ast-global-header-display":"","ast-banner-title-visibility":"","ast-main-header-display":"","ast-hfb-above-header-display":"","ast-hfb-below-header-display":"","ast-hfb-mobile-header-display":"","site-post-title":"","ast-breadcrumbs-content":"","ast-featured-img":"","footer-sml-layout":"","theme-transparent-header-meta":"default","adv-header-id-meta":"","stick-header-meta":"","header-above-stick-meta":"","header-main-stick-meta":"","header-below-stick-meta":"","astra-migrate-meta-layouts":"set","ast-page-background-enabled":"default","ast-page-background-meta":{"desktop":{"background-color":"var(--ast-global-color-4)","background-image":"","background-repeat":"repeat","background-position":"center center","background-size":"auto","background-attachment":"scroll","background-type":"","background-media":"","overlay-type":"","overlay-color":"","overlay-opacity":"","overlay-gradient":""},"tablet":{"background-color":"","background-image":"","background-repeat":"repeat","background-position":"center center","background-size":"auto","background-attachment":"scroll","background-type":"","background-media":"","overlay-type":"","overlay-color":"","overlay-opacity":"","overlay-gradient":""},"mobile":{"background-color":"","background-image":"","background-repeat":"repeat","background-position":"center center","background-size":"auto","background-attachment":"scroll","background-type":"","background-media":"","overlay-type":"","overlay-color":"","overlay-opacity":"","overlay-gradient":""}},"ast-content-background-meta":{"desktop":{"background-color":"var(--ast-global-color-5)","background-image":"","background-repeat":"repeat","background-position":"center center","background-size":"auto","background-attachment":"scroll","background-type":"","background-media":"","overlay-type":"","overlay-color":"","overlay-opacity":"","overlay-gradient":""},"tablet":{"background-color":"var(--ast-global-color-5)","background-image":"","background-repeat":"repeat","background-position":"center center","background-size":"auto","background-attachment":"scroll","background-type":"","background-media":"","overlay-type":"","overlay-color":"","overlay-opacity":"","overlay-gradient":""},"mobile":{"background-color":"var(--ast-global-color-5)","background-image":"","background-repeat":"repeat","background-position":"center center","background-size":"auto","background-attachment":"scroll","background-type":"","background-media":"","overlay-type":"","overlay-color":"","overlay-opacity":"","overlay-gradient":""}},"footnotes":""},"class_list":["post-7490","page","type-page","status-publish","hentry"],"post_mailing_queue_ids":[],"_links":{"self":[{"href":"https:\/\/agora.xtec.cat\/ceip-guimera-palleja\/wp-json\/wp\/v2\/pages\/7490","targetHints":{"allow":["GET"]}}],"collection":[{"href":"https:\/\/agora.xtec.cat\/ceip-guimera-palleja\/wp-json\/wp\/v2\/pages"}],"about":[{"href":"https:\/\/agora.xtec.cat\/ceip-guimera-palleja\/wp-json\/wp\/v2\/types\/page"}],"author":[{"embeddable":true,"href":"https:\/\/agora.xtec.cat\/ceip-guimera-palleja\/wp-json\/wp\/v2\/users\/1"}],"replies":[{"embeddable":true,"href":"https:\/\/agora.xtec.cat\/ceip-guimera-palleja\/wp-json\/wp\/v2\/comments?post=7490"}],"version-history":[{"count":3,"href":"https:\/\/agora.xtec.cat\/ceip-guimera-palleja\/wp-json\/wp\/v2\/pages\/7490\/revisions"}],"predecessor-version":[{"id":7522,"href":"https:\/\/agora.xtec.cat\/ceip-guimera-palleja\/wp-json\/wp\/v2\/pages\/7490\/revisions\/7522"}],"wp:attachment":[{"href":"https:\/\/agora.xtec.cat\/ceip-guimera-palleja\/wp-json\/wp\/v2\/media?parent=7490"}],"curies":[{"name":"wp","href":"https:\/\/api.w.org\/{rel}","templated":true}]}}