{"id":7467,"date":"2026-01-21T07:03:37","date_gmt":"2026-01-21T06:03:37","guid":{"rendered":"https:\/\/agora.xtec.cat\/ceip-guimera-palleja\/?page_id=7467"},"modified":"2026-01-21T13:24:18","modified_gmt":"2026-01-21T12:24:18","slug":"teatre","status":"publish","type":"page","link":"https:\/\/agora.xtec.cat\/ceip-guimera-palleja\/teatre\/","title":{"rendered":"Teatre"},"content":{"rendered":"<p>A la nostra escola utilitzem el teatre com a eina pedag\u00f2gica des de fa m\u00e9s de 30 anys, integrant-lo demanera transversal dins del projecte educatiu. El treball teatral contribueix de forma significativa a l\u2019assoliment de moltes de les compet\u00e8ncies b\u00e0siques, ja que afavoreix la comunicaci\u00f3 ling\u00fc\u00edstica, l\u2019expressi\u00f3 oral i corporal, la creativitat, el pensament cr\u00edtic i el treball cooperatiu.<br \/>\nLa pr\u00e0ctica del teatre permet a l\u2019alumnat viure aprenentatges significatius en un entorn vivencial i motivador. Participar en una obra teatral ajuda els infants i joves a superar pors i inseguretats, a guanyar confian\u00e7a en si mateixos i a millorar l\u2019autoestima. A m\u00e9s, fomenta la responsabilitat individual i col\u00b7lectiva, ja que cada paper \u00e9s important per a l\u2019\u00e8xit del projecte com\u00fa.<br \/>\nEl teatre tamb\u00e9 t\u00e9 un impacte molt positiu en la cohesi\u00f3 dels grups d\u2019alumnes, refor\u00e7ant els vincles, el respecte mutu i el sentiment de pertinen\u00e7a. Esdev\u00e9 un espai on tothom t\u00e9 un rol i se sent valorat.<br \/>\nUn altre aspecte destacat \u00e9s la implicaci\u00f3 de les fam\u00edlies, que col\u00b7laboren en la memoritzaci\u00f3 dels textos, la confecci\u00f3 del vestuari i altres tasques relacionades amb les representacions. Aquesta participaci\u00f3 enforteix la relaci\u00f3 escola-fam\u00edlia i converteix el teatre en una experi\u00e8ncia educativa compartida, enriquidora i transformadora per a tota la comunitat educativa.<\/p>\n","protected":false},"excerpt":{"rendered":"<p>A la nostra escola utilitzem el teatre com a eina pedag\u00f2gica des de fa m\u00e9s de 30 anys, integrant-lo demanera transversal dins del projecte educatiu. El treball teatral contribueix de forma significativa a l\u2019assoliment de moltes de les compet\u00e8ncies b\u00e0siques, ja que afavoreix la comunicaci\u00f3 ling\u00fc\u00edstica, l\u2019expressi\u00f3 oral i corporal, la creativitat, el pensament cr\u00edtic [&hellip;]<\/p>\n","protected":false},"author":1,"featured_media":0,"parent":0,"menu_order":0,"comment_status":"closed","ping_status":"closed","template":"","meta":{"_bbp_topic_count":0,"_bbp_reply_count":0,"_bbp_total_topic_count":0,"_bbp_total_reply_count":0,"_bbp_voice_count":0,"_bbp_anonymous_reply_count":0,"_bbp_topic_count_hidden":0,"_bbp_reply_count_hidden":0,"_bbp_forum_subforum_count":0,"site-sidebar-layout":"default","site-content-layout":"","ast-site-content-layout":"default","site-content-style":"default","site-sidebar-style":"default","ast-global-header-display":"","ast-banner-title-visibility":"","ast-main-header-display":"","ast-hfb-above-header-display":"","ast-hfb-below-header-display":"","ast-hfb-mobile-header-display":"","site-post-title":"","ast-breadcrumbs-content":"","ast-featured-img":"","footer-sml-layout":"","theme-transparent-header-meta":"default","adv-header-id-meta":"","stick-header-meta":"","header-above-stick-meta":"","header-main-stick-meta":"","header-below-stick-meta":"","astra-migrate-meta-layouts":"set","ast-page-background-enabled":"default","ast-page-background-meta":{"desktop":{"background-color":"var(--ast-global-color-4)","background-image":"","background-repeat":"repeat","background-position":"center center","background-size":"auto","background-attachment":"scroll","background-type":"","background-media":"","overlay-type":"","overlay-color":"","overlay-opacity":"","overlay-gradient":""},"tablet":{"background-color":"","background-image":"","background-repeat":"repeat","background-position":"center center","background-size":"auto","background-attachment":"scroll","background-type":"","background-media":"","overlay-type":"","overlay-color":"","overlay-opacity":"","overlay-gradient":""},"mobile":{"background-color":"","background-image":"","background-repeat":"repeat","background-position":"center center","background-size":"auto","background-attachment":"scroll","background-type":"","background-media":"","overlay-type":"","overlay-color":"","overlay-opacity":"","overlay-gradient":""}},"ast-content-background-meta":{"desktop":{"background-color":"var(--ast-global-color-5)","background-image":"","background-repeat":"repeat","background-position":"center center","background-size":"auto","background-attachment":"scroll","background-type":"","background-media":"","overlay-type":"","overlay-color":"","overlay-opacity":"","overlay-gradient":""},"tablet":{"background-color":"var(--ast-global-color-5)","background-image":"","background-repeat":"repeat","background-position":"center center","background-size":"auto","background-attachment":"scroll","background-type":"","background-media":"","overlay-type":"","overlay-color":"","overlay-opacity":"","overlay-gradient":""},"mobile":{"background-color":"var(--ast-global-color-5)","background-image":"","background-repeat":"repeat","background-position":"center center","background-size":"auto","background-attachment":"scroll","background-type":"","background-media":"","overlay-type":"","overlay-color":"","overlay-opacity":"","overlay-gradient":""}},"footnotes":""},"class_list":["post-7467","page","type-page","status-publish","hentry"],"post_mailing_queue_ids":[],"_links":{"self":[{"href":"https:\/\/agora.xtec.cat\/ceip-guimera-palleja\/wp-json\/wp\/v2\/pages\/7467","targetHints":{"allow":["GET"]}}],"collection":[{"href":"https:\/\/agora.xtec.cat\/ceip-guimera-palleja\/wp-json\/wp\/v2\/pages"}],"about":[{"href":"https:\/\/agora.xtec.cat\/ceip-guimera-palleja\/wp-json\/wp\/v2\/types\/page"}],"author":[{"embeddable":true,"href":"https:\/\/agora.xtec.cat\/ceip-guimera-palleja\/wp-json\/wp\/v2\/users\/1"}],"replies":[{"embeddable":true,"href":"https:\/\/agora.xtec.cat\/ceip-guimera-palleja\/wp-json\/wp\/v2\/comments?post=7467"}],"version-history":[{"count":3,"href":"https:\/\/agora.xtec.cat\/ceip-guimera-palleja\/wp-json\/wp\/v2\/pages\/7467\/revisions"}],"predecessor-version":[{"id":7520,"href":"https:\/\/agora.xtec.cat\/ceip-guimera-palleja\/wp-json\/wp\/v2\/pages\/7467\/revisions\/7520"}],"wp:attachment":[{"href":"https:\/\/agora.xtec.cat\/ceip-guimera-palleja\/wp-json\/wp\/v2\/media?parent=7467"}],"curies":[{"name":"wp","href":"https:\/\/api.w.org\/{rel}","templated":true}]}}