{"id":7459,"date":"2026-01-21T06:58:53","date_gmt":"2026-01-21T05:58:53","guid":{"rendered":"https:\/\/agora.xtec.cat\/ceip-guimera-palleja\/?page_id=7459"},"modified":"2026-01-21T13:11:32","modified_gmt":"2026-01-21T12:11:32","slug":"centre-de-practiques-dalumnat-dels-moduls-mitja-i-superior-dinformatica","status":"publish","type":"page","link":"https:\/\/agora.xtec.cat\/ceip-guimera-palleja\/centre-de-practiques-dalumnat-dels-moduls-mitja-i-superior-dinformatica\/","title":{"rendered":"Centre de pr\u00e0ctiques d&#8217;alumnat dels m\u00f2duls mitj\u00e0 i superior d&#8217;inform\u00e0tica"},"content":{"rendered":"<p>La nostra escola \u00e9s centre de pr\u00e0ctiques d\u2019alumnat dels cicles formatius de grau mitj\u00e0 i superior d\u2019inform\u00e0tica, una col\u00b7laboraci\u00f3 que aporta beneficis tant al centre com als futurs professionals del sector tecnol\u00f2gic. Aquesta iniciativa ens permet participar activament en la formaci\u00f3 de l\u2019alumnat, oferint-los un entorn real on aplicar els coneixements adquirits durant els seus estudis.<br \/>\nL\u2019alumnat en pr\u00e0ctiques col\u00b7labora en el manteniment de la xarxa d\u2019internet, el suport t\u00e8cnic i la gesti\u00f3 del material digital del centre, sempre sota la supervisi\u00f3 del personal responsable. Aquesta tasca suposa un ajut important per a l\u2019escola, ja que contribueix a garantir un bon funcionament dels recursos tecnol\u00f2gics, imprescindibles avui dia per al desenvolupament de l\u2019activitat educativa.<br \/>\nPer als estudiants dels cicles d\u2019inform\u00e0tica, aquesta experi\u00e8ncia representa una oportunitat valuosa per posar en pr\u00e0ctica els coneixements te\u00f2rics, adquirir compet\u00e8ncies professionals i familiaritzar-se amb el funcionament d\u2019un entorn laboral real. A m\u00e9s, els permet desenvolupar habilats com la responsabilitat, l\u2019organitzaci\u00f3 i la resoluci\u00f3 de problemes.<br \/>\nAquesta col\u00b7laboraci\u00f3 esdev\u00e9 una experi\u00e8ncia d\u2019aprenentatge mutu, basada en la confian\u00e7a i el comprom\u00eds, que refor\u00e7a el vincle entre el m\u00f3n educatiu i el professional, i contribueix a una formaci\u00f3 m\u00e9s completa i significativa.<\/p>\n","protected":false},"excerpt":{"rendered":"<p>La nostra escola \u00e9s centre de pr\u00e0ctiques d\u2019alumnat dels cicles formatius de grau mitj\u00e0 i superior d\u2019inform\u00e0tica, una col\u00b7laboraci\u00f3 que aporta beneficis tant al centre com als futurs professionals del sector tecnol\u00f2gic. Aquesta iniciativa ens permet participar activament en la formaci\u00f3 de l\u2019alumnat, oferint-los un entorn real on aplicar els coneixements adquirits durant els seus [&hellip;]<\/p>\n","protected":false},"author":1,"featured_media":0,"parent":0,"menu_order":0,"comment_status":"closed","ping_status":"closed","template":"","meta":{"_bbp_topic_count":0,"_bbp_reply_count":0,"_bbp_total_topic_count":0,"_bbp_total_reply_count":0,"_bbp_voice_count":0,"_bbp_anonymous_reply_count":0,"_bbp_topic_count_hidden":0,"_bbp_reply_count_hidden":0,"_bbp_forum_subforum_count":0,"site-sidebar-layout":"default","site-content-layout":"","ast-site-content-layout":"default","site-content-style":"default","site-sidebar-style":"default","ast-global-header-display":"","ast-banner-title-visibility":"","ast-main-header-display":"","ast-hfb-above-header-display":"","ast-hfb-below-header-display":"","ast-hfb-mobile-header-display":"","site-post-title":"","ast-breadcrumbs-content":"","ast-featured-img":"","footer-sml-layout":"","theme-transparent-header-meta":"default","adv-header-id-meta":"","stick-header-meta":"","header-above-stick-meta":"","header-main-stick-meta":"","header-below-stick-meta":"","astra-migrate-meta-layouts":"set","ast-page-background-enabled":"default","ast-page-background-meta":{"desktop":{"background-color":"var(--ast-global-color-4)","background-image":"","background-repeat":"repeat","background-position":"center center","background-size":"auto","background-attachment":"scroll","background-type":"","background-media":"","overlay-type":"","overlay-color":"","overlay-opacity":"","overlay-gradient":""},"tablet":{"background-color":"","background-image":"","background-repeat":"repeat","background-position":"center center","background-size":"auto","background-attachment":"scroll","background-type":"","background-media":"","overlay-type":"","overlay-color":"","overlay-opacity":"","overlay-gradient":""},"mobile":{"background-color":"","background-image":"","background-repeat":"repeat","background-position":"center center","background-size":"auto","background-attachment":"scroll","background-type":"","background-media":"","overlay-type":"","overlay-color":"","overlay-opacity":"","overlay-gradient":""}},"ast-content-background-meta":{"desktop":{"background-color":"var(--ast-global-color-5)","background-image":"","background-repeat":"repeat","background-position":"center center","background-size":"auto","background-attachment":"scroll","background-type":"","background-media":"","overlay-type":"","overlay-color":"","overlay-opacity":"","overlay-gradient":""},"tablet":{"background-color":"var(--ast-global-color-5)","background-image":"","background-repeat":"repeat","background-position":"center center","background-size":"auto","background-attachment":"scroll","background-type":"","background-media":"","overlay-type":"","overlay-color":"","overlay-opacity":"","overlay-gradient":""},"mobile":{"background-color":"var(--ast-global-color-5)","background-image":"","background-repeat":"repeat","background-position":"center center","background-size":"auto","background-attachment":"scroll","background-type":"","background-media":"","overlay-type":"","overlay-color":"","overlay-opacity":"","overlay-gradient":""}},"footnotes":""},"class_list":["post-7459","page","type-page","status-publish","hentry"],"post_mailing_queue_ids":[],"_links":{"self":[{"href":"https:\/\/agora.xtec.cat\/ceip-guimera-palleja\/wp-json\/wp\/v2\/pages\/7459","targetHints":{"allow":["GET"]}}],"collection":[{"href":"https:\/\/agora.xtec.cat\/ceip-guimera-palleja\/wp-json\/wp\/v2\/pages"}],"about":[{"href":"https:\/\/agora.xtec.cat\/ceip-guimera-palleja\/wp-json\/wp\/v2\/types\/page"}],"author":[{"embeddable":true,"href":"https:\/\/agora.xtec.cat\/ceip-guimera-palleja\/wp-json\/wp\/v2\/users\/1"}],"replies":[{"embeddable":true,"href":"https:\/\/agora.xtec.cat\/ceip-guimera-palleja\/wp-json\/wp\/v2\/comments?post=7459"}],"version-history":[{"count":3,"href":"https:\/\/agora.xtec.cat\/ceip-guimera-palleja\/wp-json\/wp\/v2\/pages\/7459\/revisions"}],"predecessor-version":[{"id":7517,"href":"https:\/\/agora.xtec.cat\/ceip-guimera-palleja\/wp-json\/wp\/v2\/pages\/7459\/revisions\/7517"}],"wp:attachment":[{"href":"https:\/\/agora.xtec.cat\/ceip-guimera-palleja\/wp-json\/wp\/v2\/media?parent=7459"}],"curies":[{"name":"wp","href":"https:\/\/api.w.org\/{rel}","templated":true}]}}