{"id":7433,"date":"2026-01-21T06:52:19","date_gmt":"2026-01-21T05:52:19","guid":{"rendered":"https:\/\/agora.xtec.cat\/ceip-guimera-palleja\/?page_id=7433"},"modified":"2026-01-28T07:08:18","modified_gmt":"2026-01-28T06:08:18","slug":"bricolatge","status":"publish","type":"page","link":"https:\/\/agora.xtec.cat\/ceip-guimera-palleja\/bricolatge\/","title":{"rendered":"Jornades de bricolatge"},"content":{"rendered":"<p><span style=\"font-weight: 400;\">Les Jornades de Bricolatge s\u00f3n una activitat consolidada al nostre centre que fomenta la participaci\u00f3 activa de les fam\u00edlies en la vida escolar. Cada curs, mares i pares, conjuntament amb l\u2019alumnat, el professorat i l\u2019AMPA, col\u00b7laboren de manera volunt\u00e0ria en una jornada de treball comunitari amb l\u2019objectiu de millorar els espais de l\u2019escola.<\/span><\/p>\n<p><span style=\"font-weight: 400;\">Durant aquestes jornades es duen a terme diverses actuacions com tasques de pintura, fusteria, jardineria, manteniment de l\u2019hort escolar, arranjament del mobiliari, cura de la biblioteca o preparaci\u00f3 de materials i disfresses. Gr\u00e0cies a aquest treball col\u00b7laboratiu, l\u2019edifici, els espais exteriors i els recursos del centre es mantenen en millors condicions, tot afavorint un entorn m\u00e9s agradable i funcional per a l\u2019alumnat.<\/span><\/p>\n<p><span style=\"font-weight: 400;\">M\u00e9s enll\u00e0 de les millores materials, aquestes jornades s\u00f3n tamb\u00e9 un espai de trobada i conviv\u00e8ncia que refor\u00e7a el sentiment de comunitat educativa. Sovint, la jornada es tanca amb un moment l\u00fadic i de germanor, que posa en valor la implicaci\u00f3 i el comprom\u00eds de totes les persones participants.<\/span><\/p>\n","protected":false},"excerpt":{"rendered":"<p>Les Jornades de Bricolatge s\u00f3n una activitat consolidada al nostre centre que fomenta la participaci\u00f3 activa de les fam\u00edlies en la vida escolar. Cada curs, mares i pares, conjuntament amb l\u2019alumnat, el professorat i l\u2019AMPA, col\u00b7laboren de manera volunt\u00e0ria en una jornada de treball comunitari amb l\u2019objectiu de millorar els espais de l\u2019escola. Durant aquestes [&hellip;]<\/p>\n","protected":false},"author":1,"featured_media":0,"parent":0,"menu_order":0,"comment_status":"closed","ping_status":"closed","template":"","meta":{"_bbp_topic_count":0,"_bbp_reply_count":0,"_bbp_total_topic_count":0,"_bbp_total_reply_count":0,"_bbp_voice_count":0,"_bbp_anonymous_reply_count":0,"_bbp_topic_count_hidden":0,"_bbp_reply_count_hidden":0,"_bbp_forum_subforum_count":0,"site-sidebar-layout":"default","site-content-layout":"","ast-site-content-layout":"default","site-content-style":"default","site-sidebar-style":"default","ast-global-header-display":"","ast-banner-title-visibility":"","ast-main-header-display":"","ast-hfb-above-header-display":"","ast-hfb-below-header-display":"","ast-hfb-mobile-header-display":"","site-post-title":"","ast-breadcrumbs-content":"","ast-featured-img":"","footer-sml-layout":"","theme-transparent-header-meta":"default","adv-header-id-meta":"","stick-header-meta":"","header-above-stick-meta":"","header-main-stick-meta":"","header-below-stick-meta":"","astra-migrate-meta-layouts":"set","ast-page-background-enabled":"default","ast-page-background-meta":{"desktop":{"background-color":"var(--ast-global-color-4)","background-image":"","background-repeat":"repeat","background-position":"center center","background-size":"auto","background-attachment":"scroll","background-type":"","background-media":"","overlay-type":"","overlay-color":"","overlay-opacity":"","overlay-gradient":""},"tablet":{"background-color":"","background-image":"","background-repeat":"repeat","background-position":"center center","background-size":"auto","background-attachment":"scroll","background-type":"","background-media":"","overlay-type":"","overlay-color":"","overlay-opacity":"","overlay-gradient":""},"mobile":{"background-color":"","background-image":"","background-repeat":"repeat","background-position":"center center","background-size":"auto","background-attachment":"scroll","background-type":"","background-media":"","overlay-type":"","overlay-color":"","overlay-opacity":"","overlay-gradient":""}},"ast-content-background-meta":{"desktop":{"background-color":"var(--ast-global-color-5)","background-image":"","background-repeat":"repeat","background-position":"center center","background-size":"auto","background-attachment":"scroll","background-type":"","background-media":"","overlay-type":"","overlay-color":"","overlay-opacity":"","overlay-gradient":""},"tablet":{"background-color":"var(--ast-global-color-5)","background-image":"","background-repeat":"repeat","background-position":"center center","background-size":"auto","background-attachment":"scroll","background-type":"","background-media":"","overlay-type":"","overlay-color":"","overlay-opacity":"","overlay-gradient":""},"mobile":{"background-color":"var(--ast-global-color-5)","background-image":"","background-repeat":"repeat","background-position":"center center","background-size":"auto","background-attachment":"scroll","background-type":"","background-media":"","overlay-type":"","overlay-color":"","overlay-opacity":"","overlay-gradient":""}},"footnotes":""},"class_list":["post-7433","page","type-page","status-publish","hentry"],"post_mailing_queue_ids":[],"_links":{"self":[{"href":"https:\/\/agora.xtec.cat\/ceip-guimera-palleja\/wp-json\/wp\/v2\/pages\/7433","targetHints":{"allow":["GET"]}}],"collection":[{"href":"https:\/\/agora.xtec.cat\/ceip-guimera-palleja\/wp-json\/wp\/v2\/pages"}],"about":[{"href":"https:\/\/agora.xtec.cat\/ceip-guimera-palleja\/wp-json\/wp\/v2\/types\/page"}],"author":[{"embeddable":true,"href":"https:\/\/agora.xtec.cat\/ceip-guimera-palleja\/wp-json\/wp\/v2\/users\/1"}],"replies":[{"embeddable":true,"href":"https:\/\/agora.xtec.cat\/ceip-guimera-palleja\/wp-json\/wp\/v2\/comments?post=7433"}],"version-history":[{"count":2,"href":"https:\/\/agora.xtec.cat\/ceip-guimera-palleja\/wp-json\/wp\/v2\/pages\/7433\/revisions"}],"predecessor-version":[{"id":7569,"href":"https:\/\/agora.xtec.cat\/ceip-guimera-palleja\/wp-json\/wp\/v2\/pages\/7433\/revisions\/7569"}],"wp:attachment":[{"href":"https:\/\/agora.xtec.cat\/ceip-guimera-palleja\/wp-json\/wp\/v2\/media?parent=7433"}],"curies":[{"name":"wp","href":"https:\/\/api.w.org\/{rel}","templated":true}]}}