{"id":7411,"date":"2026-01-21T06:38:21","date_gmt":"2026-01-21T05:38:21","guid":{"rendered":"https:\/\/agora.xtec.cat\/ceip-guimera-palleja\/?page_id=7411"},"modified":"2026-01-21T13:16:05","modified_gmt":"2026-01-21T12:16:05","slug":"projecte-dinnovacio-araart","status":"publish","type":"page","link":"https:\/\/agora.xtec.cat\/ceip-guimera-palleja\/projecte-dinnovacio-araart\/","title":{"rendered":"Projecte d&#8217;innovaci\u00f3 AraArt"},"content":{"rendered":"<table style=\"border-collapse: collapse; width: 100%;\">\n<tbody>\n<tr>\n<td style=\"width: 50%;\">La nostra escola participa en el programa d\u2019innovaci\u00f3 AraArt, en la vessant d\u2019arts esc\u00e8niques, una iniciativa que impulsa la pres\u00e8ncia de les arts com a eina fonamental dins del projecte educatiu dels centres. Aquesta participaci\u00f3 refor\u00e7a una l\u00ednia pedag\u00f2gica consolidada, ja que des de fa m\u00e9s de 30 anys el teatre forma part essencial de la nostra manera d\u2019ensenyar i aprendre.<\/td>\n<td style=\"width: 50%;\"><a href=\"https:\/\/agora.xtec.cat\/ceip-guimera-palleja\/wp-content\/uploads\/usu1570\/2026\/01\/araArt2.jpg\"><img loading=\"lazy\" decoding=\"async\" class=\"alignnone wp-image-7418 size-medium\" src=\"https:\/\/agora.xtec.cat\/ceip-guimera-palleja\/wp-content\/uploads\/usu1570\/2026\/01\/araArt2-300x194.jpg\" alt=\"\" width=\"300\" height=\"194\" srcset=\"https:\/\/agora.xtec.cat\/ceip-guimera-palleja\/wp-content\/uploads\/usu1570\/2026\/01\/araArt2-300x194.jpg 300w, https:\/\/agora.xtec.cat\/ceip-guimera-palleja\/wp-content\/uploads\/usu1570\/2026\/01\/araArt2-768x496.jpg 768w, https:\/\/agora.xtec.cat\/ceip-guimera-palleja\/wp-content\/uploads\/usu1570\/2026\/01\/araArt2.jpg 854w\" sizes=\"auto, (max-width: 300px) 100vw, 300px\" \/><\/a><\/td>\n<\/tr>\n<\/tbody>\n<\/table>\n<p>El treball teatral \u00e9s una eina educativa potent que contribueix al <span style=\"font-size: 16px;\">desenvolupament integral de l\u2019alumnat. A trav\u00e9s del teatre es fomenten compet\u00e8ncies clau com la comunicaci\u00f3 oral, l\u2019expressi\u00f3 corporal, la creativitat, el treball en equip, l\u2019empatia i la confian\u00e7a en un mateix. A m\u00e9s, permet integrar aprenentatges de diferents \u00e0rees curriculars de manera vivencial i significativa.<\/span><\/p>\n<p>La participaci\u00f3 en el programa AraArt ens ofereix un marc de reflexi\u00f3, formaci\u00f3 i millora cont\u00ednua, aix\u00ed com l\u2019oportunitat de compartir experi\u00e8ncies amb altres centres educatius. El teatre esdev\u00e9 aix\u00ed un espai d\u2019expressi\u00f3, descoberta i creixement personal, on l\u2019alumnat \u00e9s protagonista del seu propi aprenentatge.<br \/>\nApostar pel teatre dins del programa AraArt \u00e9s reafirmar el comprom\u00eds del nostre centre amb una educaci\u00f3 innovadora, inclusiva i de qualitat, que reconeix les arts com a motor d\u2019aprenentatge i transformaci\u00f3 educativa.<\/p>\n<div class=\"ast-oembed-container \" style=\"height: 100%;\"><iframe loading=\"lazy\" title=\"Qu\u00e8 \u00e9s el programa araArt\" width=\"500\" height=\"281\" src=\"https:\/\/www.youtube.com\/embed\/dGVv4Y622uI?feature=oembed\" frameborder=\"0\" allow=\"accelerometer; autoplay; clipboard-write; encrypted-media; gyroscope; picture-in-picture; web-share\" referrerpolicy=\"strict-origin-when-cross-origin\" allowfullscreen><\/iframe><\/div>\n<p>&nbsp;<\/p>\n","protected":false},"excerpt":{"rendered":"<p>La nostra escola participa en el programa d\u2019innovaci\u00f3 AraArt, en la vessant d\u2019arts esc\u00e8niques, una iniciativa que impulsa la pres\u00e8ncia de les arts com a eina fonamental dins del projecte educatiu dels centres. Aquesta participaci\u00f3 refor\u00e7a una l\u00ednia pedag\u00f2gica consolidada, ja que des de fa m\u00e9s de 30 anys el teatre forma part essencial de [&hellip;]<\/p>\n","protected":false},"author":1,"featured_media":0,"parent":0,"menu_order":0,"comment_status":"closed","ping_status":"closed","template":"","meta":{"_bbp_topic_count":0,"_bbp_reply_count":0,"_bbp_total_topic_count":0,"_bbp_total_reply_count":0,"_bbp_voice_count":0,"_bbp_anonymous_reply_count":0,"_bbp_topic_count_hidden":0,"_bbp_reply_count_hidden":0,"_bbp_forum_subforum_count":0,"site-sidebar-layout":"default","site-content-layout":"","ast-site-content-layout":"default","site-content-style":"default","site-sidebar-style":"default","ast-global-header-display":"","ast-banner-title-visibility":"","ast-main-header-display":"","ast-hfb-above-header-display":"","ast-hfb-below-header-display":"","ast-hfb-mobile-header-display":"","site-post-title":"","ast-breadcrumbs-content":"","ast-featured-img":"","footer-sml-layout":"","theme-transparent-header-meta":"default","adv-header-id-meta":"","stick-header-meta":"","header-above-stick-meta":"","header-main-stick-meta":"","header-below-stick-meta":"","astra-migrate-meta-layouts":"set","ast-page-background-enabled":"default","ast-page-background-meta":{"desktop":{"background-color":"var(--ast-global-color-4)","background-image":"","background-repeat":"repeat","background-position":"center center","background-size":"auto","background-attachment":"scroll","background-type":"","background-media":"","overlay-type":"","overlay-color":"","overlay-opacity":"","overlay-gradient":""},"tablet":{"background-color":"","background-image":"","background-repeat":"repeat","background-position":"center center","background-size":"auto","background-attachment":"scroll","background-type":"","background-media":"","overlay-type":"","overlay-color":"","overlay-opacity":"","overlay-gradient":""},"mobile":{"background-color":"","background-image":"","background-repeat":"repeat","background-position":"center center","background-size":"auto","background-attachment":"scroll","background-type":"","background-media":"","overlay-type":"","overlay-color":"","overlay-opacity":"","overlay-gradient":""}},"ast-content-background-meta":{"desktop":{"background-color":"var(--ast-global-color-5)","background-image":"","background-repeat":"repeat","background-position":"center center","background-size":"auto","background-attachment":"scroll","background-type":"","background-media":"","overlay-type":"","overlay-color":"","overlay-opacity":"","overlay-gradient":""},"tablet":{"background-color":"var(--ast-global-color-5)","background-image":"","background-repeat":"repeat","background-position":"center center","background-size":"auto","background-attachment":"scroll","background-type":"","background-media":"","overlay-type":"","overlay-color":"","overlay-opacity":"","overlay-gradient":""},"mobile":{"background-color":"var(--ast-global-color-5)","background-image":"","background-repeat":"repeat","background-position":"center center","background-size":"auto","background-attachment":"scroll","background-type":"","background-media":"","overlay-type":"","overlay-color":"","overlay-opacity":"","overlay-gradient":""}},"footnotes":""},"class_list":["post-7411","page","type-page","status-publish","hentry"],"post_mailing_queue_ids":[],"_links":{"self":[{"href":"https:\/\/agora.xtec.cat\/ceip-guimera-palleja\/wp-json\/wp\/v2\/pages\/7411","targetHints":{"allow":["GET"]}}],"collection":[{"href":"https:\/\/agora.xtec.cat\/ceip-guimera-palleja\/wp-json\/wp\/v2\/pages"}],"about":[{"href":"https:\/\/agora.xtec.cat\/ceip-guimera-palleja\/wp-json\/wp\/v2\/types\/page"}],"author":[{"embeddable":true,"href":"https:\/\/agora.xtec.cat\/ceip-guimera-palleja\/wp-json\/wp\/v2\/users\/1"}],"replies":[{"embeddable":true,"href":"https:\/\/agora.xtec.cat\/ceip-guimera-palleja\/wp-json\/wp\/v2\/comments?post=7411"}],"version-history":[{"count":5,"href":"https:\/\/agora.xtec.cat\/ceip-guimera-palleja\/wp-json\/wp\/v2\/pages\/7411\/revisions"}],"predecessor-version":[{"id":7518,"href":"https:\/\/agora.xtec.cat\/ceip-guimera-palleja\/wp-json\/wp\/v2\/pages\/7411\/revisions\/7518"}],"wp:attachment":[{"href":"https:\/\/agora.xtec.cat\/ceip-guimera-palleja\/wp-json\/wp\/v2\/media?parent=7411"}],"curies":[{"name":"wp","href":"https:\/\/api.w.org\/{rel}","templated":true}]}}