{"id":7402,"date":"2026-01-21T06:32:48","date_gmt":"2026-01-21T05:32:48","guid":{"rendered":"https:\/\/agora.xtec.cat\/ceip-guimera-palleja\/?page_id=7402"},"modified":"2026-01-21T11:08:22","modified_gmt":"2026-01-21T10:08:22","slug":"xarxa-de-competencia-lectora","status":"publish","type":"page","link":"https:\/\/agora.xtec.cat\/ceip-guimera-palleja\/xarxa-de-competencia-lectora\/","title":{"rendered":"Xarxa de compet\u00e8ncia lectora"},"content":{"rendered":"<table style=\"border-collapse: collapse; width: 100.221%; height: 136px;\">\n<tbody>\n<tr style=\"height: 136px;\">\n<td style=\"width: 50%; height: 136px;\">PARTICIPEM A LA XARXA DE COMPET\u00c8NCIA LECTORA<br \/>\nLa nostra escola forma part de la Xarxa de Compet\u00e8ncia Lectora, una iniciativa educativa que t\u00e9 com a objectiu principal millorar la compet\u00e8ncia lectora de l\u2019alumnat i, en conseq\u00fc\u00e8ncia, afavorir uns millors resultats educatius i un aprenentatge m\u00e9s s\u00f2lid i significatiu.<\/td>\n<td style=\"width: 50%; height: 136px;\"><a href=\"https:\/\/agora.xtec.cat\/ceip-guimera-palleja\/wp-content\/uploads\/usu1570\/2026\/01\/Xarxa-CL-1.jpg\"><img loading=\"lazy\" decoding=\"async\" class=\"wp-image-7408 size-full alignright\" src=\"https:\/\/agora.xtec.cat\/ceip-guimera-palleja\/wp-content\/uploads\/usu1570\/2026\/01\/Xarxa-CL-1.jpg\" alt=\"\" width=\"230\" height=\"219\" \/><\/a><\/td>\n<\/tr>\n<\/tbody>\n<\/table>\n<p>La lectura \u00e9s una habilitat clau per a l\u2019\u00e8xit escolar i personal, ja que \u00e9s la base de l\u2019acc\u00e9s al coneixement en totes les \u00e0rees del curr\u00edculum. A trav\u00e9s de la participaci\u00f3 en aquesta xarxa, el centre reflexiona i revisa les pr\u00e0ctiques educatives relacionades amb l\u2019ensenyament de la lectura, incorporant estrat\u00e8gies metodol\u00f2giques que promouen la comprensi\u00f3 lectora, el gust per llegir i l\u2019autonomia lectora de l\u2019alumnat.<br \/>\nFormar part de la Xarxa de Compet\u00e8ncia Lectora ens permet compartir experi\u00e8ncies, recursos i bones pr\u00e0ctiques amb altres centres, aix\u00ed com rebre assessorament i formaci\u00f3 espec\u00edfica per part de professionals especialitzats. Aquest treball col\u00b7laboratiu contribueix a una millora cont\u00ednua de les accions que es duen a terme a l\u2019aula.<br \/>\nLa implicaci\u00f3 en aquesta xarxa refor\u00e7a el comprom\u00eds del nostre centre amb una educaci\u00f3 de qualitat, equitativa i inclusiva, on la lectura esdev\u00e9 una eina essencial per al desenvolupament del pensament cr\u00edtic, la comunicaci\u00f3 i l\u2019aprenentatge al llarg de la vida.<\/p>\n<p><a href=\"https:\/\/agora.xtec.cat\/ceip-guimera-palleja\/wp-content\/uploads\/usu1570\/2026\/01\/Xarxa-CL-2.jpg\"><img loading=\"lazy\" decoding=\"async\" class=\"alignnone wp-image-7407 size-full\" src=\"https:\/\/agora.xtec.cat\/ceip-guimera-palleja\/wp-content\/uploads\/usu1570\/2026\/01\/Xarxa-CL-2.jpg\" alt=\"\" width=\"1189\" height=\"835\" srcset=\"https:\/\/agora.xtec.cat\/ceip-guimera-palleja\/wp-content\/uploads\/usu1570\/2026\/01\/Xarxa-CL-2.jpg 1189w, https:\/\/agora.xtec.cat\/ceip-guimera-palleja\/wp-content\/uploads\/usu1570\/2026\/01\/Xarxa-CL-2-300x211.jpg 300w, https:\/\/agora.xtec.cat\/ceip-guimera-palleja\/wp-content\/uploads\/usu1570\/2026\/01\/Xarxa-CL-2-1024x719.jpg 1024w, https:\/\/agora.xtec.cat\/ceip-guimera-palleja\/wp-content\/uploads\/usu1570\/2026\/01\/Xarxa-CL-2-768x539.jpg 768w\" sizes=\"auto, (max-width: 1189px) 100vw, 1189px\" \/><\/a><\/p>\n<p>&nbsp;<\/p>\n","protected":false},"excerpt":{"rendered":"<p>PARTICIPEM A LA XARXA DE COMPET\u00c8NCIA LECTORA La nostra escola forma part de la Xarxa de Compet\u00e8ncia Lectora, una iniciativa educativa que t\u00e9 com a objectiu principal millorar la compet\u00e8ncia lectora de l\u2019alumnat i, en conseq\u00fc\u00e8ncia, afavorir uns millors resultats educatius i un aprenentatge m\u00e9s s\u00f2lid i significatiu. La lectura \u00e9s una habilitat clau per [&hellip;]<\/p>\n","protected":false},"author":1,"featured_media":0,"parent":0,"menu_order":0,"comment_status":"closed","ping_status":"closed","template":"","meta":{"_bbp_topic_count":0,"_bbp_reply_count":0,"_bbp_total_topic_count":0,"_bbp_total_reply_count":0,"_bbp_voice_count":0,"_bbp_anonymous_reply_count":0,"_bbp_topic_count_hidden":0,"_bbp_reply_count_hidden":0,"_bbp_forum_subforum_count":0,"site-sidebar-layout":"default","site-content-layout":"","ast-site-content-layout":"default","site-content-style":"default","site-sidebar-style":"default","ast-global-header-display":"","ast-banner-title-visibility":"","ast-main-header-display":"","ast-hfb-above-header-display":"","ast-hfb-below-header-display":"","ast-hfb-mobile-header-display":"","site-post-title":"","ast-breadcrumbs-content":"","ast-featured-img":"","footer-sml-layout":"","theme-transparent-header-meta":"default","adv-header-id-meta":"","stick-header-meta":"","header-above-stick-meta":"","header-main-stick-meta":"","header-below-stick-meta":"","astra-migrate-meta-layouts":"set","ast-page-background-enabled":"default","ast-page-background-meta":{"desktop":{"background-color":"var(--ast-global-color-4)","background-image":"","background-repeat":"repeat","background-position":"center center","background-size":"auto","background-attachment":"scroll","background-type":"","background-media":"","overlay-type":"","overlay-color":"","overlay-opacity":"","overlay-gradient":""},"tablet":{"background-color":"","background-image":"","background-repeat":"repeat","background-position":"center center","background-size":"auto","background-attachment":"scroll","background-type":"","background-media":"","overlay-type":"","overlay-color":"","overlay-opacity":"","overlay-gradient":""},"mobile":{"background-color":"","background-image":"","background-repeat":"repeat","background-position":"center center","background-size":"auto","background-attachment":"scroll","background-type":"","background-media":"","overlay-type":"","overlay-color":"","overlay-opacity":"","overlay-gradient":""}},"ast-content-background-meta":{"desktop":{"background-color":"var(--ast-global-color-5)","background-image":"","background-repeat":"repeat","background-position":"center center","background-size":"auto","background-attachment":"scroll","background-type":"","background-media":"","overlay-type":"","overlay-color":"","overlay-opacity":"","overlay-gradient":""},"tablet":{"background-color":"var(--ast-global-color-5)","background-image":"","background-repeat":"repeat","background-position":"center center","background-size":"auto","background-attachment":"scroll","background-type":"","background-media":"","overlay-type":"","overlay-color":"","overlay-opacity":"","overlay-gradient":""},"mobile":{"background-color":"var(--ast-global-color-5)","background-image":"","background-repeat":"repeat","background-position":"center center","background-size":"auto","background-attachment":"scroll","background-type":"","background-media":"","overlay-type":"","overlay-color":"","overlay-opacity":"","overlay-gradient":""}},"footnotes":""},"class_list":["post-7402","page","type-page","status-publish","hentry"],"post_mailing_queue_ids":[],"_links":{"self":[{"href":"https:\/\/agora.xtec.cat\/ceip-guimera-palleja\/wp-json\/wp\/v2\/pages\/7402","targetHints":{"allow":["GET"]}}],"collection":[{"href":"https:\/\/agora.xtec.cat\/ceip-guimera-palleja\/wp-json\/wp\/v2\/pages"}],"about":[{"href":"https:\/\/agora.xtec.cat\/ceip-guimera-palleja\/wp-json\/wp\/v2\/types\/page"}],"author":[{"embeddable":true,"href":"https:\/\/agora.xtec.cat\/ceip-guimera-palleja\/wp-json\/wp\/v2\/users\/1"}],"replies":[{"embeddable":true,"href":"https:\/\/agora.xtec.cat\/ceip-guimera-palleja\/wp-json\/wp\/v2\/comments?post=7402"}],"version-history":[{"count":6,"href":"https:\/\/agora.xtec.cat\/ceip-guimera-palleja\/wp-json\/wp\/v2\/pages\/7402\/revisions"}],"predecessor-version":[{"id":7510,"href":"https:\/\/agora.xtec.cat\/ceip-guimera-palleja\/wp-json\/wp\/v2\/pages\/7402\/revisions\/7510"}],"wp:attachment":[{"href":"https:\/\/agora.xtec.cat\/ceip-guimera-palleja\/wp-json\/wp\/v2\/media?parent=7402"}],"curies":[{"name":"wp","href":"https:\/\/api.w.org\/{rel}","templated":true}]}}