{"id":7332,"date":"2026-01-19T20:48:17","date_gmt":"2026-01-19T19:48:17","guid":{"rendered":"https:\/\/agora.xtec.cat\/ceip-guimera-palleja\/?page_id=7332"},"modified":"2026-02-05T17:23:55","modified_gmt":"2026-02-05T16:23:55","slug":"historia","status":"publish","type":"page","link":"https:\/\/agora.xtec.cat\/ceip-guimera-palleja\/historia\/","title":{"rendered":"Hist\u00f2ria"},"content":{"rendered":"<p>L\u2019escola \u00c0ngel Guimer\u00e0 va ser creada a l\u2019any 1975 per donar resposta a la necessitat de m\u00e9s places escolars al poble amb el creixement de la poblaci\u00f3 els anys 1970.<\/p>\n<table style=\"border-collapse: collapse; width: 100%;\">\n<tbody>\n<tr>\n<td style=\"width: 50%;\">Els representants de l\u2019ajuntament del moment, veient la necessitat de la construcci\u00f3 d\u2019una segona escola, van rec\u00f3rrer el municipi cercant un espai amb un entorn prou gran i adient pel que seria la futura escola \u00c0ngel Guimer\u00e0.<\/p>\n<p>L\u2019escola es va situar en un entorn privilegiat i envoltat de vegetaci\u00f3 i pins, molt a prop del barri de La Magina. Aquesta localitzaci\u00f3 va fer que, popularment, es conegu\u00e9s com \u201cl\u2019escola de La Magina\u201d.<\/td>\n<td style=\"width: 50%;\">&nbsp;<\/p>\n<p><a href=\"https:\/\/agora.xtec.cat\/ceip-guimera-palleja\/wp-content\/uploads\/usu1570\/2026\/02\/20260124_125532-1-scaled.jpg\"><img loading=\"lazy\" decoding=\"async\" class=\"alignnone size-medium wp-image-7598\" src=\"https:\/\/agora.xtec.cat\/ceip-guimera-palleja\/wp-content\/uploads\/usu1570\/2026\/02\/20260124_125532-1-300x196.jpg\" alt=\"\" width=\"300\" height=\"196\" srcset=\"https:\/\/agora.xtec.cat\/ceip-guimera-palleja\/wp-content\/uploads\/usu1570\/2026\/02\/20260124_125532-1-300x196.jpg 300w, https:\/\/agora.xtec.cat\/ceip-guimera-palleja\/wp-content\/uploads\/usu1570\/2026\/02\/20260124_125532-1-1024x669.jpg 1024w, https:\/\/agora.xtec.cat\/ceip-guimera-palleja\/wp-content\/uploads\/usu1570\/2026\/02\/20260124_125532-1-768x501.jpg 768w, https:\/\/agora.xtec.cat\/ceip-guimera-palleja\/wp-content\/uploads\/usu1570\/2026\/02\/20260124_125532-1-1536x1003.jpg 1536w, https:\/\/agora.xtec.cat\/ceip-guimera-palleja\/wp-content\/uploads\/usu1570\/2026\/02\/20260124_125532-1-2048x1337.jpg 2048w\" sizes=\"auto, (max-width: 300px) 100vw, 300px\" \/><\/a><\/td>\n<\/tr>\n<\/tbody>\n<\/table>\n<p>Recent inaugurada l\u2019escola \u00c0ngel Guimer\u00e0, l\u2019any 1976 es fund\u00e0 la primera associaci\u00f3 de pares d\u2019alumnes (actualment AFA), la qual abastava les dues escoles del poble, l\u2019escola Jacint Verdaguer i l\u2019escola \u00c0ngel Guimer\u00e0. En aquell moment es va considerar que l\u2019alumnat m\u00e9s petit an\u00e9s al Verdaguer i l\u2019alumnat de cursos m\u00e9s grans al Guimer\u00e0.<\/p>\n<p>En els seus inicis, l\u2019edifici d\u2019Infantil i de Prim\u00e0ria estaven separats per una pista de terra d\u2019acc\u00e9s a la Magina i era l\u2019\u00fanica entrada a l\u2019escola. Amb el pas dels anys, es va modificar amb el tancament aquest cam\u00ed, obrint-se un segon acc\u00e9s a la Magina pel darrera del pati de l\u2019escola. Aquest fet, va donar peu a reorganitzar i ampliar l\u2019espai per adaptar-se a les necessitats educatives i demogr\u00e0fiques. Actualment \u00e9s un espai molt ampli i acull els dos edificis.<\/p>\n<p>Al 25\u00e8 aniversari de l\u2019escola vam crear la nostra \u201cgegantona\u201d. L\u2019Ang\u00e8lica, que aix\u00ed es diu despr\u00e9s d\u2019una votaci\u00f3 de tota la comunitat educativa, va formar part de la nostra vida escolar. A partir d\u2019aleshores est\u00e0 present com a figura identificativa i ens acompanya cada dia.<\/p>\n<p><a href=\"https:\/\/agora.xtec.cat\/ceip-guimera-palleja\/wp-content\/uploads\/usu1570\/2026\/02\/20260124_125240-1-scaled.jpg\"><img loading=\"lazy\" decoding=\"async\" class=\"alignnone size-medium wp-image-7599\" src=\"https:\/\/agora.xtec.cat\/ceip-guimera-palleja\/wp-content\/uploads\/usu1570\/2026\/02\/20260124_125240-1-300x210.jpg\" alt=\"\" width=\"300\" height=\"210\" srcset=\"https:\/\/agora.xtec.cat\/ceip-guimera-palleja\/wp-content\/uploads\/usu1570\/2026\/02\/20260124_125240-1-300x210.jpg 300w, https:\/\/agora.xtec.cat\/ceip-guimera-palleja\/wp-content\/uploads\/usu1570\/2026\/02\/20260124_125240-1-1024x716.jpg 1024w, https:\/\/agora.xtec.cat\/ceip-guimera-palleja\/wp-content\/uploads\/usu1570\/2026\/02\/20260124_125240-1-768x537.jpg 768w, https:\/\/agora.xtec.cat\/ceip-guimera-palleja\/wp-content\/uploads\/usu1570\/2026\/02\/20260124_125240-1-1536x1074.jpg 1536w, https:\/\/agora.xtec.cat\/ceip-guimera-palleja\/wp-content\/uploads\/usu1570\/2026\/02\/20260124_125240-1-2048x1432.jpg 2048w\" sizes=\"auto, (max-width: 300px) 100vw, 300px\" \/><\/a><\/p>\n<p>Seguim fent hist\u00f2ria!<\/p>\n<p>.<\/p>\n","protected":false},"excerpt":{"rendered":"<p>L\u2019escola \u00c0ngel Guimer\u00e0 va ser creada a l\u2019any 1975 per donar resposta a la necessitat de m\u00e9s places escolars al poble amb el creixement de la poblaci\u00f3 els anys 1970. Els representants de l\u2019ajuntament del moment, veient la necessitat de la construcci\u00f3 d\u2019una segona escola, van rec\u00f3rrer el municipi cercant un espai amb un entorn [&hellip;]<\/p>\n","protected":false},"author":1,"featured_media":0,"parent":0,"menu_order":0,"comment_status":"closed","ping_status":"closed","template":"","meta":{"_bbp_topic_count":0,"_bbp_reply_count":0,"_bbp_total_topic_count":0,"_bbp_total_reply_count":0,"_bbp_voice_count":0,"_bbp_anonymous_reply_count":0,"_bbp_topic_count_hidden":0,"_bbp_reply_count_hidden":0,"_bbp_forum_subforum_count":0,"site-sidebar-layout":"default","site-content-layout":"","ast-site-content-layout":"default","site-content-style":"default","site-sidebar-style":"default","ast-global-header-display":"","ast-banner-title-visibility":"","ast-main-header-display":"","ast-hfb-above-header-display":"","ast-hfb-below-header-display":"","ast-hfb-mobile-header-display":"","site-post-title":"","ast-breadcrumbs-content":"","ast-featured-img":"","footer-sml-layout":"","theme-transparent-header-meta":"default","adv-header-id-meta":"","stick-header-meta":"","header-above-stick-meta":"","header-main-stick-meta":"","header-below-stick-meta":"","astra-migrate-meta-layouts":"set","ast-page-background-enabled":"default","ast-page-background-meta":{"desktop":{"background-color":"var(--ast-global-color-4)","background-image":"","background-repeat":"repeat","background-position":"center center","background-size":"auto","background-attachment":"scroll","background-type":"","background-media":"","overlay-type":"","overlay-color":"","overlay-opacity":"","overlay-gradient":""},"tablet":{"background-color":"","background-image":"","background-repeat":"repeat","background-position":"center center","background-size":"auto","background-attachment":"scroll","background-type":"","background-media":"","overlay-type":"","overlay-color":"","overlay-opacity":"","overlay-gradient":""},"mobile":{"background-color":"","background-image":"","background-repeat":"repeat","background-position":"center center","background-size":"auto","background-attachment":"scroll","background-type":"","background-media":"","overlay-type":"","overlay-color":"","overlay-opacity":"","overlay-gradient":""}},"ast-content-background-meta":{"desktop":{"background-color":"var(--ast-global-color-5)","background-image":"","background-repeat":"repeat","background-position":"center center","background-size":"auto","background-attachment":"scroll","background-type":"","background-media":"","overlay-type":"","overlay-color":"","overlay-opacity":"","overlay-gradient":""},"tablet":{"background-color":"var(--ast-global-color-5)","background-image":"","background-repeat":"repeat","background-position":"center center","background-size":"auto","background-attachment":"scroll","background-type":"","background-media":"","overlay-type":"","overlay-color":"","overlay-opacity":"","overlay-gradient":""},"mobile":{"background-color":"var(--ast-global-color-5)","background-image":"","background-repeat":"repeat","background-position":"center center","background-size":"auto","background-attachment":"scroll","background-type":"","background-media":"","overlay-type":"","overlay-color":"","overlay-opacity":"","overlay-gradient":""}},"footnotes":""},"class_list":["post-7332","page","type-page","status-publish","hentry"],"post_mailing_queue_ids":[],"_links":{"self":[{"href":"https:\/\/agora.xtec.cat\/ceip-guimera-palleja\/wp-json\/wp\/v2\/pages\/7332","targetHints":{"allow":["GET"]}}],"collection":[{"href":"https:\/\/agora.xtec.cat\/ceip-guimera-palleja\/wp-json\/wp\/v2\/pages"}],"about":[{"href":"https:\/\/agora.xtec.cat\/ceip-guimera-palleja\/wp-json\/wp\/v2\/types\/page"}],"author":[{"embeddable":true,"href":"https:\/\/agora.xtec.cat\/ceip-guimera-palleja\/wp-json\/wp\/v2\/users\/1"}],"replies":[{"embeddable":true,"href":"https:\/\/agora.xtec.cat\/ceip-guimera-palleja\/wp-json\/wp\/v2\/comments?post=7332"}],"version-history":[{"count":4,"href":"https:\/\/agora.xtec.cat\/ceip-guimera-palleja\/wp-json\/wp\/v2\/pages\/7332\/revisions"}],"predecessor-version":[{"id":7601,"href":"https:\/\/agora.xtec.cat\/ceip-guimera-palleja\/wp-json\/wp\/v2\/pages\/7332\/revisions\/7601"}],"wp:attachment":[{"href":"https:\/\/agora.xtec.cat\/ceip-guimera-palleja\/wp-json\/wp\/v2\/media?parent=7332"}],"curies":[{"name":"wp","href":"https:\/\/api.w.org\/{rel}","templated":true}]}}