{"id":458,"date":"2016-11-09T18:30:25","date_gmt":"2016-11-09T17:30:25","guid":{"rendered":"http:\/\/agora.xtec.cat\/ceip-guimera-palleja\/?page_id=458"},"modified":"2026-01-19T20:50:42","modified_gmt":"2026-01-19T19:50:42","slug":"qui-som","status":"publish","type":"page","link":"https:\/\/agora.xtec.cat\/ceip-guimera-palleja\/lescola\/qui-som\/","title":{"rendered":"Qui som"},"content":{"rendered":"<p>&nbsp;<\/p>\n<p><span style=\"font-weight: 400;\">L\u2019Escola \u00c0ngel Guimer\u00e0 desenvolupa un projecte educatiu adre\u00e7at a la formaci\u00f3 de persones\u00a0 que hauran de viure de joves i adultes en un m\u00f3n diferent de l\u2019actual. Els canvis socials, econ\u00f2mics i tecnol\u00f2gics que es produeixen, cada vegada m\u00e9s r\u00e0pidament,\u00a0 fan necess\u00e0ria una formaci\u00f3 competencial\u00a0 basada en un tipus d\u2019aprenentatge profund i funcional\u00a0 que es pugui utilitzar en contextos diferents, perduri al llarg del temps i permeti resoldre problemes en situacions reals.<\/span><\/p>\n<p><span style=\"font-weight: 400;\">En col\u00b7laboraci\u00f3 amb les fam\u00edlies eduquem per formar ciutadans competents,\u00a0 cr\u00edtics, actius, solidaris i responsables. Persones capaces de resoldre conflictes de forma pac\u00edfica, que estiguin compromeses amb la millora del seu l\u2019entorn natural i social, amb capacitat per crear i fer servir la tecnologia, arrelats a la comunitat i que practiquin estils de vida sostenibles, justos i saludables.\u00a0<\/span><\/p>\n<p><span style=\"font-weight: 400;\">Posem en pr\u00e0ctica metodologies competencials amb codoc\u00e8ncia en les \u00e0rees instrumentals. Prioritzem que els nois i les noies construeixin els seus aprenentatges a partir de les experi\u00e8ncies personals i interrelacionin aquests aprenentatges amb contextos reals i problemes quotidians.<\/span><\/p>\n<p><span style=\"font-weight: 400;\">A l\u2019Etapa Infantil treballem per projectes, centres d\u2019inter\u00e8s i ambients. A l\u2019Etapa Prim\u00e0ria fem projectes que faciliten l\u2019adquisici\u00f3 d\u2019aprenentatges a partir de temes triats per l\u2019alumnat o proposats pel professorat. Fomentem el treball compartit i en petit grup\u00a0 i desenvolupem l\u2019autonomia de l\u2019alumnat, l\u2019autoregulaci\u00f3 i les habilitats que li permetin seguir aprenent al llarg de la vida.<\/span><\/p>\n<p><span style=\"font-weight: 400;\">Disposem d\u2019un projecte pluriling\u00fce on la llengua base de l\u2019aprenentatge \u00e9s el catal\u00e0. El castell\u00e0 s\u2019introdueix al primer curs de Cicle Inicial. L\u2019angl\u00e8s s\u2019apr\u00e8n des de i3 a partir d\u2019activitats quotidianes en aquesta llengua.\u00a0<\/span><\/p>\n<p><span style=\"font-weight: 400;\">Desenvolupem projectes d\u2019escola per adquirir valors i h\u00e0bits de conservaci\u00f3 del medi natural i la salut. Treballem en grups redu\u00efts d\u2019alumnat la lectura, els experiments i l\u2019educaci\u00f3 pl\u00e0stica i visual.<\/span><\/p>\n<p><span style=\"font-weight: 400;\">Utilitzem les Tecnologies de l&#8217;Aprenentatge i la Comunicaci\u00f3 (amb tablets i port\u00e0tils) en\u00a0 les activitats ordin\u00e0ries com una eina m\u00e9s que facilita la gesti\u00f3 de la informaci\u00f3 i l\u2019aprenentatge. Fem Rob\u00f2tica per introduir l\u2019alumnat a la programaci\u00f3 i gesti\u00f3 de m\u00e0quines.\u00a0<\/span><\/p>\n<p><span style=\"font-weight: 400;\">Treballem les matem\u00e0tiques a partir de les intel\u00b7lig\u00e8ncies m\u00faltiples. Apliquem programes per millorar la comprensi\u00f3 lectora i l\u2019ortografia i fem servir les representacions teatrals per desenvolupar en l\u2019alumnat la compet\u00e8ncia comunicativa a partir de l\u2019expressi\u00f3 corporal, la parla en p\u00fablic, l\u2019\u00fas del llenguatge corporal i el gust pel treball en equip.\u00a0<\/span><\/p>\n<p><span style=\"font-weight: 400;\">Realitzem sortides i col\u00f2nies per con\u00e8ixer el medi natural i social, compartir experi\u00e8ncies i viure plegats.\u00a0<\/span><\/p>\n<p><span style=\"font-weight: 400;\">Desenvolupem activitats amb altres entitats i associacions del municipi i la comarca per fomentar les relacions interpersonals, la sensibilitat vers el medi natural i\u00a0 la cultura<\/span><\/p>\n<p><span style=\"font-weight: 400;\">Celebrem les festes populars per desenvolupar el sentiment de pertinen\u00e7a a una comunitat social i con\u00e8ixer la nostra cultura a l\u2019hora que gaudim de passar-lo b\u00e9 amb els nostres companys i companyes.<\/span><\/p>\n","protected":false},"excerpt":{"rendered":"<p>&nbsp; L\u2019Escola \u00c0ngel Guimer\u00e0 desenvolupa un projecte educatiu adre\u00e7at a la formaci\u00f3 de persones\u00a0 que hauran de viure de joves i adultes en un m\u00f3n diferent de l\u2019actual. Els canvis socials, econ\u00f2mics i tecnol\u00f2gics que es produeixen, cada vegada m\u00e9s r\u00e0pidament,\u00a0 fan necess\u00e0ria una formaci\u00f3 competencial\u00a0 basada en un tipus d\u2019aprenentatge profund i funcional\u00a0 que [&hellip;]<\/p>\n","protected":false},"author":1,"featured_media":0,"parent":22,"menu_order":0,"comment_status":"closed","ping_status":"closed","template":"","meta":{"_bbp_topic_count":0,"_bbp_reply_count":0,"_bbp_total_topic_count":0,"_bbp_total_reply_count":0,"_bbp_voice_count":0,"_bbp_anonymous_reply_count":0,"_bbp_topic_count_hidden":0,"_bbp_reply_count_hidden":0,"_bbp_forum_subforum_count":0,"site-sidebar-layout":"default","site-content-layout":"","ast-site-content-layout":"default","site-content-style":"default","site-sidebar-style":"default","ast-global-header-display":"","ast-banner-title-visibility":"","ast-main-header-display":"","ast-hfb-above-header-display":"","ast-hfb-below-header-display":"","ast-hfb-mobile-header-display":"","site-post-title":"","ast-breadcrumbs-content":"","ast-featured-img":"","footer-sml-layout":"","theme-transparent-header-meta":"default","adv-header-id-meta":"","stick-header-meta":"","header-above-stick-meta":"","header-main-stick-meta":"","header-below-stick-meta":"","astra-migrate-meta-layouts":"set","ast-page-background-enabled":"default","ast-page-background-meta":{"desktop":{"background-color":"var(--ast-global-color-4)","background-image":"","background-repeat":"repeat","background-position":"center center","background-size":"auto","background-attachment":"scroll","background-type":"","background-media":"","overlay-type":"","overlay-color":"","overlay-opacity":"","overlay-gradient":""},"tablet":{"background-color":"","background-image":"","background-repeat":"repeat","background-position":"center center","background-size":"auto","background-attachment":"scroll","background-type":"","background-media":"","overlay-type":"","overlay-color":"","overlay-opacity":"","overlay-gradient":""},"mobile":{"background-color":"","background-image":"","background-repeat":"repeat","background-position":"center center","background-size":"auto","background-attachment":"scroll","background-type":"","background-media":"","overlay-type":"","overlay-color":"","overlay-opacity":"","overlay-gradient":""}},"ast-content-background-meta":{"desktop":{"background-color":"var(--ast-global-color-5)","background-image":"","background-repeat":"repeat","background-position":"center center","background-size":"auto","background-attachment":"scroll","background-type":"","background-media":"","overlay-type":"","overlay-color":"","overlay-opacity":"","overlay-gradient":""},"tablet":{"background-color":"var(--ast-global-color-5)","background-image":"","background-repeat":"repeat","background-position":"center center","background-size":"auto","background-attachment":"scroll","background-type":"","background-media":"","overlay-type":"","overlay-color":"","overlay-opacity":"","overlay-gradient":""},"mobile":{"background-color":"var(--ast-global-color-5)","background-image":"","background-repeat":"repeat","background-position":"center center","background-size":"auto","background-attachment":"scroll","background-type":"","background-media":"","overlay-type":"","overlay-color":"","overlay-opacity":"","overlay-gradient":""}},"footnotes":""},"class_list":["post-458","page","type-page","status-publish","hentry"],"post_mailing_queue_ids":[],"_links":{"self":[{"href":"https:\/\/agora.xtec.cat\/ceip-guimera-palleja\/wp-json\/wp\/v2\/pages\/458","targetHints":{"allow":["GET"]}}],"collection":[{"href":"https:\/\/agora.xtec.cat\/ceip-guimera-palleja\/wp-json\/wp\/v2\/pages"}],"about":[{"href":"https:\/\/agora.xtec.cat\/ceip-guimera-palleja\/wp-json\/wp\/v2\/types\/page"}],"author":[{"embeddable":true,"href":"https:\/\/agora.xtec.cat\/ceip-guimera-palleja\/wp-json\/wp\/v2\/users\/1"}],"replies":[{"embeddable":true,"href":"https:\/\/agora.xtec.cat\/ceip-guimera-palleja\/wp-json\/wp\/v2\/comments?post=458"}],"version-history":[{"count":4,"href":"https:\/\/agora.xtec.cat\/ceip-guimera-palleja\/wp-json\/wp\/v2\/pages\/458\/revisions"}],"predecessor-version":[{"id":7339,"href":"https:\/\/agora.xtec.cat\/ceip-guimera-palleja\/wp-json\/wp\/v2\/pages\/458\/revisions\/7339"}],"up":[{"embeddable":true,"href":"https:\/\/agora.xtec.cat\/ceip-guimera-palleja\/wp-json\/wp\/v2\/pages\/22"}],"wp:attachment":[{"href":"https:\/\/agora.xtec.cat\/ceip-guimera-palleja\/wp-json\/wp\/v2\/media?parent=458"}],"curies":[{"name":"wp","href":"https:\/\/api.w.org\/{rel}","templated":true}]}}