{"id":84,"date":"2014-09-18T14:11:31","date_gmt":"2014-09-18T13:11:31","guid":{"rendered":"http:\/\/agora.xtec.cat\/ceip-guillemdemontgri\/?page_id=84"},"modified":"2021-10-25T13:46:49","modified_gmt":"2021-10-25T11:46:49","slug":"activitats-extraescolars","status":"publish","type":"page","link":"https:\/\/agora.xtec.cat\/ceip-guillemdemontgri\/activitats-extraescolars\/","title":{"rendered":"Activitats extraescolars"},"content":{"rendered":"<p>Amb la voluntat d\u2019omplir el llarg espai del migdia i satisfer la demanda educativa dels nens i nenes que formen l\u2019escola intentem oferir un ampli ventall d\u2019activitats. No obstant aix\u00f2, les places s\u00f3n limitades, i degut a la normativa COVID, per ara els grups hauran de ser de m\u00e0xim 10 persones, que es comptabilitzaran per ordre d\u2019inscripci\u00f3. Si no s\u2019arriba a un m\u00ednim d\u2019alumnes, el monitor de l\u2019extraescolar decidir\u00e0 si es fa l\u2019activitat o no.<\/p>\n<p>Les extraescolars comencen l\u20191 d\u2019octubre i s\u2019acaben el 31 de maig.<\/p>\n<figure class=\"wp-block-image size-large is-resized\"><img loading=\"lazy\" decoding=\"async\" class=\"wp-image-803\" src=\"https:\/\/ampadelguillem.com\/wp-content\/uploads\/2021\/06\/image-1024x139.png\" sizes=\"auto, (max-width: 777px) 100vw, 777px\" srcset=\"https:\/\/ampadelguillem.com\/wp-content\/uploads\/2021\/06\/image-1024x139.png 1024w, https:\/\/ampadelguillem.com\/wp-content\/uploads\/2021\/06\/image-300x41.png 300w\" alt=\"\" width=\"777\" height=\"104\" \/><\/figure>\n<p>Veureu que pels SOCIS de l\u2019AMPA el preu \u00e9s m\u00e9s econ\u00f2mic.<\/p>\n<figure class=\"wp-block-image size-large\"><img decoding=\"async\" class=\"wp-image-804\" src=\"https:\/\/ampadelguillem.com\/wp-content\/uploads\/2021\/06\/image-1-1024x227.png\" sizes=\"(max-width: 1024px) 100vw, 1024px\" srcset=\"https:\/\/ampadelguillem.com\/wp-content\/uploads\/2021\/06\/image-1-1024x227.png 1024w, https:\/\/ampadelguillem.com\/wp-content\/uploads\/2021\/06\/image-1-300x66.png 300w, https:\/\/ampadelguillem.com\/wp-content\/uploads\/2021\/06\/image-1-768x170.png 768w, https:\/\/ampadelguillem.com\/wp-content\/uploads\/2021\/06\/image-1.png 1532w\" alt=\"\" \/><\/figure>\n<p>En el cas que l\u2019entitat banc\u00e0ria ens retorni el rebut d\u2019una de les quotes, s\u2019haur\u00e0 de pagar l\u2019import de l\u2019activitat m\u00e9s 3\u20ac per les despeses que ocasiona aquest fet a l\u2019AMPA.<\/p>\n<p>Si alguna fam\u00edlia ho desitja pot fer el pagament \u00edntegre de l\u2019activitat a l\u2019inici del curs. En el cas que un alumne es doni de baixa d\u2019una activitat a mig curs haur\u00e0 de pagar la quota sencera.<\/p>\n<p>Per veure una breu descripci\u00f3 de cada extraescolar aneu a la <a href=\"https:\/\/ampadelguillem.com\/serveis\/\">p\u00e0gina web de l&#8217;AMPA\u00a0\u00a0<\/a><\/p>\n<p><a href=\"https:\/\/docs.google.com\/forms\/d\/e\/1FAIpQLSdjowVnrXzBQ7afXEfjK2yAVMeRKVZNUagxfoZeY0ZdvVS0qw\/viewform\" target=\"_blank\" rel=\"noopener\">INSCRIPCI\u00d3 EXTRAESCOLARS<\/a><\/p>\n","protected":false},"excerpt":{"rendered":"<p>Amb la voluntat d\u2019omplir el llarg espai del migdia i satisfer la demanda educativa dels nens i nenes que formen l\u2019escola intentem oferir un ampli ventall d\u2019activitats. No obstant aix\u00f2, les places s\u00f3n limitades, i degut a la normativa COVID, per ara els grups hauran de ser de m\u00e0xim 10 persones, que es comptabilitzaran per [&hellip;]<\/p>\n","protected":false},"author":1,"featured_media":0,"parent":0,"menu_order":60,"comment_status":"closed","ping_status":"closed","template":"","meta":{"_bbp_topic_count":0,"_bbp_reply_count":0,"_bbp_total_topic_count":0,"_bbp_total_reply_count":0,"_bbp_voice_count":0,"_bbp_anonymous_reply_count":0,"_bbp_topic_count_hidden":0,"_bbp_reply_count_hidden":0,"_bbp_forum_subforum_count":0,"site-sidebar-layout":"default","site-content-layout":"","ast-site-content-layout":"","site-content-style":"default","site-sidebar-style":"default","ast-global-header-display":"","ast-banner-title-visibility":"","ast-main-header-display":"","ast-hfb-above-header-display":"","ast-hfb-below-header-display":"","ast-hfb-mobile-header-display":"","site-post-title":"","ast-breadcrumbs-content":"","ast-featured-img":"","footer-sml-layout":"","theme-transparent-header-meta":"","adv-header-id-meta":"","stick-header-meta":"","header-above-stick-meta":"","header-main-stick-meta":"","header-below-stick-meta":"","astra-migrate-meta-layouts":"default","ast-page-background-enabled":"default","ast-page-background-meta":{"desktop":{"background-color":"var(--ast-global-color-4)","background-image":"","background-repeat":"repeat","background-position":"center center","background-size":"auto","background-attachment":"scroll","background-type":"","background-media":"","overlay-type":"","overlay-color":"","overlay-opacity":"","overlay-gradient":""},"tablet":{"background-color":"","background-image":"","background-repeat":"repeat","background-position":"center center","background-size":"auto","background-attachment":"scroll","background-type":"","background-media":"","overlay-type":"","overlay-color":"","overlay-opacity":"","overlay-gradient":""},"mobile":{"background-color":"","background-image":"","background-repeat":"repeat","background-position":"center center","background-size":"auto","background-attachment":"scroll","background-type":"","background-media":"","overlay-type":"","overlay-color":"","overlay-opacity":"","overlay-gradient":""}},"ast-content-background-meta":{"desktop":{"background-color":"var(--ast-global-color-5)","background-image":"","background-repeat":"repeat","background-position":"center center","background-size":"auto","background-attachment":"scroll","background-type":"","background-media":"","overlay-type":"","overlay-color":"","overlay-opacity":"","overlay-gradient":""},"tablet":{"background-color":"var(--ast-global-color-5)","background-image":"","background-repeat":"repeat","background-position":"center center","background-size":"auto","background-attachment":"scroll","background-type":"","background-media":"","overlay-type":"","overlay-color":"","overlay-opacity":"","overlay-gradient":""},"mobile":{"background-color":"var(--ast-global-color-5)","background-image":"","background-repeat":"repeat","background-position":"center center","background-size":"auto","background-attachment":"scroll","background-type":"","background-media":"","overlay-type":"","overlay-color":"","overlay-opacity":"","overlay-gradient":""}},"footnotes":""},"class_list":["post-84","page","type-page","status-publish","hentry"],"post_mailing_queue_ids":[],"_links":{"self":[{"href":"https:\/\/agora.xtec.cat\/ceip-guillemdemontgri\/wp-json\/wp\/v2\/pages\/84","targetHints":{"allow":["GET"]}}],"collection":[{"href":"https:\/\/agora.xtec.cat\/ceip-guillemdemontgri\/wp-json\/wp\/v2\/pages"}],"about":[{"href":"https:\/\/agora.xtec.cat\/ceip-guillemdemontgri\/wp-json\/wp\/v2\/types\/page"}],"author":[{"embeddable":true,"href":"https:\/\/agora.xtec.cat\/ceip-guillemdemontgri\/wp-json\/wp\/v2\/users\/1"}],"replies":[{"embeddable":true,"href":"https:\/\/agora.xtec.cat\/ceip-guillemdemontgri\/wp-json\/wp\/v2\/comments?post=84"}],"version-history":[{"count":3,"href":"https:\/\/agora.xtec.cat\/ceip-guillemdemontgri\/wp-json\/wp\/v2\/pages\/84\/revisions"}],"predecessor-version":[{"id":19633,"href":"https:\/\/agora.xtec.cat\/ceip-guillemdemontgri\/wp-json\/wp\/v2\/pages\/84\/revisions\/19633"}],"wp:attachment":[{"href":"https:\/\/agora.xtec.cat\/ceip-guillemdemontgri\/wp-json\/wp\/v2\/media?parent=84"}],"curies":[{"name":"wp","href":"https:\/\/api.w.org\/{rel}","templated":true}]}}