{"id":298,"date":"2016-02-22T09:10:53","date_gmt":"2016-02-22T08:10:53","guid":{"rendered":"http:\/\/agora.xtec.cat\/ceip-guillemdemontgri\/?page_id=298"},"modified":"2017-10-04T13:14:32","modified_gmt":"2017-10-04T11:14:32","slug":"tennis","status":"publish","type":"page","link":"https:\/\/agora.xtec.cat\/ceip-guillemdemontgri\/activitats-extraescolars\/tennis\/","title":{"rendered":"Tennis"},"content":{"rendered":"<p style=\"text-align: justify;\">Activitat de tennis en la que es treballen les habilitats psicomotrius i la familiaritzaci\u00f3 amb el m\u00f3n del tennis mitjan\u00e7ant jocs i t\u00e8cniques adaptades a les edats dels nens per assolir els primers aprenentatges, conductes i h\u00e0bits tenn\u00edstics.<\/p>\n<ul>\n<li><b>Monitora:<\/b> Petra van Kessel del Club Tennis Baix Empord\u00e0.<\/li>\n<li><b>Cursos:<\/b> de 1er a 6\u00e8.<\/li>\n<li><b>Horari:<\/b> Migdia (50 minuts a la setmana).<\/li>\n<li><b>Preu aproximat:<\/b> 28 \u20ac\/mes. Pagament trimestral.<\/li>\n<li><b>Informaci\u00f3 de l\u2019activitat:<\/b> <a href=\"mailto:ctbaixemporda@hotmail.com\">ctbaixemporda@hotmail.com<\/a><\/li>\n<\/ul>\n","protected":false},"excerpt":{"rendered":"<p>Activitat de tennis en la que es treballen les habilitats psicomotrius i la familiaritzaci\u00f3 amb el m\u00f3n del tennis mitjan\u00e7ant jocs i t\u00e8cniques adaptades a les edats dels nens per assolir els primers aprenentatges, conductes i h\u00e0bits tenn\u00edstics. Monitora: Petra van Kessel del Club Tennis Baix Empord\u00e0. Cursos: de 1er a 6\u00e8. Horari: Migdia (50 [&hellip;]<\/p>\n","protected":false},"author":1,"featured_media":0,"parent":84,"menu_order":0,"comment_status":"closed","ping_status":"closed","template":"page-templates\/side-menu.php","meta":{"_bbp_topic_count":0,"_bbp_reply_count":0,"_bbp_total_topic_count":0,"_bbp_total_reply_count":0,"_bbp_voice_count":0,"_bbp_anonymous_reply_count":0,"_bbp_topic_count_hidden":0,"_bbp_reply_count_hidden":0,"_bbp_forum_subforum_count":0,"site-sidebar-layout":"default","site-content-layout":"","ast-site-content-layout":"","site-content-style":"default","site-sidebar-style":"default","ast-global-header-display":"","ast-banner-title-visibility":"","ast-main-header-display":"","ast-hfb-above-header-display":"","ast-hfb-below-header-display":"","ast-hfb-mobile-header-display":"","site-post-title":"","ast-breadcrumbs-content":"","ast-featured-img":"","footer-sml-layout":"","theme-transparent-header-meta":"","adv-header-id-meta":"","stick-header-meta":"","header-above-stick-meta":"","header-main-stick-meta":"","header-below-stick-meta":"","astra-migrate-meta-layouts":"default","ast-page-background-enabled":"default","ast-page-background-meta":{"desktop":{"background-color":"var(--ast-global-color-4)","background-image":"","background-repeat":"repeat","background-position":"center center","background-size":"auto","background-attachment":"scroll","background-type":"","background-media":"","overlay-type":"","overlay-color":"","overlay-opacity":"","overlay-gradient":""},"tablet":{"background-color":"","background-image":"","background-repeat":"repeat","background-position":"center center","background-size":"auto","background-attachment":"scroll","background-type":"","background-media":"","overlay-type":"","overlay-color":"","overlay-opacity":"","overlay-gradient":""},"mobile":{"background-color":"","background-image":"","background-repeat":"repeat","background-position":"center center","background-size":"auto","background-attachment":"scroll","background-type":"","background-media":"","overlay-type":"","overlay-color":"","overlay-opacity":"","overlay-gradient":""}},"ast-content-background-meta":{"desktop":{"background-color":"var(--ast-global-color-5)","background-image":"","background-repeat":"repeat","background-position":"center center","background-size":"auto","background-attachment":"scroll","background-type":"","background-media":"","overlay-type":"","overlay-color":"","overlay-opacity":"","overlay-gradient":""},"tablet":{"background-color":"var(--ast-global-color-5)","background-image":"","background-repeat":"repeat","background-position":"center center","background-size":"auto","background-attachment":"scroll","background-type":"","background-media":"","overlay-type":"","overlay-color":"","overlay-opacity":"","overlay-gradient":""},"mobile":{"background-color":"var(--ast-global-color-5)","background-image":"","background-repeat":"repeat","background-position":"center center","background-size":"auto","background-attachment":"scroll","background-type":"","background-media":"","overlay-type":"","overlay-color":"","overlay-opacity":"","overlay-gradient":""}},"footnotes":""},"class_list":["post-298","page","type-page","status-publish","hentry"],"post_mailing_queue_ids":[],"_links":{"self":[{"href":"https:\/\/agora.xtec.cat\/ceip-guillemdemontgri\/wp-json\/wp\/v2\/pages\/298","targetHints":{"allow":["GET"]}}],"collection":[{"href":"https:\/\/agora.xtec.cat\/ceip-guillemdemontgri\/wp-json\/wp\/v2\/pages"}],"about":[{"href":"https:\/\/agora.xtec.cat\/ceip-guillemdemontgri\/wp-json\/wp\/v2\/types\/page"}],"author":[{"embeddable":true,"href":"https:\/\/agora.xtec.cat\/ceip-guillemdemontgri\/wp-json\/wp\/v2\/users\/1"}],"replies":[{"embeddable":true,"href":"https:\/\/agora.xtec.cat\/ceip-guillemdemontgri\/wp-json\/wp\/v2\/comments?post=298"}],"version-history":[{"count":3,"href":"https:\/\/agora.xtec.cat\/ceip-guillemdemontgri\/wp-json\/wp\/v2\/pages\/298\/revisions"}],"predecessor-version":[{"id":1716,"href":"https:\/\/agora.xtec.cat\/ceip-guillemdemontgri\/wp-json\/wp\/v2\/pages\/298\/revisions\/1716"}],"up":[{"embeddable":true,"href":"https:\/\/agora.xtec.cat\/ceip-guillemdemontgri\/wp-json\/wp\/v2\/pages\/84"}],"wp:attachment":[{"href":"https:\/\/agora.xtec.cat\/ceip-guillemdemontgri\/wp-json\/wp\/v2\/media?parent=298"}],"curies":[{"name":"wp","href":"https:\/\/api.w.org\/{rel}","templated":true}]}}