{"id":296,"date":"2016-02-22T09:10:33","date_gmt":"2016-02-22T08:10:33","guid":{"rendered":"http:\/\/agora.xtec.cat\/ceip-guillemdemontgri\/?page_id=296"},"modified":"2017-10-04T13:14:16","modified_gmt":"2017-10-04T11:14:16","slug":"taller-de-tambors","status":"publish","type":"page","link":"https:\/\/agora.xtec.cat\/ceip-guillemdemontgri\/activitats-extraescolars\/taller-de-tambors\/","title":{"rendered":"Teatre en angl\u00e8s"},"content":{"rendered":"<p style=\"text-align: justify;\">El teatre t\u00e9 el poder m\u00e0gic d&#8217;inspirar, motivar i educar. La combinaci\u00f3 de classe de teatre amb angl\u00e8s \u00e9s una eina potent per enfortir l&#8217;autoconfian\u00e7a i l&#8217;autoexpressi\u00f3, desenvolupar les habilitats de pensament cr\u00edtic i fomentar la capacitat de comunicar-se en un idioma estranger.<\/p>\n<ul>\n<li><b>Monitor:<\/b>\u00a0Danielle Balfour Jones<\/li>\n<li><b>Cursos:<\/b> de 1r a 6\u00e8.<\/li>\n<li><b>Horari:<\/b> Migdia (1 hora a la setmana).<\/li>\n<li><b>Preu:<\/b>\u00a0144 euros el curs (repartits en tres pagaments de 48 \u20ac)<\/li>\n<\/ul>\n","protected":false},"excerpt":{"rendered":"<p>El teatre t\u00e9 el poder m\u00e0gic d&#8217;inspirar, motivar i educar. La combinaci\u00f3 de classe de teatre amb angl\u00e8s \u00e9s una eina potent per enfortir l&#8217;autoconfian\u00e7a i l&#8217;autoexpressi\u00f3, desenvolupar les habilitats de pensament cr\u00edtic i fomentar la capacitat de comunicar-se en un idioma estranger. Monitor:\u00a0Danielle Balfour Jones Cursos: de 1r a 6\u00e8. Horari: Migdia (1 hora [&hellip;]<\/p>\n","protected":false},"author":1,"featured_media":0,"parent":84,"menu_order":0,"comment_status":"closed","ping_status":"closed","template":"page-templates\/side-menu.php","meta":{"_bbp_topic_count":0,"_bbp_reply_count":0,"_bbp_total_topic_count":0,"_bbp_total_reply_count":0,"_bbp_voice_count":0,"_bbp_anonymous_reply_count":0,"_bbp_topic_count_hidden":0,"_bbp_reply_count_hidden":0,"_bbp_forum_subforum_count":0,"site-sidebar-layout":"default","site-content-layout":"","ast-site-content-layout":"","site-content-style":"default","site-sidebar-style":"default","ast-global-header-display":"","ast-banner-title-visibility":"","ast-main-header-display":"","ast-hfb-above-header-display":"","ast-hfb-below-header-display":"","ast-hfb-mobile-header-display":"","site-post-title":"","ast-breadcrumbs-content":"","ast-featured-img":"","footer-sml-layout":"","theme-transparent-header-meta":"","adv-header-id-meta":"","stick-header-meta":"","header-above-stick-meta":"","header-main-stick-meta":"","header-below-stick-meta":"","astra-migrate-meta-layouts":"default","ast-page-background-enabled":"default","ast-page-background-meta":{"desktop":{"background-color":"var(--ast-global-color-4)","background-image":"","background-repeat":"repeat","background-position":"center center","background-size":"auto","background-attachment":"scroll","background-type":"","background-media":"","overlay-type":"","overlay-color":"","overlay-opacity":"","overlay-gradient":""},"tablet":{"background-color":"","background-image":"","background-repeat":"repeat","background-position":"center center","background-size":"auto","background-attachment":"scroll","background-type":"","background-media":"","overlay-type":"","overlay-color":"","overlay-opacity":"","overlay-gradient":""},"mobile":{"background-color":"","background-image":"","background-repeat":"repeat","background-position":"center center","background-size":"auto","background-attachment":"scroll","background-type":"","background-media":"","overlay-type":"","overlay-color":"","overlay-opacity":"","overlay-gradient":""}},"ast-content-background-meta":{"desktop":{"background-color":"var(--ast-global-color-5)","background-image":"","background-repeat":"repeat","background-position":"center center","background-size":"auto","background-attachment":"scroll","background-type":"","background-media":"","overlay-type":"","overlay-color":"","overlay-opacity":"","overlay-gradient":""},"tablet":{"background-color":"var(--ast-global-color-5)","background-image":"","background-repeat":"repeat","background-position":"center center","background-size":"auto","background-attachment":"scroll","background-type":"","background-media":"","overlay-type":"","overlay-color":"","overlay-opacity":"","overlay-gradient":""},"mobile":{"background-color":"var(--ast-global-color-5)","background-image":"","background-repeat":"repeat","background-position":"center center","background-size":"auto","background-attachment":"scroll","background-type":"","background-media":"","overlay-type":"","overlay-color":"","overlay-opacity":"","overlay-gradient":""}},"footnotes":""},"class_list":["post-296","page","type-page","status-publish","hentry"],"post_mailing_queue_ids":[],"_links":{"self":[{"href":"https:\/\/agora.xtec.cat\/ceip-guillemdemontgri\/wp-json\/wp\/v2\/pages\/296","targetHints":{"allow":["GET"]}}],"collection":[{"href":"https:\/\/agora.xtec.cat\/ceip-guillemdemontgri\/wp-json\/wp\/v2\/pages"}],"about":[{"href":"https:\/\/agora.xtec.cat\/ceip-guillemdemontgri\/wp-json\/wp\/v2\/types\/page"}],"author":[{"embeddable":true,"href":"https:\/\/agora.xtec.cat\/ceip-guillemdemontgri\/wp-json\/wp\/v2\/users\/1"}],"replies":[{"embeddable":true,"href":"https:\/\/agora.xtec.cat\/ceip-guillemdemontgri\/wp-json\/wp\/v2\/comments?post=296"}],"version-history":[{"count":3,"href":"https:\/\/agora.xtec.cat\/ceip-guillemdemontgri\/wp-json\/wp\/v2\/pages\/296\/revisions"}],"predecessor-version":[{"id":1715,"href":"https:\/\/agora.xtec.cat\/ceip-guillemdemontgri\/wp-json\/wp\/v2\/pages\/296\/revisions\/1715"}],"up":[{"embeddable":true,"href":"https:\/\/agora.xtec.cat\/ceip-guillemdemontgri\/wp-json\/wp\/v2\/pages\/84"}],"wp:attachment":[{"href":"https:\/\/agora.xtec.cat\/ceip-guillemdemontgri\/wp-json\/wp\/v2\/media?parent=296"}],"curies":[{"name":"wp","href":"https:\/\/api.w.org\/{rel}","templated":true}]}}