{"id":286,"date":"2016-02-22T09:08:41","date_gmt":"2016-02-22T08:08:41","guid":{"rendered":"http:\/\/agora.xtec.cat\/ceip-guillemdemontgri\/?page_id=286"},"modified":"2017-10-04T13:13:06","modified_gmt":"2017-10-04T11:13:06","slug":"dansa-creativa","status":"publish","type":"page","link":"https:\/\/agora.xtec.cat\/ceip-guillemdemontgri\/activitats-extraescolars\/dansa-creativa\/","title":{"rendered":"Dansa creativa"},"content":{"rendered":"<p style=\"text-align: justify;\">La dansa creativa \u00e9s un aprenentatge espec\u00edfic que t\u00e9 com objectiu donar una formaci\u00f3 amb la que els alumnes aprenguin a moure&#8217;s amb seguretat i efic\u00e0cia, emprenent un cam\u00ed cap a una capacitat d&#8217;expressi\u00f3 aut\u00f2noma, creadora i satisfact\u00f2ria.<\/p>\n<div>\n<ul>\n<li><b>Monitora: <\/b>Merc\u00e8 Sarda.<\/li>\n<li><b>Cursos:<\/b> de P3 a 6\u00e8.<\/li>\n<li><b>Horari:<\/b> Migdia (1 hora a la setmana).<\/li>\n<li><b>Preu:<\/b> 165 \u20ac el curs (3 x 55 \u20ac).<\/li>\n<\/ul>\n<\/div>\n","protected":false},"excerpt":{"rendered":"<p>La dansa creativa \u00e9s un aprenentatge espec\u00edfic que t\u00e9 com objectiu donar una formaci\u00f3 amb la que els alumnes aprenguin a moure&#8217;s amb seguretat i efic\u00e0cia, emprenent un cam\u00ed cap a una capacitat d&#8217;expressi\u00f3 aut\u00f2noma, creadora i satisfact\u00f2ria. Monitora: Merc\u00e8 Sarda. Cursos: de P3 a 6\u00e8. Horari: Migdia (1 hora a la setmana). Preu: 165 [&hellip;]<\/p>\n","protected":false},"author":1,"featured_media":0,"parent":84,"menu_order":0,"comment_status":"closed","ping_status":"closed","template":"page-templates\/side-menu.php","meta":{"_bbp_topic_count":0,"_bbp_reply_count":0,"_bbp_total_topic_count":0,"_bbp_total_reply_count":0,"_bbp_voice_count":0,"_bbp_anonymous_reply_count":0,"_bbp_topic_count_hidden":0,"_bbp_reply_count_hidden":0,"_bbp_forum_subforum_count":0,"site-sidebar-layout":"default","site-content-layout":"","ast-site-content-layout":"","site-content-style":"default","site-sidebar-style":"default","ast-global-header-display":"","ast-banner-title-visibility":"","ast-main-header-display":"","ast-hfb-above-header-display":"","ast-hfb-below-header-display":"","ast-hfb-mobile-header-display":"","site-post-title":"","ast-breadcrumbs-content":"","ast-featured-img":"","footer-sml-layout":"","theme-transparent-header-meta":"","adv-header-id-meta":"","stick-header-meta":"","header-above-stick-meta":"","header-main-stick-meta":"","header-below-stick-meta":"","astra-migrate-meta-layouts":"default","ast-page-background-enabled":"default","ast-page-background-meta":{"desktop":{"background-color":"var(--ast-global-color-4)","background-image":"","background-repeat":"repeat","background-position":"center center","background-size":"auto","background-attachment":"scroll","background-type":"","background-media":"","overlay-type":"","overlay-color":"","overlay-opacity":"","overlay-gradient":""},"tablet":{"background-color":"","background-image":"","background-repeat":"repeat","background-position":"center center","background-size":"auto","background-attachment":"scroll","background-type":"","background-media":"","overlay-type":"","overlay-color":"","overlay-opacity":"","overlay-gradient":""},"mobile":{"background-color":"","background-image":"","background-repeat":"repeat","background-position":"center center","background-size":"auto","background-attachment":"scroll","background-type":"","background-media":"","overlay-type":"","overlay-color":"","overlay-opacity":"","overlay-gradient":""}},"ast-content-background-meta":{"desktop":{"background-color":"var(--ast-global-color-5)","background-image":"","background-repeat":"repeat","background-position":"center center","background-size":"auto","background-attachment":"scroll","background-type":"","background-media":"","overlay-type":"","overlay-color":"","overlay-opacity":"","overlay-gradient":""},"tablet":{"background-color":"var(--ast-global-color-5)","background-image":"","background-repeat":"repeat","background-position":"center center","background-size":"auto","background-attachment":"scroll","background-type":"","background-media":"","overlay-type":"","overlay-color":"","overlay-opacity":"","overlay-gradient":""},"mobile":{"background-color":"var(--ast-global-color-5)","background-image":"","background-repeat":"repeat","background-position":"center center","background-size":"auto","background-attachment":"scroll","background-type":"","background-media":"","overlay-type":"","overlay-color":"","overlay-opacity":"","overlay-gradient":""}},"footnotes":""},"class_list":["post-286","page","type-page","status-publish","hentry"],"post_mailing_queue_ids":[],"_links":{"self":[{"href":"https:\/\/agora.xtec.cat\/ceip-guillemdemontgri\/wp-json\/wp\/v2\/pages\/286","targetHints":{"allow":["GET"]}}],"collection":[{"href":"https:\/\/agora.xtec.cat\/ceip-guillemdemontgri\/wp-json\/wp\/v2\/pages"}],"about":[{"href":"https:\/\/agora.xtec.cat\/ceip-guillemdemontgri\/wp-json\/wp\/v2\/types\/page"}],"author":[{"embeddable":true,"href":"https:\/\/agora.xtec.cat\/ceip-guillemdemontgri\/wp-json\/wp\/v2\/users\/1"}],"replies":[{"embeddable":true,"href":"https:\/\/agora.xtec.cat\/ceip-guillemdemontgri\/wp-json\/wp\/v2\/comments?post=286"}],"version-history":[{"count":3,"href":"https:\/\/agora.xtec.cat\/ceip-guillemdemontgri\/wp-json\/wp\/v2\/pages\/286\/revisions"}],"predecessor-version":[{"id":1711,"href":"https:\/\/agora.xtec.cat\/ceip-guillemdemontgri\/wp-json\/wp\/v2\/pages\/286\/revisions\/1711"}],"up":[{"embeddable":true,"href":"https:\/\/agora.xtec.cat\/ceip-guillemdemontgri\/wp-json\/wp\/v2\/pages\/84"}],"wp:attachment":[{"href":"https:\/\/agora.xtec.cat\/ceip-guillemdemontgri\/wp-json\/wp\/v2\/media?parent=286"}],"curies":[{"name":"wp","href":"https:\/\/api.w.org\/{rel}","templated":true}]}}