{"id":280,"date":"2016-02-22T09:07:23","date_gmt":"2016-02-22T08:07:23","guid":{"rendered":"http:\/\/agora.xtec.cat\/ceip-guillemdemontgri\/?page_id=280"},"modified":"2017-10-04T13:06:22","modified_gmt":"2017-10-04T11:06:22","slug":"activitats-de-plastica","status":"publish","type":"page","link":"https:\/\/agora.xtec.cat\/ceip-guillemdemontgri\/activitats-extraescolars\/activitats-de-plastica\/","title":{"rendered":"Pl\u00e0stica"},"content":{"rendered":"<p>Les activitats de pl\u00e0stica es divideixen en tres tallers:<\/p>\n<ul style=\"list-style-type: circle;\">\n<li style=\"text-align: justify;\"><b>Capgrossos:<\/b> aquest any aquesta activitat s&#8217;obre a m\u00e9s edats, s&#8217;adaptaran els materials i les t\u00e8cniques m\u00e9s adequades segons les edats dels grups.<\/li>\n<li style=\"text-align: justify;\"><b>Volum i construcci\u00f3:<\/b> Construccions amb volum, treballant les tres dimensions mitjan\u00e7ant diferents materials: fang, fusta, cart\u00f3, paper, &#8220;goma-eva&#8221;&#8230; La part pict\u00f2rica ser\u00e0 donar color a aquestes construccions.<\/li>\n<li style=\"text-align: justify;\"><b>Laboratori pl\u00e0stic:<\/b> Activitat per descobrir com fer els colors per mitj\u00e0 dels pigments i barreges amb materials per fer-nos les pintures. Saber com es fa el paper, experimentar amb l&#8217;estampaci\u00f3 i tenyits&#8230;<\/li>\n<\/ul>\n<ul style=\"list-style-type: square;\">\n<li><b>Monitora:<\/b> Mamen Garde.<\/li>\n<li><b>Taller de capgrossos,<\/b> cursos: de 1er a 6\u00e8.<\/li>\n<li><b>Taller de volum i construcci\u00f3,<\/b> cursos: de P3 a 6\u00e8.<\/li>\n<li><b>Laboratori pl\u00e0stic<\/b>, cursos: de P3 a 6\u00e8.<\/li>\n<li><b>Horari:<\/b> Migdia (1 hora a la setmana).<\/li>\n<li><b>Preu:<\/b> 144 \u20ac el curs (repartits en tres pagaments de 48 \u20ac).<\/li>\n<\/ul>\n","protected":false},"excerpt":{"rendered":"<p>Les activitats de pl\u00e0stica es divideixen en tres tallers: Capgrossos: aquest any aquesta activitat s&#8217;obre a m\u00e9s edats, s&#8217;adaptaran els materials i les t\u00e8cniques m\u00e9s adequades segons les edats dels grups. Volum i construcci\u00f3: Construccions amb volum, treballant les tres dimensions mitjan\u00e7ant diferents materials: fang, fusta, cart\u00f3, paper, &#8220;goma-eva&#8221;&#8230; La part pict\u00f2rica ser\u00e0 donar color [&hellip;]<\/p>\n","protected":false},"author":1,"featured_media":0,"parent":84,"menu_order":0,"comment_status":"closed","ping_status":"closed","template":"page-templates\/side-menu.php","meta":{"_bbp_topic_count":0,"_bbp_reply_count":0,"_bbp_total_topic_count":0,"_bbp_total_reply_count":0,"_bbp_voice_count":0,"_bbp_anonymous_reply_count":0,"_bbp_topic_count_hidden":0,"_bbp_reply_count_hidden":0,"_bbp_forum_subforum_count":0,"site-sidebar-layout":"default","site-content-layout":"","ast-site-content-layout":"","site-content-style":"default","site-sidebar-style":"default","ast-global-header-display":"","ast-banner-title-visibility":"","ast-main-header-display":"","ast-hfb-above-header-display":"","ast-hfb-below-header-display":"","ast-hfb-mobile-header-display":"","site-post-title":"","ast-breadcrumbs-content":"","ast-featured-img":"","footer-sml-layout":"","theme-transparent-header-meta":"","adv-header-id-meta":"","stick-header-meta":"","header-above-stick-meta":"","header-main-stick-meta":"","header-below-stick-meta":"","astra-migrate-meta-layouts":"default","ast-page-background-enabled":"default","ast-page-background-meta":{"desktop":{"background-color":"var(--ast-global-color-4)","background-image":"","background-repeat":"repeat","background-position":"center center","background-size":"auto","background-attachment":"scroll","background-type":"","background-media":"","overlay-type":"","overlay-color":"","overlay-opacity":"","overlay-gradient":""},"tablet":{"background-color":"","background-image":"","background-repeat":"repeat","background-position":"center center","background-size":"auto","background-attachment":"scroll","background-type":"","background-media":"","overlay-type":"","overlay-color":"","overlay-opacity":"","overlay-gradient":""},"mobile":{"background-color":"","background-image":"","background-repeat":"repeat","background-position":"center center","background-size":"auto","background-attachment":"scroll","background-type":"","background-media":"","overlay-type":"","overlay-color":"","overlay-opacity":"","overlay-gradient":""}},"ast-content-background-meta":{"desktop":{"background-color":"var(--ast-global-color-5)","background-image":"","background-repeat":"repeat","background-position":"center center","background-size":"auto","background-attachment":"scroll","background-type":"","background-media":"","overlay-type":"","overlay-color":"","overlay-opacity":"","overlay-gradient":""},"tablet":{"background-color":"var(--ast-global-color-5)","background-image":"","background-repeat":"repeat","background-position":"center center","background-size":"auto","background-attachment":"scroll","background-type":"","background-media":"","overlay-type":"","overlay-color":"","overlay-opacity":"","overlay-gradient":""},"mobile":{"background-color":"var(--ast-global-color-5)","background-image":"","background-repeat":"repeat","background-position":"center center","background-size":"auto","background-attachment":"scroll","background-type":"","background-media":"","overlay-type":"","overlay-color":"","overlay-opacity":"","overlay-gradient":""}},"footnotes":""},"class_list":["post-280","page","type-page","status-publish","hentry"],"post_mailing_queue_ids":[],"_links":{"self":[{"href":"https:\/\/agora.xtec.cat\/ceip-guillemdemontgri\/wp-json\/wp\/v2\/pages\/280","targetHints":{"allow":["GET"]}}],"collection":[{"href":"https:\/\/agora.xtec.cat\/ceip-guillemdemontgri\/wp-json\/wp\/v2\/pages"}],"about":[{"href":"https:\/\/agora.xtec.cat\/ceip-guillemdemontgri\/wp-json\/wp\/v2\/types\/page"}],"author":[{"embeddable":true,"href":"https:\/\/agora.xtec.cat\/ceip-guillemdemontgri\/wp-json\/wp\/v2\/users\/1"}],"replies":[{"embeddable":true,"href":"https:\/\/agora.xtec.cat\/ceip-guillemdemontgri\/wp-json\/wp\/v2\/comments?post=280"}],"version-history":[{"count":3,"href":"https:\/\/agora.xtec.cat\/ceip-guillemdemontgri\/wp-json\/wp\/v2\/pages\/280\/revisions"}],"predecessor-version":[{"id":1708,"href":"https:\/\/agora.xtec.cat\/ceip-guillemdemontgri\/wp-json\/wp\/v2\/pages\/280\/revisions\/1708"}],"up":[{"embeddable":true,"href":"https:\/\/agora.xtec.cat\/ceip-guillemdemontgri\/wp-json\/wp\/v2\/pages\/84"}],"wp:attachment":[{"href":"https:\/\/agora.xtec.cat\/ceip-guillemdemontgri\/wp-json\/wp\/v2\/media?parent=280"}],"curies":[{"name":"wp","href":"https:\/\/api.w.org\/{rel}","templated":true}]}}