{"id":26,"date":"2014-09-18T12:24:32","date_gmt":"2014-09-18T11:24:32","guid":{"rendered":"http:\/\/agora.xtec.cat\/ceip-guillemdemontgri\/?page_id=26"},"modified":"2023-10-30T09:46:49","modified_gmt":"2023-10-30T08:46:49","slug":"historia","status":"publish","type":"page","link":"https:\/\/agora.xtec.cat\/ceip-guillemdemontgri\/historia\/","title":{"rendered":"El Guillem de Montgr\u00ed"},"content":{"rendered":"<h2>Els seus or\u00edgens<\/h2>\n<p style=\"text-align: justify;\">Abans de 1982, les escoles p\u00fabliques de Torroella de Montgr\u00ed estava ubicades a l\u2019edifici anomenat popularment \u201cEl Convent dels Agustins\u201d. L\u2019edifici va ser un monestir fundat el 1396 per la congregaci\u00f3 del pares Agustins. Els frares del convent varen viure m\u00e9s de quatre segles en aquest edifici, per\u00f2 el varen haver d\u2019abandonar perseguits pel govern. Va ser a principis del segle XX quan l\u2019ajuntament va adequar una part de l\u2019edifici per fer-ne les escoles. Professors com el Sr. Pere Blasi i el Sr. Josep Tom\u00e0s\u00a0 varen donar un fort impuls a l\u2019educaci\u00f3 dels infants de Torroella de Montgr\u00ed. Les escoles durant molts anys es van anomenar \u201cGraduada Escolar de Ni\u00f1as\u201d i \u201cGraduada Escolar de Ni\u00f1os\u201d, dos centres totalment separats, que compartien el mateix edifici. A finals dels anys 60, les dues escoles es varen unificar amb el nom de \u201cAgrupaci\u00f3n Escolar Mixta\u201d.<\/p>\n<h2>La necessitat d\u2019una nova escola<\/h2>\n<p style=\"text-align: justify;\">L\u2019alumnat anava cada any en augment i es van haver d\u2019habilitar altres locals de l\u2019edifici. Es va posar en funcionament el menjador escolar i es varen crear 6 noves places de mestres. Amb la nova llei d\u2019educaci\u00f3 de l\u2019any 1970, els alumnes feien fins a 8\u00e8 d\u2019EGB. Va\u00a0 ser en aquest per\u00edode quan se li posa el nom de Guillem de Montgr\u00ed a l\u2019escola.<br \/>\nA partir del 1972 la directora Sra. Agustina Su\u00f1\u00e9, amb el recolzament de tot el professorat, va demanar a la inspecci\u00f3 la creaci\u00f3 d\u2019un edifici de 16 unitats. La negativa de la inspecci\u00f3 a fer una nova escola va obligar a tots els mestres a fer una manifestaci\u00f3 a la pla\u00e7a de la vila, motiu que va tenir com a conseq\u00fc\u00e8ncia el\u00a0 cessament de la directora.<br \/>\nLa manca d\u2019espais era tan evident que fins i tot el moss\u00e8n Mn. Josep Quer va haver de cedir del aules de \u201cl\u2019Esplai\u201d per a\u00a0 poder fer les classes de 7\u00e8 i 8\u00e8 d\u2019EGB.\u00a0 Cansats de no poder aconseguir les 16 unitats per la nova escola, representants de la comunitat educativa es varen presentar davant el delegat Sr. Artur Calsina per exposar-li les seves reivindicacions. Gr\u00e0cies a la visita davant del delegat, al recolzament de la Inspectora Sra. Anna Oriol i a la carta que va enviar el\u00a0 Sr. Redondo, director del Banc Central de Torroella\u00a0 al seu amic i company d\u2019estudis, en aquell moment\u00a0 Ministre d\u2019Educaci\u00f3, Sr. Cruz Mart\u00ednez Esteruelas, es va tirar endavant el projecte de l\u2019escola de 16 unitats.<\/p>\n<h2 style=\"text-align: justify;\">La nova escola<\/h2>\n<p style=\"text-align: justify;\">El gener\u00a0 de l\u2019any 1982, es va estrenar l&#8217;edifici de prim\u00e0ria l&#8217;escola Guillem de Montgr\u00ed, situada\u00a0 al carrer Roser 81 de Torroella.<\/p>\n<p style=\"text-align: justify;\">El 1987 s\u2019inaugura el nou edifici de parvulari situat a la zona nord del Guillem, en el n\u00famero 83 del carrer Roser de Torroella. El parvulari es va construir en tres fases, primer es varen construir quatre aules que eren destinades als alumnes de I4 i de I5 i posteriorment les aules de I3.<\/p>\n","protected":false},"excerpt":{"rendered":"<p>Els seus or\u00edgens Abans de 1982, les escoles p\u00fabliques de Torroella de Montgr\u00ed estava ubicades a l\u2019edifici anomenat popularment \u201cEl Convent dels Agustins\u201d. L\u2019edifici va ser un monestir fundat el 1396 per la congregaci\u00f3 del pares Agustins. Els frares del convent varen viure m\u00e9s de quatre segles en aquest edifici, per\u00f2 el varen haver d\u2019abandonar [&hellip;]<\/p>\n","protected":false},"author":1,"featured_media":0,"parent":0,"menu_order":20,"comment_status":"closed","ping_status":"closed","template":"","meta":{"_bbp_topic_count":0,"_bbp_reply_count":0,"_bbp_total_topic_count":0,"_bbp_total_reply_count":0,"_bbp_voice_count":0,"_bbp_anonymous_reply_count":0,"_bbp_topic_count_hidden":0,"_bbp_reply_count_hidden":0,"_bbp_forum_subforum_count":0,"site-sidebar-layout":"default","site-content-layout":"","ast-site-content-layout":"","site-content-style":"default","site-sidebar-style":"default","ast-global-header-display":"","ast-banner-title-visibility":"","ast-main-header-display":"","ast-hfb-above-header-display":"","ast-hfb-below-header-display":"","ast-hfb-mobile-header-display":"","site-post-title":"","ast-breadcrumbs-content":"","ast-featured-img":"","footer-sml-layout":"","theme-transparent-header-meta":"","adv-header-id-meta":"","stick-header-meta":"","header-above-stick-meta":"","header-main-stick-meta":"","header-below-stick-meta":"","astra-migrate-meta-layouts":"default","ast-page-background-enabled":"default","ast-page-background-meta":{"desktop":{"background-color":"var(--ast-global-color-4)","background-image":"","background-repeat":"repeat","background-position":"center center","background-size":"auto","background-attachment":"scroll","background-type":"","background-media":"","overlay-type":"","overlay-color":"","overlay-opacity":"","overlay-gradient":""},"tablet":{"background-color":"","background-image":"","background-repeat":"repeat","background-position":"center center","background-size":"auto","background-attachment":"scroll","background-type":"","background-media":"","overlay-type":"","overlay-color":"","overlay-opacity":"","overlay-gradient":""},"mobile":{"background-color":"","background-image":"","background-repeat":"repeat","background-position":"center center","background-size":"auto","background-attachment":"scroll","background-type":"","background-media":"","overlay-type":"","overlay-color":"","overlay-opacity":"","overlay-gradient":""}},"ast-content-background-meta":{"desktop":{"background-color":"var(--ast-global-color-5)","background-image":"","background-repeat":"repeat","background-position":"center center","background-size":"auto","background-attachment":"scroll","background-type":"","background-media":"","overlay-type":"","overlay-color":"","overlay-opacity":"","overlay-gradient":""},"tablet":{"background-color":"var(--ast-global-color-5)","background-image":"","background-repeat":"repeat","background-position":"center center","background-size":"auto","background-attachment":"scroll","background-type":"","background-media":"","overlay-type":"","overlay-color":"","overlay-opacity":"","overlay-gradient":""},"mobile":{"background-color":"var(--ast-global-color-5)","background-image":"","background-repeat":"repeat","background-position":"center center","background-size":"auto","background-attachment":"scroll","background-type":"","background-media":"","overlay-type":"","overlay-color":"","overlay-opacity":"","overlay-gradient":""}},"footnotes":""},"class_list":["post-26","page","type-page","status-publish","hentry"],"post_mailing_queue_ids":[],"_links":{"self":[{"href":"https:\/\/agora.xtec.cat\/ceip-guillemdemontgri\/wp-json\/wp\/v2\/pages\/26","targetHints":{"allow":["GET"]}}],"collection":[{"href":"https:\/\/agora.xtec.cat\/ceip-guillemdemontgri\/wp-json\/wp\/v2\/pages"}],"about":[{"href":"https:\/\/agora.xtec.cat\/ceip-guillemdemontgri\/wp-json\/wp\/v2\/types\/page"}],"author":[{"embeddable":true,"href":"https:\/\/agora.xtec.cat\/ceip-guillemdemontgri\/wp-json\/wp\/v2\/users\/1"}],"replies":[{"embeddable":true,"href":"https:\/\/agora.xtec.cat\/ceip-guillemdemontgri\/wp-json\/wp\/v2\/comments?post=26"}],"version-history":[{"count":5,"href":"https:\/\/agora.xtec.cat\/ceip-guillemdemontgri\/wp-json\/wp\/v2\/pages\/26\/revisions"}],"predecessor-version":[{"id":21119,"href":"https:\/\/agora.xtec.cat\/ceip-guillemdemontgri\/wp-json\/wp\/v2\/pages\/26\/revisions\/21119"}],"wp:attachment":[{"href":"https:\/\/agora.xtec.cat\/ceip-guillemdemontgri\/wp-json\/wp\/v2\/media?parent=26"}],"curies":[{"name":"wp","href":"https:\/\/api.w.org\/{rel}","templated":true}]}}