{"id":9,"date":"2014-09-17T15:08:18","date_gmt":"2014-09-17T14:08:18","guid":{"rendered":"http:\/\/agora.xtec.cat\/ceip-gerbert-d-orlhac\/?page_id=9"},"modified":"2026-01-24T12:23:58","modified_gmt":"2026-01-24T11:23:58","slug":"pagina-dinici-buida","status":"publish","type":"page","link":"https:\/\/agora.xtec.cat\/ceip-gerbert-d-orlhac\/","title":{"rendered":""},"content":{"rendered":"\n<div style=\"position: relative; width: 100%; height: 0; padding-top: 56.2500%; padding-bottom: 0; box-shadow: 0 2px 8px 0 rgba(63,69,81,0.16); margin-top: 1.6em; margin-bottom: 0.9em; overflow: hidden; border-radius: 8px; will-change: transform;\"><iframe style=\"position: absolute; width: 100%; height: 100%; top: 0; left: 0; border: none; padding: 0; margin: 0;\" src=\"https:\/\/www.canva.com\/design\/DAG-17gNW-I\/tt7GVHXQtS__TKwpiBODEw\/view?embed\" allowfullscreen=\"allowfullscreen\"> <\/iframe><\/div>\n<p><strong>Gr\u00e0cies per pensar en la nostra escola com a centre per a l&#8217;educaci\u00f3 dels vostres infants. Fam\u00edlia i escola de la m\u00e0!<\/strong><\/p>\n\n\n\n<p>Us convidem a omplir aquest\u00a0 <a href=\"https:\/\/forms.gle\/p8r84z51ZcrcrDHC6\">FORMULARI<\/a><a href=\"https:\/\/docs.google.com\/forms\/u\/2\/d\/e\/1FAIpQLSd_YqH7RFSt0xS4g5LLLY_D8ZbE0dL81DalPPkcLT5gwHvHPQ\/viewform?usp=send_form\"><\/a>\u00a0 per tal que ens pugueu transmetre els vostres dubtes i per poder tenir una previsi\u00f3 de l&#8217;aforament.<\/p>\n\n\n\n<p>La durada de la presentaci\u00f3 i visita al centre ser\u00e0 d\u2019aproximadament una hora i mitja.<br>Gr\u00e0cies.<\/p>\n\n\n\n<p><strong>Si teniu cap dubte o consulta, l\u2019equip directiu i personal d\u2019administraci\u00f3&nbsp;del Gerbert estem a la vostra disposici\u00f3 al correu del centre<\/strong>&nbsp;<a href=\"mailto:a8059871@xtec.cat\">a8059871@xtec.cat<\/a><\/p>\n\n\n\n<p>A la web de l\u2019escola us anirem informant.<\/p>\n\n\n\n<p>Recorda que pots subscriure\u2019t i t\u2019informarem de totes les novetats.<\/p>\n","protected":false},"excerpt":{"rendered":"<p>Gr\u00e0cies per pensar en la nostra escola com a centre per a l&#8217;educaci\u00f3 dels vostres infants. Fam\u00edlia i escola de la m\u00e0! Us convidem a omplir aquest\u00a0 FORMULARI\u00a0 per tal que ens pugueu transmetre els vostres dubtes i per poder tenir una previsi\u00f3 de l&#8217;aforament. La durada de la presentaci\u00f3 i visita al centre ser\u00e0 [&hellip;]<\/p>\n","protected":false},"author":1,"featured_media":4151,"parent":7,"menu_order":0,"comment_status":"closed","ping_status":"closed","template":"","meta":{"_bbp_topic_count":0,"_bbp_reply_count":0,"_bbp_total_topic_count":0,"_bbp_total_reply_count":0,"_bbp_voice_count":0,"_bbp_anonymous_reply_count":0,"_bbp_topic_count_hidden":0,"_bbp_reply_count_hidden":0,"_bbp_forum_subforum_count":0,"site-sidebar-layout":"default","site-content-layout":"","ast-site-content-layout":"default","site-content-style":"default","site-sidebar-style":"default","ast-global-header-display":"","ast-banner-title-visibility":"","ast-main-header-display":"","ast-hfb-above-header-display":"","ast-hfb-below-header-display":"","ast-hfb-mobile-header-display":"","site-post-title":"disabled","ast-breadcrumbs-content":"","ast-featured-img":"","footer-sml-layout":"","theme-transparent-header-meta":"default","adv-header-id-meta":"","stick-header-meta":"","header-above-stick-meta":"","header-main-stick-meta":"","header-below-stick-meta":"","astra-migrate-meta-layouts":"set","ast-page-background-enabled":"default","ast-page-background-meta":{"desktop":{"background-color":"var(--ast-global-color-4)","background-image":"","background-repeat":"repeat","background-position":"center center","background-size":"auto","background-attachment":"scroll","background-type":"","background-media":"","overlay-type":"","overlay-color":"","overlay-opacity":"","overlay-gradient":""},"tablet":{"background-color":"","background-image":"","background-repeat":"repeat","background-position":"center center","background-size":"auto","background-attachment":"scroll","background-type":"","background-media":"","overlay-type":"","overlay-color":"","overlay-opacity":"","overlay-gradient":""},"mobile":{"background-color":"","background-image":"","background-repeat":"repeat","background-position":"center center","background-size":"auto","background-attachment":"scroll","background-type":"","background-media":"","overlay-type":"","overlay-color":"","overlay-opacity":"","overlay-gradient":""}},"ast-content-background-meta":{"desktop":{"background-color":"var(--ast-global-color-5)","background-image":"","background-repeat":"repeat","background-position":"center center","background-size":"auto","background-attachment":"scroll","background-type":"","background-media":"","overlay-type":"","overlay-color":"","overlay-opacity":"","overlay-gradient":""},"tablet":{"background-color":"var(--ast-global-color-5)","background-image":"","background-repeat":"repeat","background-position":"center center","background-size":"auto","background-attachment":"scroll","background-type":"","background-media":"","overlay-type":"","overlay-color":"","overlay-opacity":"","overlay-gradient":""},"mobile":{"background-color":"var(--ast-global-color-5)","background-image":"","background-repeat":"repeat","background-position":"center center","background-size":"auto","background-attachment":"scroll","background-type":"","background-media":"","overlay-type":"","overlay-color":"","overlay-opacity":"","overlay-gradient":""}},"footnotes":""},"class_list":["post-9","page","type-page","status-publish","has-post-thumbnail","hentry"],"post_mailing_queue_ids":[],"_links":{"self":[{"href":"https:\/\/agora.xtec.cat\/ceip-gerbert-d-orlhac\/wp-json\/wp\/v2\/pages\/9","targetHints":{"allow":["GET"]}}],"collection":[{"href":"https:\/\/agora.xtec.cat\/ceip-gerbert-d-orlhac\/wp-json\/wp\/v2\/pages"}],"about":[{"href":"https:\/\/agora.xtec.cat\/ceip-gerbert-d-orlhac\/wp-json\/wp\/v2\/types\/page"}],"author":[{"embeddable":true,"href":"https:\/\/agora.xtec.cat\/ceip-gerbert-d-orlhac\/wp-json\/wp\/v2\/users\/1"}],"replies":[{"embeddable":true,"href":"https:\/\/agora.xtec.cat\/ceip-gerbert-d-orlhac\/wp-json\/wp\/v2\/comments?post=9"}],"version-history":[{"count":5,"href":"https:\/\/agora.xtec.cat\/ceip-gerbert-d-orlhac\/wp-json\/wp\/v2\/pages\/9\/revisions"}],"predecessor-version":[{"id":4164,"href":"https:\/\/agora.xtec.cat\/ceip-gerbert-d-orlhac\/wp-json\/wp\/v2\/pages\/9\/revisions\/4164"}],"up":[{"embeddable":true,"href":"https:\/\/agora.xtec.cat\/ceip-gerbert-d-orlhac\/wp-json\/wp\/v2\/pages\/7"}],"wp:featuredmedia":[{"embeddable":true,"href":"https:\/\/agora.xtec.cat\/ceip-gerbert-d-orlhac\/wp-json\/wp\/v2\/media\/4151"}],"wp:attachment":[{"href":"https:\/\/agora.xtec.cat\/ceip-gerbert-d-orlhac\/wp-json\/wp\/v2\/media?parent=9"}],"curies":[{"name":"wp","href":"https:\/\/api.w.org\/{rel}","templated":true}]}}