{"id":87,"date":"2014-09-18T14:28:12","date_gmt":"2014-09-18T13:28:12","guid":{"rendered":"http:\/\/agora.xtec.cat\/ceip-gerbert-d-orlhac\/?page_id=87"},"modified":"2025-09-04T08:52:46","modified_gmt":"2025-09-04T06:52:46","slug":"nivells","status":"publish","type":"page","link":"https:\/\/agora.xtec.cat\/ceip-gerbert-d-orlhac\/nivells\/","title":{"rendered":"Comunitats"},"content":{"rendered":"\n<p>Aqu\u00ed trobareu les not\u00edcies relacionades amb cada comunitat per apropar-vos encara m\u00e9s al dia a dia de l&#8217;escola. <\/p>\n\n\n\n<p>Un espai on mostrar i compartir moltes de les activitats que portem a terme: sortides i col\u00f2nies, activitats a l&#8217;aula, projectes, i les mil i una viv\u00e8ncies que omplen el dia a dia de l&#8217;escola.<\/p>\n\n\n\n<div id=\"front-page-cards-container\" class=\"wp-block-columns has-small-font-size is-layout-flex wp-container-7\">\n    \n            <div id=\"card-color-1\" class=\"wp-block-column has-background is-layout-flow front-page-card\" style=\"\">\n                <div class=\"astra-nodes-card-title\">\n                    <h2 id=\"card-title-1\">Petits<\/h2>\n                <\/div>\n                <div class=\"astra-nodes-card-body\">\n                     <a id=\"card-link-1\" href=\"https:\/\/agora.xtec.cat\/ceip-gerbert-d-orlhac\/categoria\/infantil\/\">\n                     \n                        <img id=\"card-image-1\" class=\"astra-nodes-card-image\" decoding=\"async\" src=\"https:\/\/agora.xtec.cat\/ceip-gerbert-d-orlhac\/wp-content\/uploads\/usu691\/2025\/08\/img-petits.jpg\" alt=\"\">\n                     \n                     <\/a>\n                <\/div>\n            <\/div>\n        \n            <div id=\"card-color-2\" class=\"wp-block-column has-background is-layout-flow front-page-card\" style=\"\">\n                <div class=\"astra-nodes-card-title\">\n                    <h2 id=\"card-title-2\">Mitjans<\/h2>\n                <\/div>\n                <div class=\"astra-nodes-card-body\">\n                     <a id=\"card-link-2\" href=\"https:\/\/agora.xtec.cat\/ceip-gerbert-d-orlhac\/categoria\/comunitat-de-mitjans-primaria\/\">\n                     \n                        <img id=\"card-image-2\" class=\"astra-nodes-card-image\" decoding=\"async\" src=\"https:\/\/agora.xtec.cat\/ceip-gerbert-d-orlhac\/wp-content\/uploads\/usu691\/2025\/08\/img-grans.jpg\" alt=\"\">\n                     \n                     <\/a>\n                <\/div>\n            <\/div>\n        \n            <div id=\"card-color-3\" class=\"wp-block-column has-background is-layout-flow front-page-card\" style=\"\">\n                <div class=\"astra-nodes-card-title\">\n                    <h2 id=\"card-title-3\">Grans<\/h2>\n                <\/div>\n                <div class=\"astra-nodes-card-body\">\n                     <a id=\"card-link-3\" href=\"https:\/\/agora.xtec.cat\/ceip-gerbert-d-orlhac\/categoria\/comunitat-de-grans\/\">\n                     \n                        <img id=\"card-image-3\" class=\"astra-nodes-card-image\" decoding=\"async\" src=\"https:\/\/agora.xtec.cat\/ceip-gerbert-d-orlhac\/wp-content\/uploads\/usu691\/2025\/06\/card_demo_2.jpg\" alt=\"\">\n                     \n                     <\/a>\n                <\/div>\n            <\/div>\n        <\/div>\n","protected":false},"excerpt":{"rendered":"<p>Aqu\u00ed trobareu les not\u00edcies relacionades amb cada comunitat per apropar-vos encara m\u00e9s al dia a dia de l&#8217;escola. Un espai on mostrar i compartir moltes de les activitats que portem a terme: sortides i col\u00f2nies, activitats a l&#8217;aula, projectes, i les mil i una viv\u00e8ncies que omplen el dia a dia de l&#8217;escola. Petits Mitjans [&hellip;]<\/p>\n","protected":false},"author":1,"featured_media":0,"parent":0,"menu_order":0,"comment_status":"closed","ping_status":"closed","template":"page-templates\/side-menu.php","meta":{"_bbp_topic_count":0,"_bbp_reply_count":0,"_bbp_total_topic_count":0,"_bbp_total_reply_count":0,"_bbp_voice_count":0,"_bbp_anonymous_reply_count":0,"_bbp_topic_count_hidden":0,"_bbp_reply_count_hidden":0,"_bbp_forum_subforum_count":0,"site-sidebar-layout":"default","site-content-layout":"","ast-site-content-layout":"default","site-content-style":"default","site-sidebar-style":"default","ast-global-header-display":"","ast-banner-title-visibility":"","ast-main-header-display":"","ast-hfb-above-header-display":"","ast-hfb-below-header-display":"","ast-hfb-mobile-header-display":"","site-post-title":"","ast-breadcrumbs-content":"","ast-featured-img":"","footer-sml-layout":"","theme-transparent-header-meta":"","adv-header-id-meta":"","stick-header-meta":"","header-above-stick-meta":"","header-main-stick-meta":"","header-below-stick-meta":"","astra-migrate-meta-layouts":"set","ast-page-background-enabled":"default","ast-page-background-meta":{"desktop":{"background-color":"var(--ast-global-color-4)","background-image":"","background-repeat":"repeat","background-position":"center center","background-size":"auto","background-attachment":"scroll","background-type":"","background-media":"","overlay-type":"","overlay-color":"","overlay-opacity":"","overlay-gradient":""},"tablet":{"background-color":"","background-image":"","background-repeat":"repeat","background-position":"center center","background-size":"auto","background-attachment":"scroll","background-type":"","background-media":"","overlay-type":"","overlay-color":"","overlay-opacity":"","overlay-gradient":""},"mobile":{"background-color":"","background-image":"","background-repeat":"repeat","background-position":"center center","background-size":"auto","background-attachment":"scroll","background-type":"","background-media":"","overlay-type":"","overlay-color":"","overlay-opacity":"","overlay-gradient":""}},"ast-content-background-meta":{"desktop":{"background-color":"var(--ast-global-color-5)","background-image":"","background-repeat":"repeat","background-position":"center center","background-size":"auto","background-attachment":"scroll","background-type":"","background-media":"","overlay-type":"","overlay-color":"","overlay-opacity":"","overlay-gradient":""},"tablet":{"background-color":"var(--ast-global-color-5)","background-image":"","background-repeat":"repeat","background-position":"center center","background-size":"auto","background-attachment":"scroll","background-type":"","background-media":"","overlay-type":"","overlay-color":"","overlay-opacity":"","overlay-gradient":""},"mobile":{"background-color":"var(--ast-global-color-5)","background-image":"","background-repeat":"repeat","background-position":"center center","background-size":"auto","background-attachment":"scroll","background-type":"","background-media":"","overlay-type":"","overlay-color":"","overlay-opacity":"","overlay-gradient":""}},"footnotes":""},"class_list":["post-87","page","type-page","status-publish","hentry"],"post_mailing_queue_ids":[],"_links":{"self":[{"href":"https:\/\/agora.xtec.cat\/ceip-gerbert-d-orlhac\/wp-json\/wp\/v2\/pages\/87","targetHints":{"allow":["GET"]}}],"collection":[{"href":"https:\/\/agora.xtec.cat\/ceip-gerbert-d-orlhac\/wp-json\/wp\/v2\/pages"}],"about":[{"href":"https:\/\/agora.xtec.cat\/ceip-gerbert-d-orlhac\/wp-json\/wp\/v2\/types\/page"}],"author":[{"embeddable":true,"href":"https:\/\/agora.xtec.cat\/ceip-gerbert-d-orlhac\/wp-json\/wp\/v2\/users\/1"}],"replies":[{"embeddable":true,"href":"https:\/\/agora.xtec.cat\/ceip-gerbert-d-orlhac\/wp-json\/wp\/v2\/comments?post=87"}],"version-history":[{"count":6,"href":"https:\/\/agora.xtec.cat\/ceip-gerbert-d-orlhac\/wp-json\/wp\/v2\/pages\/87\/revisions"}],"predecessor-version":[{"id":3971,"href":"https:\/\/agora.xtec.cat\/ceip-gerbert-d-orlhac\/wp-json\/wp\/v2\/pages\/87\/revisions\/3971"}],"wp:attachment":[{"href":"https:\/\/agora.xtec.cat\/ceip-gerbert-d-orlhac\/wp-json\/wp\/v2\/media?parent=87"}],"curies":[{"name":"wp","href":"https:\/\/api.w.org\/{rel}","templated":true}]}}