{"id":73,"date":"2014-09-18T14:01:51","date_gmt":"2014-09-18T13:01:51","guid":{"rendered":"http:\/\/agora.xtec.cat\/ceip-gerbert-d-orlhac\/?page_id=73"},"modified":"2025-09-04T08:39:12","modified_gmt":"2025-09-04T06:39:12","slug":"menjador-escolar","status":"publish","type":"page","link":"https:\/\/agora.xtec.cat\/ceip-gerbert-d-orlhac\/serveis\/menjador-escolar\/","title":{"rendered":"Temps del migdia"},"content":{"rendered":"\n<h5 class=\"wp-block-heading fr-tag\">Confian\u00e7a, canvi, col\u00b7laboraci\u00f3, responsabilitat, cooperaci\u00f3, consci\u00e8ncia de grup, empatia, autonomia, capacitat, valors, conviv\u00e8ncia, espai i entorn adequat, participaci\u00f3, coneixement, educaci\u00f3, hort, benestar, educaci\u00f3 aliment\u00e0ria, men\u00fa saludables, proximitat, ECO&#8230;<\/h5>\n\n\n\n<p class=\"fr-tag\"><strong>QU\u00c8 PROPOSEM<\/strong><\/p>\n\n\n\n<p class=\"fr-tag\">Acompanyar als infants mitjan\u00e7ant el lleure educatiu i l\u2019educaci\u00f3 aliment\u00e0ria. L\u2019eix de les nostres de les nostres accions es basa en el treball dels valors mitjan\u00e7ant la conviv\u00e8ncia dels infants amb el grup, el col\u00b7lectiu. Ho fem des de la mirada i implicaci\u00f3 emocional. Som educadors i educadores, amb intencionalitat.<\/p>\n\n\n\n<p class=\"fr-tag\"><strong>ESPAI DEL<\/strong> MENJADOR<\/p>\n\n\n\n<p class=\"fr-tag\">Proposem un menjador sostenible, de proximitat, amb productes ecol\u00f2gics i locals aix\u00ed com una dieta equilibrada i de comprom\u00eds amb el medi ambient.<\/p>\n\n\n\n<p class=\"fr-tag\">Entenem l\u2019\u00e0pat com un fet social, potenciem l\u2019autonomia del nen\/a i l\u2019inter\u00e8s per una alimentaci\u00f3 i uns h\u00e0bits saludables.<\/p>\n\n\n\n<p class=\"fr-tag\">Acompanyem als infants durant l\u2019estona de l\u2019\u00e0pat i generem els espais adequats per tal que puguin participar i desenvolupar les seves capacitats (autoservei dels aliments amb pautes i coneixement, tasques de cooperaci\u00f3 i conviv\u00e8ncia\u2026). Treballem amb Consell d\u2019Infants i donem veu a les seves propostes.<\/p>\n\n\n\n<p class=\"fr-tag\"><strong>TEMPS DE LLEURE<\/strong><\/p>\n\n\n\n<p class=\"fr-tag\">Aportem recursos, coneixements, des de la creen\u00e7a que el lleure ha de partir d\u2019una proposta diversa, inclusiva i variada.<\/p>\n\n\n\n<p class=\"fr-tag\">Fomentem l\u2019activitat col\u00b7lectiva, el treball de valors i emocions, la coeducaci\u00f3 &nbsp;i el respecte aix\u00ed com generem esperit identitari del grup, i potenciem els interessos dels mateixos infants promovent la participaci\u00f3 progressiva. \u00c9s a trav\u00e9s de la seva veu d&#8217;on dinamitzem i acompanyem les propostes de jocs, activitats, esport saludable, etc.<\/p>\n\n\n\n<p class=\"fr-tag\">A trav\u00e9s de diferents eines de comunicaci\u00f3 i recull d\u2019iniciatives (b\u00fastia de suggeriments, caixa d&#8217;emocions, mural de propostes&#8230;), els educadors i educadores desenvolupem i acompanyem als infants en el seu moment m\u00e9s l\u00fadic. Sempre fomentant la participaci\u00f3 i implicaci\u00f3 del nen\/a.<\/p>\n\n\n\n<h5 class=\"wp-block-heading entry-title\"><span style=\"font-family: inherit; font-size: 1em; font-weight: normal;\">El menjador a l\u00b4escola el gestiona l\u00b4empresa <\/span><a style=\"font-family: inherit; font-size: 1em; font-weight: normal;\" href=\"https:\/\/paidos.fundesplai.org\/escoles\/escola-gerbert-dorlhac\/\" target=\"_blank\" rel=\"noopener noreferrer\">PAIDOS<\/a><\/h5>\n\n\n\n<div class=\"entry-content\">\n<figure><\/figure>\n<p style=\"text-align: left;\"><a href=\"https:\/\/paidos.fundesplai.org\/escoles\/escola-gerbert-dorlhac\/#seccio-menjador\" target=\"_blank\" rel=\"noopener noreferrer\">MEN\u00da MENSUAL<\/a><\/p>\n<p style=\"text-align: left;\">Per a m\u00e9s informaci\u00f3 al web<a href=\"http:\/\/paidos.cat\/\">\u00a0http:\/\/paidos.cat\/<\/a><\/p>\n<p style=\"text-align: left;\">Comunicaci\u00f3 per e-mail: <a href=\"mailto:paidosgerbert@fundesplai.org\">paidosgerbert@fundesplai.org<\/a><\/p>\n<p style=\"text-align: left;\">Tel\u00e8fon de contacte: \u00a0608 42 85 18 (de 9h a 18h).<\/p>\n<\/div>\n","protected":false},"excerpt":{"rendered":"<p>Confian\u00e7a, canvi, col\u00b7laboraci\u00f3, responsabilitat, cooperaci\u00f3, consci\u00e8ncia de grup, empatia, autonomia, capacitat, valors, conviv\u00e8ncia, espai i entorn adequat, participaci\u00f3, coneixement, educaci\u00f3, hort, benestar, educaci\u00f3 aliment\u00e0ria, men\u00fa saludables, proximitat, ECO&#8230; QU\u00c8 PROPOSEM Acompanyar als infants mitjan\u00e7ant el lleure educatiu i l\u2019educaci\u00f3 aliment\u00e0ria. L\u2019eix de les nostres de les nostres accions es basa en el treball dels valors [&hellip;]<\/p>\n","protected":false},"author":1,"featured_media":0,"parent":66,"menu_order":30,"comment_status":"closed","ping_status":"closed","template":"","meta":{"_bbp_topic_count":0,"_bbp_reply_count":0,"_bbp_total_topic_count":0,"_bbp_total_reply_count":0,"_bbp_voice_count":0,"_bbp_anonymous_reply_count":0,"_bbp_topic_count_hidden":0,"_bbp_reply_count_hidden":0,"_bbp_forum_subforum_count":0,"site-sidebar-layout":"default","site-content-layout":"","ast-site-content-layout":"default","site-content-style":"default","site-sidebar-style":"default","ast-global-header-display":"","ast-banner-title-visibility":"","ast-main-header-display":"","ast-hfb-above-header-display":"","ast-hfb-below-header-display":"","ast-hfb-mobile-header-display":"","site-post-title":"","ast-breadcrumbs-content":"","ast-featured-img":"","footer-sml-layout":"","theme-transparent-header-meta":"default","adv-header-id-meta":"","stick-header-meta":"","header-above-stick-meta":"","header-main-stick-meta":"","header-below-stick-meta":"","astra-migrate-meta-layouts":"set","ast-page-background-enabled":"default","ast-page-background-meta":{"desktop":{"background-color":"var(--ast-global-color-4)","background-image":"","background-repeat":"repeat","background-position":"center center","background-size":"auto","background-attachment":"scroll","background-type":"","background-media":"","overlay-type":"","overlay-color":"","overlay-opacity":"","overlay-gradient":""},"tablet":{"background-color":"","background-image":"","background-repeat":"repeat","background-position":"center center","background-size":"auto","background-attachment":"scroll","background-type":"","background-media":"","overlay-type":"","overlay-color":"","overlay-opacity":"","overlay-gradient":""},"mobile":{"background-color":"","background-image":"","background-repeat":"repeat","background-position":"center center","background-size":"auto","background-attachment":"scroll","background-type":"","background-media":"","overlay-type":"","overlay-color":"","overlay-opacity":"","overlay-gradient":""}},"ast-content-background-meta":{"desktop":{"background-color":"var(--ast-global-color-5)","background-image":"","background-repeat":"repeat","background-position":"center center","background-size":"auto","background-attachment":"scroll","background-type":"","background-media":"","overlay-type":"","overlay-color":"","overlay-opacity":"","overlay-gradient":""},"tablet":{"background-color":"var(--ast-global-color-5)","background-image":"","background-repeat":"repeat","background-position":"center center","background-size":"auto","background-attachment":"scroll","background-type":"","background-media":"","overlay-type":"","overlay-color":"","overlay-opacity":"","overlay-gradient":""},"mobile":{"background-color":"var(--ast-global-color-5)","background-image":"","background-repeat":"repeat","background-position":"center center","background-size":"auto","background-attachment":"scroll","background-type":"","background-media":"","overlay-type":"","overlay-color":"","overlay-opacity":"","overlay-gradient":""}},"footnotes":""},"class_list":["post-73","page","type-page","status-publish","hentry"],"post_mailing_queue_ids":[],"_links":{"self":[{"href":"https:\/\/agora.xtec.cat\/ceip-gerbert-d-orlhac\/wp-json\/wp\/v2\/pages\/73","targetHints":{"allow":["GET"]}}],"collection":[{"href":"https:\/\/agora.xtec.cat\/ceip-gerbert-d-orlhac\/wp-json\/wp\/v2\/pages"}],"about":[{"href":"https:\/\/agora.xtec.cat\/ceip-gerbert-d-orlhac\/wp-json\/wp\/v2\/types\/page"}],"author":[{"embeddable":true,"href":"https:\/\/agora.xtec.cat\/ceip-gerbert-d-orlhac\/wp-json\/wp\/v2\/users\/1"}],"replies":[{"embeddable":true,"href":"https:\/\/agora.xtec.cat\/ceip-gerbert-d-orlhac\/wp-json\/wp\/v2\/comments?post=73"}],"version-history":[{"count":6,"href":"https:\/\/agora.xtec.cat\/ceip-gerbert-d-orlhac\/wp-json\/wp\/v2\/pages\/73\/revisions"}],"predecessor-version":[{"id":3960,"href":"https:\/\/agora.xtec.cat\/ceip-gerbert-d-orlhac\/wp-json\/wp\/v2\/pages\/73\/revisions\/3960"}],"up":[{"embeddable":true,"href":"https:\/\/agora.xtec.cat\/ceip-gerbert-d-orlhac\/wp-json\/wp\/v2\/pages\/66"}],"wp:attachment":[{"href":"https:\/\/agora.xtec.cat\/ceip-gerbert-d-orlhac\/wp-json\/wp\/v2\/media?parent=73"}],"curies":[{"name":"wp","href":"https:\/\/api.w.org\/{rel}","templated":true}]}}