{"id":4217,"date":"2026-01-28T13:21:56","date_gmt":"2026-01-28T12:21:56","guid":{"rendered":"https:\/\/agora.xtec.cat\/ceip-gerbert-d-orlhac\/?page_id=4217"},"modified":"2026-01-28T13:21:56","modified_gmt":"2026-01-28T12:21:56","slug":"metodologia-teacch","status":"publish","type":"page","link":"https:\/\/agora.xtec.cat\/ceip-gerbert-d-orlhac\/metodologia-teacch\/","title":{"rendered":"Metodologia TEACCH?"},"content":{"rendered":"\n<p>A la nostra escola tamb\u00e9 treballem amb la metodologia TEACCH, un enfocament especialment pensat per ajudar estudiants amb Trastorn de l\u2019Espectre Autista (TEA). Aquest m\u00e8tode prioritza l\u2019estructura i l\u2019organitzaci\u00f3 per facilitar l\u2019aprenentatge i promoure l\u2019autonomia.<\/p>\n\n\n\n<h2 class=\"wp-block-heading\">En qu\u00e8 consisteix?<\/h2>\n\n\n\n<p>La metodologia TEACCH es basa en:<\/p>\n\n\n\n<p>&#8211; Espais i materials organitzats: Tot est\u00e0 clarament estructurat per evitar distraccions i crear rutines.<\/p>\n\n\n\n<p>&#8211; Suports visuals: Es fan servir imatges, pictogrames i horaris visuals per ajudar els estudiants a entendre i anticipar el que vindr\u00e0.<\/p>\n\n\n\n<p>&#8211; Adaptaci\u00f3 personalitzada: Les activitats s\u2019ajusten a les necessitats i capacitats de cada estudiant.<\/p>\n\n\n\n<h2 class=\"wp-block-heading\">Beneficis<\/h2>\n\n\n\n<p>Gr\u00e0cies a TEACCH, els alumnes poden:<\/p>\n\n\n\n<p>&#8211; Millorar la seva comprensi\u00f3 i comunicaci\u00f3.<\/p>\n\n\n\n<p>&#8211; Guanyar autonomia en el seu dia a dia.<\/p>\n\n\n\n<p>&#8211; Sentir-se m\u00e9s segurs en un entorn estructurat i previsible.<\/p>\n\n\n\n<h2 class=\"wp-block-heading\">Per qu\u00e8 \u00e9s important?<\/h2>\n\n\n\n<p>Aquest m\u00e8tode no nom\u00e9s ajuda els estudiants amb TEA, sin\u00f3 que tamb\u00e9 fomenta un entorn inclusiu, on tothom pot aprendre i cr\u00e9ixer al seu ritme. Si voleu saber m\u00e9s, estarem encantats d\u2019explicar-vos com l\u2019apliquem a la nostres aules!<\/p>\n\n\n\n<figure class=\"wp-block-image size-large\"><a href=\"https:\/\/agora.xtec.cat\/ceip-gerbert-d-orlhac\/wp-content\/uploads\/usu691\/2026\/01\/image-2.jpeg\"><img loading=\"lazy\" decoding=\"async\" width=\"1024\" height=\"768\" src=\"https:\/\/agora.xtec.cat\/ceip-gerbert-d-orlhac\/wp-content\/uploads\/usu691\/2026\/01\/image-2-1024x768.jpeg\" alt=\"\" class=\"wp-image-4218\" srcset=\"https:\/\/agora.xtec.cat\/ceip-gerbert-d-orlhac\/wp-content\/uploads\/usu691\/2026\/01\/image-2-1024x768.jpeg 1024w, https:\/\/agora.xtec.cat\/ceip-gerbert-d-orlhac\/wp-content\/uploads\/usu691\/2026\/01\/image-2-300x225.jpeg 300w, https:\/\/agora.xtec.cat\/ceip-gerbert-d-orlhac\/wp-content\/uploads\/usu691\/2026\/01\/image-2-768x576.jpeg 768w, https:\/\/agora.xtec.cat\/ceip-gerbert-d-orlhac\/wp-content\/uploads\/usu691\/2026\/01\/image-2-1536x1152.jpeg 1536w, https:\/\/agora.xtec.cat\/ceip-gerbert-d-orlhac\/wp-content\/uploads\/usu691\/2026\/01\/image-2.jpeg 1600w\" sizes=\"auto, (max-width: 1024px) 100vw, 1024px\" \/><\/a><\/figure>\n","protected":false},"excerpt":{"rendered":"<p>A la nostra escola tamb\u00e9 treballem amb la metodologia TEACCH, un enfocament especialment pensat per ajudar estudiants amb Trastorn de l\u2019Espectre Autista (TEA). Aquest m\u00e8tode prioritza l\u2019estructura i l\u2019organitzaci\u00f3 per facilitar l\u2019aprenentatge i promoure l\u2019autonomia. En qu\u00e8 consisteix? La metodologia TEACCH es basa en: &#8211; Espais i materials organitzats: Tot est\u00e0 clarament estructurat per evitar [&hellip;]<\/p>\n","protected":false},"author":13,"featured_media":0,"parent":0,"menu_order":0,"comment_status":"closed","ping_status":"close","template":"","meta":{"_bbp_topic_count":0,"_bbp_reply_count":0,"_bbp_total_topic_count":0,"_bbp_total_reply_count":0,"_bbp_voice_count":0,"_bbp_anonymous_reply_count":0,"_bbp_topic_count_hidden":0,"_bbp_reply_count_hidden":0,"_bbp_forum_subforum_count":0,"site-sidebar-layout":"default","site-content-layout":"","ast-site-content-layout":"default","site-content-style":"default","site-sidebar-style":"default","ast-global-header-display":"","ast-banner-title-visibility":"","ast-main-header-display":"","ast-hfb-above-header-display":"","ast-hfb-below-header-display":"","ast-hfb-mobile-header-display":"","site-post-title":"","ast-breadcrumbs-content":"","ast-featured-img":"","footer-sml-layout":"","theme-transparent-header-meta":"","adv-header-id-meta":"","stick-header-meta":"","header-above-stick-meta":"","header-main-stick-meta":"","header-below-stick-meta":"","astra-migrate-meta-layouts":"set","ast-page-background-enabled":"default","ast-page-background-meta":{"desktop":{"background-color":"var(--ast-global-color-4)","background-image":"","background-repeat":"repeat","background-position":"center center","background-size":"auto","background-attachment":"scroll","background-type":"","background-media":"","overlay-type":"","overlay-color":"","overlay-opacity":"","overlay-gradient":""},"tablet":{"background-color":"","background-image":"","background-repeat":"repeat","background-position":"center center","background-size":"auto","background-attachment":"scroll","background-type":"","background-media":"","overlay-type":"","overlay-color":"","overlay-opacity":"","overlay-gradient":""},"mobile":{"background-color":"","background-image":"","background-repeat":"repeat","background-position":"center center","background-size":"auto","background-attachment":"scroll","background-type":"","background-media":"","overlay-type":"","overlay-color":"","overlay-opacity":"","overlay-gradient":""}},"ast-content-background-meta":{"desktop":{"background-color":"var(--ast-global-color-5)","background-image":"","background-repeat":"repeat","background-position":"center center","background-size":"auto","background-attachment":"scroll","background-type":"","background-media":"","overlay-type":"","overlay-color":"","overlay-opacity":"","overlay-gradient":""},"tablet":{"background-color":"var(--ast-global-color-5)","background-image":"","background-repeat":"repeat","background-position":"center center","background-size":"auto","background-attachment":"scroll","background-type":"","background-media":"","overlay-type":"","overlay-color":"","overlay-opacity":"","overlay-gradient":""},"mobile":{"background-color":"var(--ast-global-color-5)","background-image":"","background-repeat":"repeat","background-position":"center center","background-size":"auto","background-attachment":"scroll","background-type":"","background-media":"","overlay-type":"","overlay-color":"","overlay-opacity":"","overlay-gradient":""}},"footnotes":""},"class_list":["post-4217","page","type-page","status-publish","hentry"],"post_mailing_queue_ids":[],"_links":{"self":[{"href":"https:\/\/agora.xtec.cat\/ceip-gerbert-d-orlhac\/wp-json\/wp\/v2\/pages\/4217","targetHints":{"allow":["GET"]}}],"collection":[{"href":"https:\/\/agora.xtec.cat\/ceip-gerbert-d-orlhac\/wp-json\/wp\/v2\/pages"}],"about":[{"href":"https:\/\/agora.xtec.cat\/ceip-gerbert-d-orlhac\/wp-json\/wp\/v2\/types\/page"}],"author":[{"embeddable":true,"href":"https:\/\/agora.xtec.cat\/ceip-gerbert-d-orlhac\/wp-json\/wp\/v2\/users\/13"}],"replies":[{"embeddable":true,"href":"https:\/\/agora.xtec.cat\/ceip-gerbert-d-orlhac\/wp-json\/wp\/v2\/comments?post=4217"}],"version-history":[{"count":1,"href":"https:\/\/agora.xtec.cat\/ceip-gerbert-d-orlhac\/wp-json\/wp\/v2\/pages\/4217\/revisions"}],"predecessor-version":[{"id":4220,"href":"https:\/\/agora.xtec.cat\/ceip-gerbert-d-orlhac\/wp-json\/wp\/v2\/pages\/4217\/revisions\/4220"}],"wp:attachment":[{"href":"https:\/\/agora.xtec.cat\/ceip-gerbert-d-orlhac\/wp-json\/wp\/v2\/media?parent=4217"}],"curies":[{"name":"wp","href":"https:\/\/api.w.org\/{rel}","templated":true}]}}