{"id":4199,"date":"2026-01-26T23:52:08","date_gmt":"2026-01-26T22:52:08","guid":{"rendered":"https:\/\/agora.xtec.cat\/ceip-gerbert-d-orlhac\/?page_id=4199"},"modified":"2026-02-12T11:15:51","modified_gmt":"2026-02-12T10:15:51","slug":"treball-per-ambients-a-infantil","status":"publish","type":"page","link":"https:\/\/agora.xtec.cat\/ceip-gerbert-d-orlhac\/treball-per-ambients-a-infantil\/","title":{"rendered":"Els ambients a Infantil"},"content":{"rendered":"\n<h3 class=\"wp-block-heading\">Els ambients d\u2019aprenentatge al Gerbert<\/h3>\n\n\n\n<p>Els ambients d\u2019aprenentatge s\u00f3n espais preparats amb materials i propostes diverses que permeten als infants aprendre jugant, explorant i experimentant. Cada ambient t\u00e9 una tem\u00e0tica diferent (per exemple: construccions, art, moviment, joc simb\u00f2lic, invents, experimentaci\u00f3, llum i foscor, aigua i sorra\u2026), i els infants hi poden accedir lliurement, triar on volen estar i amb qui volen compartir l\u2019activitat.<\/p>\n\n\n\n<p>Hem creat espais tem\u00e0tics per investigar, experimentar i aprendre:<br>\u00b7 Cada ambient est\u00e0 pensat amb una est\u00e8tica, uns materials i uns objectius concrets.<br>\u00b7 Els infants trien qu\u00e8 volen fer, on volen anar i el temps que necessiten estar-hi.<br>\u00b7 L\u2019organitzaci\u00f3 es fa amb grups heterogenis d\u2019I3, I4 i I5, fet que afavoreix la interacci\u00f3, la col\u00b7laboraci\u00f3 i la cooperaci\u00f3 entre petits i grans.<br><\/p>\n\n\n\n<blockquote class=\"wp-block-quote is-layout-flow wp-block-quote-is-layout-flow\">\n<p>&#8220;<em>Cada infant \u00e9s \u00fanic, i cada aprenentatge neix d\u2019una experi\u00e8ncia viscuda.<\/em>&#8220;<\/p>\n<\/blockquote>\n\n\n<div style=\"position: relative; width: 100%; height: 0; padding-top: 56.2500%; padding-bottom: 0; box-shadow: 0 2px 8px 0 rgba(63,69,81,0.16); margin-top: 1.6em; margin-bottom: 0.9em; overflow: hidden; border-radius: 8px; will-change: transform;\"><iframe style=\"position: absolute; width: 100%; height: 100%; top: 0; left: 0; border: none; padding: 0; margin: 0;\" src=\"https:\/\/www.canva.com\/design\/DAFZzn0mado\/8bfW-TMIS5DJRLVlVDr9-A\/view?embed\" allowfullscreen=\"allowfullscreen\"><br \/>\n  <\/iframe><\/div>\n<\/p>","protected":false},"excerpt":{"rendered":"<p>Els ambients d\u2019aprenentatge al Gerbert Els ambients d\u2019aprenentatge s\u00f3n espais preparats amb materials i propostes diverses que permeten als infants aprendre jugant, explorant i experimentant. Cada ambient t\u00e9 una tem\u00e0tica diferent (per exemple: construccions, art, moviment, joc simb\u00f2lic, invents, experimentaci\u00f3, llum i foscor, aigua i sorra\u2026), i els infants hi poden accedir lliurement, triar on [&hellip;]<\/p>\n","protected":false},"author":13,"featured_media":0,"parent":0,"menu_order":0,"comment_status":"closed","ping_status":"close","template":"","meta":{"_bbp_topic_count":0,"_bbp_reply_count":0,"_bbp_total_topic_count":0,"_bbp_total_reply_count":0,"_bbp_voice_count":0,"_bbp_anonymous_reply_count":0,"_bbp_topic_count_hidden":0,"_bbp_reply_count_hidden":0,"_bbp_forum_subforum_count":0,"site-sidebar-layout":"default","site-content-layout":"","ast-site-content-layout":"default","site-content-style":"default","site-sidebar-style":"default","ast-global-header-display":"","ast-banner-title-visibility":"","ast-main-header-display":"","ast-hfb-above-header-display":"","ast-hfb-below-header-display":"","ast-hfb-mobile-header-display":"","site-post-title":"","ast-breadcrumbs-content":"","ast-featured-img":"","footer-sml-layout":"","theme-transparent-header-meta":"","adv-header-id-meta":"","stick-header-meta":"","header-above-stick-meta":"","header-main-stick-meta":"","header-below-stick-meta":"","astra-migrate-meta-layouts":"set","ast-page-background-enabled":"default","ast-page-background-meta":{"desktop":{"background-color":"var(--ast-global-color-4)","background-image":"","background-repeat":"repeat","background-position":"center center","background-size":"auto","background-attachment":"scroll","background-type":"","background-media":"","overlay-type":"","overlay-color":"","overlay-opacity":"","overlay-gradient":""},"tablet":{"background-color":"","background-image":"","background-repeat":"repeat","background-position":"center center","background-size":"auto","background-attachment":"scroll","background-type":"","background-media":"","overlay-type":"","overlay-color":"","overlay-opacity":"","overlay-gradient":""},"mobile":{"background-color":"","background-image":"","background-repeat":"repeat","background-position":"center center","background-size":"auto","background-attachment":"scroll","background-type":"","background-media":"","overlay-type":"","overlay-color":"","overlay-opacity":"","overlay-gradient":""}},"ast-content-background-meta":{"desktop":{"background-color":"var(--ast-global-color-5)","background-image":"","background-repeat":"repeat","background-position":"center center","background-size":"auto","background-attachment":"scroll","background-type":"","background-media":"","overlay-type":"","overlay-color":"","overlay-opacity":"","overlay-gradient":""},"tablet":{"background-color":"var(--ast-global-color-5)","background-image":"","background-repeat":"repeat","background-position":"center center","background-size":"auto","background-attachment":"scroll","background-type":"","background-media":"","overlay-type":"","overlay-color":"","overlay-opacity":"","overlay-gradient":""},"mobile":{"background-color":"var(--ast-global-color-5)","background-image":"","background-repeat":"repeat","background-position":"center center","background-size":"auto","background-attachment":"scroll","background-type":"","background-media":"","overlay-type":"","overlay-color":"","overlay-opacity":"","overlay-gradient":""}},"footnotes":""},"class_list":["post-4199","page","type-page","status-publish","hentry"],"post_mailing_queue_ids":[],"_links":{"self":[{"href":"https:\/\/agora.xtec.cat\/ceip-gerbert-d-orlhac\/wp-json\/wp\/v2\/pages\/4199","targetHints":{"allow":["GET"]}}],"collection":[{"href":"https:\/\/agora.xtec.cat\/ceip-gerbert-d-orlhac\/wp-json\/wp\/v2\/pages"}],"about":[{"href":"https:\/\/agora.xtec.cat\/ceip-gerbert-d-orlhac\/wp-json\/wp\/v2\/types\/page"}],"author":[{"embeddable":true,"href":"https:\/\/agora.xtec.cat\/ceip-gerbert-d-orlhac\/wp-json\/wp\/v2\/users\/13"}],"replies":[{"embeddable":true,"href":"https:\/\/agora.xtec.cat\/ceip-gerbert-d-orlhac\/wp-json\/wp\/v2\/comments?post=4199"}],"version-history":[{"count":6,"href":"https:\/\/agora.xtec.cat\/ceip-gerbert-d-orlhac\/wp-json\/wp\/v2\/pages\/4199\/revisions"}],"predecessor-version":[{"id":4243,"href":"https:\/\/agora.xtec.cat\/ceip-gerbert-d-orlhac\/wp-json\/wp\/v2\/pages\/4199\/revisions\/4243"}],"wp:attachment":[{"href":"https:\/\/agora.xtec.cat\/ceip-gerbert-d-orlhac\/wp-json\/wp\/v2\/media?parent=4199"}],"curies":[{"name":"wp","href":"https:\/\/api.w.org\/{rel}","templated":true}]}}