{"id":3616,"date":"2025-08-06T18:50:12","date_gmt":"2025-08-06T16:50:12","guid":{"rendered":"https:\/\/agora.xtec.cat\/ceip-gerbert-d-orlhac\/?page_id=3616"},"modified":"2026-01-26T00:24:47","modified_gmt":"2026-01-25T23:24:47","slug":"us-dels-mobils","status":"publish","type":"page","link":"https:\/\/agora.xtec.cat\/ceip-gerbert-d-orlhac\/el-projecte-educatiu-de-lescola-gerbert-dorlhac\/us-dels-mobils\/","title":{"rendered":"\u00das dels m\u00f2bils"},"content":{"rendered":"\n<p>Nova regulaci\u00f3 de l\u2019\u00fas de dispositius m\u00f2bils als centres educatius<\/p>\n\n\n\n<p>El&nbsp;<strong>Departament d\u2019Educaci\u00f3<\/strong>&nbsp;ha publicat el&nbsp;<strong>9 d\u2019octubre de 2025<\/strong>&nbsp;la nova regulaci\u00f3 sobre l\u2019\u00fas de dispositius m\u00f2bils als centres educatius, que ser\u00e0 aplicable a partir del curs&nbsp;<strong>2025-2026<\/strong>. Aquest document forma part dels&nbsp;<strong>Documents per a l\u2019organitzaci\u00f3 i la gesti\u00f3 dels centres<\/strong>&nbsp;i es troba disponible al&nbsp;<strong>Portal de centre<\/strong>.<\/p>\n\n\n\n<p><strong>Principals aspectes de la regulaci\u00f3:<\/strong><\/p>\n\n\n\n<ul class=\"wp-block-list\">\n<li><strong>Educaci\u00f3 infantil i educaci\u00f3 obligat\u00f2ria (prim\u00e0ria i ESO):<\/strong><br>L\u2019alumnat no podr\u00e0 fer \u00fas de tel\u00e8fons m\u00f2bils dins del centre educatiu.<\/li>\n\n\n\n<li><strong>Garantir la compet\u00e8ncia digital:<\/strong><br>L&#8217;escola Gerbert d&#8217;Orlhac proporcionar\u00e0 els\u00a0<strong>dispositius tecnol\u00f2gics necessaris<\/strong>\u00a0per al desenvolupament de la compet\u00e8ncia digital quan les activitats d\u2019aprenentatge aix\u00ed ho requereixin.<\/li>\n<\/ul>\n\n\n\n<figure class=\"wp-block-image size-full\"><a href=\"https:\/\/agora.xtec.cat\/ceip-gerbert-d-orlhac\/wp-content\/uploads\/usu691\/2026\/01\/image-2.png\"><img loading=\"lazy\" decoding=\"async\" width=\"583\" height=\"585\" src=\"https:\/\/agora.xtec.cat\/ceip-gerbert-d-orlhac\/wp-content\/uploads\/usu691\/2026\/01\/image-2.png\" alt=\"\" class=\"wp-image-4189\" srcset=\"https:\/\/agora.xtec.cat\/ceip-gerbert-d-orlhac\/wp-content\/uploads\/usu691\/2026\/01\/image-2.png 583w, https:\/\/agora.xtec.cat\/ceip-gerbert-d-orlhac\/wp-content\/uploads\/usu691\/2026\/01\/image-2-300x300.png 300w, https:\/\/agora.xtec.cat\/ceip-gerbert-d-orlhac\/wp-content\/uploads\/usu691\/2026\/01\/image-2-150x150.png 150w\" sizes=\"auto, (max-width: 583px) 100vw, 583px\" \/><\/a><\/figure>\n","protected":false},"excerpt":{"rendered":"<p>Nova regulaci\u00f3 de l\u2019\u00fas de dispositius m\u00f2bils als centres educatius El&nbsp;Departament d\u2019Educaci\u00f3&nbsp;ha publicat el&nbsp;9 d\u2019octubre de 2025&nbsp;la nova regulaci\u00f3 sobre l\u2019\u00fas de dispositius m\u00f2bils als centres educatius, que ser\u00e0 aplicable a partir del curs&nbsp;2025-2026. Aquest document forma part dels&nbsp;Documents per a l\u2019organitzaci\u00f3 i la gesti\u00f3 dels centres&nbsp;i es troba disponible al&nbsp;Portal de centre. Principals aspectes [&hellip;]<\/p>\n","protected":false},"author":14,"featured_media":4189,"parent":2949,"menu_order":0,"comment_status":"closed","ping_status":"closed","template":"","meta":{"_bbp_topic_count":0,"_bbp_reply_count":0,"_bbp_total_topic_count":0,"_bbp_total_reply_count":0,"_bbp_voice_count":0,"_bbp_anonymous_reply_count":0,"_bbp_topic_count_hidden":0,"_bbp_reply_count_hidden":0,"_bbp_forum_subforum_count":0,"site-sidebar-layout":"default","site-content-layout":"","ast-site-content-layout":"default","site-content-style":"default","site-sidebar-style":"default","ast-global-header-display":"","ast-banner-title-visibility":"","ast-main-header-display":"","ast-hfb-above-header-display":"","ast-hfb-below-header-display":"","ast-hfb-mobile-header-display":"","site-post-title":"","ast-breadcrumbs-content":"","ast-featured-img":"","footer-sml-layout":"","theme-transparent-header-meta":"default","adv-header-id-meta":"","stick-header-meta":"","header-above-stick-meta":"","header-main-stick-meta":"","header-below-stick-meta":"","astra-migrate-meta-layouts":"set","ast-page-background-enabled":"default","ast-page-background-meta":{"desktop":{"background-color":"var(--ast-global-color-4)","background-image":"","background-repeat":"repeat","background-position":"center center","background-size":"auto","background-attachment":"scroll","background-type":"","background-media":"","overlay-type":"","overlay-color":"","overlay-opacity":"","overlay-gradient":""},"tablet":{"background-color":"","background-image":"","background-repeat":"repeat","background-position":"center center","background-size":"auto","background-attachment":"scroll","background-type":"","background-media":"","overlay-type":"","overlay-color":"","overlay-opacity":"","overlay-gradient":""},"mobile":{"background-color":"","background-image":"","background-repeat":"repeat","background-position":"center center","background-size":"auto","background-attachment":"scroll","background-type":"","background-media":"","overlay-type":"","overlay-color":"","overlay-opacity":"","overlay-gradient":""}},"ast-content-background-meta":{"desktop":{"background-color":"var(--ast-global-color-5)","background-image":"","background-repeat":"repeat","background-position":"center center","background-size":"auto","background-attachment":"scroll","background-type":"","background-media":"","overlay-type":"","overlay-color":"","overlay-opacity":"","overlay-gradient":""},"tablet":{"background-color":"var(--ast-global-color-5)","background-image":"","background-repeat":"repeat","background-position":"center center","background-size":"auto","background-attachment":"scroll","background-type":"","background-media":"","overlay-type":"","overlay-color":"","overlay-opacity":"","overlay-gradient":""},"mobile":{"background-color":"var(--ast-global-color-5)","background-image":"","background-repeat":"repeat","background-position":"center center","background-size":"auto","background-attachment":"scroll","background-type":"","background-media":"","overlay-type":"","overlay-color":"","overlay-opacity":"","overlay-gradient":""}},"footnotes":""},"class_list":["post-3616","page","type-page","status-publish","has-post-thumbnail","hentry"],"post_mailing_queue_ids":[],"_links":{"self":[{"href":"https:\/\/agora.xtec.cat\/ceip-gerbert-d-orlhac\/wp-json\/wp\/v2\/pages\/3616","targetHints":{"allow":["GET"]}}],"collection":[{"href":"https:\/\/agora.xtec.cat\/ceip-gerbert-d-orlhac\/wp-json\/wp\/v2\/pages"}],"about":[{"href":"https:\/\/agora.xtec.cat\/ceip-gerbert-d-orlhac\/wp-json\/wp\/v2\/types\/page"}],"author":[{"embeddable":true,"href":"https:\/\/agora.xtec.cat\/ceip-gerbert-d-orlhac\/wp-json\/wp\/v2\/users\/14"}],"replies":[{"embeddable":true,"href":"https:\/\/agora.xtec.cat\/ceip-gerbert-d-orlhac\/wp-json\/wp\/v2\/comments?post=3616"}],"version-history":[{"count":3,"href":"https:\/\/agora.xtec.cat\/ceip-gerbert-d-orlhac\/wp-json\/wp\/v2\/pages\/3616\/revisions"}],"predecessor-version":[{"id":4190,"href":"https:\/\/agora.xtec.cat\/ceip-gerbert-d-orlhac\/wp-json\/wp\/v2\/pages\/3616\/revisions\/4190"}],"up":[{"embeddable":true,"href":"https:\/\/agora.xtec.cat\/ceip-gerbert-d-orlhac\/wp-json\/wp\/v2\/pages\/2949"}],"wp:featuredmedia":[{"embeddable":true,"href":"https:\/\/agora.xtec.cat\/ceip-gerbert-d-orlhac\/wp-json\/wp\/v2\/media\/4189"}],"wp:attachment":[{"href":"https:\/\/agora.xtec.cat\/ceip-gerbert-d-orlhac\/wp-json\/wp\/v2\/media?parent=3616"}],"curies":[{"name":"wp","href":"https:\/\/api.w.org\/{rel}","templated":true}]}}