{"id":3612,"date":"2025-08-06T18:49:14","date_gmt":"2025-08-06T16:49:14","guid":{"rendered":"https:\/\/agora.xtec.cat\/ceip-gerbert-d-orlhac\/?page_id=3612"},"modified":"2026-01-28T13:13:36","modified_gmt":"2026-01-28T12:13:36","slug":"atencio-a-la-diversitat","status":"publish","type":"page","link":"https:\/\/agora.xtec.cat\/ceip-gerbert-d-orlhac\/el-projecte-educatiu-de-lescola-gerbert-dorlhac\/atencio-a-la-diversitat\/","title":{"rendered":"SIEI"},"content":{"rendered":"\n<p><strong>SIEI i SIEI Plus: Dos recursos educatius per a la Inclusi\u00f3.<\/strong><\/p>\n\n\n\n<p>A la nostra escola, creiem en una educaci\u00f3 per a tothom, on cada infant pugui desenvolupar el seu m\u00e0xim potencial. Per aix\u00f2, volem parlar-vos de dos&nbsp; recursios molt importants dins del sistema educatiu inclusiu: el <strong>SIEI<\/strong> (Suport Intensiu d\u2019Escolaritzaci\u00f3 Inclusiva) i el SIEI Plus.<\/p>\n\n\n\n<p>El SIEI \u00e9s un suport especialitzat creat per atendre alumnat amb necessitats educatives especials (NEE) derivades de discapacitats o trastorns greus, com la discapacitat intel\u00b7lectual o el trastorn de l&#8217;espectre autista (TEA). L&#8217;objectiu principal \u00e9s garantir que aquests infants puguin participar plenament en les activitats escolars del sistema ordinari, adaptant-se a les seves necessitats particulars.<\/p>\n\n\n\n<p>Els alumnes formen part del seu grup classe de refer\u00e8ncia (la seva classe &#8220;de sempre&#8221;). Participen en les activitats, esbarjos i projectes amb els seus companys tant com sigui possible. Les SIEI\u2019s actuen com el seu &#8220;camp base&#8221;: un lloc on reben el suport necessari per poder accedir al curr\u00edculum, gestionar les emocions i tornar al grup amb \u00e8xit.<\/p>\n\n\n\n<p>EL SIEI es materialitza mitjan\u00e7ant un equip format per una mestra d&#8217;educaci\u00f3 especial i una educadora, que treballen de manera coordinada amb altres professionals per oferir les adaptacions curriculars, metodol\u00f2giques i d\u2019avaluaci\u00f3 que cada infant necessita. A m\u00e9s, l\u2019alumnat amb suport SIEI participa en les activitats regulars de l\u2019escola, amb els suports adequats, i tamb\u00e9 rep atenci\u00f3 individualitzada quan \u00e9s necessari.<\/p>\n\n\n\n<h2 class=\"wp-block-heading\"><strong>Aleshores, qu\u00e8 \u00e9s SIEI Plus?<\/strong><\/h2>\n\n\n\n<p>La <strong>SIEI Plus<\/strong> \u00e9s una modalitat m\u00e9s especialitzada. Est\u00e0 dissenyada per acompanyar alumnes que requereixen un nivell de suport m\u00e9s alt i constant, sovint relacionat amb trastorns de l&#8217;espectre autista (TEA) o altres necessitats conductuals o del desenvolupament.<\/p>\n\n\n\n<p>La difer\u00e8ncia principal rau en la <strong>intensitat<\/strong> i l&#8217;<strong>especialitzaci\u00f3<\/strong> de l&#8217;acompanyament:<\/p>\n\n\n\n<ul class=\"wp-block-list\">\n<li><strong>R\u00e0tios m\u00e9s redu\u00efdes:<\/strong> El nombre d&#8217;alumnes atesos \u00e9s menor per garantir una atenci\u00f3 molt personalitzada.<\/li>\n\n\n\n<li><strong>M\u00e9s professionals:<\/strong> La SIEI plus, com la SIEI, tamb\u00e9 est\u00e0 dotada per els mateixos professionals (Mesi i Educadora d\u2019educaci\u00f3 especial) i afegeix alguns professionals m\u00e9s (Logopeda, Fisio i Mall) formats espec\u00edficament en estrat\u00e8gies d&#8217;anticipaci\u00f3, gesti\u00f3 emocional i comunicaci\u00f3 augmentativa.<\/li>\n\n\n\n<li><strong>Espais adaptats:<\/strong> L&#8217;aula de la SIEI Plus est\u00e0 estructurada per ser un entorn de calma i seguretat, lliure d&#8217;est\u00edmuls excessius, on l&#8217;alumne pot treballar o relaxar-se quan l&#8217;aula ordin\u00e0ria esdev\u00e9 massa intensa.<\/li>\n<\/ul>\n\n\n\n<p>Els beneficis d&#8217;ambd\u00f3s&nbsp; SIEI\u2019s s\u00f3n molts: fomenten el desenvolupament acad\u00e8mic, personal i social dels infants, afavorint la conviv\u00e8ncia i el respecte a la diversitat dins la comunitat escolar. Aix\u00ed, els SIEI\u2019s&nbsp; s\u00f3n&nbsp; una eina clau per garantir una educaci\u00f3 inclusiva i de qualitat per a tots els nostres alumnes.<\/p>\n\n\n\n<p>A la nostra escola, estem compromesos amb la inclusi\u00f3, i els recursos SIEI s\u00f3n una part fonamental del nostre projecte educatiu.<\/p>\n\n\n\n<figure class=\"wp-block-image size-large\"><a href=\"https:\/\/agora.xtec.cat\/ceip-gerbert-d-orlhac\/wp-content\/uploads\/usu691\/2026\/01\/image.jpeg\"><img loading=\"lazy\" decoding=\"async\" width=\"1024\" height=\"768\" src=\"https:\/\/agora.xtec.cat\/ceip-gerbert-d-orlhac\/wp-content\/uploads\/usu691\/2026\/01\/image-1024x768.jpeg\" alt=\"\" class=\"wp-image-4211\" srcset=\"https:\/\/agora.xtec.cat\/ceip-gerbert-d-orlhac\/wp-content\/uploads\/usu691\/2026\/01\/image-1024x768.jpeg 1024w, https:\/\/agora.xtec.cat\/ceip-gerbert-d-orlhac\/wp-content\/uploads\/usu691\/2026\/01\/image-300x225.jpeg 300w, https:\/\/agora.xtec.cat\/ceip-gerbert-d-orlhac\/wp-content\/uploads\/usu691\/2026\/01\/image-768x576.jpeg 768w, https:\/\/agora.xtec.cat\/ceip-gerbert-d-orlhac\/wp-content\/uploads\/usu691\/2026\/01\/image-1536x1152.jpeg 1536w, https:\/\/agora.xtec.cat\/ceip-gerbert-d-orlhac\/wp-content\/uploads\/usu691\/2026\/01\/image.jpeg 1600w\" sizes=\"auto, (max-width: 1024px) 100vw, 1024px\" \/><\/a><\/figure>\n\n\n\n<figure class=\"wp-block-image size-large\"><a href=\"https:\/\/agora.xtec.cat\/ceip-gerbert-d-orlhac\/wp-content\/uploads\/usu691\/2026\/01\/image-1.jpeg\"><img loading=\"lazy\" decoding=\"async\" width=\"1024\" height=\"768\" src=\"https:\/\/agora.xtec.cat\/ceip-gerbert-d-orlhac\/wp-content\/uploads\/usu691\/2026\/01\/image-1-1024x768.jpeg\" alt=\"\" class=\"wp-image-4212\" srcset=\"https:\/\/agora.xtec.cat\/ceip-gerbert-d-orlhac\/wp-content\/uploads\/usu691\/2026\/01\/image-1-1024x768.jpeg 1024w, https:\/\/agora.xtec.cat\/ceip-gerbert-d-orlhac\/wp-content\/uploads\/usu691\/2026\/01\/image-1-300x225.jpeg 300w, https:\/\/agora.xtec.cat\/ceip-gerbert-d-orlhac\/wp-content\/uploads\/usu691\/2026\/01\/image-1-768x576.jpeg 768w, https:\/\/agora.xtec.cat\/ceip-gerbert-d-orlhac\/wp-content\/uploads\/usu691\/2026\/01\/image-1-1536x1152.jpeg 1536w, https:\/\/agora.xtec.cat\/ceip-gerbert-d-orlhac\/wp-content\/uploads\/usu691\/2026\/01\/image-1.jpeg 1600w\" sizes=\"auto, (max-width: 1024px) 100vw, 1024px\" \/><\/a><\/figure>\n\n\n\n<p><\/p>\n","protected":false},"excerpt":{"rendered":"<p>SIEI i SIEI Plus: Dos recursos educatius per a la Inclusi\u00f3. A la nostra escola, creiem en una educaci\u00f3 per a tothom, on cada infant pugui desenvolupar el seu m\u00e0xim potencial. Per aix\u00f2, volem parlar-vos de dos&nbsp; recursios molt importants dins del sistema educatiu inclusiu: el SIEI (Suport Intensiu d\u2019Escolaritzaci\u00f3 Inclusiva) i el SIEI Plus. [&hellip;]<\/p>\n","protected":false},"author":14,"featured_media":4211,"parent":2949,"menu_order":0,"comment_status":"closed","ping_status":"closed","template":"","meta":{"_bbp_topic_count":0,"_bbp_reply_count":0,"_bbp_total_topic_count":0,"_bbp_total_reply_count":0,"_bbp_voice_count":0,"_bbp_anonymous_reply_count":0,"_bbp_topic_count_hidden":0,"_bbp_reply_count_hidden":0,"_bbp_forum_subforum_count":0,"site-sidebar-layout":"default","site-content-layout":"","ast-site-content-layout":"default","site-content-style":"default","site-sidebar-style":"default","ast-global-header-display":"","ast-banner-title-visibility":"","ast-main-header-display":"","ast-hfb-above-header-display":"","ast-hfb-below-header-display":"","ast-hfb-mobile-header-display":"","site-post-title":"","ast-breadcrumbs-content":"","ast-featured-img":"","footer-sml-layout":"","theme-transparent-header-meta":"default","adv-header-id-meta":"","stick-header-meta":"","header-above-stick-meta":"","header-main-stick-meta":"","header-below-stick-meta":"","astra-migrate-meta-layouts":"set","ast-page-background-enabled":"default","ast-page-background-meta":{"desktop":{"background-color":"var(--ast-global-color-4)","background-image":"","background-repeat":"repeat","background-position":"center center","background-size":"auto","background-attachment":"scroll","background-type":"","background-media":"","overlay-type":"","overlay-color":"","overlay-opacity":"","overlay-gradient":""},"tablet":{"background-color":"","background-image":"","background-repeat":"repeat","background-position":"center center","background-size":"auto","background-attachment":"scroll","background-type":"","background-media":"","overlay-type":"","overlay-color":"","overlay-opacity":"","overlay-gradient":""},"mobile":{"background-color":"","background-image":"","background-repeat":"repeat","background-position":"center center","background-size":"auto","background-attachment":"scroll","background-type":"","background-media":"","overlay-type":"","overlay-color":"","overlay-opacity":"","overlay-gradient":""}},"ast-content-background-meta":{"desktop":{"background-color":"var(--ast-global-color-5)","background-image":"","background-repeat":"repeat","background-position":"center center","background-size":"auto","background-attachment":"scroll","background-type":"","background-media":"","overlay-type":"","overlay-color":"","overlay-opacity":"","overlay-gradient":""},"tablet":{"background-color":"var(--ast-global-color-5)","background-image":"","background-repeat":"repeat","background-position":"center center","background-size":"auto","background-attachment":"scroll","background-type":"","background-media":"","overlay-type":"","overlay-color":"","overlay-opacity":"","overlay-gradient":""},"mobile":{"background-color":"var(--ast-global-color-5)","background-image":"","background-repeat":"repeat","background-position":"center center","background-size":"auto","background-attachment":"scroll","background-type":"","background-media":"","overlay-type":"","overlay-color":"","overlay-opacity":"","overlay-gradient":""}},"footnotes":""},"class_list":["post-3612","page","type-page","status-publish","has-post-thumbnail","hentry"],"post_mailing_queue_ids":[],"_links":{"self":[{"href":"https:\/\/agora.xtec.cat\/ceip-gerbert-d-orlhac\/wp-json\/wp\/v2\/pages\/3612","targetHints":{"allow":["GET"]}}],"collection":[{"href":"https:\/\/agora.xtec.cat\/ceip-gerbert-d-orlhac\/wp-json\/wp\/v2\/pages"}],"about":[{"href":"https:\/\/agora.xtec.cat\/ceip-gerbert-d-orlhac\/wp-json\/wp\/v2\/types\/page"}],"author":[{"embeddable":true,"href":"https:\/\/agora.xtec.cat\/ceip-gerbert-d-orlhac\/wp-json\/wp\/v2\/users\/14"}],"replies":[{"embeddable":true,"href":"https:\/\/agora.xtec.cat\/ceip-gerbert-d-orlhac\/wp-json\/wp\/v2\/comments?post=3612"}],"version-history":[{"count":5,"href":"https:\/\/agora.xtec.cat\/ceip-gerbert-d-orlhac\/wp-json\/wp\/v2\/pages\/3612\/revisions"}],"predecessor-version":[{"id":4213,"href":"https:\/\/agora.xtec.cat\/ceip-gerbert-d-orlhac\/wp-json\/wp\/v2\/pages\/3612\/revisions\/4213"}],"up":[{"embeddable":true,"href":"https:\/\/agora.xtec.cat\/ceip-gerbert-d-orlhac\/wp-json\/wp\/v2\/pages\/2949"}],"wp:featuredmedia":[{"embeddable":true,"href":"https:\/\/agora.xtec.cat\/ceip-gerbert-d-orlhac\/wp-json\/wp\/v2\/media\/4211"}],"wp:attachment":[{"href":"https:\/\/agora.xtec.cat\/ceip-gerbert-d-orlhac\/wp-json\/wp\/v2\/media?parent=3612"}],"curies":[{"name":"wp","href":"https:\/\/api.w.org\/{rel}","templated":true}]}}