{"id":3563,"date":"2025-08-06T18:34:11","date_gmt":"2025-08-06T16:34:11","guid":{"rendered":"https:\/\/agora.xtec.cat\/ceip-gerbert-d-orlhac\/?page_id=3563"},"modified":"2026-01-25T11:14:40","modified_gmt":"2026-01-25T10:14:40","slug":"dinantia","status":"publish","type":"page","link":"https:\/\/agora.xtec.cat\/ceip-gerbert-d-orlhac\/info-per-a-families\/dinantia\/","title":{"rendered":"Dinantia"},"content":{"rendered":"\n<p>\u00e9s l\u2019aplicaci\u00f3 que fem servir per comunicar-nos amb les fam\u00edlies.<\/p>\n\n\n\n<p> A trav\u00e9s de Dinantia rebreu al vostre m\u00f2bil:<\/p>\n\n\n\n<ul class=\"wp-block-list\">\n<li>Les notificacions oficials de l\u2019escola<\/li>\n\n\n\n<li>Informaci\u00f3 directa i immediata de les persones referents del vostre fill o filla<\/li>\n\n\n\n<li>Recordatoris importants<\/li>\n<\/ul>\n\n\n\n<p>Podeu utilitzar <strong>Dinantia des del m\u00f2bil o des d\u2019un ordinador<\/strong>, entrant a la <a href=\"https:\/\/dinantia.com\/ca\/\">web de Dinantia.<\/a><\/p>\n\n\n\n<p>Per descarregar l\u2019aplicaci\u00f3 al m\u00f2bil, nom\u00e9s cal seguir les instruccions de l\u2019enlla\u00e7.<\/p>\n\n\n\n<div data-wp-interactive=\"core\/file\" class=\"wp-block-file\"><object data-wp-bind--hidden=\"!state.hasPdfPreview\" hidden class=\"wp-block-file__embed\" data=\"https:\/\/agora.xtec.cat\/ceip-gerbert-d-orlhac\/wp-content\/uploads\/usu691\/2026\/01\/Dinantia-instalacio-inicial-nou.pdf\" type=\"application\/pdf\" style=\"width:100%;height:600px\" aria-label=\"Incrustaci\u00f3 del fitxer Dinantia-instalacio-inicial-nou.\"><\/object><a id=\"wp-block-file--media-cbe45653-f393-494c-975b-081b52c302e8\" href=\"https:\/\/agora.xtec.cat\/ceip-gerbert-d-orlhac\/wp-content\/uploads\/usu691\/2026\/01\/Dinantia-instalacio-inicial-nou.pdf\">Dinantia-instalacio-inicial-nou<\/a><a href=\"https:\/\/agora.xtec.cat\/ceip-gerbert-d-orlhac\/wp-content\/uploads\/usu691\/2026\/01\/Dinantia-instalacio-inicial-nou.pdf\" class=\"wp-block-file__button wp-element-button\" download aria-describedby=\"wp-block-file--media-cbe45653-f393-494c-975b-081b52c302e8\">Baixa<\/a><\/div>\n\n\n\n<p>Quan ja estigueu donats d\u2019alta, rebreu autom\u00e0ticament els missatges que envia l\u2019escola.<\/p>\n\n\n\n<p>Si teniu cap dubte o consulta, l\u2019equip directiu i personal d\u2019administraci\u00f3\u00a0del Gerbert estem a la vostra disposici\u00f3 al correu del centre \u00a0<a href=\"mailto:a8059871@xtec.cat\">a8059871@xtec.cat<\/a><\/p>\n","protected":false},"excerpt":{"rendered":"<p>\u00e9s l\u2019aplicaci\u00f3 que fem servir per comunicar-nos amb les fam\u00edlies. A trav\u00e9s de Dinantia rebreu al vostre m\u00f2bil: Podeu utilitzar Dinantia des del m\u00f2bil o des d\u2019un ordinador, entrant a la web de Dinantia. Per descarregar l\u2019aplicaci\u00f3 al m\u00f2bil, nom\u00e9s cal seguir les instruccions de l\u2019enlla\u00e7. Quan ja estigueu donats d\u2019alta, rebreu autom\u00e0ticament els missatges [&hellip;]<\/p>\n","protected":false},"author":14,"featured_media":0,"parent":3489,"menu_order":0,"comment_status":"closed","ping_status":"closed","template":"","meta":{"_bbp_topic_count":0,"_bbp_reply_count":0,"_bbp_total_topic_count":0,"_bbp_total_reply_count":0,"_bbp_voice_count":0,"_bbp_anonymous_reply_count":0,"_bbp_topic_count_hidden":0,"_bbp_reply_count_hidden":0,"_bbp_forum_subforum_count":0,"site-sidebar-layout":"default","site-content-layout":"","ast-site-content-layout":"default","site-content-style":"default","site-sidebar-style":"default","ast-global-header-display":"","ast-banner-title-visibility":"","ast-main-header-display":"","ast-hfb-above-header-display":"","ast-hfb-below-header-display":"","ast-hfb-mobile-header-display":"","site-post-title":"","ast-breadcrumbs-content":"","ast-featured-img":"","footer-sml-layout":"","theme-transparent-header-meta":"default","adv-header-id-meta":"","stick-header-meta":"","header-above-stick-meta":"","header-main-stick-meta":"","header-below-stick-meta":"","astra-migrate-meta-layouts":"set","ast-page-background-enabled":"default","ast-page-background-meta":{"desktop":{"background-color":"var(--ast-global-color-4)","background-image":"","background-repeat":"repeat","background-position":"center center","background-size":"auto","background-attachment":"scroll","background-type":"","background-media":"","overlay-type":"","overlay-color":"","overlay-opacity":"","overlay-gradient":""},"tablet":{"background-color":"","background-image":"","background-repeat":"repeat","background-position":"center center","background-size":"auto","background-attachment":"scroll","background-type":"","background-media":"","overlay-type":"","overlay-color":"","overlay-opacity":"","overlay-gradient":""},"mobile":{"background-color":"","background-image":"","background-repeat":"repeat","background-position":"center center","background-size":"auto","background-attachment":"scroll","background-type":"","background-media":"","overlay-type":"","overlay-color":"","overlay-opacity":"","overlay-gradient":""}},"ast-content-background-meta":{"desktop":{"background-color":"var(--ast-global-color-5)","background-image":"","background-repeat":"repeat","background-position":"center center","background-size":"auto","background-attachment":"scroll","background-type":"","background-media":"","overlay-type":"","overlay-color":"","overlay-opacity":"","overlay-gradient":""},"tablet":{"background-color":"var(--ast-global-color-5)","background-image":"","background-repeat":"repeat","background-position":"center center","background-size":"auto","background-attachment":"scroll","background-type":"","background-media":"","overlay-type":"","overlay-color":"","overlay-opacity":"","overlay-gradient":""},"mobile":{"background-color":"var(--ast-global-color-5)","background-image":"","background-repeat":"repeat","background-position":"center center","background-size":"auto","background-attachment":"scroll","background-type":"","background-media":"","overlay-type":"","overlay-color":"","overlay-opacity":"","overlay-gradient":""}},"footnotes":""},"class_list":["post-3563","page","type-page","status-publish","hentry"],"post_mailing_queue_ids":[],"_links":{"self":[{"href":"https:\/\/agora.xtec.cat\/ceip-gerbert-d-orlhac\/wp-json\/wp\/v2\/pages\/3563","targetHints":{"allow":["GET"]}}],"collection":[{"href":"https:\/\/agora.xtec.cat\/ceip-gerbert-d-orlhac\/wp-json\/wp\/v2\/pages"}],"about":[{"href":"https:\/\/agora.xtec.cat\/ceip-gerbert-d-orlhac\/wp-json\/wp\/v2\/types\/page"}],"author":[{"embeddable":true,"href":"https:\/\/agora.xtec.cat\/ceip-gerbert-d-orlhac\/wp-json\/wp\/v2\/users\/14"}],"replies":[{"embeddable":true,"href":"https:\/\/agora.xtec.cat\/ceip-gerbert-d-orlhac\/wp-json\/wp\/v2\/comments?post=3563"}],"version-history":[{"count":4,"href":"https:\/\/agora.xtec.cat\/ceip-gerbert-d-orlhac\/wp-json\/wp\/v2\/pages\/3563\/revisions"}],"predecessor-version":[{"id":4172,"href":"https:\/\/agora.xtec.cat\/ceip-gerbert-d-orlhac\/wp-json\/wp\/v2\/pages\/3563\/revisions\/4172"}],"up":[{"embeddable":true,"href":"https:\/\/agora.xtec.cat\/ceip-gerbert-d-orlhac\/wp-json\/wp\/v2\/pages\/3489"}],"wp:attachment":[{"href":"https:\/\/agora.xtec.cat\/ceip-gerbert-d-orlhac\/wp-json\/wp\/v2\/media?parent=3563"}],"curies":[{"name":"wp","href":"https:\/\/api.w.org\/{rel}","templated":true}]}}