{"id":3522,"date":"2025-08-06T18:04:04","date_gmt":"2025-08-06T16:04:04","guid":{"rendered":"https:\/\/agora.xtec.cat\/ceip-gerbert-d-orlhac\/?page_id=3522"},"modified":"2026-01-25T12:28:22","modified_gmt":"2026-01-25T11:28:22","slug":"matriculacio","status":"publish","type":"page","link":"https:\/\/agora.xtec.cat\/ceip-gerbert-d-orlhac\/lescola\/matriculacio\/","title":{"rendered":"Preinscripci\u00f3 curs 26-27"},"content":{"rendered":"\n<p>Preinscripci\u00f3 en centres d&#8217;educaci\u00f3 especial: infantil 3-6, prim\u00e0ria i ESO<\/p>\n\n\n\n<p>Per refor\u00e7ar tota la informaci\u00f3 que ofereixen a la ciutadania per aquesta&nbsp;<strong>PREINSCRIPCI\u00d3 ESCOLAR 2026-2027<\/strong>&nbsp;que comen\u00e7a, des de l\u2019Oficina Municipal d\u2019Escolaritzaci\u00f3, l&#8217;ajuntament de Sant Cugat, hem ampliat l\u2019atenci\u00f3 que habitualment oferim.<\/p>\n\n\n\n<p><strong>OFICINA MUNICIPAL D\u2019ESCOLARITZACI\u00d3 \u2013 AJUNTAMENT DE SANT CUGAT DEL VALL\u00c8S<\/strong><\/p>\n\n\n\n<p><strong>A partir del 2 de febrer&nbsp;de 2026<\/strong>&nbsp;ampliem els horaris d\u2019informaci\u00f3 i acompanyament a les fam\u00edlies:<\/p>\n\n\n\n<p>o&nbsp; &nbsp;<strong>Dilluns de 9 a 14 h<\/strong>. Atenci\u00f3 telef\u00f2nica<\/p>\n\n\n\n<p>o&nbsp; &nbsp;<strong>Dimecres de 9 a 14 h i de 15.30 a 18 h<\/strong>. Atenci\u00f3 presencial<\/p>\n\n\n\n<p>o&nbsp; &nbsp;Cal demanar&nbsp;<strong>CITA PR\u00c8VIA<\/strong>&nbsp;trucant al 010 (tel\u00e8fon fix), 900 104 941 (des de m\u00f2bil o fora de Sant Cugat) o a trav\u00e9s de&nbsp;<a href=\"http:\/\/www.santcugat.cat\/citaprevia\" target=\"_blank\" rel=\"noreferrer noopener\">www.santcugat.cat\/citaprevia<\/a>.<\/p>\n\n\n\n<p>L\u2019OME continua oberta els&nbsp;<strong>dimarts de 9 a 14 h<\/strong>&nbsp;per atendre les fam\u00edlies nouvingudes (matr\u00edcula viva 25-26), que acaben d\u2019arribar a la ciutat i que necessiten pla\u00e7a per al curs escolar actual. Cal demanar cita pr\u00e8via a trav\u00e9s del 010 o l\u2019Oficina d\u2019Atenci\u00f3 Ciutadana en el moment d\u2019empadronar-se.<\/p>\n\n\n\n<p><strong>SESSIONS INFORMATIVES SOBRE LA PREINSCRIPCI\u00d3 ESCOLAR<\/strong><\/p>\n\n\n\n<p>Aquest any durem a terme dues sessions presencials per resoldre tots els dubtes que les fam\u00edlies puguin tenir en relaci\u00f3 a la preinscripci\u00f3.&nbsp;<strong>No cal inscripci\u00f3 pr\u00e8via&nbsp;i estan obertes a totes les fam\u00edlies de la ciutat<\/strong>.<\/p>\n\n\n\n<p><strong>Comencem l&#8217;escola! Qu\u00e8 cal tenir en compte per a la preinscripci\u00f3 a i3<\/strong><\/p>\n\n\n\n<p>Dia: Dimarts, 3 de febrer de 2026.<\/p>\n\n\n\n<p>Hora: 18.30 h.<\/p>\n\n\n\n<p>Lloc: Casa de Cultura<\/p>\n\n\n\n<p><strong>Comencem l&#8217;ESO! Qu\u00e8 cal tenir en compte per a la preinscripci\u00f3 a 1r d&#8217;ESO<\/strong><\/p>\n\n\n\n<p>Dia: Dimarts, 3 de febrer de 2026.<\/p>\n\n\n\n<p>Hora: 19.30 h.<\/p>\n\n\n\n<p>Lloc: Casa de Cultura<\/p>\n\n\n\n<p><strong>ACOMPANYAMENT PER A LA TRAMITACI\u00d3 TELEM\u00c0TICA<\/strong><\/p>\n\n\n\n<p>Per refor\u00e7ar la preinscripci\u00f3 TELEM\u00c0TICA, des de l\u2019OME hem previst tot l\u2019acompanyament necessari per tal d\u2019orientar a les fam\u00edlies que puguin tenir m\u00e9s dificultats sobre com fer aquesta preinscripci\u00f3 pas a pas.<\/p>\n\n\n\n<p>&#8211;&nbsp;&nbsp;&nbsp;&nbsp;&nbsp;&nbsp;&nbsp;&nbsp; &nbsp;<strong>Del 12 al 18 de mar\u00e7, l\u2019OME obre cada dia per acompanyar les fam\u00edlies que ho necessitin<\/strong>: Cita pr\u00e8via 010 (tel\u00e8fon fix), 900 104 941 (des de m\u00f2bil o fora de Sant Cugat) o a trav\u00e9s de&nbsp;<a href=\"http:\/\/www.santcugat.cat\/citaprevia\" target=\"_blank\" rel=\"noreferrer noopener\">www.santcugat.cat\/citaprevia<\/a>.<\/p>\n\n\n\n<p>&#8211;&nbsp;&nbsp;&nbsp;&nbsp;&nbsp;&nbsp;&nbsp;&nbsp; &nbsp;<strong>SERVEI D\u2019ACOMPANYAMENT DIGITAL<\/strong>&nbsp;<a href=\"http:\/\/www.santcugat.cat\/servei\/servei-dacompanyament-digital4\" target=\"_blank\" rel=\"noreferrer noopener\">www.santcugat.cat\/servei\/servei-dacompanyament-digital4<\/a>&nbsp;(interessant per aquelles persones que necessitin suport per fer-se l\u2019Idcat m\u00f2bil, crear una adre\u00e7a de correu electr\u00f2nic, etc. indispensables per a la tramitaci\u00f3 telem\u00e0tica). Per accedir a aquest servei cal demanar&nbsp;<strong>cita pr\u00e8via al tel\u00e8fon 689 20 40 73<\/strong>&nbsp;i tenir en compte els seg\u00fcents horaris:<\/p>\n\n\n\n<p><strong>&nbsp; &nbsp; &nbsp; &nbsp; &nbsp; &nbsp; &nbsp; &nbsp; &nbsp; &nbsp; &nbsp; &nbsp; &nbsp; &nbsp; &nbsp;Ajuntament&nbsp;<\/strong>(pl. de la Vila): dilluns de 9 a 14 h i dimarts de 16 a 19 h<\/p>\n\n\n\n<p><strong>&nbsp; &nbsp; &nbsp; &nbsp; &nbsp; &nbsp; &nbsp; &nbsp; &nbsp; &nbsp; &nbsp; &nbsp; &nbsp; &nbsp; &nbsp;Casa de Cultura<\/strong>: dimecres de 9 a 14 h<\/p>\n\n\n\n<p><strong>&nbsp; &nbsp; &nbsp; &nbsp; &nbsp; &nbsp; &nbsp; &nbsp; &nbsp; &nbsp; &nbsp; &nbsp; &nbsp; &nbsp; &nbsp;OAC la Floresta<\/strong>: dimarts de 9 a 14 h<\/p>\n\n\n\n<p><strong>&nbsp; &nbsp; &nbsp; &nbsp; &nbsp; &nbsp; &nbsp; &nbsp; &nbsp; &nbsp; &nbsp; &nbsp; &nbsp; &nbsp; &nbsp;Casal de Mira-sol \/ Centre C\u00edvic de Les Planes<\/strong>: dimecres&nbsp;de 16 a 19 h (setmanes alternes)<\/p>\n\n\n\n<p>Tota la informaci\u00f3 la trobareu actualitzada a:<\/p>\n\n\n\n<p>Ajuntament de Sant Cugat&nbsp;&nbsp;&nbsp;&nbsp;&nbsp;&nbsp;&nbsp; &nbsp;<a href=\"http:\/\/www.santcugat.cat\/web\/preinscripcio-2026-2027\" target=\"_blank\" rel=\"noreferrer noopener\">www.santcugat.cat\/web\/preinscripcio-2026-2027<\/a><strong>nstrucci\u00f3<\/strong><\/p>\n\n\n\n<figure class=\"wp-block-image size-large is-resized\"><a href=\"https:\/\/agora.xtec.cat\/ceip-gerbert-d-orlhac\/wp-content\/uploads\/usu691\/2026\/01\/Triptic-preinscripcio-escolar-2627.pdf\"><img loading=\"lazy\" decoding=\"async\" width=\"1024\" height=\"724\" src=\"https:\/\/agora.xtec.cat\/ceip-gerbert-d-orlhac\/wp-content\/uploads\/usu691\/2026\/01\/Triptic-preinscripcio-escolar-2627-pdf-1024x724.jpg\" alt=\"\" class=\"wp-image-4157\" style=\"width:666px;height:auto\"\/><\/a><\/figure>\n\n\n\n<figure class=\"wp-block-image size-large\"><a href=\"https:\/\/agora.xtec.cat\/ceip-gerbert-d-orlhac\/wp-content\/uploads\/usu691\/2026\/01\/Cartell-xerrades-preinscripcio-escolar-2627.pdf\"><img loading=\"lazy\" decoding=\"async\" width=\"724\" height=\"1024\" src=\"https:\/\/agora.xtec.cat\/ceip-gerbert-d-orlhac\/wp-content\/uploads\/usu691\/2026\/01\/Cartell-xerrades-preinscripcio-escolar-2627-pdf-724x1024.jpg\" alt=\"\" class=\"wp-image-4159\"\/><\/a><\/figure>\n\n\n\n<p><\/p>\n","protected":false},"excerpt":{"rendered":"<p>Preinscripci\u00f3 en centres d&#8217;educaci\u00f3 especial: infantil 3-6, prim\u00e0ria i ESO Per refor\u00e7ar tota la informaci\u00f3 que ofereixen a la ciutadania per aquesta&nbsp;PREINSCRIPCI\u00d3 ESCOLAR 2026-2027&nbsp;que comen\u00e7a, des de l\u2019Oficina Municipal d\u2019Escolaritzaci\u00f3, l&#8217;ajuntament de Sant Cugat, hem ampliat l\u2019atenci\u00f3 que habitualment oferim. OFICINA MUNICIPAL D\u2019ESCOLARITZACI\u00d3 \u2013 AJUNTAMENT DE SANT CUGAT DEL VALL\u00c8S A partir del 2 de [&hellip;]<\/p>\n","protected":false},"author":14,"featured_media":0,"parent":22,"menu_order":0,"comment_status":"closed","ping_status":"closed","template":"","meta":{"_bbp_topic_count":0,"_bbp_reply_count":0,"_bbp_total_topic_count":0,"_bbp_total_reply_count":0,"_bbp_voice_count":0,"_bbp_anonymous_reply_count":0,"_bbp_topic_count_hidden":0,"_bbp_reply_count_hidden":0,"_bbp_forum_subforum_count":0,"site-sidebar-layout":"default","site-content-layout":"","ast-site-content-layout":"default","site-content-style":"default","site-sidebar-style":"default","ast-global-header-display":"","ast-banner-title-visibility":"","ast-main-header-display":"","ast-hfb-above-header-display":"","ast-hfb-below-header-display":"","ast-hfb-mobile-header-display":"","site-post-title":"","ast-breadcrumbs-content":"","ast-featured-img":"","footer-sml-layout":"","theme-transparent-header-meta":"default","adv-header-id-meta":"","stick-header-meta":"","header-above-stick-meta":"","header-main-stick-meta":"","header-below-stick-meta":"","astra-migrate-meta-layouts":"set","ast-page-background-enabled":"default","ast-page-background-meta":{"desktop":{"background-color":"var(--ast-global-color-4)","background-image":"","background-repeat":"repeat","background-position":"center center","background-size":"auto","background-attachment":"scroll","background-type":"","background-media":"","overlay-type":"","overlay-color":"","overlay-opacity":"","overlay-gradient":""},"tablet":{"background-color":"","background-image":"","background-repeat":"repeat","background-position":"center center","background-size":"auto","background-attachment":"scroll","background-type":"","background-media":"","overlay-type":"","overlay-color":"","overlay-opacity":"","overlay-gradient":""},"mobile":{"background-color":"","background-image":"","background-repeat":"repeat","background-position":"center center","background-size":"auto","background-attachment":"scroll","background-type":"","background-media":"","overlay-type":"","overlay-color":"","overlay-opacity":"","overlay-gradient":""}},"ast-content-background-meta":{"desktop":{"background-color":"var(--ast-global-color-5)","background-image":"","background-repeat":"repeat","background-position":"center center","background-size":"auto","background-attachment":"scroll","background-type":"","background-media":"","overlay-type":"","overlay-color":"","overlay-opacity":"","overlay-gradient":""},"tablet":{"background-color":"var(--ast-global-color-5)","background-image":"","background-repeat":"repeat","background-position":"center center","background-size":"auto","background-attachment":"scroll","background-type":"","background-media":"","overlay-type":"","overlay-color":"","overlay-opacity":"","overlay-gradient":""},"mobile":{"background-color":"var(--ast-global-color-5)","background-image":"","background-repeat":"repeat","background-position":"center center","background-size":"auto","background-attachment":"scroll","background-type":"","background-media":"","overlay-type":"","overlay-color":"","overlay-opacity":"","overlay-gradient":""}},"footnotes":""},"class_list":["post-3522","page","type-page","status-publish","hentry"],"post_mailing_queue_ids":[],"_links":{"self":[{"href":"https:\/\/agora.xtec.cat\/ceip-gerbert-d-orlhac\/wp-json\/wp\/v2\/pages\/3522","targetHints":{"allow":["GET"]}}],"collection":[{"href":"https:\/\/agora.xtec.cat\/ceip-gerbert-d-orlhac\/wp-json\/wp\/v2\/pages"}],"about":[{"href":"https:\/\/agora.xtec.cat\/ceip-gerbert-d-orlhac\/wp-json\/wp\/v2\/types\/page"}],"author":[{"embeddable":true,"href":"https:\/\/agora.xtec.cat\/ceip-gerbert-d-orlhac\/wp-json\/wp\/v2\/users\/14"}],"replies":[{"embeddable":true,"href":"https:\/\/agora.xtec.cat\/ceip-gerbert-d-orlhac\/wp-json\/wp\/v2\/comments?post=3522"}],"version-history":[{"count":5,"href":"https:\/\/agora.xtec.cat\/ceip-gerbert-d-orlhac\/wp-json\/wp\/v2\/pages\/3522\/revisions"}],"predecessor-version":[{"id":4178,"href":"https:\/\/agora.xtec.cat\/ceip-gerbert-d-orlhac\/wp-json\/wp\/v2\/pages\/3522\/revisions\/4178"}],"up":[{"embeddable":true,"href":"https:\/\/agora.xtec.cat\/ceip-gerbert-d-orlhac\/wp-json\/wp\/v2\/pages\/22"}],"wp:attachment":[{"href":"https:\/\/agora.xtec.cat\/ceip-gerbert-d-orlhac\/wp-json\/wp\/v2\/media?parent=3522"}],"curies":[{"name":"wp","href":"https:\/\/api.w.org\/{rel}","templated":true}]}}