{"id":3506,"date":"2025-08-06T18:01:52","date_gmt":"2025-08-06T16:01:52","guid":{"rendered":"https:\/\/agora.xtec.cat\/ceip-gerbert-d-orlhac\/?page_id=3506"},"modified":"2026-02-12T11:14:39","modified_gmt":"2026-02-12T10:14:39","slug":"espai-de-joc","status":"publish","type":"page","link":"https:\/\/agora.xtec.cat\/ceip-gerbert-d-orlhac\/lescola\/espais\/espai-de-joc\/","title":{"rendered":"L\u2019espai de joc simb\u00f2lic"},"content":{"rendered":"\n<p><strong>El joc simb\u00f2lic: una eina clau en el desenvolupament infantil<\/strong><\/p>\n\n\n\n<p>Durant l\u2019etapa de 0 a 6 anys, el joc simb\u00f2lic \u00e9s molt important per al desenvolupament dels infants. A trav\u00e9s del joc, els nens i nenes imiten situacions del dia a dia, exploren el m\u00f3n que els envolta i expressen emocions i viv\u00e8ncies. Aquest tipus de joc els ajuda a desenvolupar el llenguatge, les habilitats socials, la creativitat i la capacitat de relacionar-se amb els altres.<\/p>\n\n\n\n<p>A l\u2019escola, tant a l\u2019aula com a l\u2019espai de joc, oferim propostes variades com la cuineta, la botiga, l\u2019hospital o el rac\u00f3 de disfresses. Aquests espais permeten als infants imaginar, crear i aprendre tot jugant, afavorint la cooperaci\u00f3, la resoluci\u00f3 de petits conflictes i l\u2019autonomia. El joc simb\u00f2lic \u00e9s, sens dubte, una manera natural i essencial de cr\u00e9ixer i aprendre.<\/p>\n\n\n\n<p>&#8220;Jugant a ser grans, els infants construeixen qui s\u00f3n.&#8221;<\/p>\n\n\n\n<figure class=\"wp-block-image size-large\"><a href=\"https:\/\/agora.xtec.cat\/ceip-gerbert-d-orlhac\/wp-content\/uploads\/usu691\/2026\/01\/image-5.png\"><img loading=\"lazy\" decoding=\"async\" width=\"1024\" height=\"484\" src=\"https:\/\/agora.xtec.cat\/ceip-gerbert-d-orlhac\/wp-content\/uploads\/usu691\/2026\/01\/image-5-1024x484.png\" alt=\"\" class=\"wp-image-4204\" srcset=\"https:\/\/agora.xtec.cat\/ceip-gerbert-d-orlhac\/wp-content\/uploads\/usu691\/2026\/01\/image-5-1024x484.png 1024w, https:\/\/agora.xtec.cat\/ceip-gerbert-d-orlhac\/wp-content\/uploads\/usu691\/2026\/01\/image-5-300x142.png 300w, https:\/\/agora.xtec.cat\/ceip-gerbert-d-orlhac\/wp-content\/uploads\/usu691\/2026\/01\/image-5-768x363.png 768w, https:\/\/agora.xtec.cat\/ceip-gerbert-d-orlhac\/wp-content\/uploads\/usu691\/2026\/01\/image-5.png 1283w\" sizes=\"auto, (max-width: 1024px) 100vw, 1024px\" \/><\/a><\/figure>\n","protected":false},"excerpt":{"rendered":"<p>El joc simb\u00f2lic: una eina clau en el desenvolupament infantil Durant l\u2019etapa de 0 a 6 anys, el joc simb\u00f2lic \u00e9s molt important per al desenvolupament dels infants. A trav\u00e9s del joc, els nens i nenes imiten situacions del dia a dia, exploren el m\u00f3n que els envolta i expressen emocions i viv\u00e8ncies. Aquest tipus [&hellip;]<\/p>\n","protected":false},"author":14,"featured_media":0,"parent":3500,"menu_order":0,"comment_status":"closed","ping_status":"closed","template":"","meta":{"_bbp_topic_count":0,"_bbp_reply_count":0,"_bbp_total_topic_count":0,"_bbp_total_reply_count":0,"_bbp_voice_count":0,"_bbp_anonymous_reply_count":0,"_bbp_topic_count_hidden":0,"_bbp_reply_count_hidden":0,"_bbp_forum_subforum_count":0,"site-sidebar-layout":"default","site-content-layout":"","ast-site-content-layout":"default","site-content-style":"default","site-sidebar-style":"default","ast-global-header-display":"","ast-banner-title-visibility":"","ast-main-header-display":"","ast-hfb-above-header-display":"","ast-hfb-below-header-display":"","ast-hfb-mobile-header-display":"","site-post-title":"","ast-breadcrumbs-content":"","ast-featured-img":"","footer-sml-layout":"","theme-transparent-header-meta":"default","adv-header-id-meta":"","stick-header-meta":"","header-above-stick-meta":"","header-main-stick-meta":"","header-below-stick-meta":"","astra-migrate-meta-layouts":"set","ast-page-background-enabled":"default","ast-page-background-meta":{"desktop":{"background-color":"var(--ast-global-color-4)","background-image":"","background-repeat":"repeat","background-position":"center center","background-size":"auto","background-attachment":"scroll","background-type":"","background-media":"","overlay-type":"","overlay-color":"","overlay-opacity":"","overlay-gradient":""},"tablet":{"background-color":"","background-image":"","background-repeat":"repeat","background-position":"center center","background-size":"auto","background-attachment":"scroll","background-type":"","background-media":"","overlay-type":"","overlay-color":"","overlay-opacity":"","overlay-gradient":""},"mobile":{"background-color":"","background-image":"","background-repeat":"repeat","background-position":"center center","background-size":"auto","background-attachment":"scroll","background-type":"","background-media":"","overlay-type":"","overlay-color":"","overlay-opacity":"","overlay-gradient":""}},"ast-content-background-meta":{"desktop":{"background-color":"var(--ast-global-color-5)","background-image":"","background-repeat":"repeat","background-position":"center center","background-size":"auto","background-attachment":"scroll","background-type":"","background-media":"","overlay-type":"","overlay-color":"","overlay-opacity":"","overlay-gradient":""},"tablet":{"background-color":"var(--ast-global-color-5)","background-image":"","background-repeat":"repeat","background-position":"center center","background-size":"auto","background-attachment":"scroll","background-type":"","background-media":"","overlay-type":"","overlay-color":"","overlay-opacity":"","overlay-gradient":""},"mobile":{"background-color":"var(--ast-global-color-5)","background-image":"","background-repeat":"repeat","background-position":"center center","background-size":"auto","background-attachment":"scroll","background-type":"","background-media":"","overlay-type":"","overlay-color":"","overlay-opacity":"","overlay-gradient":""}},"footnotes":""},"class_list":["post-3506","page","type-page","status-publish","hentry"],"post_mailing_queue_ids":[],"_links":{"self":[{"href":"https:\/\/agora.xtec.cat\/ceip-gerbert-d-orlhac\/wp-json\/wp\/v2\/pages\/3506","targetHints":{"allow":["GET"]}}],"collection":[{"href":"https:\/\/agora.xtec.cat\/ceip-gerbert-d-orlhac\/wp-json\/wp\/v2\/pages"}],"about":[{"href":"https:\/\/agora.xtec.cat\/ceip-gerbert-d-orlhac\/wp-json\/wp\/v2\/types\/page"}],"author":[{"embeddable":true,"href":"https:\/\/agora.xtec.cat\/ceip-gerbert-d-orlhac\/wp-json\/wp\/v2\/users\/14"}],"replies":[{"embeddable":true,"href":"https:\/\/agora.xtec.cat\/ceip-gerbert-d-orlhac\/wp-json\/wp\/v2\/comments?post=3506"}],"version-history":[{"count":4,"href":"https:\/\/agora.xtec.cat\/ceip-gerbert-d-orlhac\/wp-json\/wp\/v2\/pages\/3506\/revisions"}],"predecessor-version":[{"id":4242,"href":"https:\/\/agora.xtec.cat\/ceip-gerbert-d-orlhac\/wp-json\/wp\/v2\/pages\/3506\/revisions\/4242"}],"up":[{"embeddable":true,"href":"https:\/\/agora.xtec.cat\/ceip-gerbert-d-orlhac\/wp-json\/wp\/v2\/pages\/3500"}],"wp:attachment":[{"href":"https:\/\/agora.xtec.cat\/ceip-gerbert-d-orlhac\/wp-json\/wp\/v2\/media?parent=3506"}],"curies":[{"name":"wp","href":"https:\/\/api.w.org\/{rel}","templated":true}]}}