{"id":3496,"date":"2025-08-06T18:00:26","date_gmt":"2025-08-06T16:00:26","guid":{"rendered":"https:\/\/agora.xtec.cat\/ceip-gerbert-d-orlhac\/?page_id=3496"},"modified":"2025-08-07T17:27:42","modified_gmt":"2025-08-07T15:27:42","slug":"consell-escolar","status":"publish","type":"page","link":"https:\/\/agora.xtec.cat\/ceip-gerbert-d-orlhac\/lescola\/qui-som\/consell-escolar\/","title":{"rendered":"Consell escolar"},"content":{"rendered":"\n<p>\u00c9s l&#8217;organ de participaci\u00f3 de la comunitat escolar en el govern del centre i l&#8217;organ de seguiment i valoraci\u00f3 general de les seves activitats. <br>Per qui est\u00e0 format el Consell Escolar? Hi ha representants de tots els sectors que formen la comunitat educativa.<\/p>\n\n\n\n<figure class=\"wp-block-image aligncenter size-large consell-escolar-infograma\"><a href=\"https:\/\/agora.xtec.cat\/ceip-gerbert-d-orlhac\/wp-content\/uploads\/usu691\/2025\/08\/infografia-consell-scaled.jpg\"><img loading=\"lazy\" decoding=\"async\" width=\"1024\" height=\"768\" src=\"https:\/\/agora.xtec.cat\/ceip-gerbert-d-orlhac\/wp-content\/uploads\/usu691\/2025\/08\/infografia-consell-1024x768.jpg\" alt=\"\" class=\"wp-image-3640\" srcset=\"https:\/\/agora.xtec.cat\/ceip-gerbert-d-orlhac\/wp-content\/uploads\/usu691\/2025\/08\/infografia-consell-1024x768.jpg 1024w, https:\/\/agora.xtec.cat\/ceip-gerbert-d-orlhac\/wp-content\/uploads\/usu691\/2025\/08\/infografia-consell-300x225.jpg 300w, https:\/\/agora.xtec.cat\/ceip-gerbert-d-orlhac\/wp-content\/uploads\/usu691\/2025\/08\/infografia-consell-768x576.jpg 768w, https:\/\/agora.xtec.cat\/ceip-gerbert-d-orlhac\/wp-content\/uploads\/usu691\/2025\/08\/infografia-consell-1536x1152.jpg 1536w, https:\/\/agora.xtec.cat\/ceip-gerbert-d-orlhac\/wp-content\/uploads\/usu691\/2025\/08\/infografia-consell-2048x1536.jpg 2048w\" sizes=\"auto, (max-width: 1024px) 100vw, 1024px\" \/><\/a><\/figure>\n\n\n\n<p>\u00bfQuines decisions es prenen al <strong>Consell Escolar<\/strong>?<\/p>\n\n\n\n<p>El <strong>Consell Escolar<\/strong> aprova, supervisa o emet informes sobre els aspectes m\u00e9s importants de la vida del centre. Segons la normativa vigent a Catalunya (com el Decret 102\/2010), les seves funcions inclouen:<\/p>\n\n\n\n<div class=\"wp-block-columns is-layout-flex wp-container-core-columns-is-layout-1 wp-block-columns-is-layout-flex\">\n<div class=\"wp-block-column is-layout-flow wp-block-column-is-layout-flow\">\n<ul class=\"wp-block-list consell-escolar-llista\">\n<li class=\"consell-escolar-llista\"><strong>Promoure la participaci\u00f3 de les fam\u00edlies, l&#8217;alumnat i el personal no docent en la vida del centre.<\/strong><\/li>\n\n\n\n<li><strong>Aprovar el Projecte Educatiu del Centre (PEC):<\/strong> Defineix la identitat del centre, els valors, objectius, metodologies, lleng\u00fces d&#8217;aprenentatge, etc.<\/li>\n\n\n\n<li><strong>Aprovar el Reglament de R\u00e8gim Intern (RRI):<\/strong> Normes de conviv\u00e8ncia, drets i deures de l&#8217;alumnat, sancions, organitzaci\u00f3 d&#8217;espais, etc.<\/li>\n\n\n\n<li><strong>Aprovar el pressupost i la seva execuci\u00f3:<\/strong> Despesa en material, obres, recursos humans, activitats, etc.<\/li>\n<\/ul>\n<\/div>\n\n\n\n<div class=\"wp-block-column is-layout-flow wp-block-column-is-layout-flow\">\n<ul class=\"wp-block-list consell-escolar-llista\">\n<li><strong>Aprovar la Programaci\u00f3 General Anual (PGA)<\/strong>: Inclou el calendari escolar, les activitats complement\u00e0ries, els plans de millora, els horaris, etc.<\/li>\n\n\n\n<li><strong>Participar en la selecci\u00f3 de la direcci\u00f3 del centre<\/strong>: Avaluen propostes de direcci\u00f3 i poden influir en el nomenament.<\/li>\n\n\n\n<li><strong>Supervisar la gesti\u00f3 de la direcci\u00f3<\/strong>: Avaluen el compliment d&#8217;objectius i l&#8217;\u00fas de recursos.<\/li>\n\n\n\n<li><strong>Emetre informes sobre<\/strong>: El funcionament general del centre, les relacions amb l&#8217;entorn social i educatiu, la conviv\u00e8ncia i les mesures disciplin\u00e0ries, les activitats escolars i extraescolars\u2026<\/li>\n<\/ul>\n<\/div>\n<\/div>\n\n\n\n<p><\/p>\n","protected":false},"excerpt":{"rendered":"<p>\u00c9s l&#8217;organ de participaci\u00f3 de la comunitat escolar en el govern del centre i l&#8217;organ de seguiment i valoraci\u00f3 general de les seves activitats. Per qui est\u00e0 format el Consell Escolar? Hi ha representants de tots els sectors que formen la comunitat educativa. \u00bfQuines decisions es prenen al Consell Escolar? El Consell Escolar aprova, supervisa [&hellip;]<\/p>\n","protected":false},"author":14,"featured_media":0,"parent":3492,"menu_order":0,"comment_status":"closed","ping_status":"closed","template":"","meta":{"_bbp_topic_count":0,"_bbp_reply_count":0,"_bbp_total_topic_count":0,"_bbp_total_reply_count":0,"_bbp_voice_count":0,"_bbp_anonymous_reply_count":0,"_bbp_topic_count_hidden":0,"_bbp_reply_count_hidden":0,"_bbp_forum_subforum_count":0,"site-sidebar-layout":"default","site-content-layout":"","ast-site-content-layout":"default","site-content-style":"default","site-sidebar-style":"default","ast-global-header-display":"","ast-banner-title-visibility":"","ast-main-header-display":"","ast-hfb-above-header-display":"","ast-hfb-below-header-display":"","ast-hfb-mobile-header-display":"","site-post-title":"","ast-breadcrumbs-content":"","ast-featured-img":"","footer-sml-layout":"","theme-transparent-header-meta":"default","adv-header-id-meta":"","stick-header-meta":"","header-above-stick-meta":"","header-main-stick-meta":"","header-below-stick-meta":"","astra-migrate-meta-layouts":"set","ast-page-background-enabled":"default","ast-page-background-meta":{"desktop":{"background-color":"var(--ast-global-color-4)","background-image":"","background-repeat":"repeat","background-position":"center center","background-size":"auto","background-attachment":"scroll","background-type":"","background-media":"","overlay-type":"","overlay-color":"","overlay-opacity":"","overlay-gradient":""},"tablet":{"background-color":"","background-image":"","background-repeat":"repeat","background-position":"center center","background-size":"auto","background-attachment":"scroll","background-type":"","background-media":"","overlay-type":"","overlay-color":"","overlay-opacity":"","overlay-gradient":""},"mobile":{"background-color":"","background-image":"","background-repeat":"repeat","background-position":"center center","background-size":"auto","background-attachment":"scroll","background-type":"","background-media":"","overlay-type":"","overlay-color":"","overlay-opacity":"","overlay-gradient":""}},"ast-content-background-meta":{"desktop":{"background-color":"var(--ast-global-color-5)","background-image":"","background-repeat":"repeat","background-position":"center center","background-size":"auto","background-attachment":"scroll","background-type":"","background-media":"","overlay-type":"","overlay-color":"","overlay-opacity":"","overlay-gradient":""},"tablet":{"background-color":"var(--ast-global-color-5)","background-image":"","background-repeat":"repeat","background-position":"center center","background-size":"auto","background-attachment":"scroll","background-type":"","background-media":"","overlay-type":"","overlay-color":"","overlay-opacity":"","overlay-gradient":""},"mobile":{"background-color":"var(--ast-global-color-5)","background-image":"","background-repeat":"repeat","background-position":"center center","background-size":"auto","background-attachment":"scroll","background-type":"","background-media":"","overlay-type":"","overlay-color":"","overlay-opacity":"","overlay-gradient":""}},"footnotes":""},"class_list":["post-3496","page","type-page","status-publish","hentry"],"post_mailing_queue_ids":[],"_links":{"self":[{"href":"https:\/\/agora.xtec.cat\/ceip-gerbert-d-orlhac\/wp-json\/wp\/v2\/pages\/3496","targetHints":{"allow":["GET"]}}],"collection":[{"href":"https:\/\/agora.xtec.cat\/ceip-gerbert-d-orlhac\/wp-json\/wp\/v2\/pages"}],"about":[{"href":"https:\/\/agora.xtec.cat\/ceip-gerbert-d-orlhac\/wp-json\/wp\/v2\/types\/page"}],"author":[{"embeddable":true,"href":"https:\/\/agora.xtec.cat\/ceip-gerbert-d-orlhac\/wp-json\/wp\/v2\/users\/14"}],"replies":[{"embeddable":true,"href":"https:\/\/agora.xtec.cat\/ceip-gerbert-d-orlhac\/wp-json\/wp\/v2\/comments?post=3496"}],"version-history":[{"count":6,"href":"https:\/\/agora.xtec.cat\/ceip-gerbert-d-orlhac\/wp-json\/wp\/v2\/pages\/3496\/revisions"}],"predecessor-version":[{"id":3652,"href":"https:\/\/agora.xtec.cat\/ceip-gerbert-d-orlhac\/wp-json\/wp\/v2\/pages\/3496\/revisions\/3652"}],"up":[{"embeddable":true,"href":"https:\/\/agora.xtec.cat\/ceip-gerbert-d-orlhac\/wp-json\/wp\/v2\/pages\/3492"}],"wp:attachment":[{"href":"https:\/\/agora.xtec.cat\/ceip-gerbert-d-orlhac\/wp-json\/wp\/v2\/media?parent=3496"}],"curies":[{"name":"wp","href":"https:\/\/api.w.org\/{rel}","templated":true}]}}