{"id":3346,"date":"2025-04-12T12:09:14","date_gmt":"2025-04-12T10:09:14","guid":{"rendered":"https:\/\/agora.xtec.cat\/ceip-gerbert-d-orlhac\/?page_id=3346"},"modified":"2025-11-01T13:06:50","modified_gmt":"2025-11-01T12:06:50","slug":"la-revista-del-gerbert","status":"publish","type":"page","link":"https:\/\/agora.xtec.cat\/ceip-gerbert-d-orlhac\/el-projecte-educatiu-de-lescola-gerbert-dorlhac\/la-revista-del-gerbert\/","title":{"rendered":"La revista del Gerbert"},"content":{"rendered":"<p>Ens fa molta il\u00b7lusi\u00f3 compartir amb vosaltres la REVISTA DEL GERBERT!<br \/>\nAquesta revista ha estat creada per un grup de nens i nenes de 5\u00e8 i 6\u00e8 que han participat en el taller: <strong>EL DIARI DEL GERBERT.<\/strong><\/p>\n<p>Els objectius d\u2019aquest taller han estat:<\/p>\n<p>Fomentar la creativitat, la cooperaci\u00f3 i l\u2019esperit cr\u00edtic.<\/p>\n<p>Desenvolupar habilitats de comunicaci\u00f3 escrita, oral i visual.<\/p>\n<p>Promoure l\u2019inter\u00e8s per l\u2019actualitat i la reflexi\u00f3 sobre temes relacionats amb la comunitat escolar.<\/p>\n<p>Han treballat en grup per decidir quins temes incloure en la revista i han distribu\u00eft els rols. A m\u00e9s:<\/p>\n<p>Han preparat entrevistes per fer a mestres i a l\u2019equip directiu.<\/p>\n<p>Han escrit textos coherents i cohesionats, amb estructures clares i adequades al g\u00e8nere period\u00edstic seleccionat.<\/p>\n<p>Han fet un \u00fas correcte de l\u2019ortografia i la gram\u00e0tica, aplicant les normes ling\u00fc\u00edstiques pertinents en la redacci\u00f3 dels continguts.<\/p>\n<p>Han participat activament dins del grup, aportant idees i assumint responsabilitats en les tasques assignades.<\/p>\n<p>Han planificat adequadament les tasques, establint prioritats i gestionant el temps de manera eficient.<\/p>\n<p>Han dissenyat i maquetat el format digital de la revista.<\/p>\n<p>Han fet una avaluaci\u00f3 conjunta i una autoavaluaci\u00f3 dels resultats i del proc\u00e9s.<\/p>\n<p>Us presentem amb orgull totes les revistes del Gerbert!<\/p>\n<p>Esperem que la gaudiu tant com nosaltres hem gaudit, veient tot el treball que han fet els nens i nenes.<\/p>\n<table style=\"border-collapse: collapse; width: 100%;\">\n<tbody>\n<tr>\n<td style=\"width: 50.7937%;\"><img loading=\"lazy\" decoding=\"async\" class=\"alignnone wp-image-3347 alignleft\" src=\"https:\/\/agora.xtec.cat\/ceip-gerbert-d-orlhac\/wp-content\/uploads\/usu691\/2025\/04\/Cover-791x1024.jpg\" alt=\"\" width=\"399\" height=\"517\" srcset=\"https:\/\/agora.xtec.cat\/ceip-gerbert-d-orlhac\/wp-content\/uploads\/usu691\/2025\/04\/Cover-791x1024.jpg 791w, https:\/\/agora.xtec.cat\/ceip-gerbert-d-orlhac\/wp-content\/uploads\/usu691\/2025\/04\/Cover-232x300.jpg 232w, https:\/\/agora.xtec.cat\/ceip-gerbert-d-orlhac\/wp-content\/uploads\/usu691\/2025\/04\/Cover-768x994.jpg 768w, https:\/\/agora.xtec.cat\/ceip-gerbert-d-orlhac\/wp-content\/uploads\/usu691\/2025\/04\/Cover-1187x1536.jpg 1187w, https:\/\/agora.xtec.cat\/ceip-gerbert-d-orlhac\/wp-content\/uploads\/usu691\/2025\/04\/Cover.jpg 1545w\" sizes=\"auto, (max-width: 399px) 100vw, 399px\" \/><\/td>\n<td style=\"width: 49.2063%;\"><a href=\"https:\/\/agora.xtec.cat\/ceip-gerbert-d-orlhac\/general\/la-revista-del-gerbert\/\">1\u00aa edici\u00f3 curs 2024-25<\/a><a href=\"https:\/\/agora.xtec.cat\/ceip-gerbert-d-orlhac\/general\/ja-esta-aqui-la-segona-edicio-de-la-revista-del-gerbert\/\">2\u00aa edici\u00f3 curs 2024-25<\/a><\/td>\n<\/tr>\n<\/tbody>\n<\/table>\n","protected":false},"excerpt":{"rendered":"<p>Ens fa molta il\u00b7lusi\u00f3 compartir amb vosaltres la REVISTA DEL GERBERT! Aquesta revista ha estat creada per un grup de nens i nenes de 5\u00e8 i 6\u00e8 que han participat en el taller: EL DIARI DEL GERBERT. Els objectius d\u2019aquest taller han estat: Fomentar la creativitat, la cooperaci\u00f3 i l\u2019esperit cr\u00edtic. Desenvolupar habilitats de comunicaci\u00f3 [&hellip;]<\/p>\n","protected":false},"author":13,"featured_media":0,"parent":2949,"menu_order":0,"comment_status":"closed","ping_status":"closed","template":"","meta":{"_bbp_topic_count":0,"_bbp_reply_count":0,"_bbp_total_topic_count":0,"_bbp_total_reply_count":0,"_bbp_voice_count":0,"_bbp_anonymous_reply_count":0,"_bbp_topic_count_hidden":0,"_bbp_reply_count_hidden":0,"_bbp_forum_subforum_count":0,"site-sidebar-layout":"default","site-content-layout":"","ast-site-content-layout":"default","site-content-style":"default","site-sidebar-style":"default","ast-global-header-display":"","ast-banner-title-visibility":"","ast-main-header-display":"","ast-hfb-above-header-display":"","ast-hfb-below-header-display":"","ast-hfb-mobile-header-display":"","site-post-title":"","ast-breadcrumbs-content":"","ast-featured-img":"","footer-sml-layout":"","theme-transparent-header-meta":"","adv-header-id-meta":"","stick-header-meta":"","header-above-stick-meta":"","header-main-stick-meta":"","header-below-stick-meta":"","astra-migrate-meta-layouts":"set","ast-page-background-enabled":"default","ast-page-background-meta":{"desktop":{"background-color":"var(--ast-global-color-4)","background-image":"","background-repeat":"repeat","background-position":"center center","background-size":"auto","background-attachment":"scroll","background-type":"","background-media":"","overlay-type":"","overlay-color":"","overlay-opacity":"","overlay-gradient":""},"tablet":{"background-color":"","background-image":"","background-repeat":"repeat","background-position":"center center","background-size":"auto","background-attachment":"scroll","background-type":"","background-media":"","overlay-type":"","overlay-color":"","overlay-opacity":"","overlay-gradient":""},"mobile":{"background-color":"","background-image":"","background-repeat":"repeat","background-position":"center center","background-size":"auto","background-attachment":"scroll","background-type":"","background-media":"","overlay-type":"","overlay-color":"","overlay-opacity":"","overlay-gradient":""}},"ast-content-background-meta":{"desktop":{"background-color":"var(--ast-global-color-5)","background-image":"","background-repeat":"repeat","background-position":"center center","background-size":"auto","background-attachment":"scroll","background-type":"","background-media":"","overlay-type":"","overlay-color":"","overlay-opacity":"","overlay-gradient":""},"tablet":{"background-color":"var(--ast-global-color-5)","background-image":"","background-repeat":"repeat","background-position":"center center","background-size":"auto","background-attachment":"scroll","background-type":"","background-media":"","overlay-type":"","overlay-color":"","overlay-opacity":"","overlay-gradient":""},"mobile":{"background-color":"var(--ast-global-color-5)","background-image":"","background-repeat":"repeat","background-position":"center center","background-size":"auto","background-attachment":"scroll","background-type":"","background-media":"","overlay-type":"","overlay-color":"","overlay-opacity":"","overlay-gradient":""}},"footnotes":""},"class_list":["post-3346","page","type-page","status-publish","hentry"],"post_mailing_queue_ids":[],"_links":{"self":[{"href":"https:\/\/agora.xtec.cat\/ceip-gerbert-d-orlhac\/wp-json\/wp\/v2\/pages\/3346","targetHints":{"allow":["GET"]}}],"collection":[{"href":"https:\/\/agora.xtec.cat\/ceip-gerbert-d-orlhac\/wp-json\/wp\/v2\/pages"}],"about":[{"href":"https:\/\/agora.xtec.cat\/ceip-gerbert-d-orlhac\/wp-json\/wp\/v2\/types\/page"}],"author":[{"embeddable":true,"href":"https:\/\/agora.xtec.cat\/ceip-gerbert-d-orlhac\/wp-json\/wp\/v2\/users\/13"}],"replies":[{"embeddable":true,"href":"https:\/\/agora.xtec.cat\/ceip-gerbert-d-orlhac\/wp-json\/wp\/v2\/comments?post=3346"}],"version-history":[{"count":2,"href":"https:\/\/agora.xtec.cat\/ceip-gerbert-d-orlhac\/wp-json\/wp\/v2\/pages\/3346\/revisions"}],"predecessor-version":[{"id":4046,"href":"https:\/\/agora.xtec.cat\/ceip-gerbert-d-orlhac\/wp-json\/wp\/v2\/pages\/3346\/revisions\/4046"}],"up":[{"embeddable":true,"href":"https:\/\/agora.xtec.cat\/ceip-gerbert-d-orlhac\/wp-json\/wp\/v2\/pages\/2949"}],"wp:attachment":[{"href":"https:\/\/agora.xtec.cat\/ceip-gerbert-d-orlhac\/wp-json\/wp\/v2\/media?parent=3346"}],"curies":[{"name":"wp","href":"https:\/\/api.w.org\/{rel}","templated":true}]}}