{"id":2974,"date":"2023-07-10T23:32:06","date_gmt":"2023-07-10T21:32:06","guid":{"rendered":"https:\/\/agora.xtec.cat\/ceip-gerbert-d-orlhac\/?page_id=2974"},"modified":"2026-01-28T17:39:07","modified_gmt":"2026-01-28T16:39:07","slug":"estrategia-digital-de-centre","status":"publish","type":"page","link":"https:\/\/agora.xtec.cat\/ceip-gerbert-d-orlhac\/el-projecte-educatiu-de-lescola-gerbert-dorlhac\/estrategia-digital-de-centre\/","title":{"rendered":"Estrat\u00e8gia Digital de Centre"},"content":{"rendered":"<p><iframe loading=\"lazy\" title=\"YouTube video player\" src=\"https:\/\/www.youtube.com\/embed\/uS5UUZIYLPQ\" width=\"560\" height=\"315\" frameborder=\"0\" allowfullscreen=\"allowfullscreen\"><\/iframe><\/p>\n<p data-start=\"116\" data-end=\"351\"><strong data-start=\"116\" data-end=\"150\">L\u2019Estrat\u00e8gia Digital de Centre<\/strong> \u00e9s un document que recull les l\u00ednies d\u2019actuaci\u00f3 per assolir la compet\u00e8ncia digital de l\u2019alumnat, del professorat i del centre, aix\u00ed com la formalitzaci\u00f3 de la governan\u00e7a de la tecnologia a l\u2019escola.<\/p>\n<p data-start=\"358\" data-end=\"639\">Per assolir aquesta compet\u00e8ncia digital, l\u2019EDC del Gerbert abasta tots els \u00e0mbits del centre \u2014organitzatius, metodol\u00f2gics, curriculars i comunicatius\u2014, els quals han d\u2019estar necess\u00e0riament implicats i, si escau, transformats des d\u2019una perspectiva d\u2019innovaci\u00f3 i de millora cont\u00ednua.<\/p>\n<p>\u00a0<\/p>\n\n\n<div data-wp-interactive=\"core\/file\" class=\"wp-block-file\"><object data-wp-bind--hidden=\"!state.hasPdfPreview\" hidden class=\"wp-block-file__embed\" data=\"https:\/\/agora.xtec.cat\/ceip-gerbert-d-orlhac\/wp-content\/uploads\/usu691\/2026\/01\/EDC-Gerbert-dOrlhac-1.pdf\" type=\"application\/pdf\" style=\"width:100%;height:600px\" aria-label=\"Incrustaci\u00f3 del fitxer EDC Gerbert d&#039;Orlhac.\"><\/object><a id=\"wp-block-file--media-b926222a-8ac3-482a-9194-ed1535b90fe8\" href=\"https:\/\/agora.xtec.cat\/ceip-gerbert-d-orlhac\/wp-content\/uploads\/usu691\/2026\/01\/EDC-Gerbert-dOrlhac-1.pdf\">EDC Gerbert d&#8217;Orlhac<\/a><a href=\"https:\/\/agora.xtec.cat\/ceip-gerbert-d-orlhac\/wp-content\/uploads\/usu691\/2026\/01\/EDC-Gerbert-dOrlhac-1.pdf\" class=\"wp-block-file__button wp-element-button\" download aria-describedby=\"wp-block-file--media-b926222a-8ac3-482a-9194-ed1535b90fe8\">Baixa<\/a><\/div>\n","protected":false},"excerpt":{"rendered":"<p>L\u2019Estrat\u00e8gia Digital de Centre \u00e9s un document que recull les l\u00ednies d\u2019actuaci\u00f3 per assolir la compet\u00e8ncia digital de l\u2019alumnat, del professorat i del centre, aix\u00ed com la formalitzaci\u00f3 de la governan\u00e7a de la tecnologia a l\u2019escola. Per assolir aquesta compet\u00e8ncia digital, l\u2019EDC del Gerbert abasta tots els \u00e0mbits del centre \u2014organitzatius, metodol\u00f2gics, curriculars i comunicatius\u2014, [&hellip;]<\/p>\n","protected":false},"author":9,"featured_media":0,"parent":2949,"menu_order":0,"comment_status":"closed","ping_status":"closed","template":"","meta":{"_bbp_topic_count":0,"_bbp_reply_count":0,"_bbp_total_topic_count":0,"_bbp_total_reply_count":0,"_bbp_voice_count":0,"_bbp_anonymous_reply_count":0,"_bbp_topic_count_hidden":0,"_bbp_reply_count_hidden":0,"_bbp_forum_subforum_count":0,"site-sidebar-layout":"default","site-content-layout":"","ast-site-content-layout":"default","site-content-style":"default","site-sidebar-style":"default","ast-global-header-display":"","ast-banner-title-visibility":"","ast-main-header-display":"","ast-hfb-above-header-display":"","ast-hfb-below-header-display":"","ast-hfb-mobile-header-display":"","site-post-title":"","ast-breadcrumbs-content":"","ast-featured-img":"","footer-sml-layout":"","theme-transparent-header-meta":"default","adv-header-id-meta":"","stick-header-meta":"","header-above-stick-meta":"","header-main-stick-meta":"","header-below-stick-meta":"","astra-migrate-meta-layouts":"set","ast-page-background-enabled":"default","ast-page-background-meta":{"desktop":{"background-color":"var(--ast-global-color-4)","background-image":"","background-repeat":"repeat","background-position":"center center","background-size":"auto","background-attachment":"scroll","background-type":"","background-media":"","overlay-type":"","overlay-color":"","overlay-opacity":"","overlay-gradient":""},"tablet":{"background-color":"","background-image":"","background-repeat":"repeat","background-position":"center center","background-size":"auto","background-attachment":"scroll","background-type":"","background-media":"","overlay-type":"","overlay-color":"","overlay-opacity":"","overlay-gradient":""},"mobile":{"background-color":"","background-image":"","background-repeat":"repeat","background-position":"center center","background-size":"auto","background-attachment":"scroll","background-type":"","background-media":"","overlay-type":"","overlay-color":"","overlay-opacity":"","overlay-gradient":""}},"ast-content-background-meta":{"desktop":{"background-color":"var(--ast-global-color-5)","background-image":"","background-repeat":"repeat","background-position":"center center","background-size":"auto","background-attachment":"scroll","background-type":"","background-media":"","overlay-type":"","overlay-color":"","overlay-opacity":"","overlay-gradient":""},"tablet":{"background-color":"var(--ast-global-color-5)","background-image":"","background-repeat":"repeat","background-position":"center center","background-size":"auto","background-attachment":"scroll","background-type":"","background-media":"","overlay-type":"","overlay-color":"","overlay-opacity":"","overlay-gradient":""},"mobile":{"background-color":"var(--ast-global-color-5)","background-image":"","background-repeat":"repeat","background-position":"center center","background-size":"auto","background-attachment":"scroll","background-type":"","background-media":"","overlay-type":"","overlay-color":"","overlay-opacity":"","overlay-gradient":""}},"footnotes":""},"class_list":["post-2974","page","type-page","status-publish","hentry"],"post_mailing_queue_ids":[],"_links":{"self":[{"href":"https:\/\/agora.xtec.cat\/ceip-gerbert-d-orlhac\/wp-json\/wp\/v2\/pages\/2974","targetHints":{"allow":["GET"]}}],"collection":[{"href":"https:\/\/agora.xtec.cat\/ceip-gerbert-d-orlhac\/wp-json\/wp\/v2\/pages"}],"about":[{"href":"https:\/\/agora.xtec.cat\/ceip-gerbert-d-orlhac\/wp-json\/wp\/v2\/types\/page"}],"author":[{"embeddable":true,"href":"https:\/\/agora.xtec.cat\/ceip-gerbert-d-orlhac\/wp-json\/wp\/v2\/users\/9"}],"replies":[{"embeddable":true,"href":"https:\/\/agora.xtec.cat\/ceip-gerbert-d-orlhac\/wp-json\/wp\/v2\/comments?post=2974"}],"version-history":[{"count":6,"href":"https:\/\/agora.xtec.cat\/ceip-gerbert-d-orlhac\/wp-json\/wp\/v2\/pages\/2974\/revisions"}],"predecessor-version":[{"id":4226,"href":"https:\/\/agora.xtec.cat\/ceip-gerbert-d-orlhac\/wp-json\/wp\/v2\/pages\/2974\/revisions\/4226"}],"up":[{"embeddable":true,"href":"https:\/\/agora.xtec.cat\/ceip-gerbert-d-orlhac\/wp-json\/wp\/v2\/pages\/2949"}],"wp:attachment":[{"href":"https:\/\/agora.xtec.cat\/ceip-gerbert-d-orlhac\/wp-json\/wp\/v2\/media?parent=2974"}],"curies":[{"name":"wp","href":"https:\/\/api.w.org\/{rel}","templated":true}]}}