{"id":26,"date":"2014-09-18T12:24:32","date_gmt":"2014-09-18T11:24:32","guid":{"rendered":"http:\/\/agora.xtec.cat\/ceip-gerbert-d-orlhac\/?page_id=26"},"modified":"2020-02-05T19:14:57","modified_gmt":"2020-02-05T18:14:57","slug":"historia","status":"publish","type":"page","link":"https:\/\/agora.xtec.cat\/ceip-gerbert-d-orlhac\/lescola\/historia\/","title":{"rendered":"Hist\u00f2ria"},"content":{"rendered":"<h1 class=\"entry-title\">Qui era Gerbert d\u2019Orlhac?<\/h1>\n<div class=\"entry-content\">\n<p class=\"Texto\">Gerbert d\u2019Orlhac era un f\u00edsic que fa mil anys promovia la toler\u00e0ncia, l\u2019europe\u00efsme i la consolidaci\u00f3 d\u2019una societat, fonamentada en l\u2019humanisme i el progr\u00e9s cultural, aspectes vigents encara avui dia.<\/p>\n<p class=\"Texto\">Com a figura de fa mil anys podia ser fins a cert punt un s\u00edmbol del Mil\u00b7lenari, celebrat durant tot l\u2019any 2002, any, com ja sabeu, de la creaci\u00f3 de la nostra escola.<\/p>\n<p class=\"Texto\">Gerbert d\u2019Orlhac, era matem\u00e0tic, m\u00fasic, astr\u00f2nom i, per sobre de tot, gran pedagog. Fou un occit\u00e0 de ment privilegiada que mor\u00ed l\u2019any 1003 essent el Papa Silvestre II. Va n\u00e9ixer a les terres d\u2019Occit\u00e0nia i quan va venir a estudiar en terres catalanes (a Vic i a Ripoll l\u2019any 967) va con\u00e8ixer la numeraci\u00f3 ar\u00e0biga de l\u20191 al 9. Numeraci\u00f3 desconeguda a les seves terres i que aqu\u00ed ja es coneixia gr\u00e0cies als contactes que els comtats catalans tenien amb l\u2019Al-Andalus. Fins aquell moment a occident es feia servir la numeraci\u00f3 romana. Tamb\u00e9 aprengu\u00e9 a construir l\u2019astrolabi, aparell que mesurava les distancies entre els astres.<\/p>\n<h1 class=\"entry-title\"><img decoding=\"async\" class=\"\" style=\"font-size: 16px; font-weight: normal;\" src=\"https:\/\/ec.tiching.com\/uploads\/contents\/2011\/07\/12\/34719_1310495042_m.jpg\" alt=\"Resultado de imagen de gerbert d'orlhac&quot;\" \/><\/h1>\n<\/div>\n","protected":false},"excerpt":{"rendered":"<p>Qui era Gerbert d\u2019Orlhac? Gerbert d\u2019Orlhac era un f\u00edsic que fa mil anys promovia la toler\u00e0ncia, l\u2019europe\u00efsme i la consolidaci\u00f3 d\u2019una societat, fonamentada en l\u2019humanisme i el progr\u00e9s cultural, aspectes vigents encara avui dia. Com a figura de fa mil anys podia ser fins a cert punt un s\u00edmbol del Mil\u00b7lenari, celebrat durant tot l\u2019any [&hellip;]<\/p>\n","protected":false},"author":1,"featured_media":0,"parent":22,"menu_order":20,"comment_status":"closed","ping_status":"closed","template":"page-templates\/side-menu.php","meta":{"_bbp_topic_count":0,"_bbp_reply_count":0,"_bbp_total_topic_count":0,"_bbp_total_reply_count":0,"_bbp_voice_count":0,"_bbp_anonymous_reply_count":0,"_bbp_topic_count_hidden":0,"_bbp_reply_count_hidden":0,"_bbp_forum_subforum_count":0,"site-sidebar-layout":"default","site-content-layout":"","ast-site-content-layout":"","site-content-style":"default","site-sidebar-style":"default","ast-global-header-display":"","ast-banner-title-visibility":"","ast-main-header-display":"","ast-hfb-above-header-display":"","ast-hfb-below-header-display":"","ast-hfb-mobile-header-display":"","site-post-title":"","ast-breadcrumbs-content":"","ast-featured-img":"","footer-sml-layout":"","theme-transparent-header-meta":"","adv-header-id-meta":"","stick-header-meta":"","header-above-stick-meta":"","header-main-stick-meta":"","header-below-stick-meta":"","astra-migrate-meta-layouts":"default","ast-page-background-enabled":"default","ast-page-background-meta":{"desktop":{"background-color":"var(--ast-global-color-4)","background-image":"","background-repeat":"repeat","background-position":"center center","background-size":"auto","background-attachment":"scroll","background-type":"","background-media":"","overlay-type":"","overlay-color":"","overlay-opacity":"","overlay-gradient":""},"tablet":{"background-color":"","background-image":"","background-repeat":"repeat","background-position":"center center","background-size":"auto","background-attachment":"scroll","background-type":"","background-media":"","overlay-type":"","overlay-color":"","overlay-opacity":"","overlay-gradient":""},"mobile":{"background-color":"","background-image":"","background-repeat":"repeat","background-position":"center center","background-size":"auto","background-attachment":"scroll","background-type":"","background-media":"","overlay-type":"","overlay-color":"","overlay-opacity":"","overlay-gradient":""}},"ast-content-background-meta":{"desktop":{"background-color":"var(--ast-global-color-5)","background-image":"","background-repeat":"repeat","background-position":"center center","background-size":"auto","background-attachment":"scroll","background-type":"","background-media":"","overlay-type":"","overlay-color":"","overlay-opacity":"","overlay-gradient":""},"tablet":{"background-color":"var(--ast-global-color-5)","background-image":"","background-repeat":"repeat","background-position":"center center","background-size":"auto","background-attachment":"scroll","background-type":"","background-media":"","overlay-type":"","overlay-color":"","overlay-opacity":"","overlay-gradient":""},"mobile":{"background-color":"var(--ast-global-color-5)","background-image":"","background-repeat":"repeat","background-position":"center center","background-size":"auto","background-attachment":"scroll","background-type":"","background-media":"","overlay-type":"","overlay-color":"","overlay-opacity":"","overlay-gradient":""}},"footnotes":""},"class_list":["post-26","page","type-page","status-publish","hentry"],"post_mailing_queue_ids":[],"_links":{"self":[{"href":"https:\/\/agora.xtec.cat\/ceip-gerbert-d-orlhac\/wp-json\/wp\/v2\/pages\/26","targetHints":{"allow":["GET"]}}],"collection":[{"href":"https:\/\/agora.xtec.cat\/ceip-gerbert-d-orlhac\/wp-json\/wp\/v2\/pages"}],"about":[{"href":"https:\/\/agora.xtec.cat\/ceip-gerbert-d-orlhac\/wp-json\/wp\/v2\/types\/page"}],"author":[{"embeddable":true,"href":"https:\/\/agora.xtec.cat\/ceip-gerbert-d-orlhac\/wp-json\/wp\/v2\/users\/1"}],"replies":[{"embeddable":true,"href":"https:\/\/agora.xtec.cat\/ceip-gerbert-d-orlhac\/wp-json\/wp\/v2\/comments?post=26"}],"version-history":[{"count":4,"href":"https:\/\/agora.xtec.cat\/ceip-gerbert-d-orlhac\/wp-json\/wp\/v2\/pages\/26\/revisions"}],"predecessor-version":[{"id":1630,"href":"https:\/\/agora.xtec.cat\/ceip-gerbert-d-orlhac\/wp-json\/wp\/v2\/pages\/26\/revisions\/1630"}],"up":[{"embeddable":true,"href":"https:\/\/agora.xtec.cat\/ceip-gerbert-d-orlhac\/wp-json\/wp\/v2\/pages\/22"}],"wp:attachment":[{"href":"https:\/\/agora.xtec.cat\/ceip-gerbert-d-orlhac\/wp-json\/wp\/v2\/media?parent=26"}],"curies":[{"name":"wp","href":"https:\/\/api.w.org\/{rel}","templated":true}]}}