{"id":2342,"date":"2020-12-22T10:28:38","date_gmt":"2020-12-22T09:28:38","guid":{"rendered":"http:\/\/agora.xtec.cat\/ceip-gerbert-d-orlhac\/?page_id=2342"},"modified":"2025-11-03T10:17:42","modified_gmt":"2025-11-03T09:17:42","slug":"curriculum","status":"publish","type":"page","link":"https:\/\/agora.xtec.cat\/ceip-gerbert-d-orlhac\/projecte-de-centre\/curriculum\/","title":{"rendered":"El nou curr\u00edculum"},"content":{"rendered":"<p>Una oportunitat per aprendre amb sentit<\/p>\n<h4 class=\"wp-block-heading\">Qu\u00e8 vol dir aprendre amb sentit?<\/h4>\n<figure class=\"wp-block-image alignright size-large is-resized is-style-default\"><img loading=\"lazy\" decoding=\"async\" class=\"\" src=\"https:\/\/projectes.xtec.cat\/nou-curriculum\/wp-content\/uploads\/usu2072\/2022\/05\/mundo3-1024x947.png\" alt=\"Alumnes explorant a sobre d'un globus terrestre de color lila\" width=\"291\" height=\"269\" \/><\/figure>\n<p>Aprenem amb sentit quan apropem l\u2019escola a les situacions, q\u00fcestions\u00a0<strong>i problemes reals de la vida quotidiana<\/strong>. Aprendre amb sentit implica que les persones aprenents s\u00e0piguen mobilitzar els aprenentatges adquirits per respondre als principals desafiaments a qu\u00e8 haur\u00e0 de fer front al llarg de la seva vida, la meta no \u00e9s la mera adquisici\u00f3 de sabers, sin\u00f3 aprendre a utilitzar-los per solucionar necessitats encarnades en la realitat.<\/p>\n<p>Volem que l\u2019alumnat aprengui amb sentit per aconseguir una\u00a0<strong>societat m\u00e9s justa i democr\u00e0tica, cohesionada, inclusiva\u00a0<\/strong>que contempli totes les persones i on sigui possible la igualtat d\u2019oportunitats i la igualtat real i efectiva. Una societat fonamentada en una\u00a0<strong>ciutadania cr\u00edtica, activa i constructiva<\/strong>, que doni resposta a les aspiracions personals i col\u00b7lectives, sostenible, digitalitzada, m\u00e9s equitativa, m\u00e9s verda, m\u00e9s feminista, m\u00e9s cohesionada, sense desigualtats socioecon\u00f2miques i m\u00e9s democr\u00e0tica.<\/p>\n\n\n<p>Si voleu saber-ne m\u00e9s, feu clic<a href=\"https:\/\/projectes.xtec.cat\/nou-curriculum\/\"> aqu\u00ed.<\/a><\/p>\n\n\n\n<p><\/p>\n","protected":false},"excerpt":{"rendered":"<p>Una oportunitat per aprendre amb sentit Qu\u00e8 vol dir aprendre amb sentit? Aprenem amb sentit quan apropem l\u2019escola a les situacions, q\u00fcestions\u00a0i problemes reals de la vida quotidiana. Aprendre amb sentit implica que les persones aprenents s\u00e0piguen mobilitzar els aprenentatges adquirits per respondre als principals desafiaments a qu\u00e8 haur\u00e0 de fer front al llarg de [&hellip;]<\/p>\n","protected":false},"author":9,"featured_media":0,"parent":1148,"menu_order":0,"comment_status":"closed","ping_status":"closed","template":"","meta":{"_bbp_topic_count":0,"_bbp_reply_count":0,"_bbp_total_topic_count":0,"_bbp_total_reply_count":0,"_bbp_voice_count":0,"_bbp_anonymous_reply_count":0,"_bbp_topic_count_hidden":0,"_bbp_reply_count_hidden":0,"_bbp_forum_subforum_count":0,"site-sidebar-layout":"default","site-content-layout":"","ast-site-content-layout":"default","site-content-style":"default","site-sidebar-style":"default","ast-global-header-display":"","ast-banner-title-visibility":"","ast-main-header-display":"","ast-hfb-above-header-display":"","ast-hfb-below-header-display":"","ast-hfb-mobile-header-display":"","site-post-title":"","ast-breadcrumbs-content":"","ast-featured-img":"","footer-sml-layout":"","theme-transparent-header-meta":"","adv-header-id-meta":"","stick-header-meta":"","header-above-stick-meta":"","header-main-stick-meta":"","header-below-stick-meta":"","astra-migrate-meta-layouts":"set","ast-page-background-enabled":"default","ast-page-background-meta":{"desktop":{"background-color":"var(--ast-global-color-4)","background-image":"","background-repeat":"repeat","background-position":"center center","background-size":"auto","background-attachment":"scroll","background-type":"","background-media":"","overlay-type":"","overlay-color":"","overlay-opacity":"","overlay-gradient":""},"tablet":{"background-color":"","background-image":"","background-repeat":"repeat","background-position":"center center","background-size":"auto","background-attachment":"scroll","background-type":"","background-media":"","overlay-type":"","overlay-color":"","overlay-opacity":"","overlay-gradient":""},"mobile":{"background-color":"","background-image":"","background-repeat":"repeat","background-position":"center center","background-size":"auto","background-attachment":"scroll","background-type":"","background-media":"","overlay-type":"","overlay-color":"","overlay-opacity":"","overlay-gradient":""}},"ast-content-background-meta":{"desktop":{"background-color":"var(--ast-global-color-5)","background-image":"","background-repeat":"repeat","background-position":"center center","background-size":"auto","background-attachment":"scroll","background-type":"","background-media":"","overlay-type":"","overlay-color":"","overlay-opacity":"","overlay-gradient":""},"tablet":{"background-color":"var(--ast-global-color-5)","background-image":"","background-repeat":"repeat","background-position":"center center","background-size":"auto","background-attachment":"scroll","background-type":"","background-media":"","overlay-type":"","overlay-color":"","overlay-opacity":"","overlay-gradient":""},"mobile":{"background-color":"var(--ast-global-color-5)","background-image":"","background-repeat":"repeat","background-position":"center center","background-size":"auto","background-attachment":"scroll","background-type":"","background-media":"","overlay-type":"","overlay-color":"","overlay-opacity":"","overlay-gradient":""}},"footnotes":""},"class_list":["post-2342","page","type-page","status-publish","hentry"],"post_mailing_queue_ids":[],"_links":{"self":[{"href":"https:\/\/agora.xtec.cat\/ceip-gerbert-d-orlhac\/wp-json\/wp\/v2\/pages\/2342","targetHints":{"allow":["GET"]}}],"collection":[{"href":"https:\/\/agora.xtec.cat\/ceip-gerbert-d-orlhac\/wp-json\/wp\/v2\/pages"}],"about":[{"href":"https:\/\/agora.xtec.cat\/ceip-gerbert-d-orlhac\/wp-json\/wp\/v2\/types\/page"}],"author":[{"embeddable":true,"href":"https:\/\/agora.xtec.cat\/ceip-gerbert-d-orlhac\/wp-json\/wp\/v2\/users\/9"}],"replies":[{"embeddable":true,"href":"https:\/\/agora.xtec.cat\/ceip-gerbert-d-orlhac\/wp-json\/wp\/v2\/comments?post=2342"}],"version-history":[{"count":5,"href":"https:\/\/agora.xtec.cat\/ceip-gerbert-d-orlhac\/wp-json\/wp\/v2\/pages\/2342\/revisions"}],"predecessor-version":[{"id":4047,"href":"https:\/\/agora.xtec.cat\/ceip-gerbert-d-orlhac\/wp-json\/wp\/v2\/pages\/2342\/revisions\/4047"}],"up":[{"embeddable":true,"href":"https:\/\/agora.xtec.cat\/ceip-gerbert-d-orlhac\/wp-json\/wp\/v2\/pages\/1148"}],"wp:attachment":[{"href":"https:\/\/agora.xtec.cat\/ceip-gerbert-d-orlhac\/wp-json\/wp\/v2\/media?parent=2342"}],"curies":[{"name":"wp","href":"https:\/\/api.w.org\/{rel}","templated":true}]}}