{"id":1148,"date":"2019-02-23T20:19:55","date_gmt":"2019-02-23T19:19:55","guid":{"rendered":"http:\/\/agora.xtec.cat\/ceip-gerbert-d-orlhac\/?page_id=1148"},"modified":"2025-08-08T09:15:44","modified_gmt":"2025-08-08T07:15:44","slug":"projecte-de-centre","status":"publish","type":"page","link":"https:\/\/agora.xtec.cat\/ceip-gerbert-d-orlhac\/projecte-de-centre\/","title":{"rendered":"Projecte de centre"},"content":{"rendered":"<h1 class=\"Titol\"><strong>L\u00b4ESCOLA SOM TOTS<\/strong><\/h1>\n<p><img loading=\"lazy\" decoding=\"async\" class=\"aligncenter wp-image-1126 size-full\" src=\"https:\/\/agora.xtec.cat\/ceip-gerbert-d-orlhac\/wp-content\/uploads\/usu691\/2019\/02\/els-7-principis-de-laprenentatge-1-1024-1.jpg\" alt=\"\" width=\"1001\" height=\"3124\" srcset=\"https:\/\/agora.xtec.cat\/ceip-gerbert-d-orlhac\/wp-content\/uploads\/usu691\/2019\/02\/els-7-principis-de-laprenentatge-1-1024-1.jpg 1001w, https:\/\/agora.xtec.cat\/ceip-gerbert-d-orlhac\/wp-content\/uploads\/usu691\/2019\/02\/els-7-principis-de-laprenentatge-1-1024-1-96x300.jpg 96w, https:\/\/agora.xtec.cat\/ceip-gerbert-d-orlhac\/wp-content\/uploads\/usu691\/2019\/02\/els-7-principis-de-laprenentatge-1-1024-1-768x2397.jpg 768w, https:\/\/agora.xtec.cat\/ceip-gerbert-d-orlhac\/wp-content\/uploads\/usu691\/2019\/02\/els-7-principis-de-laprenentatge-1-1024-1-328x1024.jpg 328w\" sizes=\"auto, (max-width: 1001px) 100vw, 1001px\" \/><\/p>\n<table width=\"639\">\n<tbody>\n<tr>\n<td>\n<h3>POTENCIAR EL DESENVOLUPAMENT\u00a0INTEGRAL DE LA PERSONA<\/h3>\n<\/td>\n<\/tr>\n<\/tbody>\n<\/table>\n<ul>\n<li><strong>Possibilitar l\u2019aprenentatge funcional i significatiu<\/strong><\/li>\n<\/ul>\n<p>Treballem perqu\u00e8 els nens i les nenes aprenguin de forma estructurada all\u00f2 que viuen i que tot all\u00f2 que aprenen tingui sentit en la seva vida.<\/p>\n<p>Aix\u00ed, per exemple, l\u2019aprenentatge de la lectura i l\u2019escriptura es desenvolupa de manera significativa, posant als infants en situaci\u00f3 d\u2019\u00fas real on puguin viure la funcionalitat del llenguatge. Aprenen a\u00a0<strong>llegir per entendre, a llegir per aprendre\u00a0<\/strong>i a\u00a0<strong>llegir per gaudir<\/strong>.<\/p>\n<ul>\n<li><strong>Gust per aprendre i saber<\/strong><\/li>\n<\/ul>\n<p>Utilitzem una metodologia activa on el nen i la nena se sentin subjectes actius del seu propi aprenentatge. \u00a0Amb treball cooperatiu, projectes, tallers intercicles, grups redu\u00efts, treball en equip, per racons\u2026 per un aprenentatge global i per un enriquiment com\u00fa. Amb\u00a0<strong>motivaci\u00f3 i il\u00b7lusi\u00f3<\/strong>, per\u00f2 tamb\u00e9 amb\u00a0<strong>esfor\u00e7<\/strong>\u00a0buscant l\u2019esperit de superaci\u00f3.<\/p>\n<ul>\n<li><strong>Desenvolupar tots els llenguatges<\/strong><\/li>\n<\/ul>\n<p>Posem a l\u2019abast dels infants les possibilitats expressives, comunicatives i creatives que ofereixen\u00a0<strong>tots<\/strong>\u00a0els llenguatges: verbal, corporal, musical, visual i pl\u00e0stic, matem\u00e0tic i el de les noves tecnologies. La descoberta de l\u2019angl\u00e8s es fa des de P3.<\/p>\n<ul>\n<li><strong>Potenciar i afavorir la relaci\u00f3 fam\u00edlia-escola<\/strong><\/li>\n<\/ul>\n<p>Ens relacionem a trav\u00e9s del di\u00e0leg<strong>, la participaci\u00f3<\/strong>\u00a0i el respecte. Les fam\u00edlies, al llarg del curs, col\u00b7laboren en diferents projectes de l\u2019escola: llibre blanc de P-3, festes, biblioteca, formaci\u00f3, etc. Gaudim de la col\u00b7laboraci\u00f3 de l\u2019AMPA per les activitats d\u2019hort i biblioteca.<\/p>\n<ul>\n<li><strong>Educar en valors i atenci\u00f3 a la diversitat<\/strong><\/li>\n<\/ul>\n<p>Els valors s\u2019adquireixen practicant-los fins al punt de convertir-se en un h\u00e0bit. Des de l\u2019escola volem impulsar i desenvolupar els valors\u00a0<strong>socials i personals<\/strong>\u00a0que ajudin als infants a ser individus feli\u00e7os, fer feli\u00e7os als altres, i a conviure en pau i amb respecte. La diversitat del nostre alumnat \u00e9s un valor per poder afavorir els moments de conviv\u00e8ncia.<\/p>\n<ul>\n<li><strong>Fomentar l\u2019arrelament al medi i la capacitat d\u2019adaptaci\u00f3 a una societat canviant<\/strong><\/li>\n<\/ul>\n<p>Participem en les activitats del barri i del poble. Volem ser coneixedors del que passa a prop nostre i en el m\u00f3n per poder valorar i expressar el que es viu i se sent. Potenciem l\u2019educaci\u00f3 per la salut, la sostenibilitat ambiental i la capacitat<strong>\u00a0d\u2019adaptaci\u00f3 als canvis\u00a0<\/strong>socials<strong>.<\/strong><\/p>\n","protected":false},"excerpt":{"rendered":"<p>L\u00b4ESCOLA SOM TOTS POTENCIAR EL DESENVOLUPAMENT\u00a0INTEGRAL DE LA PERSONA Possibilitar l\u2019aprenentatge funcional i significatiu Treballem perqu\u00e8 els nens i les nenes aprenguin de forma estructurada all\u00f2 que viuen i que tot all\u00f2 que aprenen tingui sentit en la seva vida. Aix\u00ed, per exemple, l\u2019aprenentatge de la lectura i l\u2019escriptura es desenvolupa de manera significativa, posant [&hellip;]<\/p>\n","protected":false},"author":9,"featured_media":0,"parent":0,"menu_order":0,"comment_status":"closed","ping_status":"closed","template":"","meta":{"_bbp_topic_count":0,"_bbp_reply_count":0,"_bbp_total_topic_count":0,"_bbp_total_reply_count":0,"_bbp_voice_count":0,"_bbp_anonymous_reply_count":0,"_bbp_topic_count_hidden":0,"_bbp_reply_count_hidden":0,"_bbp_forum_subforum_count":0,"site-sidebar-layout":"default","site-content-layout":"","ast-site-content-layout":"default","site-content-style":"default","site-sidebar-style":"default","ast-global-header-display":"","ast-banner-title-visibility":"","ast-main-header-display":"","ast-hfb-above-header-display":"","ast-hfb-below-header-display":"","ast-hfb-mobile-header-display":"","site-post-title":"disabled","ast-breadcrumbs-content":"","ast-featured-img":"","footer-sml-layout":"","theme-transparent-header-meta":"","adv-header-id-meta":"","stick-header-meta":"","header-above-stick-meta":"","header-main-stick-meta":"","header-below-stick-meta":"","astra-migrate-meta-layouts":"set","ast-page-background-enabled":"default","ast-page-background-meta":{"desktop":{"background-color":"var(--ast-global-color-4)","background-image":"","background-repeat":"repeat","background-position":"center center","background-size":"auto","background-attachment":"scroll","background-type":"","background-media":"","overlay-type":"","overlay-color":"","overlay-opacity":"","overlay-gradient":""},"tablet":{"background-color":"","background-image":"","background-repeat":"repeat","background-position":"center center","background-size":"auto","background-attachment":"scroll","background-type":"","background-media":"","overlay-type":"","overlay-color":"","overlay-opacity":"","overlay-gradient":""},"mobile":{"background-color":"","background-image":"","background-repeat":"repeat","background-position":"center center","background-size":"auto","background-attachment":"scroll","background-type":"","background-media":"","overlay-type":"","overlay-color":"","overlay-opacity":"","overlay-gradient":""}},"ast-content-background-meta":{"desktop":{"background-color":"var(--ast-global-color-5)","background-image":"","background-repeat":"repeat","background-position":"center center","background-size":"auto","background-attachment":"scroll","background-type":"","background-media":"","overlay-type":"","overlay-color":"","overlay-opacity":"","overlay-gradient":""},"tablet":{"background-color":"var(--ast-global-color-5)","background-image":"","background-repeat":"repeat","background-position":"center center","background-size":"auto","background-attachment":"scroll","background-type":"","background-media":"","overlay-type":"","overlay-color":"","overlay-opacity":"","overlay-gradient":""},"mobile":{"background-color":"var(--ast-global-color-5)","background-image":"","background-repeat":"repeat","background-position":"center center","background-size":"auto","background-attachment":"scroll","background-type":"","background-media":"","overlay-type":"","overlay-color":"","overlay-opacity":"","overlay-gradient":""}},"footnotes":""},"class_list":["post-1148","page","type-page","status-publish","hentry"],"post_mailing_queue_ids":[],"_links":{"self":[{"href":"https:\/\/agora.xtec.cat\/ceip-gerbert-d-orlhac\/wp-json\/wp\/v2\/pages\/1148","targetHints":{"allow":["GET"]}}],"collection":[{"href":"https:\/\/agora.xtec.cat\/ceip-gerbert-d-orlhac\/wp-json\/wp\/v2\/pages"}],"about":[{"href":"https:\/\/agora.xtec.cat\/ceip-gerbert-d-orlhac\/wp-json\/wp\/v2\/types\/page"}],"author":[{"embeddable":true,"href":"https:\/\/agora.xtec.cat\/ceip-gerbert-d-orlhac\/wp-json\/wp\/v2\/users\/9"}],"replies":[{"embeddable":true,"href":"https:\/\/agora.xtec.cat\/ceip-gerbert-d-orlhac\/wp-json\/wp\/v2\/comments?post=1148"}],"version-history":[{"count":4,"href":"https:\/\/agora.xtec.cat\/ceip-gerbert-d-orlhac\/wp-json\/wp\/v2\/pages\/1148\/revisions"}],"predecessor-version":[{"id":3657,"href":"https:\/\/agora.xtec.cat\/ceip-gerbert-d-orlhac\/wp-json\/wp\/v2\/pages\/1148\/revisions\/3657"}],"wp:attachment":[{"href":"https:\/\/agora.xtec.cat\/ceip-gerbert-d-orlhac\/wp-json\/wp\/v2\/media?parent=1148"}],"curies":[{"name":"wp","href":"https:\/\/api.w.org\/{rel}","templated":true}]}}