{"id":1140,"date":"2019-02-23T19:51:51","date_gmt":"2019-02-23T18:51:51","guid":{"rendered":"http:\/\/agora.xtec.cat\/ceip-gerbert-d-orlhac\/?page_id=1140"},"modified":"2025-08-26T18:25:08","modified_gmt":"2025-08-26T16:25:08","slug":"projecte-linguistic","status":"publish","type":"page","link":"https:\/\/agora.xtec.cat\/ceip-gerbert-d-orlhac\/el-projecte-educatiu-de-lescola-gerbert-dorlhac\/projecte-linguistic\/","title":{"rendered":"Projecte ling\u00fc\u00edstic"},"content":{"rendered":"\n<p>Les lleng\u00fces catalana i castellana es treballen de manera transversal en els projectes de cada nivell.<\/p>\n\n\n\n<ul class=\"wp-block-list\">\n<li>Pla de lectura i escriptura<\/li>\n\n\n\n<li>Gust per la lectura<\/li>\n\n\n\n<li>Aprendre a llegir<\/li>\n\n\n\n<li>Llegir per aprendre<\/li>\n<\/ul>\n\n\n\n<p><strong>Primera llengua estrangera distribu\u00efda de la seg\u00fcent manera:<\/strong><\/p>\n\n\n\n<div class=\"check-llista\"><li>45\u2019 en mig grup a infantil<\/li>\n<li >1h 30\u2019 en mig grup a cicle inicial<\/li><li >\n1h 30&#8242; amb grup sencer i\u00a045\u2019 mig grup a cicle mitj\u00e0 i superior<\/li>\n<li >30\u2019 de lectura de 3r a 6\u00e8 en llengua anglesa<\/li>\n<li >Impartici\u00f3 de l&#8217;educaci\u00f3 f\u00edsica a 1r, 2n, 5\u00e8 i 6\u00e8 en angl\u00e8s<\/li>\n<li>Impartici\u00f3 d\u2019un taller de pl\u00e0stica en angl\u00e8s a 3r, 4t, 5\u00e8 i 6\u00e8<\/li>\n<li >Explicaci\u00f3 de contes en angl\u00e8s a infantil, 1r i 2n per english volunteers<\/li>\n<li>Obra de teatre anual en angl\u00e8s a tots els cursos des de P3 a 6\u00e8<\/li><\/div>\n\n\n\n<ul class=\"wp-block-list\"><\/ul>\n","protected":false},"excerpt":{"rendered":"<p>Les lleng\u00fces catalana i castellana es treballen de manera transversal en els projectes de cada nivell. Primera llengua estrangera distribu\u00efda de la seg\u00fcent manera: 45\u2019 en mig grup a infantil 1h 30\u2019 en mig grup a cicle inicial 1h 30&#8242; amb grup sencer i\u00a045\u2019 mig grup a cicle mitj\u00e0 i superior 30\u2019 de lectura de [&hellip;]<\/p>\n","protected":false},"author":9,"featured_media":0,"parent":2949,"menu_order":0,"comment_status":"closed","ping_status":"closed","template":"","meta":{"_bbp_topic_count":0,"_bbp_reply_count":0,"_bbp_total_topic_count":0,"_bbp_total_reply_count":0,"_bbp_voice_count":0,"_bbp_anonymous_reply_count":0,"_bbp_topic_count_hidden":0,"_bbp_reply_count_hidden":0,"_bbp_forum_subforum_count":0,"site-sidebar-layout":"default","site-content-layout":"","ast-site-content-layout":"default","site-content-style":"default","site-sidebar-style":"default","ast-global-header-display":"","ast-banner-title-visibility":"","ast-main-header-display":"","ast-hfb-above-header-display":"","ast-hfb-below-header-display":"","ast-hfb-mobile-header-display":"","site-post-title":"","ast-breadcrumbs-content":"","ast-featured-img":"","footer-sml-layout":"","theme-transparent-header-meta":"default","adv-header-id-meta":"","stick-header-meta":"","header-above-stick-meta":"","header-main-stick-meta":"","header-below-stick-meta":"","astra-migrate-meta-layouts":"set","ast-page-background-enabled":"default","ast-page-background-meta":{"desktop":{"background-color":"var(--ast-global-color-4)","background-image":"","background-repeat":"repeat","background-position":"center center","background-size":"auto","background-attachment":"scroll","background-type":"","background-media":"","overlay-type":"","overlay-color":"","overlay-opacity":"","overlay-gradient":""},"tablet":{"background-color":"","background-image":"","background-repeat":"repeat","background-position":"center center","background-size":"auto","background-attachment":"scroll","background-type":"","background-media":"","overlay-type":"","overlay-color":"","overlay-opacity":"","overlay-gradient":""},"mobile":{"background-color":"","background-image":"","background-repeat":"repeat","background-position":"center center","background-size":"auto","background-attachment":"scroll","background-type":"","background-media":"","overlay-type":"","overlay-color":"","overlay-opacity":"","overlay-gradient":""}},"ast-content-background-meta":{"desktop":{"background-color":"var(--ast-global-color-5)","background-image":"","background-repeat":"repeat","background-position":"center center","background-size":"auto","background-attachment":"scroll","background-type":"","background-media":"","overlay-type":"","overlay-color":"","overlay-opacity":"","overlay-gradient":""},"tablet":{"background-color":"var(--ast-global-color-5)","background-image":"","background-repeat":"repeat","background-position":"center center","background-size":"auto","background-attachment":"scroll","background-type":"","background-media":"","overlay-type":"","overlay-color":"","overlay-opacity":"","overlay-gradient":""},"mobile":{"background-color":"var(--ast-global-color-5)","background-image":"","background-repeat":"repeat","background-position":"center center","background-size":"auto","background-attachment":"scroll","background-type":"","background-media":"","overlay-type":"","overlay-color":"","overlay-opacity":"","overlay-gradient":""}},"footnotes":""},"class_list":["post-1140","page","type-page","status-publish","hentry"],"post_mailing_queue_ids":[],"_links":{"self":[{"href":"https:\/\/agora.xtec.cat\/ceip-gerbert-d-orlhac\/wp-json\/wp\/v2\/pages\/1140","targetHints":{"allow":["GET"]}}],"collection":[{"href":"https:\/\/agora.xtec.cat\/ceip-gerbert-d-orlhac\/wp-json\/wp\/v2\/pages"}],"about":[{"href":"https:\/\/agora.xtec.cat\/ceip-gerbert-d-orlhac\/wp-json\/wp\/v2\/types\/page"}],"author":[{"embeddable":true,"href":"https:\/\/agora.xtec.cat\/ceip-gerbert-d-orlhac\/wp-json\/wp\/v2\/users\/9"}],"replies":[{"embeddable":true,"href":"https:\/\/agora.xtec.cat\/ceip-gerbert-d-orlhac\/wp-json\/wp\/v2\/comments?post=1140"}],"version-history":[{"count":6,"href":"https:\/\/agora.xtec.cat\/ceip-gerbert-d-orlhac\/wp-json\/wp\/v2\/pages\/1140\/revisions"}],"predecessor-version":[{"id":3800,"href":"https:\/\/agora.xtec.cat\/ceip-gerbert-d-orlhac\/wp-json\/wp\/v2\/pages\/1140\/revisions\/3800"}],"up":[{"embeddable":true,"href":"https:\/\/agora.xtec.cat\/ceip-gerbert-d-orlhac\/wp-json\/wp\/v2\/pages\/2949"}],"wp:attachment":[{"href":"https:\/\/agora.xtec.cat\/ceip-gerbert-d-orlhac\/wp-json\/wp\/v2\/media?parent=1140"}],"curies":[{"name":"wp","href":"https:\/\/api.w.org\/{rel}","templated":true}]}}