{"id":1049,"date":"2024-09-08T10:57:24","date_gmt":"2024-09-08T08:57:24","guid":{"rendered":"http:\/\/agora.xtec.cat\/ceip-gerbert-d-orlhac\/?page_id=1049"},"modified":"2025-08-29T15:43:46","modified_gmt":"2025-08-29T13:43:46","slug":"biblioteca","status":"publish","type":"page","link":"https:\/\/agora.xtec.cat\/ceip-gerbert-d-orlhac\/serveis\/biblioteca\/","title":{"rendered":"La biblioteca"},"content":{"rendered":"<h1 class=\"entry-title\">RE inaugurem la biblioteca<\/h1>\n<p>Al maig del 2022 de l\u2019escola vam re inaugurar la biblioteca!!! Despr\u00e9s de gaireb\u00e9 dos anys sense poder anar va ser molt emocionant!<\/p>\n<p>La nostra bibliotec\u00e0ria, la N\u00faria, ens va ensenyar cada rac\u00f3 de la biblioteca, i ens va explicar un conte molt bonic!<\/p>\n<p>Estem feli\u00e7os i felices de gaudir altra vegada d\u2019aquest lloc tan incre\u00efble de la nostra escola!<\/p>\n<p><b>Una nova biblioteca aconseguida amb l\u2019esfor\u00e7 personal\u00a0 i inversi\u00f3 de la comunitat educativa implicada en aquest projecte: AFI, Paidos i Escola on compartim grans moments! <\/b><a href=\"https:\/\/photos.app.goo.gl\/DrgSBkbw5cC6XNDP8\"><img loading=\"lazy\" decoding=\"async\" class=\"alignnone size-large wp-image-2681\" src=\"https:\/\/agora.xtec.cat\/ceip-gerbert-d-orlhac\/wp-content\/uploads\/usu691\/2022\/05\/IMG_5246-1024x576.jpg\" sizes=\"auto, (max-width: 1024px) 100vw, 1024px\" srcset=\"https:\/\/agora.xtec.cat\/ceip-gerbert-d-orlhac\/wp-content\/uploads\/usu691\/2022\/05\/IMG_5246-1024x576.jpg 1024w, https:\/\/agora.xtec.cat\/ceip-gerbert-d-orlhac\/wp-content\/uploads\/usu691\/2022\/05\/IMG_5246-300x169.jpg 300w, https:\/\/agora.xtec.cat\/ceip-gerbert-d-orlhac\/wp-content\/uploads\/usu691\/2022\/05\/IMG_5246-768x432.jpg 768w, https:\/\/agora.xtec.cat\/ceip-gerbert-d-orlhac\/wp-content\/uploads\/usu691\/2022\/05\/IMG_5246-1536x864.jpg 1536w, https:\/\/agora.xtec.cat\/ceip-gerbert-d-orlhac\/wp-content\/uploads\/usu691\/2022\/05\/IMG_5246-2048x1152.jpg 2048w\" alt=\"\" width=\"1024\" height=\"576\" \/><\/a><br \/>\nUs compartim les fotos del moment al\u00a0<a href=\"https:\/\/photos.app.goo.gl\/DrgSBkbw5cC6XNDP8\">seg\u00fcent enlla\u00e7<\/a><a href=\"https:\/\/photos.app.goo.gl\/DrgSBkbw5cC6XNDP8\"><img loading=\"lazy\" decoding=\"async\" class=\"alignnone wp-image-2680\" src=\"https:\/\/agora.xtec.cat\/ceip-gerbert-d-orlhac\/wp-content\/uploads\/usu691\/2022\/05\/libros-columna-dibujo.jpg\" alt=\"\" width=\"101\" height=\"78\" \/><\/a><\/p>\n","protected":false},"excerpt":{"rendered":"<p>RE inaugurem la biblioteca Al maig del 2022 de l\u2019escola vam re inaugurar la biblioteca!!! Despr\u00e9s de gaireb\u00e9 dos anys sense poder anar va ser molt emocionant! La nostra bibliotec\u00e0ria, la N\u00faria, ens va ensenyar cada rac\u00f3 de la biblioteca, i ens va explicar un conte molt bonic! Estem feli\u00e7os i felices de gaudir altra [&hellip;]<\/p>\n","protected":false},"author":9,"featured_media":0,"parent":66,"menu_order":0,"comment_status":"closed","ping_status":"closed","template":"","meta":{"_bbp_topic_count":0,"_bbp_reply_count":0,"_bbp_total_topic_count":0,"_bbp_total_reply_count":0,"_bbp_voice_count":0,"_bbp_anonymous_reply_count":0,"_bbp_topic_count_hidden":0,"_bbp_reply_count_hidden":0,"_bbp_forum_subforum_count":0,"site-sidebar-layout":"default","site-content-layout":"","ast-site-content-layout":"default","site-content-style":"default","site-sidebar-style":"default","ast-global-header-display":"","ast-banner-title-visibility":"","ast-main-header-display":"","ast-hfb-above-header-display":"","ast-hfb-below-header-display":"","ast-hfb-mobile-header-display":"","site-post-title":"","ast-breadcrumbs-content":"","ast-featured-img":"","footer-sml-layout":"","theme-transparent-header-meta":"","adv-header-id-meta":"","stick-header-meta":"","header-above-stick-meta":"","header-main-stick-meta":"","header-below-stick-meta":"","astra-migrate-meta-layouts":"set","ast-page-background-enabled":"default","ast-page-background-meta":{"desktop":{"background-color":"var(--ast-global-color-4)","background-image":"","background-repeat":"repeat","background-position":"center center","background-size":"auto","background-attachment":"scroll","background-type":"","background-media":"","overlay-type":"","overlay-color":"","overlay-opacity":"","overlay-gradient":""},"tablet":{"background-color":"","background-image":"","background-repeat":"repeat","background-position":"center center","background-size":"auto","background-attachment":"scroll","background-type":"","background-media":"","overlay-type":"","overlay-color":"","overlay-opacity":"","overlay-gradient":""},"mobile":{"background-color":"","background-image":"","background-repeat":"repeat","background-position":"center center","background-size":"auto","background-attachment":"scroll","background-type":"","background-media":"","overlay-type":"","overlay-color":"","overlay-opacity":"","overlay-gradient":""}},"ast-content-background-meta":{"desktop":{"background-color":"var(--ast-global-color-5)","background-image":"","background-repeat":"repeat","background-position":"center center","background-size":"auto","background-attachment":"scroll","background-type":"","background-media":"","overlay-type":"","overlay-color":"","overlay-opacity":"","overlay-gradient":""},"tablet":{"background-color":"var(--ast-global-color-5)","background-image":"","background-repeat":"repeat","background-position":"center center","background-size":"auto","background-attachment":"scroll","background-type":"","background-media":"","overlay-type":"","overlay-color":"","overlay-opacity":"","overlay-gradient":""},"mobile":{"background-color":"var(--ast-global-color-5)","background-image":"","background-repeat":"repeat","background-position":"center center","background-size":"auto","background-attachment":"scroll","background-type":"","background-media":"","overlay-type":"","overlay-color":"","overlay-opacity":"","overlay-gradient":""}},"footnotes":""},"class_list":["post-1049","page","type-page","status-publish","hentry"],"post_mailing_queue_ids":[],"_links":{"self":[{"href":"https:\/\/agora.xtec.cat\/ceip-gerbert-d-orlhac\/wp-json\/wp\/v2\/pages\/1049","targetHints":{"allow":["GET"]}}],"collection":[{"href":"https:\/\/agora.xtec.cat\/ceip-gerbert-d-orlhac\/wp-json\/wp\/v2\/pages"}],"about":[{"href":"https:\/\/agora.xtec.cat\/ceip-gerbert-d-orlhac\/wp-json\/wp\/v2\/types\/page"}],"author":[{"embeddable":true,"href":"https:\/\/agora.xtec.cat\/ceip-gerbert-d-orlhac\/wp-json\/wp\/v2\/users\/9"}],"replies":[{"embeddable":true,"href":"https:\/\/agora.xtec.cat\/ceip-gerbert-d-orlhac\/wp-json\/wp\/v2\/comments?post=1049"}],"version-history":[{"count":4,"href":"https:\/\/agora.xtec.cat\/ceip-gerbert-d-orlhac\/wp-json\/wp\/v2\/pages\/1049\/revisions"}],"predecessor-version":[{"id":3869,"href":"https:\/\/agora.xtec.cat\/ceip-gerbert-d-orlhac\/wp-json\/wp\/v2\/pages\/1049\/revisions\/3869"}],"up":[{"embeddable":true,"href":"https:\/\/agora.xtec.cat\/ceip-gerbert-d-orlhac\/wp-json\/wp\/v2\/pages\/66"}],"wp:attachment":[{"href":"https:\/\/agora.xtec.cat\/ceip-gerbert-d-orlhac\/wp-json\/wp\/v2\/media?parent=1049"}],"curies":[{"name":"wp","href":"https:\/\/api.w.org\/{rel}","templated":true}]}}