{"id":1037,"date":"2025-08-06T18:06:09","date_gmt":"2025-08-06T16:06:09","guid":{"rendered":"http:\/\/agora.xtec.cat\/ceip-gerbert-d-orlhac\/?page_id=1037"},"modified":"2025-08-28T20:14:30","modified_gmt":"2025-08-28T18:14:30","slug":"padrins-de-lectura","status":"publish","type":"page","link":"https:\/\/agora.xtec.cat\/ceip-gerbert-d-orlhac\/nivells\/padrins-de-lectura\/","title":{"rendered":"Padrins de lectura"},"content":{"rendered":"\n<figure class=\"wp-block-image size-large\"><a href=\"https:\/\/agora.xtec.cat\/ceip-gerbert-d-orlhac\/wp-content\/uploads\/usu691\/2025\/08\/padrins.png\"><img loading=\"lazy\" decoding=\"async\" width=\"1024\" height=\"250\" src=\"https:\/\/agora.xtec.cat\/ceip-gerbert-d-orlhac\/wp-content\/uploads\/usu691\/2025\/08\/padrins-1024x250.png\" alt=\"\" class=\"wp-image-3825\" srcset=\"https:\/\/agora.xtec.cat\/ceip-gerbert-d-orlhac\/wp-content\/uploads\/usu691\/2025\/08\/padrins-1024x250.png 1024w, https:\/\/agora.xtec.cat\/ceip-gerbert-d-orlhac\/wp-content\/uploads\/usu691\/2025\/08\/padrins-300x73.png 300w, https:\/\/agora.xtec.cat\/ceip-gerbert-d-orlhac\/wp-content\/uploads\/usu691\/2025\/08\/padrins-768x187.png 768w, https:\/\/agora.xtec.cat\/ceip-gerbert-d-orlhac\/wp-content\/uploads\/usu691\/2025\/08\/padrins.png 1410w\" sizes=\"auto, (max-width: 1024px) 100vw, 1024px\" \/><\/a><\/figure>\n\n\n\n<p>Es tracta d\u2019una activitat amb uns resultats excel\u00b7lents pel que fa al comprom\u00eds, al vincle, a la il\u00b7lusi\u00f3 d\u2019arribar a Cicle Superior per ser padr\u00ed\/na, etc.<br>Tamb\u00e9 afavoreix la visi\u00f3 que els nens\/es tenen de la lectura, veient-la com una activitat que es pot realitzar amb altres nens\/es i l\u00fadicament.<br>Ajuda en el proc\u00e9s d\u2019aprenentatge de la lectura, perqu\u00e8 suposa una pr\u00e0ctica setmanal individual i est\u00e0 supervisada per mestres i tutors.<br>L\u2019elecci\u00f3 de parelles es fa amb el vist-i-plau de les tutores tenint en compte els car\u00e0cters, estils, NEE, etc.<br>L&#8217;apadrinament va m\u00e9s enll\u00e0 ja que , sense voler, es troben a l&#8217;hora dels patis, extra-escolars o al carrer,&nbsp; es coneixen i es tenen un afecte especial.<\/p>\n\n\n\n<p><strong>Objectius:<br><\/strong><br>\u2714\ufe0f Promoure la lectura com activitat l\u00fadica, recreativa<br>\u2714\ufe0f Fomentar\u00a0 la cohesi\u00f3 entre petits i grans i establir vincles afectius .<br>\u2714\ufe0f Afavorir el nivell de lectura, dedicant un temps setmanal a llegir i a escoltar , a dialogar i a expressar opinions, prefer\u00e8ncies&#8230;<br>\u2714\ufe0f Promoure l&#8217;actitud de comprom\u00eds i responsabilitat per part dels grans.<br>\u2714\ufe0f Entendre la dedicaci\u00f3 als altres a l&#8217;escola i\u00a0 a la vida i\u00a0 vincular-ho a l&#8217;\u00e0rea d&#8217;educaci\u00f3 per la ciutadania.<br><br><br><strong>Desenvolupament:<br><\/strong><br>En primer lloc l\u2019escola organitza els horaris tenint en compte aquesta activitat. <strong>Han de coincidir 6\u00e8 i 1r i les tutores.<\/strong><br>Al llarg del mes de setembre es comen\u00e7a a parlar del projecte amb els nens\/es. Conegudes les caracter\u00edstiques dels alumnes, es realitza la selecci\u00f3 de parelles. Es marca el dia de la setmana, l\u2019espai i el temps de dedicaci\u00f3. Se seleccionen els llibres adients al proc\u00e9s de lectura dels nens\/es. Es donen les pautes a l\u2019alumnat de 6\u00e8 i les indicacions als de 1r. S\u2019inicia i s\u2019estableix una rutina setmanal.<br><br>En alguns moments es fan activitats especials: castanyada, Nadal, carnaval, Sant Jordi on padrins i fillols fan quelcom plegats. Es fan reculls i es crea l&#8217;\u00e0lbum dels padrins de lectura.<br>Es poden intercanviar opinions o expressar dificultats o progressos\u00a0 amb els mestres sobre l\u2019activitat. <strong>El comiat de fi de curs \u00e9s un moment especial entre padrins i fillols.<\/strong><\/p>\n\n\n\n<p><br><strong>Avaluaci\u00f3:<br><\/strong><br>Avaluaci\u00f3 cont\u00ednua i revisi\u00f3 trimestral amb els tutors o tutores. Valoraci\u00f3 del bon desenvolupament de l\u2019activitat i adequaci\u00f3 dels llibres utilitzats.<\/p>\n\n\n\n<p><\/p>\n","protected":false},"excerpt":{"rendered":"<p>Es tracta d\u2019una activitat amb uns resultats excel\u00b7lents pel que fa al comprom\u00eds, al vincle, a la il\u00b7lusi\u00f3 d\u2019arribar a Cicle Superior per ser padr\u00ed\/na, etc.Tamb\u00e9 afavoreix la visi\u00f3 que els nens\/es tenen de la lectura, veient-la com una activitat que es pot realitzar amb altres nens\/es i l\u00fadicament.Ajuda en el proc\u00e9s d\u2019aprenentatge de la [&hellip;]<\/p>\n","protected":false},"author":9,"featured_media":0,"parent":87,"menu_order":0,"comment_status":"closed","ping_status":"closed","template":"","meta":{"_bbp_topic_count":0,"_bbp_reply_count":0,"_bbp_total_topic_count":0,"_bbp_total_reply_count":0,"_bbp_voice_count":0,"_bbp_anonymous_reply_count":0,"_bbp_topic_count_hidden":0,"_bbp_reply_count_hidden":0,"_bbp_forum_subforum_count":0,"site-sidebar-layout":"default","site-content-layout":"","ast-site-content-layout":"default","site-content-style":"default","site-sidebar-style":"default","ast-global-header-display":"","ast-banner-title-visibility":"","ast-main-header-display":"","ast-hfb-above-header-display":"","ast-hfb-below-header-display":"","ast-hfb-mobile-header-display":"","site-post-title":"","ast-breadcrumbs-content":"","ast-featured-img":"","footer-sml-layout":"","theme-transparent-header-meta":"default","adv-header-id-meta":"","stick-header-meta":"","header-above-stick-meta":"","header-main-stick-meta":"","header-below-stick-meta":"","astra-migrate-meta-layouts":"set","ast-page-background-enabled":"default","ast-page-background-meta":{"desktop":{"background-color":"var(--ast-global-color-4)","background-image":"","background-repeat":"repeat","background-position":"center center","background-size":"auto","background-attachment":"scroll","background-type":"","background-media":"","overlay-type":"","overlay-color":"","overlay-opacity":"","overlay-gradient":""},"tablet":{"background-color":"","background-image":"","background-repeat":"repeat","background-position":"center center","background-size":"auto","background-attachment":"scroll","background-type":"","background-media":"","overlay-type":"","overlay-color":"","overlay-opacity":"","overlay-gradient":""},"mobile":{"background-color":"","background-image":"","background-repeat":"repeat","background-position":"center center","background-size":"auto","background-attachment":"scroll","background-type":"","background-media":"","overlay-type":"","overlay-color":"","overlay-opacity":"","overlay-gradient":""}},"ast-content-background-meta":{"desktop":{"background-color":"var(--ast-global-color-5)","background-image":"","background-repeat":"repeat","background-position":"center center","background-size":"auto","background-attachment":"scroll","background-type":"","background-media":"","overlay-type":"","overlay-color":"","overlay-opacity":"","overlay-gradient":""},"tablet":{"background-color":"var(--ast-global-color-5)","background-image":"","background-repeat":"repeat","background-position":"center center","background-size":"auto","background-attachment":"scroll","background-type":"","background-media":"","overlay-type":"","overlay-color":"","overlay-opacity":"","overlay-gradient":""},"mobile":{"background-color":"var(--ast-global-color-5)","background-image":"","background-repeat":"repeat","background-position":"center center","background-size":"auto","background-attachment":"scroll","background-type":"","background-media":"","overlay-type":"","overlay-color":"","overlay-opacity":"","overlay-gradient":""}},"footnotes":""},"class_list":["post-1037","page","type-page","status-publish","hentry"],"post_mailing_queue_ids":[],"_links":{"self":[{"href":"https:\/\/agora.xtec.cat\/ceip-gerbert-d-orlhac\/wp-json\/wp\/v2\/pages\/1037","targetHints":{"allow":["GET"]}}],"collection":[{"href":"https:\/\/agora.xtec.cat\/ceip-gerbert-d-orlhac\/wp-json\/wp\/v2\/pages"}],"about":[{"href":"https:\/\/agora.xtec.cat\/ceip-gerbert-d-orlhac\/wp-json\/wp\/v2\/types\/page"}],"author":[{"embeddable":true,"href":"https:\/\/agora.xtec.cat\/ceip-gerbert-d-orlhac\/wp-json\/wp\/v2\/users\/9"}],"replies":[{"embeddable":true,"href":"https:\/\/agora.xtec.cat\/ceip-gerbert-d-orlhac\/wp-json\/wp\/v2\/comments?post=1037"}],"version-history":[{"count":6,"href":"https:\/\/agora.xtec.cat\/ceip-gerbert-d-orlhac\/wp-json\/wp\/v2\/pages\/1037\/revisions"}],"predecessor-version":[{"id":3854,"href":"https:\/\/agora.xtec.cat\/ceip-gerbert-d-orlhac\/wp-json\/wp\/v2\/pages\/1037\/revisions\/3854"}],"up":[{"embeddable":true,"href":"https:\/\/agora.xtec.cat\/ceip-gerbert-d-orlhac\/wp-json\/wp\/v2\/pages\/87"}],"wp:attachment":[{"href":"https:\/\/agora.xtec.cat\/ceip-gerbert-d-orlhac\/wp-json\/wp\/v2\/media?parent=1037"}],"curies":[{"name":"wp","href":"https:\/\/api.w.org\/{rel}","templated":true}]}}