{"id":1035,"date":"2026-01-26T00:13:03","date_gmt":"2026-01-25T23:13:03","guid":{"rendered":"http:\/\/agora.xtec.cat\/ceip-gerbert-d-orlhac\/?page_id=1035"},"modified":"2026-01-26T00:29:11","modified_gmt":"2026-01-25T23:29:11","slug":"matematiquem","status":"publish","type":"page","link":"https:\/\/agora.xtec.cat\/ceip-gerbert-d-orlhac\/matematiquem\/","title":{"rendered":"Matem\u00e0tiquem"},"content":{"rendered":"\n<p>Les matem\u00e0tiques s\u00f3n molt m\u00e9s que aprendre a resoldre operacions b\u00e0siques. Representen una compet\u00e8ncia que es desplega en molts altres \u00e0mbits: entendre com funcionen les operacions, fer prediccions, interpretar dades i estad\u00edstiques, treballar la geometria, entre d\u2019altres.<\/p>\n\n\n\n<p>A l\u2019escola fem servir<strong>&nbsp;Innovamat,<\/strong>&nbsp;per\u00f2 tamb\u00e9 incorporem altres&nbsp;propostes que enriqueixen l\u2019aprenentatge.<\/p>\n\n\n\n<p>Fomentem la participaci\u00f3 en activitats externes com les proves Cangur, adre\u00e7ades a l\u2019alumnat de 5\u00e8 i 6\u00e8, que ofereixen una experi\u00e8ncia motivadora i de repte.<\/p>\n\n\n\n<p>En aquests enlla\u00e7os hi podeu trobar els continguts que es treballen a cada curs i videotutorials que expliquen com treballar el c\u00e0lcul.<\/p>\n\n\n\n<p><strong><a href=\"https:\/\/www.innovamat.com\/ca\/recursos-families\/#go-to-plan-contenidos\" target=\"_blank\" rel=\"noreferrer noopener\">QU\u00c8 FARAN AQUEST CURS?<\/a><\/strong><\/p>\n\n\n\n<p><strong><a href=\"http:\/\/innovamat.com\/ca\/recursos-families\/#go-to-estrategias\" target=\"_blank\" rel=\"noreferrer noopener\">ESTRAT\u00c8GIES DE C\u00c0LCUL I VIDEOTUTORIALS<\/a><\/strong><\/p>\n\n\n\n<figure class=\"wp-block-image size-full\"><a href=\"https:\/\/agora.xtec.cat\/ceip-gerbert-d-orlhac\/wp-content\/uploads\/usu691\/2026\/01\/image-3.png\"><img loading=\"lazy\" decoding=\"async\" width=\"267\" height=\"189\" src=\"https:\/\/agora.xtec.cat\/ceip-gerbert-d-orlhac\/wp-content\/uploads\/usu691\/2026\/01\/image-3.png\" alt=\"\" class=\"wp-image-4191\"\/><\/a><\/figure>\n","protected":false},"excerpt":{"rendered":"<p>Les matem\u00e0tiques s\u00f3n molt m\u00e9s que aprendre a resoldre operacions b\u00e0siques. Representen una compet\u00e8ncia que es desplega en molts altres \u00e0mbits: entendre com funcionen les operacions, fer prediccions, interpretar dades i estad\u00edstiques, treballar la geometria, entre d\u2019altres. A l\u2019escola fem servir&nbsp;Innovamat,&nbsp;per\u00f2 tamb\u00e9 incorporem altres&nbsp;propostes que enriqueixen l\u2019aprenentatge. Fomentem la participaci\u00f3 en activitats externes com les [&hellip;]<\/p>\n","protected":false},"author":9,"featured_media":4191,"parent":0,"menu_order":0,"comment_status":"closed","ping_status":"closed","template":"","meta":{"_bbp_topic_count":0,"_bbp_reply_count":0,"_bbp_total_topic_count":0,"_bbp_total_reply_count":0,"_bbp_voice_count":0,"_bbp_anonymous_reply_count":0,"_bbp_topic_count_hidden":0,"_bbp_reply_count_hidden":0,"_bbp_forum_subforum_count":0,"site-sidebar-layout":"default","site-content-layout":"","ast-site-content-layout":"default","site-content-style":"default","site-sidebar-style":"default","ast-global-header-display":"","ast-banner-title-visibility":"","ast-main-header-display":"","ast-hfb-above-header-display":"","ast-hfb-below-header-display":"","ast-hfb-mobile-header-display":"","site-post-title":"","ast-breadcrumbs-content":"","ast-featured-img":"","footer-sml-layout":"","theme-transparent-header-meta":"","adv-header-id-meta":"","stick-header-meta":"","header-above-stick-meta":"","header-main-stick-meta":"","header-below-stick-meta":"","astra-migrate-meta-layouts":"set","ast-page-background-enabled":"default","ast-page-background-meta":{"desktop":{"background-color":"var(--ast-global-color-4)","background-image":"","background-repeat":"repeat","background-position":"center center","background-size":"auto","background-attachment":"scroll","background-type":"","background-media":"","overlay-type":"","overlay-color":"","overlay-opacity":"","overlay-gradient":""},"tablet":{"background-color":"","background-image":"","background-repeat":"repeat","background-position":"center center","background-size":"auto","background-attachment":"scroll","background-type":"","background-media":"","overlay-type":"","overlay-color":"","overlay-opacity":"","overlay-gradient":""},"mobile":{"background-color":"","background-image":"","background-repeat":"repeat","background-position":"center center","background-size":"auto","background-attachment":"scroll","background-type":"","background-media":"","overlay-type":"","overlay-color":"","overlay-opacity":"","overlay-gradient":""}},"ast-content-background-meta":{"desktop":{"background-color":"var(--ast-global-color-5)","background-image":"","background-repeat":"repeat","background-position":"center center","background-size":"auto","background-attachment":"scroll","background-type":"","background-media":"","overlay-type":"","overlay-color":"","overlay-opacity":"","overlay-gradient":""},"tablet":{"background-color":"var(--ast-global-color-5)","background-image":"","background-repeat":"repeat","background-position":"center center","background-size":"auto","background-attachment":"scroll","background-type":"","background-media":"","overlay-type":"","overlay-color":"","overlay-opacity":"","overlay-gradient":""},"mobile":{"background-color":"var(--ast-global-color-5)","background-image":"","background-repeat":"repeat","background-position":"center center","background-size":"auto","background-attachment":"scroll","background-type":"","background-media":"","overlay-type":"","overlay-color":"","overlay-opacity":"","overlay-gradient":""}},"footnotes":""},"class_list":["post-1035","page","type-page","status-publish","has-post-thumbnail","hentry"],"post_mailing_queue_ids":[],"_links":{"self":[{"href":"https:\/\/agora.xtec.cat\/ceip-gerbert-d-orlhac\/wp-json\/wp\/v2\/pages\/1035","targetHints":{"allow":["GET"]}}],"collection":[{"href":"https:\/\/agora.xtec.cat\/ceip-gerbert-d-orlhac\/wp-json\/wp\/v2\/pages"}],"about":[{"href":"https:\/\/agora.xtec.cat\/ceip-gerbert-d-orlhac\/wp-json\/wp\/v2\/types\/page"}],"author":[{"embeddable":true,"href":"https:\/\/agora.xtec.cat\/ceip-gerbert-d-orlhac\/wp-json\/wp\/v2\/users\/9"}],"replies":[{"embeddable":true,"href":"https:\/\/agora.xtec.cat\/ceip-gerbert-d-orlhac\/wp-json\/wp\/v2\/comments?post=1035"}],"version-history":[{"count":3,"href":"https:\/\/agora.xtec.cat\/ceip-gerbert-d-orlhac\/wp-json\/wp\/v2\/pages\/1035\/revisions"}],"predecessor-version":[{"id":4192,"href":"https:\/\/agora.xtec.cat\/ceip-gerbert-d-orlhac\/wp-json\/wp\/v2\/pages\/1035\/revisions\/4192"}],"wp:featuredmedia":[{"embeddable":true,"href":"https:\/\/agora.xtec.cat\/ceip-gerbert-d-orlhac\/wp-json\/wp\/v2\/media\/4191"}],"wp:attachment":[{"href":"https:\/\/agora.xtec.cat\/ceip-gerbert-d-orlhac\/wp-json\/wp\/v2\/media?parent=1035"}],"curies":[{"name":"wp","href":"https:\/\/api.w.org\/{rel}","templated":true}]}}