{"id":38,"date":"2014-09-18T12:34:08","date_gmt":"2014-09-18T12:34:08","guid":{"rendered":"http:\/\/agora.xtec.cat\/ceip-general-prim-reus\/?page_id=38"},"modified":"2025-09-07T11:46:40","modified_gmt":"2025-09-07T09:46:40","slug":"salut","status":"publish","type":"page","link":"https:\/\/agora.xtec.cat\/ceip-general-prim-reus\/lescola\/salut\/","title":{"rendered":"Documents i autoritzacions"},"content":{"rendered":"<p>En aquest apartat trobareu tota la informaci\u00f3 necess\u00e0ria i documentaci\u00f3 del centre.<\/p>\n<ul>\n<li>Projecte educatiu de centre (PEC): <a href=\"https:\/\/drive.google.com\/drive\/folders\/12vX1X9yMdhv1OEa1ZowQkamYnuQ-RSPc\" target=\"_blank\" rel=\"noopener\">PEC 2023<\/a><\/li>\n<li>Normes d&#8217;organitzaci\u00f3 i funcionament de centre (NOFC): <a href=\"https:\/\/drive.google.com\/file\/d\/1gb5je-N6ph-wbc8w8fcBAE44OJg02Ylk\/view?usp=sharing\" target=\"_blank\" rel=\"noopener\">NOFC 2023<\/a><\/li>\n<li>Projecte ling\u00fc\u00edstic: <a href=\"https:\/\/drive.google.com\/file\/d\/1HJR6_bXIKv7zrIoygoey-aDLw8ss1YKL\/view?usp=sharing\" target=\"_blank\" rel=\"noopener\">PL 2023<\/a><\/li>\n<li>Instruccions inicials alumnat i fam\u00edlies: <a href=\"https:\/\/drive.google.com\/drive\/folders\/1nq_2g2_lfe9A0r_gWFWsxMXn5U1NBNFc?usp=sharing\" target=\"_blank\" rel=\"noopener\">Instruccions 2025-26<\/a><\/li>\n<li><a href=\"https:\/\/drive.google.com\/drive\/folders\/1rkFEGy60r46SJujCGCcFHL0qVgjljBw1\" target=\"_blank\" rel=\"noopener\">Reglament d&#8217;\u00fas plataforma G Suite<\/a><\/li>\n<li><a href=\"https:\/\/drive.google.com\/drive\/folders\/1eIjBIrh4NDL0eLHwko7FqKmAlhEFGe5d\" target=\"_blank\" rel=\"noopener\">Autoritzaci\u00f3 d&#8217;\u00fas recursos digitals<\/a><\/li>\n<li><a href=\"https:\/\/drive.google.com\/drive\/folders\/1ftNlNOZRXq4OXZ3blZxUHtih6x5u-bOy\" target=\"_blank\" rel=\"noopener\">Administraci\u00f3 medicaments<\/a><\/li>\n<li><a href=\"https:\/\/drive.google.com\/drive\/folders\/1m5xyobjGfSPdxApczQCHmGF8ltJTrswj\" target=\"_blank\" rel=\"noopener\">Autoritzaci\u00f3 drets imatge menors de 14 anys<\/a><\/li>\n<li><a href=\"https:\/\/drive.google.com\/drive\/folders\/1eIjBIrh4NDL0eLHwko7FqKmAlhEFGe5d\" target=\"_blank\" rel=\"noopener\">Autoritzaci\u00f3 recursos digitals<\/a><\/li>\n<li><a href=\"https:\/\/drive.google.com\/drive\/folders\/10FHjOVMt1mypM_bBqL5nodTUHmKnWBC7\" target=\"_blank\" rel=\"noopener\">Autoritzacions sortides<\/a><\/li>\n<li><a href=\"https:\/\/drive.google.com\/drive\/folders\/1eYa4DDkAkTYdQsvjI1ejD4ks-E8qYaFz\" target=\"_blank\" rel=\"noopener\">Notificaci\u00f3 abs\u00e8ncies alumnes<\/a><\/li>\n<li><a href=\"https:\/\/drive.google.com\/drive\/folders\/1_STM_BuMts3eClR5bcbJANAXGfQOkeli\" target=\"_blank\" rel=\"noopener\">Autoritzaci\u00f3 canvi Religi\u00f3 Cat\u00f2lica<\/a><\/li>\n<li><a href=\"https:\/\/drive.google.com\/drive\/folders\/1ElW4QqA470fEfvRK0FJLwOQGSipIxuUt\" target=\"_blank\" rel=\"noopener\">Autoritzaci\u00f3 estudi assistit<\/a><\/li>\n<li><a href=\"https:\/\/drive.google.com\/drive\/folders\/1ISgz2FRPgFySFkC_VxLN0AWXZBUBNUs0\" target=\"_blank\" rel=\"noopener\">Autoritzaci\u00f3 esport en valors<\/a><\/li>\n<\/ul>\n<p>&nbsp;<\/p>\n","protected":false},"excerpt":{"rendered":"<p>En aquest apartat trobareu tota la informaci\u00f3 necess\u00e0ria i documentaci\u00f3 del centre. Projecte educatiu de centre (PEC): PEC 2023 Normes d&#8217;organitzaci\u00f3 i funcionament de centre (NOFC): NOFC 2023 Projecte ling\u00fc\u00edstic: PL 2023 Instruccions inicials alumnat i fam\u00edlies: Instruccions 2025-26 Reglament d&#8217;\u00fas plataforma G Suite Autoritzaci\u00f3 d&#8217;\u00fas recursos digitals Administraci\u00f3 medicaments Autoritzaci\u00f3 drets imatge menors de [&hellip;]<\/p>\n","protected":false},"author":2,"featured_media":0,"parent":22,"menu_order":80,"comment_status":"closed","ping_status":"closed","template":"page-templates\/side-menu.php","meta":{"_bbp_topic_count":0,"_bbp_reply_count":0,"_bbp_total_topic_count":0,"_bbp_total_reply_count":0,"_bbp_voice_count":0,"_bbp_anonymous_reply_count":0,"_bbp_topic_count_hidden":0,"_bbp_reply_count_hidden":0,"_bbp_forum_subforum_count":0,"site-sidebar-layout":"default","site-content-layout":"","ast-site-content-layout":"","site-content-style":"default","site-sidebar-style":"default","ast-global-header-display":"","ast-banner-title-visibility":"","ast-main-header-display":"","ast-hfb-above-header-display":"","ast-hfb-below-header-display":"","ast-hfb-mobile-header-display":"","site-post-title":"","ast-breadcrumbs-content":"","ast-featured-img":"","footer-sml-layout":"","theme-transparent-header-meta":"","adv-header-id-meta":"","stick-header-meta":"","header-above-stick-meta":"","header-main-stick-meta":"","header-below-stick-meta":"","astra-migrate-meta-layouts":"default","ast-page-background-enabled":"default","ast-page-background-meta":{"desktop":{"background-color":"var(--ast-global-color-4)","background-image":"","background-repeat":"repeat","background-position":"center center","background-size":"auto","background-attachment":"scroll","background-type":"","background-media":"","overlay-type":"","overlay-color":"","overlay-opacity":"","overlay-gradient":""},"tablet":{"background-color":"","background-image":"","background-repeat":"repeat","background-position":"center center","background-size":"auto","background-attachment":"scroll","background-type":"","background-media":"","overlay-type":"","overlay-color":"","overlay-opacity":"","overlay-gradient":""},"mobile":{"background-color":"","background-image":"","background-repeat":"repeat","background-position":"center center","background-size":"auto","background-attachment":"scroll","background-type":"","background-media":"","overlay-type":"","overlay-color":"","overlay-opacity":"","overlay-gradient":""}},"ast-content-background-meta":{"desktop":{"background-color":"var(--ast-global-color-5)","background-image":"","background-repeat":"repeat","background-position":"center center","background-size":"auto","background-attachment":"scroll","background-type":"","background-media":"","overlay-type":"","overlay-color":"","overlay-opacity":"","overlay-gradient":""},"tablet":{"background-color":"var(--ast-global-color-5)","background-image":"","background-repeat":"repeat","background-position":"center center","background-size":"auto","background-attachment":"scroll","background-type":"","background-media":"","overlay-type":"","overlay-color":"","overlay-opacity":"","overlay-gradient":""},"mobile":{"background-color":"var(--ast-global-color-5)","background-image":"","background-repeat":"repeat","background-position":"center center","background-size":"auto","background-attachment":"scroll","background-type":"","background-media":"","overlay-type":"","overlay-color":"","overlay-opacity":"","overlay-gradient":""}},"footnotes":""},"class_list":["post-38","page","type-page","status-publish","hentry"],"post_mailing_queue_ids":[],"_links":{"self":[{"href":"https:\/\/agora.xtec.cat\/ceip-general-prim-reus\/wp-json\/wp\/v2\/pages\/38","targetHints":{"allow":["GET"]}}],"collection":[{"href":"https:\/\/agora.xtec.cat\/ceip-general-prim-reus\/wp-json\/wp\/v2\/pages"}],"about":[{"href":"https:\/\/agora.xtec.cat\/ceip-general-prim-reus\/wp-json\/wp\/v2\/types\/page"}],"author":[{"embeddable":true,"href":"https:\/\/agora.xtec.cat\/ceip-general-prim-reus\/wp-json\/wp\/v2\/users\/2"}],"replies":[{"embeddable":true,"href":"https:\/\/agora.xtec.cat\/ceip-general-prim-reus\/wp-json\/wp\/v2\/comments?post=38"}],"version-history":[{"count":7,"href":"https:\/\/agora.xtec.cat\/ceip-general-prim-reus\/wp-json\/wp\/v2\/pages\/38\/revisions"}],"predecessor-version":[{"id":5962,"href":"https:\/\/agora.xtec.cat\/ceip-general-prim-reus\/wp-json\/wp\/v2\/pages\/38\/revisions\/5962"}],"up":[{"embeddable":true,"href":"https:\/\/agora.xtec.cat\/ceip-general-prim-reus\/wp-json\/wp\/v2\/pages\/22"}],"wp:attachment":[{"href":"https:\/\/agora.xtec.cat\/ceip-general-prim-reus\/wp-json\/wp\/v2\/media?parent=38"}],"curies":[{"name":"wp","href":"https:\/\/api.w.org\/{rel}","templated":true}]}}