{"id":36,"date":"2014-09-18T12:33:11","date_gmt":"2014-09-18T12:33:11","guid":{"rendered":"http:\/\/agora.xtec.cat\/ceip-general-prim-reus\/?page_id=36"},"modified":"2025-08-28T20:11:19","modified_gmt":"2025-08-28T18:11:19","slug":"material-escolar","status":"publish","type":"page","link":"https:\/\/agora.xtec.cat\/ceip-general-prim-reus\/lescola\/material-escolar\/","title":{"rendered":"Material escolar curs 2025\/26"},"content":{"rendered":"<p>En aquest apartat trobareu una descripci\u00f3 i enumeraci\u00f3 del material escolar que els alumnes necessitaran per al nivell educatiu corresponent. \u00c9s recomanable diferenciar les diferents tipologies de material escolar necessari (llibres de text, lectures, dispositius digitals, material de taller, de dibuix\u2026).<\/p>\n<p><em><strong>Curs 2025 \/ 26<\/strong><\/em><\/p>\n<p>Cliqueu l&#8217;enlla\u00e7 per veure tots els llistats de llibres i materials de cada nivell:<\/p>\n<p><a href=\"https:\/\/drive.google.com\/drive\/folders\/1yV_9SAKVw5EhmRkag1esKPVStMJ_Nd59?usp=sharing\" target=\"_blank\" rel=\"noopener\">LLIBRES I MATERIALS CURS 25-26<\/a><\/p>\n<p>Per a qualsevol dubte, podeu trucar a l&#8217;escola al <strong>977 31 25 93<\/strong>.<\/p>\n","protected":false},"excerpt":{"rendered":"<p>En aquest apartat trobareu una descripci\u00f3 i enumeraci\u00f3 del material escolar que els alumnes necessitaran per al nivell educatiu corresponent. \u00c9s recomanable diferenciar les diferents tipologies de material escolar necessari (llibres de text, lectures, dispositius digitals, material de taller, de dibuix\u2026). Curs 2025 \/ 26 Cliqueu l&#8217;enlla\u00e7 per veure tots els llistats de llibres i [&hellip;]<\/p>\n","protected":false},"author":2,"featured_media":0,"parent":22,"menu_order":70,"comment_status":"closed","ping_status":"closed","template":"page-templates\/side-menu.php","meta":{"_bbp_topic_count":0,"_bbp_reply_count":0,"_bbp_total_topic_count":0,"_bbp_total_reply_count":0,"_bbp_voice_count":0,"_bbp_anonymous_reply_count":0,"_bbp_topic_count_hidden":0,"_bbp_reply_count_hidden":0,"_bbp_forum_subforum_count":0,"site-sidebar-layout":"default","site-content-layout":"","ast-site-content-layout":"","site-content-style":"default","site-sidebar-style":"default","ast-global-header-display":"","ast-banner-title-visibility":"","ast-main-header-display":"","ast-hfb-above-header-display":"","ast-hfb-below-header-display":"","ast-hfb-mobile-header-display":"","site-post-title":"","ast-breadcrumbs-content":"","ast-featured-img":"","footer-sml-layout":"","theme-transparent-header-meta":"","adv-header-id-meta":"","stick-header-meta":"","header-above-stick-meta":"","header-main-stick-meta":"","header-below-stick-meta":"","astra-migrate-meta-layouts":"default","ast-page-background-enabled":"default","ast-page-background-meta":{"desktop":{"background-color":"var(--ast-global-color-4)","background-image":"","background-repeat":"repeat","background-position":"center center","background-size":"auto","background-attachment":"scroll","background-type":"","background-media":"","overlay-type":"","overlay-color":"","overlay-opacity":"","overlay-gradient":""},"tablet":{"background-color":"","background-image":"","background-repeat":"repeat","background-position":"center center","background-size":"auto","background-attachment":"scroll","background-type":"","background-media":"","overlay-type":"","overlay-color":"","overlay-opacity":"","overlay-gradient":""},"mobile":{"background-color":"","background-image":"","background-repeat":"repeat","background-position":"center center","background-size":"auto","background-attachment":"scroll","background-type":"","background-media":"","overlay-type":"","overlay-color":"","overlay-opacity":"","overlay-gradient":""}},"ast-content-background-meta":{"desktop":{"background-color":"var(--ast-global-color-5)","background-image":"","background-repeat":"repeat","background-position":"center center","background-size":"auto","background-attachment":"scroll","background-type":"","background-media":"","overlay-type":"","overlay-color":"","overlay-opacity":"","overlay-gradient":""},"tablet":{"background-color":"var(--ast-global-color-5)","background-image":"","background-repeat":"repeat","background-position":"center center","background-size":"auto","background-attachment":"scroll","background-type":"","background-media":"","overlay-type":"","overlay-color":"","overlay-opacity":"","overlay-gradient":""},"mobile":{"background-color":"var(--ast-global-color-5)","background-image":"","background-repeat":"repeat","background-position":"center center","background-size":"auto","background-attachment":"scroll","background-type":"","background-media":"","overlay-type":"","overlay-color":"","overlay-opacity":"","overlay-gradient":""}},"footnotes":""},"class_list":["post-36","page","type-page","status-publish","hentry"],"post_mailing_queue_ids":[],"_links":{"self":[{"href":"https:\/\/agora.xtec.cat\/ceip-general-prim-reus\/wp-json\/wp\/v2\/pages\/36","targetHints":{"allow":["GET"]}}],"collection":[{"href":"https:\/\/agora.xtec.cat\/ceip-general-prim-reus\/wp-json\/wp\/v2\/pages"}],"about":[{"href":"https:\/\/agora.xtec.cat\/ceip-general-prim-reus\/wp-json\/wp\/v2\/types\/page"}],"author":[{"embeddable":true,"href":"https:\/\/agora.xtec.cat\/ceip-general-prim-reus\/wp-json\/wp\/v2\/users\/2"}],"replies":[{"embeddable":true,"href":"https:\/\/agora.xtec.cat\/ceip-general-prim-reus\/wp-json\/wp\/v2\/comments?post=36"}],"version-history":[{"count":6,"href":"https:\/\/agora.xtec.cat\/ceip-general-prim-reus\/wp-json\/wp\/v2\/pages\/36\/revisions"}],"predecessor-version":[{"id":5952,"href":"https:\/\/agora.xtec.cat\/ceip-general-prim-reus\/wp-json\/wp\/v2\/pages\/36\/revisions\/5952"}],"up":[{"embeddable":true,"href":"https:\/\/agora.xtec.cat\/ceip-general-prim-reus\/wp-json\/wp\/v2\/pages\/22"}],"wp:attachment":[{"href":"https:\/\/agora.xtec.cat\/ceip-general-prim-reus\/wp-json\/wp\/v2\/media?parent=36"}],"curies":[{"name":"wp","href":"https:\/\/api.w.org\/{rel}","templated":true}]}}