{"id":28,"date":"2014-09-18T12:29:35","date_gmt":"2014-09-18T12:29:35","guid":{"rendered":"http:\/\/agora.xtec.cat\/ceip-general-prim-reus\/?page_id=28"},"modified":"2025-11-28T12:10:06","modified_gmt":"2025-11-28T11:10:06","slug":"consell-escolar","status":"publish","type":"page","link":"https:\/\/agora.xtec.cat\/ceip-general-prim-reus\/lescola\/consell-escolar\/","title":{"rendered":"Consell escolar 2025\/26"},"content":{"rendered":"<table width=\"494\">\n<tbody>\n<tr>\n<td width=\"248\"><strong>COMPOSICI\u00d3 CONSELL ESCOLAR\u00a0<\/strong><\/td>\n<td width=\"244\"><strong>\u00a0<\/strong><strong>2025 \/ 2026<\/strong><\/td>\n<\/tr>\n<tr>\n<td width=\"248\">Presidenta<\/td>\n<td width=\"244\">N\u00faria Serrano<\/td>\n<\/tr>\n<tr>\n<td width=\"248\">Cap d\u2019estudis<\/td>\n<td width=\"244\">Marina Piqu\u00e9<\/td>\n<\/tr>\n<tr>\n<td width=\"248\">Representant de l\u2019Ajuntament<\/td>\n<td width=\"244\">S\u00edlvia Par\u00e9s<\/td>\n<\/tr>\n<tr>\n<td width=\"248\">Representant del professorat<\/td>\n<td width=\"244\">M. Carme Fuentes<\/td>\n<\/tr>\n<tr>\n<td width=\"248\">Representant del professorat<\/td>\n<td width=\"244\">Dolors Exp\u00f3sito<\/td>\n<\/tr>\n<tr>\n<td width=\"248\">Representant del professorat<\/td>\n<td width=\"244\">Gl\u00f2ria Vidal<\/td>\n<\/tr>\n<tr>\n<td>Representant del professorat<\/td>\n<td>Marina Quintana<\/td>\n<\/tr>\n<tr>\n<td>Representant del professorat<\/td>\n<td>Rub\u00e9n Cerezuela<\/td>\n<\/tr>\n<tr>\n<td width=\"248\">Representant de les fam\u00edlies<\/td>\n<td width=\"244\">Judit \u00darsula<\/td>\n<\/tr>\n<tr>\n<td width=\"248\">Representant de les fam\u00edlies<\/td>\n<td width=\"244\">Santiago Lozano<\/td>\n<\/tr>\n<tr>\n<td>Representant de les fam\u00edlies<\/td>\n<td>N\u00faria Brell<\/td>\n<\/tr>\n<tr>\n<td width=\"248\">Representant de les fam\u00edlies<\/td>\n<td width=\"244\">Montse Sans<\/td>\n<\/tr>\n<tr>\n<td width=\"248\">Representant de l\u2019AMPA<\/td>\n<td width=\"244\">Vicente Soler<\/td>\n<\/tr>\n<tr>\n<td width=\"248\">Representant del PAS<\/td>\n<td width=\"244\">Dolors Mir\u00f3<\/td>\n<\/tr>\n<tr>\n<td width=\"248\">Representant del PAE<\/td>\n<td width=\"244\">Fina Llaberia<\/td>\n<\/tr>\n<tr>\n<td width=\"248\">Secret\u00e0ria<\/td>\n<td width=\"244\">Marta Tena<\/td>\n<\/tr>\n<\/tbody>\n<\/table>\n<p>&nbsp;<\/p>\n","protected":false},"excerpt":{"rendered":"<p>COMPOSICI\u00d3 CONSELL ESCOLAR\u00a0 \u00a02025 \/ 2026 Presidenta N\u00faria Serrano Cap d\u2019estudis Marina Piqu\u00e9 Representant de l\u2019Ajuntament S\u00edlvia Par\u00e9s Representant del professorat M. Carme Fuentes Representant del professorat Dolors Exp\u00f3sito Representant del professorat Gl\u00f2ria Vidal Representant del professorat Marina Quintana Representant del professorat Rub\u00e9n Cerezuela Representant de les fam\u00edlies Judit \u00darsula Representant de les fam\u00edlies Santiago [&hellip;]<\/p>\n","protected":false},"author":2,"featured_media":0,"parent":22,"menu_order":30,"comment_status":"closed","ping_status":"closed","template":"page-templates\/side-menu.php","meta":{"_bbp_topic_count":0,"_bbp_reply_count":0,"_bbp_total_topic_count":0,"_bbp_total_reply_count":0,"_bbp_voice_count":0,"_bbp_anonymous_reply_count":0,"_bbp_topic_count_hidden":0,"_bbp_reply_count_hidden":0,"_bbp_forum_subforum_count":0,"site-sidebar-layout":"default","site-content-layout":"","ast-site-content-layout":"","site-content-style":"default","site-sidebar-style":"default","ast-global-header-display":"","ast-banner-title-visibility":"","ast-main-header-display":"","ast-hfb-above-header-display":"","ast-hfb-below-header-display":"","ast-hfb-mobile-header-display":"","site-post-title":"","ast-breadcrumbs-content":"","ast-featured-img":"","footer-sml-layout":"","theme-transparent-header-meta":"","adv-header-id-meta":"","stick-header-meta":"","header-above-stick-meta":"","header-main-stick-meta":"","header-below-stick-meta":"","astra-migrate-meta-layouts":"default","ast-page-background-enabled":"default","ast-page-background-meta":{"desktop":{"background-color":"var(--ast-global-color-4)","background-image":"","background-repeat":"repeat","background-position":"center center","background-size":"auto","background-attachment":"scroll","background-type":"","background-media":"","overlay-type":"","overlay-color":"","overlay-opacity":"","overlay-gradient":""},"tablet":{"background-color":"","background-image":"","background-repeat":"repeat","background-position":"center center","background-size":"auto","background-attachment":"scroll","background-type":"","background-media":"","overlay-type":"","overlay-color":"","overlay-opacity":"","overlay-gradient":""},"mobile":{"background-color":"","background-image":"","background-repeat":"repeat","background-position":"center center","background-size":"auto","background-attachment":"scroll","background-type":"","background-media":"","overlay-type":"","overlay-color":"","overlay-opacity":"","overlay-gradient":""}},"ast-content-background-meta":{"desktop":{"background-color":"var(--ast-global-color-5)","background-image":"","background-repeat":"repeat","background-position":"center center","background-size":"auto","background-attachment":"scroll","background-type":"","background-media":"","overlay-type":"","overlay-color":"","overlay-opacity":"","overlay-gradient":""},"tablet":{"background-color":"var(--ast-global-color-5)","background-image":"","background-repeat":"repeat","background-position":"center center","background-size":"auto","background-attachment":"scroll","background-type":"","background-media":"","overlay-type":"","overlay-color":"","overlay-opacity":"","overlay-gradient":""},"mobile":{"background-color":"var(--ast-global-color-5)","background-image":"","background-repeat":"repeat","background-position":"center center","background-size":"auto","background-attachment":"scroll","background-type":"","background-media":"","overlay-type":"","overlay-color":"","overlay-opacity":"","overlay-gradient":""}},"footnotes":""},"class_list":["post-28","page","type-page","status-publish","hentry"],"post_mailing_queue_ids":[],"_links":{"self":[{"href":"https:\/\/agora.xtec.cat\/ceip-general-prim-reus\/wp-json\/wp\/v2\/pages\/28","targetHints":{"allow":["GET"]}}],"collection":[{"href":"https:\/\/agora.xtec.cat\/ceip-general-prim-reus\/wp-json\/wp\/v2\/pages"}],"about":[{"href":"https:\/\/agora.xtec.cat\/ceip-general-prim-reus\/wp-json\/wp\/v2\/types\/page"}],"author":[{"embeddable":true,"href":"https:\/\/agora.xtec.cat\/ceip-general-prim-reus\/wp-json\/wp\/v2\/users\/2"}],"replies":[{"embeddable":true,"href":"https:\/\/agora.xtec.cat\/ceip-general-prim-reus\/wp-json\/wp\/v2\/comments?post=28"}],"version-history":[{"count":6,"href":"https:\/\/agora.xtec.cat\/ceip-general-prim-reus\/wp-json\/wp\/v2\/pages\/28\/revisions"}],"predecessor-version":[{"id":6146,"href":"https:\/\/agora.xtec.cat\/ceip-general-prim-reus\/wp-json\/wp\/v2\/pages\/28\/revisions\/6146"}],"up":[{"embeddable":true,"href":"https:\/\/agora.xtec.cat\/ceip-general-prim-reus\/wp-json\/wp\/v2\/pages\/22"}],"wp:attachment":[{"href":"https:\/\/agora.xtec.cat\/ceip-general-prim-reus\/wp-json\/wp\/v2\/media?parent=28"}],"curies":[{"name":"wp","href":"https:\/\/api.w.org\/{rel}","templated":true}]}}